{"id":1008,"date":"2025-03-29T22:06:27","date_gmt":"2025-03-29T14:06:27","guid":{"rendered":"https:\/\/honelinks.com\/?post_type=product&#038;p=1008"},"modified":"2025-09-08T17:50:56","modified_gmt":"2025-09-08T09:50:56","slug":"caja-de-terminacion-de-fibra-optica","status":"publish","type":"product","link":"https:\/\/honelinks.com\/es\/product\/fiber-optic-termination-box\/","title":{"rendered":"Caja de terminaci\u00f3n de fibra \u00f3ptica en ABS"},"content":{"rendered":"<p class=\"\" data-start=\"584\" data-end=\"955\">Esta FDB es una caja de distribuci\u00f3n de fibra \u00f3ptica de alta resistencia dise\u00f1ada para alojar hasta 24 n\u00facleos. Ofrece un excelente aprovechamiento del espacio con gesti\u00f3n de cables en el tramo intermedio y de derivaci\u00f3n, admite varios tipos de divisores PLC y garantiza una protecci\u00f3n con clasificaci\u00f3n IP65. Puede montarse en paredes o postes, lo que la convierte en la opci\u00f3n ideal para aplicaciones FTTH en diversos entornos.<\/p>\n<h3 class=\"\" data-start=\"1286\" data-end=\"1312\"><strong data-start=\"1290\" data-end=\"1312\">1.<\/strong><strong data-start=\"966\" data-end=\"988\">Estructura y dise\u00f1o<\/strong><\/h3>\n<ul data-start=\"991\" data-end=\"1516\">\n<li class=\"\" data-start=\"991\" data-end=\"1045\">\n<p class=\"\" data-start=\"993\" data-end=\"1045\"><strong data-start=\"993\" data-end=\"1006\">Material:<\/strong> ABS+PC-LSZH (baja emisi\u00f3n de humos y sin hal\u00f3genos)<\/p>\n<\/li>\n<li class=\"\" data-start=\"1046\" data-end=\"1091\">\n<p class=\"\" data-start=\"1048\" data-end=\"1091\"><strong data-start=\"1048\" data-end=\"1063\">Dimensiones:<\/strong> 335 mm \u00d7 295,5 mm \u00d7 117,2 mm<\/p>\n<\/li>\n<li class=\"\" data-start=\"1092\" data-end=\"1221\">\n<p class=\"\" data-start=\"1094\" data-end=\"1118\"><strong data-start=\"1094\" data-end=\"1116\">Puertos de entrada de cables:<\/strong><\/p>\n<ul data-start=\"1121\" data-end=\"1221\">\n<li class=\"\" data-start=\"1121\" data-end=\"1187\">\n<p class=\"\" data-start=\"1123\" data-end=\"1187\">3 \u00d7 puertos de \u00d812 mm (2 para entrada\/salida, 1 para ramificaci\u00f3n en medio del tramo)<\/p>\n<\/li>\n<li class=\"\" data-start=\"1190\" data-end=\"1221\">\n<p class=\"\" data-start=\"1192\" data-end=\"1221\">16 puertos de cable de bajada de 2\u00d73 mm<\/p>\n<\/li>\n<\/ul>\n<\/li>\n<li class=\"\" data-start=\"1222\" data-end=\"1275\">\n<p class=\"\" data-start=\"1224\" data-end=\"1275\"><strong data-start=\"1224\" data-end=\"1251\">Capacidad de la bandeja de empalme:<\/strong> 12\/24 fibras por bandeja<\/p>\n<\/li>\n<li class=\"\" data-start=\"1276\" data-end=\"1312\">\n<p class=\"\" data-start=\"1278\" data-end=\"1312\"><strong data-start=\"1278\" data-end=\"1301\">Capacidad m\u00e1xima de fibra:<\/strong> 24 n\u00facleos<\/p>\n<\/li>\n<li class=\"\" data-start=\"1313\" data-end=\"1415\">\n<p class=\"\" data-start=\"1315\" data-end=\"1415\"><strong data-start=\"1315\" data-end=\"1346\">Compatibilidad con Splitter PLC:<\/strong> Admite 2 \u00d7 1:8 (o 2:8) m\u00f3dulos\/casetes\/desbloqueadores\/repartidores desnudos<\/p>\n<\/li>\n<li class=\"\" data-start=\"1416\" data-end=\"1465\">\n<p class=\"\" data-start=\"1418\" data-end=\"1465\"><strong data-start=\"1418\" data-end=\"1436\">Ranuras para adaptadores:<\/strong> Hasta 24 adaptadores SC\/APC<\/p>\n<\/li>\n<li class=\"\" data-start=\"1466\" data-end=\"1516\">\n<p class=\"\" data-start=\"1468\" data-end=\"1516\"><strong data-start=\"1468\" data-end=\"1482\">Clasificaci\u00f3n IP:<\/strong> IP65 (resistente al polvo y al agua)<\/p>\n<\/li>\n<\/ul>\n<h3 class=\"\" data-start=\"2052\" data-end=\"2072\"><strong data-start=\"2056\" data-end=\"2072\">2.<\/strong><strong data-start=\"1527\" data-end=\"1543\">Aplicaciones<\/strong><\/h3>\n<ul data-start=\"1546\" data-end=\"1787\">\n<li class=\"\" data-start=\"1546\" data-end=\"1616\">\n<p class=\"\" data-start=\"1548\" data-end=\"1616\">Redes FTTH (fibra hasta el hogar) y FTTB (fibra hasta el edificio)<\/p>\n<\/li>\n<li class=\"\" data-start=\"1617\" data-end=\"1670\">\n<p class=\"\" data-start=\"1619\" data-end=\"1670\">Distribuci\u00f3n de cables de fibra \u00f3ptica en interiores y exteriores<\/p>\n<\/li>\n<li class=\"\" data-start=\"1671\" data-end=\"1720\">\n<p class=\"\" data-start=\"1673\" data-end=\"1720\">Gesti\u00f3n de fibra montada en pared o en poste<\/p>\n<\/li>\n<li class=\"\" data-start=\"1721\" data-end=\"1787\">\n<p class=\"\" data-start=\"1723\" data-end=\"1787\">Puntos de acceso a la red para infraestructuras de telecomunicaciones y banda ancha<\/p>\n<\/li>\n<\/ul>\n<h3 class=\"\" data-start=\"2283\" data-end=\"2301\"><strong data-start=\"2287\" data-end=\"2301\">3.<\/strong><strong data-start=\"1798\" data-end=\"1812\">Ventajas<\/strong><\/h3>\n<ul data-start=\"1815\" data-end=\"2402\">\n<li class=\"\" data-start=\"1815\" data-end=\"1934\">\n<p class=\"\" data-start=\"1817\" data-end=\"1934\"><strong data-start=\"1817\" data-end=\"1844\">Duradero y resistente a la intemperie:<\/strong> La carcasa resistente a los rayos UV y con clasificaci\u00f3n IP65 garantiza la protecci\u00f3n contra factores ambientales.<\/p>\n<\/li>\n<li class=\"\" data-start=\"1935\" data-end=\"2029\">\n<p class=\"\" data-start=\"1937\" data-end=\"2029\"><strong data-start=\"1937\" data-end=\"1963\">Instalaci\u00f3n flexible:<\/strong> Admite montaje tanto en pared como en poste con los accesorios incluidos.<\/p>\n<\/li>\n<li class=\"\" data-start=\"2030\" data-end=\"2128\">\n<p class=\"\" data-start=\"2032\" data-end=\"2128\"><strong data-start=\"2032\" data-end=\"2063\">Gesti\u00f3n eficiente del espacio:<\/strong> Enrollamiento de fibra a media distancia integrado y tendido de cables organizado.<\/p>\n<\/li>\n<li class=\"\" data-start=\"2129\" data-end=\"2232\">\n<p class=\"\" data-start=\"2131\" data-end=\"2232\"><strong data-start=\"2131\" data-end=\"2158\">Compatibilidad con Splitter:<\/strong> Acomoda diferentes tipos de divisores PLC para un despliegue vers\u00e1til.<\/p>\n<\/li>\n<li class=\"\" data-start=\"2233\" data-end=\"2313\">\n<p class=\"\" data-start=\"2235\" data-end=\"2313\"><strong data-start=\"2235\" data-end=\"2257\">Seguro y fiable:<\/strong> Dise\u00f1o con cerradura y llave incluida para mayor seguridad.<\/p>\n<\/li>\n<li class=\"\" data-start=\"2314\" data-end=\"2402\">\n<p class=\"\" data-start=\"2316\" data-end=\"2402\"><strong data-start=\"2316\" data-end=\"2337\">F\u00e1cil mantenimiento:<\/strong> Los conectores de cable de bajada preinstalados simplifican las operaciones sobre el terreno.<\/p>\n<\/li>\n<\/ul>\n<h3 class=\"\" data-start=\"2961\" data-end=\"2973\"><strong data-start=\"2965\" data-end=\"2973\">4. Preguntas frecuentes<\/strong><\/h3>\n<p class=\"\" data-start=\"2425\" data-end=\"2527\"><strong data-start=\"2425\" data-end=\"2480\">P1: \u00bfCu\u00e1l es la capacidad m\u00e1xima de fibra de este FDB?<\/strong><br data-start=\"2480\" data-end=\"2483\" \/>A1: La caja admite hasta 24 n\u00facleos de fibra.<\/p>\n<p class=\"\" data-start=\"2529\" data-end=\"2637\"><strong data-start=\"2529\" data-end=\"2561\">P2: \u00bfSe puede utilizar al aire libre?<\/strong><br data-start=\"2561\" data-end=\"2564\" \/>A2: S\u00ed, tiene clasificaci\u00f3n IP65, por lo que es apto para entornos exteriores.<\/p>\n<p class=\"\" data-start=\"2639\" data-end=\"2773\"><strong data-start=\"2639\" data-end=\"2689\">P3: \u00bfQu\u00e9 tipos de divisores PLC son compatibles?<\/strong><br data-start=\"2689\" data-end=\"2692\" \/>A3: La caja admite divisores 1:8 (o 2:8) de m\u00f3dulo\/cassette\/blockless\/ PLC desnudo.<\/p>\n<p class=\"\" data-start=\"2775\" data-end=\"2894\"><strong data-start=\"2775\" data-end=\"2803\">P4: \u00bfC\u00f3mo se instala?<\/strong><br data-start=\"2803\" data-end=\"2806\" \/>A4: Puede montarse en un poste mediante abrazaderas o en una pared mediante tornillos de expansi\u00f3n.<\/p>\n<p class=\"\" data-start=\"2896\" data-end=\"2976\"><strong data-start=\"2896\" data-end=\"2930\">P5: \u00bfQu\u00e9 adaptadores se pueden utilizar?<\/strong><br data-start=\"2930\" data-end=\"2933\" \/>A5: Admite hasta 24 adaptadores SC\/APC.<\/p>\n<p class=\"\" data-start=\"2978\" data-end=\"3193\"><strong data-start=\"2978\" data-end=\"3029\">P6: \u00bfViene con accesorios de instalaci\u00f3n?<\/strong><br data-start=\"3029\" data-end=\"3032\" \/>A6: S\u00ed, el paquete incluye fundas termorretr\u00e1ctiles, cinta de PVC, bridas de nailon, tubos de transporte, kits de etiquetado, llaves, kits de montaje en pared y tapones impermeables.<\/p>","protected":false},"excerpt":{"rendered":"<p>HONE 24 n\u00facleos<strong> Caja de distribuci\u00f3n de fibra (FDB)<\/strong> es una caja duradera, impermeable y resistente a los rayos UV dise\u00f1ada para la distribuci\u00f3n de cable de fibra \u00f3ptica en redes FTTH. Cuenta con m\u00faltiples puntos de entrada de cables, bandejas de empalme integradas y admite hasta dos divisores PLC. Adecuada para instalaciones interiores y exteriores, esta soluci\u00f3n rentable garantiza una expansi\u00f3n fiable de la red con la m\u00e1xima protecci\u00f3n.<\/p>","protected":false},"featured_media":1009,"comment_status":"open","ping_status":"closed","template":"","meta":{"_seopress_robots_primary_cat":"none","_seopress_titles_title":"ABS fiber optic termination box","_seopress_titles_desc":"ABS wall mount fiber optic termination box for FTTH, FTTB, LAN networks, providing secure splicing and distribution.","_seopress_robots_index":""},"product_brand":[],"product_cat":[27],"product_tag":[45],"class_list":{"0":"post-1008","1":"product","2":"type-product","3":"status-publish","4":"has-post-thumbnail","6":"product_cat-ftth","7":"product_tag-ftth","9":"first","10":"instock","11":"shipping-taxable","12":"product-type-simple"},"_links":{"self":[{"href":"https:\/\/honelinks.com\/es\/wp-json\/wp\/v2\/product\/1008","targetHints":{"allow":["GET"]}}],"collection":[{"href":"https:\/\/honelinks.com\/es\/wp-json\/wp\/v2\/product"}],"about":[{"href":"https:\/\/honelinks.com\/es\/wp-json\/wp\/v2\/types\/product"}],"replies":[{"embeddable":true,"href":"https:\/\/honelinks.com\/es\/wp-json\/wp\/v2\/comments?post=1008"}],"wp:featuredmedia":[{"embeddable":true,"href":"https:\/\/honelinks.com\/es\/wp-json\/wp\/v2\/media\/1009"}],"wp:attachment":[{"href":"https:\/\/honelinks.com\/es\/wp-json\/wp\/v2\/media?parent=1008"}],"wp:term":[{"taxonomy":"product_brand","embeddable":true,"href":"https:\/\/honelinks.com\/es\/wp-json\/wp\/v2\/product_brand?post=1008"},{"taxonomy":"product_cat","embeddable":true,"href":"https:\/\/honelinks.com\/es\/wp-json\/wp\/v2\/product_cat?post=1008"},{"taxonomy":"product_tag","embeddable":true,"href":"https:\/\/honelinks.com\/es\/wp-json\/wp\/v2\/product_tag?post=1008"}],"curies":[{"name":"wp","href":"https:\/\/api.w.org\/{rel}","templated":true}]}}