{"id":1013,"date":"2025-03-31T14:55:16","date_gmt":"2025-03-31T06:55:16","guid":{"rendered":"https:\/\/honelinks.com\/?post_type=product&#038;p=1013"},"modified":"2025-08-26T16:06:14","modified_gmt":"2025-08-26T08:06:14","slug":"conector-rapido-de-fibra","status":"publish","type":"product","link":"https:\/\/honelinks.com\/es\/product\/fast-fiber-connector\/","title":{"rendered":"conector r\u00e1pido de fibra"},"content":{"rendered":"<p class=\"\" data-start=\"603\" data-end=\"929\">Los conectores r\u00e1pidos est\u00e1n dise\u00f1ados para la terminaci\u00f3n r\u00e1pida sobre el terreno de fibras monomodo o multimodo. Con una f\u00e9rula pulida de f\u00e1brica preincorporada y tecnolog\u00eda de empalme mec\u00e1nico, ofrecen un excelente rendimiento \u00f3ptico y fiabilidad a largo plazo. Estos conectores son compatibles con cables de bajada de 0,9 mm, 2,0 mm, 3,0 mm y 2,0\u00d73,0 mm.<\/p>\n<h3 class=\"\" data-start=\"936\" data-end=\"964\"><strong data-start=\"940\" data-end=\"962\">1. Estructura y dise\u00f1o<\/strong><\/h3>\n<ul data-start=\"965\" data-end=\"1535\">\n<li class=\"\" data-start=\"965\" data-end=\"1040\">\n<p class=\"\" data-start=\"967\" data-end=\"1040\"><strong data-start=\"967\" data-end=\"987\">Tipos de conectores:<\/strong> SC\/APC, SC\/UPC, LC\/APC, LC\/UPC, FC\/APC, FC\/UPC, ST<\/p>\n<\/li>\n<li class=\"\" data-start=\"1041\" data-end=\"1074\">\n<p class=\"\" data-start=\"1043\" data-end=\"1074\"><strong data-start=\"1043\" data-end=\"1062\">Opciones de pulido:<\/strong> APC \/ UPC<\/p>\n<\/li>\n<li class=\"\" data-start=\"1075\" data-end=\"1162\">\n<p class=\"\" data-start=\"1077\" data-end=\"1095\"><strong data-start=\"1077\" data-end=\"1093\">Modos de fibra:<\/strong><\/p>\n<ul data-start=\"1098\" data-end=\"1162\">\n<li class=\"\" data-start=\"1098\" data-end=\"1123\">\n<p class=\"\" data-start=\"1100\" data-end=\"1123\">Monomodo (9\/125\u03bcm)<\/p>\n<\/li>\n<li class=\"\" data-start=\"1126\" data-end=\"1162\">\n<p class=\"\" data-start=\"1128\" data-end=\"1162\">Multimodo (50\/125\u03bcm, 62,5\/125\u03bcm)<\/p>\n<\/li>\n<\/ul>\n<\/li>\n<li class=\"\" data-start=\"1163\" data-end=\"1205\">\n<p class=\"\" data-start=\"1165\" data-end=\"1205\"><strong data-start=\"1165\" data-end=\"1186\">Material de la virola:<\/strong> Cer\u00e1mica de circonio<\/p>\n<\/li>\n<li class=\"\" data-start=\"1206\" data-end=\"1258\">\n<p class=\"\" data-start=\"1208\" data-end=\"1258\"><strong data-start=\"1208\" data-end=\"1229\">Material de la carcasa:<\/strong> Pol\u00edmero LSZH de alta resistencia<\/p>\n<\/li>\n<li class=\"\" data-start=\"1259\" data-end=\"1381\">\n<p class=\"\" data-start=\"1261\" data-end=\"1287\"><strong data-start=\"1261\" data-end=\"1285\">Compatibilidad de cables:<\/strong><\/p>\n<ul data-start=\"1290\" data-end=\"1381\">\n<li class=\"\" data-start=\"1290\" data-end=\"1312\">\n<p class=\"\" data-start=\"1292\" data-end=\"1312\">Tope estrecho de 0,9 mm<\/p>\n<\/li>\n<li class=\"\" data-start=\"1315\" data-end=\"1344\">\n<p class=\"\" data-start=\"1317\" data-end=\"1344\">Cable redondo de 2,0 mm \/ 3,0 mm<\/p>\n<\/li>\n<li class=\"\" data-start=\"1347\" data-end=\"1381\">\n<p class=\"\" data-start=\"1349\" data-end=\"1381\">Cable plano de bajada FTTH de 2,0\u00d73,0 mm<\/p>\n<\/li>\n<\/ul>\n<\/li>\n<li class=\"\" data-start=\"1382\" data-end=\"1423\">\n<p class=\"\" data-start=\"1384\" data-end=\"1423\"><strong data-start=\"1384\" data-end=\"1400\">Reutilizaci\u00f3n:<\/strong> Hasta 3 reensamblajes<\/p>\n<\/li>\n<li class=\"\" data-start=\"1424\" data-end=\"1462\">\n<p class=\"\" data-start=\"1426\" data-end=\"1462\"><strong data-start=\"1426\" data-end=\"1448\">Tiempo de instalaci\u00f3n:<\/strong> &lt; 2 minutos<\/p>\n<\/li>\n<\/ul>\n<p class=\"\" data-start=\"1465\" data-end=\"1535\"><strong data-start=\"1465\" data-end=\"1487\">Mecanismo de cierre:<\/strong> Snap-in (SC\/LC), twist-lock (ST), roscado (FC)<\/p>\n<h3 class=\"\" data-start=\"1542\" data-end=\"1564\"><strong data-start=\"1546\" data-end=\"1562\">2. Aplicaciones<\/strong><\/h3>\n<ul data-start=\"1565\" data-end=\"1791\">\n<li class=\"\" data-start=\"1565\" data-end=\"1611\">\n<p class=\"\" data-start=\"1567\" data-end=\"1611\">Redes FTTH (fibra hasta el hogar) y FTTB<\/p>\n<\/li>\n<li class=\"\" data-start=\"1612\" data-end=\"1645\">\n<p class=\"\" data-start=\"1614\" data-end=\"1645\">Centros de datos y paneles de conexi\u00f3n<\/p>\n<\/li>\n<li class=\"\" data-start=\"1646\" data-end=\"1674\">\n<p class=\"\" data-start=\"1648\" data-end=\"1674\">Entornos LAN y WAN<\/p>\n<\/li>\n<li class=\"\" data-start=\"1675\" data-end=\"1707\">\n<p class=\"\" data-start=\"1677\" data-end=\"1707\">Mantenimiento de CATV y telecomunicaciones<\/p>\n<\/li>\n<li class=\"\" data-start=\"1708\" data-end=\"1735\">\n<p class=\"\" data-start=\"1710\" data-end=\"1735\">Reparaciones urgentes de fibra<\/p>\n<\/li>\n<li class=\"\" data-start=\"1736\" data-end=\"1791\">\n<p class=\"\" data-start=\"1738\" data-end=\"1791\">Terminaciones in situ para puentes y latiguillos de fibra<\/p>\n<\/li>\n<\/ul>\n<h3 class=\"\" data-start=\"1798\" data-end=\"1818\"><strong data-start=\"1802\" data-end=\"1816\">3. Ventajas<\/strong><\/h3>\n<ul data-start=\"1819\" data-end=\"2316\">\n<li class=\"\" data-start=\"1819\" data-end=\"1871\">\n<p class=\"\" data-start=\"1821\" data-end=\"1871\"><strong data-start=\"1821\" data-end=\"1844\">Instalaci\u00f3n r\u00e1pida:<\/strong> Listo en menos de 2 minutos<\/p>\n<\/li>\n<li class=\"\" data-start=\"1872\" data-end=\"1921\">\n<p class=\"\" data-start=\"1874\" data-end=\"1921\"><strong data-start=\"1874\" data-end=\"1900\">Sin epoxi ni pulido:<\/strong> Montaje sin herramientas<\/p>\n<\/li>\n<li class=\"\" data-start=\"1922\" data-end=\"1988\">\n<p class=\"\" data-start=\"1924\" data-end=\"1988\"><strong data-start=\"1924\" data-end=\"1953\">M\u00faltiples tipos disponibles:<\/strong> SC, LC, FC, ST para todas las necesidades<\/p>\n<\/li>\n<li class=\"\" data-start=\"1989\" data-end=\"2056\">\n<p class=\"\" data-start=\"1991\" data-end=\"2056\"><strong data-start=\"1991\" data-end=\"2017\">Excelente rendimiento:<\/strong> Baja p\u00e9rdida de inserci\u00f3n, alta p\u00e9rdida de retorno<\/p>\n<\/li>\n<li class=\"\" data-start=\"2057\" data-end=\"2103\">\n<p class=\"\" data-start=\"2059\" data-end=\"2103\"><strong data-start=\"2059\" data-end=\"2072\">Reutilizable:<\/strong> Se puede volver a montar si es necesario<\/p>\n<\/li>\n<li class=\"\" data-start=\"2104\" data-end=\"2177\">\n<p class=\"\" data-start=\"2106\" data-end=\"2177\"><strong data-start=\"2106\" data-end=\"2134\">Compatibilidad universal:<\/strong> Se adapta a varios tama\u00f1os de cable y tipos de fibra<\/p>\n<\/li>\n<li class=\"\" data-start=\"2178\" data-end=\"2244\">\n<p class=\"\" data-start=\"2180\" data-end=\"2244\"><strong data-start=\"2180\" data-end=\"2199\">Dise\u00f1o compacto:<\/strong> F\u00e1cil de usar en entornos estrechos o densos<\/p>\n<\/li>\n<li class=\"\" data-start=\"2245\" data-end=\"2316\">\n<p class=\"\" data-start=\"2247\" data-end=\"2316\"><strong data-start=\"2247\" data-end=\"2276\">Fiabilidad probada:<\/strong> Dise\u00f1o duradero con una larga vida \u00fatil<\/p>\n<\/li>\n<\/ul>\n<h3 class=\"\" data-start=\"2323\" data-end=\"2335\"><strong data-start=\"2327\" data-end=\"2335\">4. Preguntas frecuentes<\/strong><\/h3>\n<p class=\"\" data-start=\"2337\" data-end=\"2442\"><strong data-start=\"2337\" data-end=\"2380\">P1: \u00bfQu\u00e9 tipos de conectores hay disponibles?<\/strong><br data-start=\"2380\" data-end=\"2383\" \/>A1: SC\/APC, SC\/UPC, LC\/APC, LC\/UPC, FC\/APC, FC\/UPC y ST.<\/p>\n<p class=\"\" data-start=\"2444\" data-end=\"2617\"><strong data-start=\"2444\" data-end=\"2507\">P2: \u00bfSon adecuados estos conectores para entornos exteriores?<\/strong><br data-start=\"2507\" data-end=\"2510\" \/>A2: S\u00ed, est\u00e1n fabricados con materiales de alta resistencia, resistentes a la intemperie y aptos para su uso en interiores y exteriores.<\/p>\n<p class=\"\" data-start=\"2619\" data-end=\"2754\"><strong data-start=\"2619\" data-end=\"2667\">P3: \u00bfNecesito herramientas especiales para instalarlos?<\/strong><br data-start=\"2667\" data-end=\"2670\" \/>A3: No, s\u00f3lo se necesitan herramientas b\u00e1sicas de preparaci\u00f3n de la fibra (c\u00fater, peladora, cuchilla).<\/p>\n<p class=\"\" data-start=\"2756\" data-end=\"2869\"><strong data-start=\"2756\" data-end=\"2802\">P4: \u00bfPuedo utilizarlos para instalaciones FTTH?<\/strong><br data-start=\"2802\" data-end=\"2805\" \/>A4: \u00a1Por supuesto! Son ideales para terminaciones de cables de bajada FTTH.<\/p>\n<p class=\"\" data-start=\"2871\" data-end=\"2960\"><strong data-start=\"2871\" data-end=\"2925\">P5: \u00bfCu\u00e1ntas veces puedo volver a montar un conector?<\/strong><br data-start=\"2925\" data-end=\"2928\" \/>A5: Hasta 3 veces, si es necesario.<\/p>","protected":false},"excerpt":{"rendered":"<p><strong>Conector r\u00e1pido de fibra \u00f3ptica HONE<\/strong> es un conector prepulido e instalable en campo que permite terminaciones de fibra r\u00e1pidas y fiables sin necesidad de epoxi ni pulido. Disponibles en los tipos SC, LC, FC y ST, estos conectores son ideales para aplicaciones FTTH, mantenimiento y restauraciones de emergencia.<\/p>","protected":false},"featured_media":1015,"comment_status":"open","ping_status":"closed","template":"","meta":{"_seopress_robots_primary_cat":"none","_seopress_titles_title":"fast fiber connector","_seopress_titles_desc":"Fast fiber connector enables quick, reliable field termination with low insertion loss, supporting FTTH, LAN, CATV networks","_seopress_robots_index":""},"product_brand":[],"product_cat":[27],"product_tag":[45],"class_list":{"0":"post-1013","1":"product","2":"type-product","3":"status-publish","4":"has-post-thumbnail","6":"product_cat-ftth","7":"product_tag-ftth","9":"first","10":"instock","11":"shipping-taxable","12":"product-type-simple"},"_links":{"self":[{"href":"https:\/\/honelinks.com\/es\/wp-json\/wp\/v2\/product\/1013","targetHints":{"allow":["GET"]}}],"collection":[{"href":"https:\/\/honelinks.com\/es\/wp-json\/wp\/v2\/product"}],"about":[{"href":"https:\/\/honelinks.com\/es\/wp-json\/wp\/v2\/types\/product"}],"replies":[{"embeddable":true,"href":"https:\/\/honelinks.com\/es\/wp-json\/wp\/v2\/comments?post=1013"}],"wp:featuredmedia":[{"embeddable":true,"href":"https:\/\/honelinks.com\/es\/wp-json\/wp\/v2\/media\/1015"}],"wp:attachment":[{"href":"https:\/\/honelinks.com\/es\/wp-json\/wp\/v2\/media?parent=1013"}],"wp:term":[{"taxonomy":"product_brand","embeddable":true,"href":"https:\/\/honelinks.com\/es\/wp-json\/wp\/v2\/product_brand?post=1013"},{"taxonomy":"product_cat","embeddable":true,"href":"https:\/\/honelinks.com\/es\/wp-json\/wp\/v2\/product_cat?post=1013"},{"taxonomy":"product_tag","embeddable":true,"href":"https:\/\/honelinks.com\/es\/wp-json\/wp\/v2\/product_tag?post=1013"}],"curies":[{"name":"wp","href":"https:\/\/api.w.org\/{rel}","templated":true}]}}