{"id":1819,"date":"2025-05-29T10:10:43","date_gmt":"2025-05-29T02:10:43","guid":{"rendered":"https:\/\/honelinks.com\/?post_type=product&#038;p=1819"},"modified":"2025-07-29T16:09:16","modified_gmt":"2025-07-29T08:09:16","slug":"mpo-breakout-tubo-de-acero-en-espiral-cable-de-fibra-optica-blindado","status":"publish","type":"product","link":"https:\/\/honelinks.com\/es\/product\/mpo-breakout-spiral-steel-tube-armored-fiber-optic-cable\/","title":{"rendered":"MPO Breakout espiral de tubo de acero blindado Cable de fibra \u00f3ptica"},"content":{"rendered":"<p data-start=\"59\" data-end=\"125\">Este <strong>Cable blindado de conexi\u00f3n MPO<\/strong> integra un tubo de acero inoxidable en espiral para una mayor resistencia al aplastamiento y flexibilidad. Cada fibra est\u00e1 reforzada y revestida individualmente para su terminaci\u00f3n directa, lo que la hace ideal para instalaciones exigentes como redes industriales, comunicaciones militares y sistemas de radiodifusi\u00f3n. Disponible con fibras monomodo o multimodo.<\/p>\n<h3 data-start=\"878\" data-end=\"906\"><strong data-start=\"882\" data-end=\"904\">1. Estructura y dise\u00f1o<\/strong><\/h3>\n<p><img alt=\"MPO Breakout Espiral Tubo de Acero Blindado Estructura de Cable de Fibra \u00d3ptica\" fetchpriority=\"high\" decoding=\"async\" class=\"alignnone wp-image-1821\" src=\"https:\/\/honelinks.com\/wp-content\/uploads\/2025\/05\/MPO-Breakout-Spiral-Steel-Tube-Armored-Fiber-Optic-Cable-Structure.png\" width=\"500\" height=\"500\" srcset=\"https:\/\/honelinks.com\/wp-content\/uploads\/2025\/05\/MPO-Breakout-Spiral-Steel-Tube-Armored-Fiber-Optic-Cable-Structure.png 800w, https:\/\/honelinks.com\/wp-content\/uploads\/2025\/05\/MPO-Breakout-Spiral-Steel-Tube-Armored-Fiber-Optic-Cable-Structure-300x300.png 300w, https:\/\/honelinks.com\/wp-content\/uploads\/2025\/05\/MPO-Breakout-Spiral-Steel-Tube-Armored-Fiber-Optic-Cable-Structure-150x150.png 150w, https:\/\/honelinks.com\/wp-content\/uploads\/2025\/05\/MPO-Breakout-Spiral-Steel-Tube-Armored-Fiber-Optic-Cable-Structure-768x768.png 768w, https:\/\/honelinks.com\/wp-content\/uploads\/2025\/05\/MPO-Breakout-Spiral-Steel-Tube-Armored-Fiber-Optic-Cable-Structure-600x600.png 600w, https:\/\/honelinks.com\/wp-content\/uploads\/2025\/05\/MPO-Breakout-Spiral-Steel-Tube-Armored-Fiber-Optic-Cable-Structure-100x100.png 100w\" sizes=\"(max-width: 500px) 100vw, 500px\" \/><\/p>\n<ul>\n<li data-start=\"827\" data-end=\"954\">\n<p data-start=\"829\" data-end=\"954\"><strong data-start=\"829\" data-end=\"846\">Capa blindada<\/strong>: El tubo de acero inoxidable en espiral proporciona una excelente protecci\u00f3n contra las tensiones mec\u00e1nicas, los roedores y la flexi\u00f3n.<\/p>\n<\/li>\n<li data-start=\"955\" data-end=\"1096\">\n<p data-start=\"957\" data-end=\"1096\"><strong data-start=\"957\" data-end=\"972\">Unidades de fibra<\/strong>: Cada n\u00facleo est\u00e1 enfundado y reforzado individualmente para facilitar la identificaci\u00f3n y la terminaci\u00f3n directa.<\/p>\n<\/li>\n<li data-start=\"1097\" data-end=\"1234\">\n<p data-start=\"1099\" data-end=\"1234\"><strong data-start=\"1099\" data-end=\"1115\">Chaqueta exterior<\/strong>: Disponible en <strong data-start=\"1130\" data-end=\"1138\">LSZH<\/strong> o <strong data-start=\"1142\" data-end=\"1149\">TPU<\/strong>, Resistente a las llamas, el aceite y los rayos UV, apto para interiores y exteriores.<\/p>\n<\/li>\n<li data-start=\"1235\" data-end=\"1293\">\n<p data-start=\"1237\" data-end=\"1293\"><strong data-start=\"1237\" data-end=\"1246\">Color<\/strong>: Normalmente negro o personalizable a petici\u00f3n.<\/p>\n<\/li>\n<li data-start=\"1294\" data-end=\"1345\">\n<p data-start=\"1296\" data-end=\"1345\"><strong data-start=\"1296\" data-end=\"1310\">Recuento de n\u00facleos<\/strong>: Opciones de 4 a 24 n\u00facleos.<\/p>\n<\/li>\n<li data-start=\"1346\" data-end=\"1411\">\n<p data-start=\"1348\" data-end=\"1411\"><strong data-start=\"1348\" data-end=\"1366\">Di\u00e1metro del cable<\/strong>: Var\u00eda seg\u00fan la configuraci\u00f3n (normalmente 7-15 mm).<\/p>\n<\/li>\n<li data-start=\"1412\" data-end=\"1468\">\n<p data-start=\"1414\" data-end=\"1468\"><strong data-start=\"1414\" data-end=\"1433\">Fuerza Miembro<\/strong>: Hilo de aramida para mayor resistencia a la tracci\u00f3n.<\/p>\n<\/li>\n<\/ul>\n<h3 data-start=\"1624\" data-end=\"1646\"><strong data-start=\"1628\" data-end=\"1644\">2. Aplicaciones<\/strong><\/h3>\n<ul data-start=\"1647\" data-end=\"2114\">\n<li data-start=\"1494\" data-end=\"1524\">\n<p data-start=\"1496\" data-end=\"1524\">Sistemas de control industrial<\/p>\n<\/li>\n<li data-start=\"1525\" data-end=\"1565\">\n<p data-start=\"1527\" data-end=\"1565\">Comunicaci\u00f3n militar y aeroespacial<\/p>\n<\/li>\n<li data-start=\"1566\" data-end=\"1610\">\n<p data-start=\"1568\" data-end=\"1610\">Sistemas de radiodifusi\u00f3n y transmisi\u00f3n de v\u00eddeo<\/p>\n<\/li>\n<li data-start=\"1611\" data-end=\"1652\">\n<p data-start=\"1613\" data-end=\"1652\">Escenarios FTTH\/FTTA en entornos dif\u00edciles<\/p>\n<\/li>\n<li data-start=\"1653\" data-end=\"1704\">\n<p data-start=\"1655\" data-end=\"1704\">Centros de datos que requieren alta protecci\u00f3n mec\u00e1nica<\/p>\n<\/li>\n<\/ul>\n<h3 data-start=\"2116\" data-end=\"2136\"><strong data-start=\"2120\" data-end=\"2134\">3. Ventajas<\/strong><\/h3>\n<ul data-start=\"2137\" data-end=\"2684\">\n<li data-start=\"1728\" data-end=\"1807\">\n<p data-start=\"1730\" data-end=\"1807\">La armadura de tubo de acero en espiral garantiza <strong data-start=\"1762\" data-end=\"1787\">alta resistencia al aplastamiento<\/strong> y <strong data-start=\"1792\" data-end=\"1807\">flexibilidad<\/strong><\/p>\n<\/li>\n<li data-start=\"1808\" data-end=\"1895\">\n<p data-start=\"1810\" data-end=\"1895\">El dise\u00f1o Breakout permite <strong data-start=\"1833\" data-end=\"1864\">terminaci\u00f3n f\u00e1cil y directa<\/strong> a equipos o paneles de conexi\u00f3n<\/p>\n<\/li>\n<li data-start=\"1896\" data-end=\"1981\">\n<p data-start=\"1898\" data-end=\"1981\">Excelente protecci\u00f3n contra <strong data-start=\"1927\" data-end=\"1938\">roedores<\/strong>, <strong data-start=\"1940\" data-end=\"1952\">humedad<\/strong>, y <strong data-start=\"1958\" data-end=\"1979\">da\u00f1os mec\u00e1nicos<\/strong><\/p>\n<\/li>\n<li data-start=\"1982\" data-end=\"2045\">\n<p data-start=\"1984\" data-end=\"2045\">Sin necesidad de kits de conexi\u00f3n externos.<strong data-start=\"2019\" data-end=\"2043\">ahorro de tiempo y dinero<\/strong><\/p>\n<\/li>\n<li data-start=\"2046\" data-end=\"2098\">\n<p data-start=\"2048\" data-end=\"2098\">Chaqueta de LSZH\/TPU ign\u00edfuga y resistente a los rayos UV<\/p>\n<\/li>\n<li data-start=\"2099\" data-end=\"2162\">\n<p data-start=\"2101\" data-end=\"2162\">Tipo de fibra, color, longitud y opciones de conector personalizables<\/p>\n<\/li>\n<\/ul>\n<h3 data-start=\"2686\" data-end=\"2700\"><strong data-start=\"2690\" data-end=\"2698\">4. Preguntas frecuentes<\/strong><\/h3>\n<ul>\n<li data-start=\"2179\" data-end=\"2351\"><strong data-start=\"2179\" data-end=\"2236\">P1: \u00bfEste cable es apto para instalaciones exteriores?<\/strong><br data-start=\"2236\" data-end=\"2239\" \/>S\u00ed, con su estructura blindada y su revestimiento de TPU\/LSZH, puede utilizarse en exteriores e incluso en entornos semiduros.<\/li>\n<li data-start=\"2353\" data-end=\"2496\"><strong data-start=\"2353\" data-end=\"2415\">P2: \u00bfPuedo pedir este cable con conectores preterminados?<\/strong><br data-start=\"2415\" data-end=\"2418\" \/>Absolutamente. Ofrecemos conjuntos personalizados con conectores SC, LC, FC, ST o MPO.<\/li>\n<li data-start=\"2498\" data-end=\"2646\"><strong data-start=\"2498\" data-end=\"2560\">P3: \u00bfEs compatible con fibras monomodo y multimodo?<\/strong><br data-start=\"2560\" data-end=\"2563\" \/>S\u00ed, disponible en opciones monomodo G.657A1\/A2, G.652D o multimodo OM2\/OM3\/OM4.<\/li>\n<li data-start=\"2648\" data-end=\"2833\"><strong data-start=\"2648\" data-end=\"2690\">P4: \u00bfCu\u00e1l es el radio de curvatura m\u00ednimo?<\/strong><br data-start=\"2690\" data-end=\"2693\" \/>Suele tener entre 10 y 15 veces el di\u00e1metro del cable; gracias al tubo de acero en espiral, permite una flexi\u00f3n m\u00e1s ajustada en comparaci\u00f3n con los cables armados tradicionales.<\/li>\n<li data-start=\"2835\" data-end=\"3078\"><strong data-start=\"2835\" data-end=\"2876\">P5: \u00bfSe puede enterrar el cable directamente?<\/strong><br data-start=\"2876\" data-end=\"2879\" \/>Aunque proporciona una excelente protecci\u00f3n mec\u00e1nica, no se recomienda el enterrado directo a menos que se coloque en un conducto. Para el enterramiento directo, es preferible una estructura blindada diferente, como la cinta de acero corrugado.<\/li>\n<\/ul>","protected":false},"excerpt":{"rendered":"<p><strong>HONE MPO Breakout Tubo de acero en espiral Cable de fibra \u00f3ptica blindado<\/strong> es un cable de fibra \u00f3ptica blindado multipolar muy duradero y flexible, dise\u00f1ado para entornos dif\u00edciles, que ofrece una excelente protecci\u00f3n mec\u00e1nica y una estructura de ruptura para facilitar la terminaci\u00f3n.<\/p>","protected":false},"featured_media":1820,"comment_status":"open","ping_status":"closed","template":"","meta":{"_seopress_robots_primary_cat":"none","_seopress_titles_title":"MPO Breakout Spiral Steel Tube Armored Fiber Optic Cable","_seopress_titles_desc":"MPO Breakout Spiral Steel Tube Armored Cable ensures high-density, secure fiber connections with superior protection for data center applications.","_seopress_robots_index":""},"product_brand":[],"product_cat":[43,41],"product_tag":[42],"class_list":{"0":"post-1819","1":"product","2":"type-product","3":"status-publish","4":"has-post-thumbnail","6":"product_cat-indoor-fiber-optic-cable","7":"product_cat-outdoor-fiber-optic-cable","8":"product_tag-bulk-fiber-optic-cable","10":"first","11":"instock","12":"shipping-taxable","13":"product-type-grouped"},"_links":{"self":[{"href":"https:\/\/honelinks.com\/es\/wp-json\/wp\/v2\/product\/1819","targetHints":{"allow":["GET"]}}],"collection":[{"href":"https:\/\/honelinks.com\/es\/wp-json\/wp\/v2\/product"}],"about":[{"href":"https:\/\/honelinks.com\/es\/wp-json\/wp\/v2\/types\/product"}],"replies":[{"embeddable":true,"href":"https:\/\/honelinks.com\/es\/wp-json\/wp\/v2\/comments?post=1819"}],"wp:featuredmedia":[{"embeddable":true,"href":"https:\/\/honelinks.com\/es\/wp-json\/wp\/v2\/media\/1820"}],"wp:attachment":[{"href":"https:\/\/honelinks.com\/es\/wp-json\/wp\/v2\/media?parent=1819"}],"wp:term":[{"taxonomy":"product_brand","embeddable":true,"href":"https:\/\/honelinks.com\/es\/wp-json\/wp\/v2\/product_brand?post=1819"},{"taxonomy":"product_cat","embeddable":true,"href":"https:\/\/honelinks.com\/es\/wp-json\/wp\/v2\/product_cat?post=1819"},{"taxonomy":"product_tag","embeddable":true,"href":"https:\/\/honelinks.com\/es\/wp-json\/wp\/v2\/product_tag?post=1819"}],"curies":[{"name":"wp","href":"https:\/\/api.w.org\/{rel}","templated":true}]}}