{"id":1830,"date":"2025-05-29T22:51:01","date_gmt":"2025-05-29T14:51:01","guid":{"rendered":"https:\/\/honelinks.com\/?post_type=product&#038;p=1830"},"modified":"2026-04-27T20:00:22","modified_gmt":"2026-04-27T12:00:22","slug":"tubo-central-opgw-cable-de-fibra-optica","status":"publish","type":"product","link":"https:\/\/honelinks.com\/es\/product\/opgw-central-tube-fiber-optic-cable\/","title":{"rendered":"Tubo central OPGW Cable de fibra \u00f3ptica"},"content":{"rendered":"<p data-start=\"59\" data-end=\"125\">En <strong>Tubo central OPGW Cable de fibra \u00f3ptica<\/strong> es un tipo de cable a\u00e9reo de tierra que tambi\u00e9n contiene fibras \u00f3pticas dentro de un tubo central de acero inoxidable. Se instala en l\u00edneas de transmisi\u00f3n de alta tensi\u00f3n y sirve tanto de conductor de protecci\u00f3n contra rayos como de medio de transmisi\u00f3n de datos. Su dise\u00f1o garantiza un excelente rendimiento mec\u00e1nico, conductividad el\u00e9ctrica y protecci\u00f3n de la fibra a largo plazo en entornos dif\u00edciles.<\/p>\n<h3 data-start=\"801\" data-end=\"829\"><strong data-start=\"805\" data-end=\"827\">1. Estructura y dise\u00f1o<\/strong><\/h3>\n<p><img alt=\"tubo central cable de fibra \u00f3ptica OPGW\" fetchpriority=\"high\" decoding=\"async\" class=\"alignnone wp-image-1832\" src=\"https:\/\/honelinks.com\/wp-content\/uploads\/2025\/05\/OPGW-Central-Tube-Fiber-Optic-Cable-structure-1-300x300.png\" width=\"389\" height=\"389\" srcset=\"https:\/\/honelinks.com\/wp-content\/uploads\/2025\/05\/OPGW-Central-Tube-Fiber-Optic-Cable-structure-1-300x300.png 300w, https:\/\/honelinks.com\/wp-content\/uploads\/2025\/05\/OPGW-Central-Tube-Fiber-Optic-Cable-structure-1-1024x1024.png 1024w, https:\/\/honelinks.com\/wp-content\/uploads\/2025\/05\/OPGW-Central-Tube-Fiber-Optic-Cable-structure-1-150x150.png 150w, https:\/\/honelinks.com\/wp-content\/uploads\/2025\/05\/OPGW-Central-Tube-Fiber-Optic-Cable-structure-1-768x768.png 768w, https:\/\/honelinks.com\/wp-content\/uploads\/2025\/05\/OPGW-Central-Tube-Fiber-Optic-Cable-structure-1-1536x1536.png 1536w, https:\/\/honelinks.com\/wp-content\/uploads\/2025\/05\/OPGW-Central-Tube-Fiber-Optic-Cable-structure-1-2048x2048.png 2048w, https:\/\/honelinks.com\/wp-content\/uploads\/2025\/05\/OPGW-Central-Tube-Fiber-Optic-Cable-structure-1-600x600.png 600w, https:\/\/honelinks.com\/wp-content\/uploads\/2025\/05\/OPGW-Central-Tube-Fiber-Optic-Cable-structure-1-100x100.png 100w\" sizes=\"(max-width: 389px) 100vw, 389px\" \/><\/p>\n<ul>\n<li data-start=\"978\" data-end=\"1133\">\n<p data-start=\"980\" data-end=\"1133\"><strong data-start=\"980\" data-end=\"1012\">Tubo central de acero inoxidable<\/strong>:<br data-start=\"1013\" data-end=\"1016\" \/>Aloja y protege las fibras \u00f3pticas (normalmente de 12 a 48 n\u00facleos) con gel bloqueador de agua para evitar la entrada de humedad.<\/p>\n<\/li>\n<li data-start=\"1137\" data-end=\"1293\">\n<p data-start=\"1139\" data-end=\"1293\"><strong data-start=\"1139\" data-end=\"1158\">Capas trenzadas<\/strong>:<br data-start=\"1159\" data-end=\"1162\" \/>Alambres de acero revestido de aluminio y\/o alambres de aleaci\u00f3n de aluminio se trenzan alrededor del tubo central para proporcionar resistencia a la tracci\u00f3n y conductividad.<\/p>\n<\/li>\n<li data-start=\"1295\" data-end=\"1384\">\n<p data-start=\"1297\" data-end=\"1384\"><strong data-start=\"1297\" data-end=\"1315\">Di\u00e1metro exterior<\/strong>:<br data-start=\"1316\" data-end=\"1319\" \/>Var\u00eda seg\u00fan el n\u00famero de fibras y las especificaciones mec\u00e1nicas, normalmente 11-18 mm.<\/p>\n<\/li>\n<li data-start=\"1386\" data-end=\"1518\">\n<p data-start=\"1388\" data-end=\"1518\"><strong data-start=\"1388\" data-end=\"1420\">Blindaje y protecci\u00f3n contra la corrosi\u00f3n<\/strong>:<br data-start=\"1421\" data-end=\"1424\" \/>Capas adicionales opcionales para mejorar la resistencia a la corrosi\u00f3n en zonas costeras o industriales.<\/p>\n<\/li>\n<li data-start=\"1520\" data-end=\"1704\">\n<p data-start=\"1522\" data-end=\"1545\"><strong data-start=\"1522\" data-end=\"1542\">Opciones de material<\/strong>:<\/p>\n<ul data-start=\"1548\" data-end=\"1704\">\n<li data-start=\"1548\" data-end=\"1608\">\n<p data-start=\"1550\" data-end=\"1608\">Acero revestido de aluminio (ACS): resistencia y conductividad<\/p>\n<\/li>\n<li data-start=\"1611\" data-end=\"1649\">\n<p data-start=\"1613\" data-end=\"1649\">Aleaci\u00f3n de aluminio: para un peso m\u00e1s ligero<\/p>\n<\/li>\n<li data-start=\"1652\" data-end=\"1704\">\n<p data-start=\"1654\" data-end=\"1704\">Tubo de acero inoxidable: para una contenci\u00f3n segura de la fibra<\/p>\n<\/li>\n<\/ul>\n<\/li>\n<li data-start=\"1706\" data-end=\"1819\">\n<p data-start=\"1708\" data-end=\"1819\"><strong data-start=\"1708\" data-end=\"1721\">Normas<\/strong>:<br data-start=\"1722\" data-end=\"1725\" \/>Dise\u00f1ado para cumplir las normas IEEE 1138, IEC 60794-4-10 y las especificaciones aplicables a la red el\u00e9ctrica.<\/p>\n<\/li>\n<\/ul>\n<h3 data-start=\"1857\" data-end=\"1879\"><strong data-start=\"1861\" data-end=\"1877\">2. Aplicaciones<\/strong><\/h3>\n<ul data-start=\"1880\" data-end=\"2492\">\n<li data-start=\"1845\" data-end=\"1909\">\n<p data-start=\"1847\" data-end=\"1909\">L\u00edneas de transmisi\u00f3n de alta tensi\u00f3n y de muy alta tensi\u00f3n<\/p>\n<\/li>\n<li data-start=\"1910\" data-end=\"1952\">\n<p data-start=\"1912\" data-end=\"1952\">Comunicaci\u00f3n entre subestaciones<\/p>\n<\/li>\n<li data-start=\"1953\" data-end=\"2000\">\n<p data-start=\"1955\" data-end=\"2000\">Sistemas de supervisi\u00f3n y control de la red (SCADA)<\/p>\n<\/li>\n<li data-start=\"2001\" data-end=\"2057\">\n<p data-start=\"2003\" data-end=\"2057\">Red troncal de fibra \u00f3ptica para empresas de servicios p\u00fablicos<\/p>\n<\/li>\n<li data-start=\"2058\" data-end=\"2116\">\n<p data-start=\"2060\" data-end=\"2116\">Comunicaci\u00f3n de \u00e1rea remota en redes de distribuci\u00f3n el\u00e9ctrica<\/p>\n<\/li>\n<\/ul>\n<h3 data-start=\"2494\" data-end=\"2514\"><strong data-start=\"2498\" data-end=\"2512\">3. Ventajas<\/strong><\/h3>\n<ul data-start=\"2515\" data-end=\"3139\">\n<li data-start=\"2140\" data-end=\"2212\">\n<p data-start=\"2142\" data-end=\"2212\"><strong data-start=\"2142\" data-end=\"2159\">Doble funci\u00f3n<\/strong>: Act\u00faa como cable de tierra y como medio de comunicaci\u00f3n<\/p>\n<\/li>\n<li data-start=\"2213\" data-end=\"2280\">\n<p data-start=\"2215\" data-end=\"2280\"><strong data-start=\"2215\" data-end=\"2240\">Alta resistencia a la tracci\u00f3n<\/strong>: Adecuado para instalaciones de gran envergadura<\/p>\n<\/li>\n<li data-start=\"2281\" data-end=\"2359\">\n<p data-start=\"2283\" data-end=\"2359\"><strong data-start=\"2283\" data-end=\"2317\">Excelente protecci\u00f3n contra rayos<\/strong>: Descarga la corriente del rayo a tierra<\/p>\n<\/li>\n<li data-start=\"2360\" data-end=\"2441\">\n<p data-start=\"2362\" data-end=\"2441\"><strong data-start=\"2362\" data-end=\"2404\">Rendimiento estable en condiciones dif\u00edciles<\/strong>: Viento, hielo, temperatura, corrosi\u00f3n<\/p>\n<\/li>\n<li data-start=\"2442\" data-end=\"2518\">\n<p data-start=\"2444\" data-end=\"2518\"><strong data-start=\"2444\" data-end=\"2465\">Larga vida \u00fatil<\/strong>: Dise\u00f1ado para m\u00e1s de 30 a\u00f1os en entornos de l\u00edneas el\u00e9ctricas<\/p>\n<\/li>\n<li data-start=\"2519\" data-end=\"2607\">\n<p data-start=\"2521\" data-end=\"2607\"><strong data-start=\"2521\" data-end=\"2558\">No se necesita derecho de paso adicional<\/strong>: Instalado en la infraestructura de l\u00edneas el\u00e9ctricas existente<\/p>\n<\/li>\n<\/ul>\n<h3 data-start=\"3141\" data-end=\"3155\"><strong data-start=\"3145\" data-end=\"3153\">4. Preguntas frecuentes<\/strong><\/h3>\n<ul>\n<li data-start=\"2624\" data-end=\"2937\"><strong data-start=\"2624\" data-end=\"2699\">P1: \u00bfCu\u00e1l es la diferencia entre el tubo central y el OPGW trenzado en capas?<\/strong><br data-start=\"2699\" data-end=\"2702\" \/>El tubo central OPGW tiene todas las fibras colocadas en un \u00fanico tubo de acero inoxidable en el centro, lo que ofrece una mejor protecci\u00f3n y una estructura m\u00e1s sencilla. El OPGW trenzado en capas distribuye las fibras en varios tubos y es adecuado para un mayor n\u00famero de fibras.<\/li>\n<li data-start=\"2939\" data-end=\"3097\"><strong data-start=\"2939\" data-end=\"2983\">P2: \u00bfSe puede instalar OPGW en l\u00edneas vivas?<\/strong><br data-start=\"2983\" data-end=\"2986\" \/>S\u00ed, con las herramientas y m\u00e9todos adecuados (por ejemplo, tendido desde helic\u00f3ptero o robot), es posible instalar l\u00edneas en tensi\u00f3n.<\/li>\n<li data-start=\"3099\" data-end=\"3251\"><strong data-start=\"3099\" data-end=\"3146\">P3: \u00bfCu\u00e1ntas fibras puede soportar este cable?<\/strong><br data-start=\"3146\" data-end=\"3149\" \/>Las configuraciones t\u00edpicas oscilan entre 12 y 48 fibras; hay disponibles recuentos superiores en OPGW trenzado por capas.<\/li>\n<li data-start=\"3253\" data-end=\"3391\"><strong data-start=\"3253\" data-end=\"3298\">P4: \u00bfEs resistente a los rayos?<\/strong><br data-start=\"3298\" data-end=\"3301\" \/>S\u00ed, su estructura met\u00e1lica est\u00e1 conectada a tierra y dise\u00f1ada para conducir con seguridad las corrientes de rayo.<\/li>\n<li data-start=\"3393\" data-end=\"3547\"><strong data-start=\"3393\" data-end=\"3458\">P5: \u00bfPuede adaptarse a zonas costeras o muy contaminadas?<\/strong><br data-start=\"3458\" data-end=\"3461\" \/>S\u00ed, se pueden aplicar materiales anticorrosivos como la estructura all-ACS o revestimientos adicionales.<\/li>\n<\/ul>","protected":false},"excerpt":{"rendered":"<p><strong>HONE OPGW (Optical Ground Wire) Tubo central de cable de fibra \u00f3ptica<\/strong> integra las funciones de comunicaci\u00f3n \u00f3ptica y cable a\u00e9reo de tierra en una sola estructura, ofreciendo una gran resistencia a la tracci\u00f3n, protecci\u00f3n contra rayos y una transmisi\u00f3n fiable a larga distancia para las redes de suministro el\u00e9ctrico.<\/p>","protected":false},"featured_media":1833,"comment_status":"open","ping_status":"closed","template":"","meta":{"_seopress_robots_primary_cat":"none","_seopress_titles_title":"Central Tube OPGW Fiber Optic Cable","_seopress_titles_desc":"Durable Central Tube OPGW fiber optic cable combines optical transmission and grounding, ensuring high reliability for power communication networks.","_seopress_robots_index":""},"product_brand":[],"product_cat":[41],"product_tag":[42,66],"class_list":{"0":"post-1830","1":"product","2":"type-product","3":"status-publish","4":"has-post-thumbnail","6":"product_cat-outdoor-fiber-optic-cable","7":"product_tag-bulk-fiber-optic-cable","8":"product_tag-power-utility-communication","10":"first","11":"instock","12":"shipping-taxable","13":"product-type-grouped"},"_links":{"self":[{"href":"https:\/\/honelinks.com\/es\/wp-json\/wp\/v2\/product\/1830","targetHints":{"allow":["GET"]}}],"collection":[{"href":"https:\/\/honelinks.com\/es\/wp-json\/wp\/v2\/product"}],"about":[{"href":"https:\/\/honelinks.com\/es\/wp-json\/wp\/v2\/types\/product"}],"replies":[{"embeddable":true,"href":"https:\/\/honelinks.com\/es\/wp-json\/wp\/v2\/comments?post=1830"}],"wp:featuredmedia":[{"embeddable":true,"href":"https:\/\/honelinks.com\/es\/wp-json\/wp\/v2\/media\/1833"}],"wp:attachment":[{"href":"https:\/\/honelinks.com\/es\/wp-json\/wp\/v2\/media?parent=1830"}],"wp:term":[{"taxonomy":"product_brand","embeddable":true,"href":"https:\/\/honelinks.com\/es\/wp-json\/wp\/v2\/product_brand?post=1830"},{"taxonomy":"product_cat","embeddable":true,"href":"https:\/\/honelinks.com\/es\/wp-json\/wp\/v2\/product_cat?post=1830"},{"taxonomy":"product_tag","embeddable":true,"href":"https:\/\/honelinks.com\/es\/wp-json\/wp\/v2\/product_tag?post=1830"}],"curies":[{"name":"wp","href":"https:\/\/api.w.org\/{rel}","templated":true}]}}