{"id":1835,"date":"2025-05-29T23:03:09","date_gmt":"2025-05-29T15:03:09","guid":{"rendered":"https:\/\/honelinks.com\/?post_type=product&#038;p=1835"},"modified":"2026-04-27T20:00:00","modified_gmt":"2026-04-27T12:00:00","slug":"opgw-tubo-de-acero-inoxidable-cable-de-fibra-optica","status":"publish","type":"product","link":"https:\/\/honelinks.com\/es\/product\/opgw-stainless-steel-tube-fiber-optic-cable\/","title":{"rendered":"Tubo de acero inoxidable OPGW Cable de fibra \u00f3ptica"},"content":{"rendered":"<p data-start=\"59\" data-end=\"125\">En <strong>Tubo de acero inoxidable OPGW Cable de fibra \u00f3ptica<\/strong> presenta uno o varios tubos de acero inoxidable rellenos de fibras \u00f3pticas y gelatina, lo que proporciona una excelente protecci\u00f3n de las fibras y resistencia mec\u00e1nica. Este tipo de cable est\u00e1 dise\u00f1ado espec\u00edficamente para su uso en l\u00edneas el\u00e9ctricas a\u00e9reas, donde sirve tanto de cable de tierra para rayos como de medio de comunicaci\u00f3n. Es especialmente adecuado para entornos corrosivos o extremos, como zonas costeras o industriales.<\/p>\n<h3 data-start=\"801\" data-end=\"829\"><strong data-start=\"805\" data-end=\"827\">1. Estructura y dise\u00f1o<\/strong><\/h3>\n<p><img alt=\"opgw,Cable de fibra \u00f3ptica OPGW\" fetchpriority=\"high\" decoding=\"async\" class=\"alignnone wp-image-1838\" src=\"https:\/\/honelinks.com\/wp-content\/uploads\/2025\/05\/OPGW-Stainless-Steel-Tube-Fiber-Optic-Cable-structure-300x300.jpg\" width=\"389\" height=\"389\" srcset=\"https:\/\/honelinks.com\/wp-content\/uploads\/2025\/05\/OPGW-Stainless-Steel-Tube-Fiber-Optic-Cable-structure-300x300.jpg 300w, https:\/\/honelinks.com\/wp-content\/uploads\/2025\/05\/OPGW-Stainless-Steel-Tube-Fiber-Optic-Cable-structure-150x150.jpg 150w, https:\/\/honelinks.com\/wp-content\/uploads\/2025\/05\/OPGW-Stainless-Steel-Tube-Fiber-Optic-Cable-structure-768x768.jpg 768w, https:\/\/honelinks.com\/wp-content\/uploads\/2025\/05\/OPGW-Stainless-Steel-Tube-Fiber-Optic-Cable-structure-600x600.jpg 600w, https:\/\/honelinks.com\/wp-content\/uploads\/2025\/05\/OPGW-Stainless-Steel-Tube-Fiber-Optic-Cable-structure-100x100.jpg 100w, https:\/\/honelinks.com\/wp-content\/uploads\/2025\/05\/OPGW-Stainless-Steel-Tube-Fiber-Optic-Cable-structure.jpg 800w\" sizes=\"(max-width: 389px) 100vw, 389px\" \/><\/p>\n<ul>\n<li data-start=\"874\" data-end=\"1152\">\n<p data-start=\"876\" data-end=\"895\"><strong data-start=\"876\" data-end=\"892\">Unidad \u00f3ptica<\/strong>:<\/p>\n<ul>\n<li data-start=\"898\" data-end=\"992\">\n<p data-start=\"900\" data-end=\"992\">Las fibras \u00f3pticas se alojan en el interior de una o varias <strong data-start=\"945\" data-end=\"990\">tubos de acero inoxidable herm\u00e9ticamente cerrados<\/strong><\/p>\n<\/li>\n<li data-start=\"995\" data-end=\"1083\">\n<p data-start=\"997\" data-end=\"1083\">Relleno de gel bloqueador de agua para evitar la entrada de humedad y la microflexi\u00f3n de las fibras.<\/p>\n<\/li>\n<li data-start=\"1086\" data-end=\"1152\">\n<p data-start=\"1088\" data-end=\"1152\">El tubo puede contener <strong data-start=\"1105\" data-end=\"1124\">De 12 a 96 fibras<\/strong>, seg\u00fan la configuraci\u00f3n<\/p>\n<\/li>\n<\/ul>\n<\/li>\n<li data-start=\"1154\" data-end=\"1362\">\n<p data-start=\"1156\" data-end=\"1178\"><strong data-start=\"1156\" data-end=\"1175\">Capa de varamiento<\/strong>:<\/p>\n<ul data-start=\"1181\" data-end=\"1362\">\n<li data-start=\"1181\" data-end=\"1286\">\n<p data-start=\"1183\" data-end=\"1286\">Los tubos de acero inoxidable est\u00e1n trenzados con <strong data-start=\"1223\" data-end=\"1252\">Acero aluminizado (ACS)<\/strong> y\/o <strong data-start=\"1260\" data-end=\"1284\">Alambres de aleaci\u00f3n de aluminio<\/strong><\/p>\n<\/li>\n<li data-start=\"1289\" data-end=\"1362\">\n<p data-start=\"1291\" data-end=\"1362\">Proporciona excelentes <strong data-start=\"1310\" data-end=\"1330\">resistencia a la tracci\u00f3n<\/strong> y <strong data-start=\"1335\" data-end=\"1362\">conductividad el\u00e9ctrica<\/strong><\/p>\n<\/li>\n<\/ul>\n<\/li>\n<li data-start=\"1364\" data-end=\"1502\">\n<p data-start=\"1366\" data-end=\"1391\"><strong data-start=\"1366\" data-end=\"1388\">Construcci\u00f3n exterior<\/strong>:<\/p>\n<ul data-start=\"1394\" data-end=\"1502\">\n<li data-start=\"1394\" data-end=\"1426\">\n<p data-start=\"1396\" data-end=\"1426\">Compacto, resistente a la corrosi\u00f3n<\/p>\n<\/li>\n<li data-start=\"1429\" data-end=\"1502\">\n<p data-start=\"1431\" data-end=\"1502\">Recubrimientos anticorrosivos opcionales para entornos con alto contenido en sal o contaminados<\/p>\n<\/li>\n<\/ul>\n<\/li>\n<li data-start=\"1504\" data-end=\"1588\">\n<p data-start=\"1506\" data-end=\"1588\"><strong data-start=\"1506\" data-end=\"1524\">Di\u00e1metro exterior<\/strong>: Normalmente 10-20 mm, dependiendo del n\u00famero de fibras y del dise\u00f1o del filamento<\/p>\n<\/li>\n<li data-start=\"1590\" data-end=\"1684\">\n<p data-start=\"1592\" data-end=\"1684\"><strong data-start=\"1592\" data-end=\"1616\">Normas de cumplimiento<\/strong>: IEEE 1138, IEC 60794-4-10, GB\/T 7424.4 y especificaciones propias de cada empresa.<\/p>\n<\/li>\n<\/ul>\n<p>&nbsp;<\/p>\n<h3 data-start=\"1857\" data-end=\"1879\"><strong data-start=\"1861\" data-end=\"1877\">2. Aplicaciones<\/strong><\/h3>\n<ul>\n<li data-start=\"1712\" data-end=\"1780\">L\u00edneas a\u00e9reas de transmisi\u00f3n (media, alta y ultra alta tensi\u00f3n)<\/li>\n<li data-start=\"1783\" data-end=\"1818\">Red troncal de comunicaciones de la red el\u00e9ctrica<\/li>\n<li data-start=\"1821\" data-end=\"1861\">SCADA y sistemas de supervisi\u00f3n en tiempo real<\/li>\n<li data-start=\"1864\" data-end=\"1911\">Entornos costeros o qu\u00edmicamente agresivos<\/li>\n<li data-start=\"1914\" data-end=\"1974\">Instalaciones de gran envergadura a trav\u00e9s de monta\u00f1as, r\u00edos o valles<\/li>\n<\/ul>\n<h3 data-start=\"2494\" data-end=\"2514\"><strong data-start=\"2498\" data-end=\"2512\">3. Ventajas<\/strong><\/h3>\n<ul>\n<li data-start=\"2000\" data-end=\"2101\"><strong data-start=\"2000\" data-end=\"2024\">Tubo de acero inoxidable<\/strong> ofrece <strong data-start=\"2032\" data-end=\"2080\">protecci\u00f3n mec\u00e1nica y anticorrosi\u00f3n superior<\/strong> para fibras \u00f3pticas<\/li>\n<li data-start=\"2104\" data-end=\"2209\">Estabilidad a largo plazo incluso <strong data-start=\"2135\" data-end=\"2170\">condiciones medioambientales severas<\/strong> (corrosi\u00f3n, sal, exposici\u00f3n qu\u00edmica)<\/li>\n<li data-start=\"2212\" data-end=\"2284\">Compacto y ligero a la vez que mantiene <strong data-start=\"2254\" data-end=\"2282\">alta resistencia a la tracci\u00f3n<\/strong><\/li>\n<li data-start=\"2287\" data-end=\"2354\">Dise\u00f1ado para <strong data-start=\"2300\" data-end=\"2327\">20-30 a\u00f1os de vida \u00fatil<\/strong> con un mantenimiento m\u00ednimo<\/li>\n<li data-start=\"2357\" data-end=\"2422\">La integraci\u00f3n con la infraestructura de l\u00edneas el\u00e9ctricas ahorra costes y espacio<\/li>\n<li data-start=\"2425\" data-end=\"2510\">N\u00famero de fibras, estructura y proporci\u00f3n de filamentos met\u00e1licos personalizables para satisfacer las necesidades de dise\u00f1o de la red<\/li>\n<\/ul>\n<h3 data-start=\"3141\" data-end=\"3155\"><strong data-start=\"3145\" data-end=\"3153\">4. Preguntas frecuentes<\/strong><\/h3>\n<ul>\n<li><strong data-start=\"2527\" data-end=\"2602\">P1: \u00bfPara qu\u00e9 entornos es m\u00e1s adecuado el tubo de acero inoxidable OPGW?<\/strong><br data-start=\"2602\" data-end=\"2605\" \/>Es ideal para <strong data-start=\"2621\" data-end=\"2684\">regiones costeras, zonas industriales y \u00e1reas altamente contaminadas<\/strong> donde la resistencia a la corrosi\u00f3n es cr\u00edtica.<\/li>\n<li data-start=\"2726\" data-end=\"2889\"><strong data-start=\"2726\" data-end=\"2784\">P2: \u00bfCu\u00e1ntas fibras puede contener el tubo de acero inoxidable?<\/strong><br data-start=\"2784\" data-end=\"2787\" \/>Cada tubo suele soportar <strong data-start=\"2816\" data-end=\"2832\">12-24 fibras<\/strong>, y se pueden combinar varios tubos para obtener hasta 96 fibras.<\/li>\n<li data-start=\"2891\" data-end=\"3092\"><strong data-start=\"2891\" data-end=\"2959\">P3: \u00bfProporciona conexi\u00f3n el\u00e9ctrica a tierra como otros cables OPGW?<\/strong><br data-start=\"2959\" data-end=\"2962\" \/>S\u00ed. Funciona como <strong data-start=\"2990\" data-end=\"3030\">cable de tierra y una l\u00ednea de comunicaci\u00f3n<\/strong>, cumpliendo todos los requisitos de conexi\u00f3n a tierra y protecci\u00f3n contra rayos.<\/li>\n<li data-start=\"3094\" data-end=\"3293\"><strong data-start=\"3094\" data-end=\"3157\">P4: \u00bfPuede instalarse en vanos largos o en terrenos accidentados?<\/strong><br data-start=\"3157\" data-end=\"3160\" \/>Absolutamente. Su alta resistencia a la tracci\u00f3n lo hace adecuado para <strong data-start=\"3220\" data-end=\"3245\">abarca m\u00e1s de 800 metros<\/strong> en instalaciones monta\u00f1osas o que atraviesan r\u00edos.<\/li>\n<li data-start=\"3295\" data-end=\"3510\"><strong data-start=\"3295\" data-end=\"3361\">P5: \u00bfQu\u00e9 diferencia hay con el tubo de aluminio OPGW?<\/strong><br data-start=\"3361\" data-end=\"3364\" \/>Los tubos de acero inoxidable ofrecen <strong data-start=\"3392\" data-end=\"3423\">mayor resistencia a la corrosi\u00f3n<\/strong>, pero son m\u00e1s pesados. Los tubos de aluminio son m\u00e1s ligeros, pero menos resistentes a entornos agresivos.<\/li>\n<\/ul>","protected":false},"excerpt":{"rendered":"<p>Un cable de tierra de fibra \u00f3ptica robusto y de alto rendimiento con construcci\u00f3n de tubo de acero inoxidable, dise\u00f1ado para una transmisi\u00f3n de fibra estable y una resistencia medioambiental superior en l\u00edneas el\u00e9ctricas de alta tensi\u00f3n.<\/p>","protected":false},"featured_media":1837,"comment_status":"open","ping_status":"closed","template":"","meta":{"_seopress_robots_primary_cat":"none","_seopress_titles_title":"Stainless steel tube OPGW fiber optic cable","_seopress_titles_desc":"Stainless steel tube OPGW fiber optic cable offers strength, lightning protection, stable data transmission, and durability.","_seopress_robots_index":""},"product_brand":[],"product_cat":[41],"product_tag":[42,66],"class_list":{"0":"post-1835","1":"product","2":"type-product","3":"status-publish","4":"has-post-thumbnail","6":"product_cat-outdoor-fiber-optic-cable","7":"product_tag-bulk-fiber-optic-cable","8":"product_tag-power-utility-communication","10":"first","11":"instock","12":"shipping-taxable","13":"product-type-grouped"},"_links":{"self":[{"href":"https:\/\/honelinks.com\/es\/wp-json\/wp\/v2\/product\/1835","targetHints":{"allow":["GET"]}}],"collection":[{"href":"https:\/\/honelinks.com\/es\/wp-json\/wp\/v2\/product"}],"about":[{"href":"https:\/\/honelinks.com\/es\/wp-json\/wp\/v2\/types\/product"}],"replies":[{"embeddable":true,"href":"https:\/\/honelinks.com\/es\/wp-json\/wp\/v2\/comments?post=1835"}],"wp:featuredmedia":[{"embeddable":true,"href":"https:\/\/honelinks.com\/es\/wp-json\/wp\/v2\/media\/1837"}],"wp:attachment":[{"href":"https:\/\/honelinks.com\/es\/wp-json\/wp\/v2\/media?parent=1835"}],"wp:term":[{"taxonomy":"product_brand","embeddable":true,"href":"https:\/\/honelinks.com\/es\/wp-json\/wp\/v2\/product_brand?post=1835"},{"taxonomy":"product_cat","embeddable":true,"href":"https:\/\/honelinks.com\/es\/wp-json\/wp\/v2\/product_cat?post=1835"},{"taxonomy":"product_tag","embeddable":true,"href":"https:\/\/honelinks.com\/es\/wp-json\/wp\/v2\/product_tag?post=1835"}],"curies":[{"name":"wp","href":"https:\/\/api.w.org\/{rel}","templated":true}]}}