{"id":1839,"date":"2025-05-30T08:43:45","date_gmt":"2025-05-30T00:43:45","guid":{"rendered":"https:\/\/honelinks.com\/?post_type=product&#038;p=1839"},"modified":"2026-04-27T19:59:27","modified_gmt":"2026-04-27T11:59:27","slug":"cable-de-unidad-de-fibra-soplada-con-aire-epfu-de-rendimiento-mejorado","status":"publish","type":"product","link":"https:\/\/honelinks.com\/es\/product\/enhanced-performance-epfu-air-blown-fiber-unit-cable\/","title":{"rendered":"Unidades de fibra de rendimiento mejorado (EPFU) Cable de fibra soplado por aire"},"content":{"rendered":"<p data-start=\"59\" data-end=\"125\">En<strong> Unidad de Fibra de Rendimiento Mejorado (EPFU)<\/strong> es un cable de fibra \u00f3ptica en miniatura desarrollado para su instalaci\u00f3n en microductos mediante aire comprimido. Es ideal para redes de acceso en las que son esenciales la escalabilidad, la velocidad de despliegue y una obra civil m\u00ednima. Con una elevada relaci\u00f3n resistencia-peso y una cubierta de fricci\u00f3n ultrabaja, EPFU permite largas distancias de soplado y una expansi\u00f3n eficaz de la red de fibra.<\/p>\n<h3 data-start=\"801\" data-end=\"829\"><strong data-start=\"805\" data-end=\"827\">1. Estructura y dise\u00f1o<\/strong><\/h3>\n<p><img alt=\"epfu,Unidad de fibra de rendimiento mejorado\" fetchpriority=\"high\" decoding=\"async\" class=\"alignnone wp-image-1841 size-large\" src=\"https:\/\/honelinks.com\/wp-content\/uploads\/2025\/05\/Enhanced-Performance-Fiber-Unit-EPFU-Air-Blown-Fiber-Cable-Structure-1024x262.png\" width=\"800\" height=\"205\" srcset=\"https:\/\/honelinks.com\/wp-content\/uploads\/2025\/05\/Enhanced-Performance-Fiber-Unit-EPFU-Air-Blown-Fiber-Cable-Structure-1024x262.png 1024w, https:\/\/honelinks.com\/wp-content\/uploads\/2025\/05\/Enhanced-Performance-Fiber-Unit-EPFU-Air-Blown-Fiber-Cable-Structure-300x77.png 300w, https:\/\/honelinks.com\/wp-content\/uploads\/2025\/05\/Enhanced-Performance-Fiber-Unit-EPFU-Air-Blown-Fiber-Cable-Structure-768x197.png 768w, https:\/\/honelinks.com\/wp-content\/uploads\/2025\/05\/Enhanced-Performance-Fiber-Unit-EPFU-Air-Blown-Fiber-Cable-Structure-1536x394.png 1536w, https:\/\/honelinks.com\/wp-content\/uploads\/2025\/05\/Enhanced-Performance-Fiber-Unit-EPFU-Air-Blown-Fiber-Cable-Structure-2048x525.png 2048w, https:\/\/honelinks.com\/wp-content\/uploads\/2025\/05\/Enhanced-Performance-Fiber-Unit-EPFU-Air-Blown-Fiber-Cable-Structure-600x154.png 600w\" sizes=\"(max-width: 800px) 100vw, 800px\" \/><\/p>\n<p>&nbsp;<\/p>\n<ul>\n<li data-start=\"944\" data-end=\"1094\">\n<p data-start=\"946\" data-end=\"963\"><strong data-start=\"946\" data-end=\"960\">Tipo de fibra<\/strong>:<\/p>\n<ul data-start=\"966\" data-end=\"1094\">\n<li data-start=\"966\" data-end=\"1044\">\n<p data-start=\"968\" data-end=\"1044\">Disponible en <strong data-start=\"981\" data-end=\"993\">G.657.A1<\/strong>, <strong data-start=\"995\" data-end=\"1007\">G.657.A2<\/strong>, o <strong data-start=\"1012\" data-end=\"1023\">G.652.D<\/strong> fibras monomodo<\/p>\n<\/li>\n<li data-start=\"1047\" data-end=\"1094\">\n<p data-start=\"1049\" data-end=\"1094\">Recuento t\u00edpico de n\u00facleos: <strong data-start=\"1070\" data-end=\"1094\">2, 4, 6, 8, 12 n\u00facleos<\/strong><\/p>\n<\/li>\n<\/ul>\n<\/li>\n<li data-start=\"1096\" data-end=\"1237\">\n<p data-start=\"1098\" data-end=\"1117\"><strong data-start=\"1098\" data-end=\"1114\">Capa intermedia<\/strong>:<\/p>\n<ul data-start=\"1120\" data-end=\"1237\">\n<li data-start=\"1120\" data-end=\"1237\">\n<p data-start=\"1122\" data-end=\"1237\">Cada fibra est\u00e1 protegida con <strong data-start=\"1151\" data-end=\"1180\">tamp\u00f3n suelto apretado o seco<\/strong> para resistir la microflexi\u00f3n y mantener el rendimiento \u00f3ptico<\/p>\n<\/li>\n<\/ul>\n<\/li>\n<li data-start=\"1239\" data-end=\"1422\">\n<p data-start=\"1241\" data-end=\"1260\"><strong data-start=\"1241\" data-end=\"1257\">Vaina exterior<\/strong>:<\/p>\n<ul data-start=\"1263\" data-end=\"1422\">\n<li data-start=\"1263\" data-end=\"1353\">\n<p data-start=\"1265\" data-end=\"1353\">Hecho de <strong data-start=\"1273\" data-end=\"1316\">TPU de fricci\u00f3n ultrabaja o material LSZH<\/strong>, optimizado para el rendimiento de soplado<\/p>\n<\/li>\n<li data-start=\"1356\" data-end=\"1422\">\n<p data-start=\"1358\" data-end=\"1422\">Gran resistencia a la abrasi\u00f3n, al retorcimiento y a los factores ambientales<\/p>\n<\/li>\n<\/ul>\n<\/li>\n<li data-start=\"1424\" data-end=\"1599\">\n<p data-start=\"1426\" data-end=\"1441\"><strong data-start=\"1426\" data-end=\"1438\">Di\u00e1metro<\/strong>:<\/p>\n<ul data-start=\"1444\" data-end=\"1599\">\n<li data-start=\"1444\" data-end=\"1521\">\n<p data-start=\"1446\" data-end=\"1521\">Tama\u00f1o ultrapeque\u00f1o, normalmente <strong data-start=\"1474\" data-end=\"1494\">1,2 mm a 2,4 mm<\/strong>, en funci\u00f3n del n\u00famero de n\u00facleos<\/p>\n<\/li>\n<li data-start=\"1524\" data-end=\"1599\">\n<p data-start=\"1526\" data-end=\"1599\">Dise\u00f1ado para su instalaci\u00f3n en <strong data-start=\"1557\" data-end=\"1599\">Microductos de 3 mm a 5 mm de di\u00e1metro interior<\/strong><\/p>\n<\/li>\n<\/ul>\n<\/li>\n<li data-start=\"1601\" data-end=\"1678\">\n<p data-start=\"1603\" data-end=\"1622\"><strong data-start=\"1603\" data-end=\"1619\">Codificaci\u00f3n por colores<\/strong>:<\/p>\n<ul data-start=\"1625\" data-end=\"1678\">\n<li data-start=\"1625\" data-end=\"1678\">\n<p data-start=\"1627\" data-end=\"1678\">Cumple la norma IEC 60304 o la codificaci\u00f3n espec\u00edfica del cliente<\/p>\n<\/li>\n<\/ul>\n<\/li>\n<li data-start=\"1680\" data-end=\"1742\">\n<p data-start=\"1682\" data-end=\"1695\"><strong data-start=\"1682\" data-end=\"1692\">Peso<\/strong>:<\/p>\n<ul data-start=\"1698\" data-end=\"1742\">\n<li data-start=\"1698\" data-end=\"1742\">\n<p data-start=\"1700\" data-end=\"1742\">Extremadamente ligeros, normalmente &lt;10 kg\/km<\/p>\n<\/li>\n<\/ul>\n<\/li>\n<\/ul>\n<p>&nbsp;<\/p>\n<h3 data-start=\"1857\" data-end=\"1879\"><strong data-start=\"1861\" data-end=\"1877\">2. Aplicaciones<\/strong><\/h3>\n<ul>\n<li data-start=\"1768\" data-end=\"1796\">\n<p data-start=\"1770\" data-end=\"1796\">FTTH (fibra hasta el hogar)<\/p>\n<\/li>\n<li data-start=\"1797\" data-end=\"1833\">\n<p data-start=\"1799\" data-end=\"1833\">FTTB \/ FTTO (Edificio u Oficina)<\/p>\n<\/li>\n<li data-start=\"1834\" data-end=\"1860\">\n<p data-start=\"1836\" data-end=\"1860\">Red troncal de c\u00e9lulas peque\u00f1as 5G<\/p>\n<\/li>\n<li data-start=\"1861\" data-end=\"1889\">\n<p data-start=\"1863\" data-end=\"1889\">Interconexi\u00f3n de centros de datos<\/p>\n<\/li>\n<li data-start=\"1890\" data-end=\"1951\">\n<p data-start=\"1892\" data-end=\"1951\">Redes de acceso y campus mediante infraestructura de microductos<\/p>\n<\/li>\n<li data-start=\"1952\" data-end=\"1996\">\n<p data-start=\"1954\" data-end=\"1996\">Implantaciones urbanas en terrenos v\u00edrgenes o abandonados<\/p>\n<\/li>\n<\/ul>\n<h3 data-start=\"2494\" data-end=\"2514\"><strong data-start=\"2498\" data-end=\"2512\">3. Ventajas<\/strong><\/h3>\n<ul>\n<li data-start=\"2020\" data-end=\"2087\">\n<p data-start=\"2022\" data-end=\"2087\"><strong data-start=\"2022\" data-end=\"2068\">Distancia de soplado de hasta 1.000 metros o m\u00e1s<\/strong> de una sola vez<\/p>\n<\/li>\n<li data-start=\"2088\" data-end=\"2170\">\n<p data-start=\"2090\" data-end=\"2170\"><strong data-start=\"2090\" data-end=\"2131\">Instalaci\u00f3n r\u00e1pida y rentable<\/strong> sin zanjas ni maquinaria pesada<\/p>\n<\/li>\n<li data-start=\"2171\" data-end=\"2234\">\n<p data-start=\"2173\" data-end=\"2234\">F\u00e1cilmente ampliable: se pueden soplar nuevas fibras m\u00e1s adelante seg\u00fan sea necesario<\/p>\n<\/li>\n<li data-start=\"2235\" data-end=\"2318\">\n<p data-start=\"2237\" data-end=\"2318\"><strong data-start=\"2237\" data-end=\"2266\">Funda de fricci\u00f3n ultrabaja<\/strong> mejora el rendimiento de soplado incluso en conductos curvos<\/p>\n<\/li>\n<li data-start=\"2319\" data-end=\"2393\">\n<p data-start=\"2321\" data-end=\"2393\">Resistente a <strong data-start=\"2334\" data-end=\"2358\">temperaturas extremas<\/strong>, humedad y tensi\u00f3n mec\u00e1nica<\/p>\n<\/li>\n<li data-start=\"2394\" data-end=\"2460\">\n<p data-start=\"2396\" data-end=\"2460\">Ideal para redes de fibra de alta densidad con <strong data-start=\"2439\" data-end=\"2460\">huella m\u00ednima<\/strong><\/p>\n<\/li>\n<\/ul>\n<h3 data-start=\"3141\" data-end=\"3155\"><strong data-start=\"3145\" data-end=\"3153\">4. Preguntas frecuentes<\/strong><\/h3>\n<ul>\n<li data-start=\"2477\" data-end=\"2633\"><strong data-start=\"2477\" data-end=\"2538\">P1: \u00bfQu\u00e9 tama\u00f1os de microducto son compatibles con los cables EPFU?<\/strong><br data-start=\"2538\" data-end=\"2541\" \/>Normalmente, conductos de 3-5 mm de di\u00e1metro interior. Podemos adaptar el tama\u00f1o del cable a su sistema de conductos existente.<\/li>\n<li data-start=\"2635\" data-end=\"2803\"><strong data-start=\"2635\" data-end=\"2686\">P2: \u00bfSe puede soplar el cable a grandes distancias?<\/strong><br data-start=\"2686\" data-end=\"2689\" \/>S\u00ed, dependiendo de las condiciones del conducto y del equipo de soplado, las distancias de soplado pueden exceder de <strong data-start=\"2773\" data-end=\"2793\">1000-1500 metros<\/strong> por disparo.<\/li>\n<li data-start=\"2805\" data-end=\"2962\"><strong data-start=\"2805\" data-end=\"2861\">P3: \u00bfEste cable es apto para exteriores?<\/strong><br data-start=\"2861\" data-end=\"2864\" \/>S\u00ed. La funda de TPU o LSZH es resistente a los rayos UV y soporta variaciones de temperatura y humedad.<\/li>\n<li data-start=\"2805\" data-end=\"2962\"><strong data-start=\"2964\" data-end=\"3029\">P4: \u00bfPuedo utilizar este cable para conductos existentes con curvas cerradas?<\/strong><br data-start=\"3029\" data-end=\"3032\" \/>S\u00ed. EPFU est\u00e1 dise\u00f1ado para <strong data-start=\"3060\" data-end=\"3080\">gran flexibilidad<\/strong> y puede trazar curvas cerradas con escasas p\u00e9rdidas por fricci\u00f3n.<\/li>\n<\/ul>\n<ul>\n<li data-start=\"3135\" data-end=\"3382\"><strong data-start=\"3135\" data-end=\"3207\">P5: \u00bfQu\u00e9 diferencia hay entre los EPFU y los microcables tradicionales?<\/strong><br data-start=\"3207\" data-end=\"3210\" \/>La EPFU es <strong data-start=\"3218\" data-end=\"3280\">m\u00e1s peque\u00f1o, m\u00e1s ligero y optimizado para la instalaci\u00f3n por soplado de aire<\/strong>, mientras que los microcables tradicionales suelen tirar de ellos y requieren una mayor fuerza de instalaci\u00f3n.<\/li>\n<\/ul>","protected":false},"excerpt":{"rendered":"<p>EPFU es un cable de unidad de fibra soplada por aire ultraligero y de alto rendimiento dise\u00f1ado para un despliegue r\u00e1pido y flexible en redes de microductos, que ofrece un excelente rendimiento de soplado y fiabilidad mec\u00e1nica.<\/p>","protected":false},"featured_media":1840,"comment_status":"open","ping_status":"closed","template":"","meta":{"_seopress_robots_primary_cat":"none","_seopress_titles_title":"Enhanced Performance fiber Units (EPFU)","_seopress_titles_desc":"High-performance EPFU, modular fiber units, high density, flexible, optimized for microduct, air-blown, and FTTx installations.","_seopress_robots_index":""},"product_brand":[],"product_cat":[41],"product_tag":[64,42],"class_list":{"0":"post-1839","1":"product","2":"type-product","3":"status-publish","4":"has-post-thumbnail","6":"product_cat-outdoor-fiber-optic-cable","7":"product_tag-air-blown-fiber-optic-cable","8":"product_tag-bulk-fiber-optic-cable","10":"first","11":"instock","12":"shipping-taxable","13":"product-type-grouped"},"_links":{"self":[{"href":"https:\/\/honelinks.com\/es\/wp-json\/wp\/v2\/product\/1839","targetHints":{"allow":["GET"]}}],"collection":[{"href":"https:\/\/honelinks.com\/es\/wp-json\/wp\/v2\/product"}],"about":[{"href":"https:\/\/honelinks.com\/es\/wp-json\/wp\/v2\/types\/product"}],"replies":[{"embeddable":true,"href":"https:\/\/honelinks.com\/es\/wp-json\/wp\/v2\/comments?post=1839"}],"wp:featuredmedia":[{"embeddable":true,"href":"https:\/\/honelinks.com\/es\/wp-json\/wp\/v2\/media\/1840"}],"wp:attachment":[{"href":"https:\/\/honelinks.com\/es\/wp-json\/wp\/v2\/media?parent=1839"}],"wp:term":[{"taxonomy":"product_brand","embeddable":true,"href":"https:\/\/honelinks.com\/es\/wp-json\/wp\/v2\/product_brand?post=1839"},{"taxonomy":"product_cat","embeddable":true,"href":"https:\/\/honelinks.com\/es\/wp-json\/wp\/v2\/product_cat?post=1839"},{"taxonomy":"product_tag","embeddable":true,"href":"https:\/\/honelinks.com\/es\/wp-json\/wp\/v2\/product_tag?post=1839"}],"curies":[{"name":"wp","href":"https:\/\/api.w.org\/{rel}","templated":true}]}}