{"id":1842,"date":"2025-05-30T08:53:44","date_gmt":"2025-05-30T00:53:44","guid":{"rendered":"https:\/\/honelinks.com\/?post_type=product&#038;p=1842"},"modified":"2026-04-27T19:54:18","modified_gmt":"2026-04-27T11:54:18","slug":"super-mini-uni-tube-air-blown-cable","status":"publish","type":"product","link":"https:\/\/honelinks.com\/es\/product\/super-mini-uni-tube-air-blown-cable\/","title":{"rendered":"Cable soplado de aire Super Mini Uni-tube"},"content":{"rendered":"<p data-start=\"59\" data-end=\"125\">En <strong>Cable soplado de aire Super Mini Uni-tube<\/strong> es una soluci\u00f3n muy eficaz para redes FTTx y de acceso, que ofrece un rendimiento de instalaci\u00f3n y una protecci\u00f3n mec\u00e1nica excepcionales en un dise\u00f1o ultrafino. Con un tubo central suelto de hasta 12 fibras, este cable est\u00e1 optimizado para la instalaci\u00f3n por soplado en microconductos de tan solo 5 mm de di\u00e1metro. Su cubierta exterior de baja fricci\u00f3n garantiza largas distancias de soplado, incluso a trav\u00e9s de conductos complejos.<\/p>\n<h3 data-start=\"801\" data-end=\"829\"><strong data-start=\"805\" data-end=\"827\">1. Estructura y dise\u00f1o<\/strong><\/h3>\n<p><img alt=\"Cable soplado Mini Uni-tube\" fetchpriority=\"high\" decoding=\"async\" class=\"alignnone wp-image-1844\" src=\"https:\/\/honelinks.com\/wp-content\/uploads\/2025\/05\/Super-Mini-Uni-tube-Air-Blown-Cable-structure-300x300.png\" width=\"389\" height=\"389\" srcset=\"https:\/\/honelinks.com\/wp-content\/uploads\/2025\/05\/Super-Mini-Uni-tube-Air-Blown-Cable-structure-300x300.png 300w, https:\/\/honelinks.com\/wp-content\/uploads\/2025\/05\/Super-Mini-Uni-tube-Air-Blown-Cable-structure-150x150.png 150w, https:\/\/honelinks.com\/wp-content\/uploads\/2025\/05\/Super-Mini-Uni-tube-Air-Blown-Cable-structure-768x768.png 768w, https:\/\/honelinks.com\/wp-content\/uploads\/2025\/05\/Super-Mini-Uni-tube-Air-Blown-Cable-structure-600x600.png 600w, https:\/\/honelinks.com\/wp-content\/uploads\/2025\/05\/Super-Mini-Uni-tube-Air-Blown-Cable-structure-100x100.png 100w, https:\/\/honelinks.com\/wp-content\/uploads\/2025\/05\/Super-Mini-Uni-tube-Air-Blown-Cable-structure.png 800w\" sizes=\"(max-width: 389px) 100vw, 389px\" \/><\/p>\n<p>&nbsp;<\/p>\n<ul>\n<li data-start=\"922\" data-end=\"940\"><strong data-start=\"922\" data-end=\"937\">Dise\u00f1o del n\u00facleo<\/strong>:\n<ul>\n<li style=\"list-style-type: none;\">\n<ul data-start=\"943\" data-end=\"1087\">\n<li data-start=\"943\" data-end=\"1009\">\n<p data-start=\"945\" data-end=\"1009\"><strong data-start=\"945\" data-end=\"967\">Tubo suelto central<\/strong> viviendas de construcci\u00f3n <strong data-start=\"989\" data-end=\"1007\">De 2 a 12 fibras<\/strong><\/p>\n<\/li>\n<li data-start=\"1012\" data-end=\"1087\">\n<p data-start=\"1014\" data-end=\"1087\">Lleno de <strong data-start=\"1026\" data-end=\"1047\">gel tixotr\u00f3pico<\/strong> para proteger las fibras y bloquear el agua<\/p>\n<\/li>\n<\/ul>\n<\/li>\n<\/ul>\n<\/li>\n<li data-start=\"1091\" data-end=\"1110\"><strong data-start=\"1091\" data-end=\"1107\">Vaina exterior<\/strong>:\n<ul>\n<li style=\"list-style-type: none;\">\n<ul data-start=\"1113\" data-end=\"1229\">\n<li data-start=\"1113\" data-end=\"1168\">\n<p data-start=\"1115\" data-end=\"1168\">Hecho de <strong data-start=\"1123\" data-end=\"1166\">material LSZH o TPU de fricci\u00f3n ultrabaja<\/strong><\/p>\n<\/li>\n<li data-start=\"1171\" data-end=\"1229\">\n<p data-start=\"1173\" data-end=\"1229\">Dise\u00f1ado para un rendimiento de soplado \u00f3ptimo en conductos estrechos<\/p>\n<\/li>\n<\/ul>\n<\/li>\n<\/ul>\n<\/li>\n<li data-start=\"1233\" data-end=\"1257\"><strong data-start=\"1233\" data-end=\"1254\">Di\u00e1metro y peso<\/strong>:\n<ul>\n<li style=\"list-style-type: none;\">\n<ul data-start=\"1260\" data-end=\"1352\">\n<li data-start=\"1260\" data-end=\"1310\">\n<p data-start=\"1262\" data-end=\"1310\">Di\u00e1metro exterior: normalmente <strong data-start=\"1288\" data-end=\"1308\">2,4 mm a 3,0 mm<\/strong><\/p>\n<\/li>\n<li data-start=\"1313\" data-end=\"1352\">\n<p data-start=\"1315\" data-end=\"1352\">Extremadamente ligero: <strong data-start=\"1338\" data-end=\"1352\">&lt; 12 kg\/km<\/strong><\/p>\n<\/li>\n<\/ul>\n<\/li>\n<\/ul>\n<\/li>\n<li data-start=\"1356\" data-end=\"1375\"><strong data-start=\"1356\" data-end=\"1372\">Codificaci\u00f3n por colores<\/strong>:\n<ul>\n<li style=\"list-style-type: none;\">\n<ul data-start=\"1378\" data-end=\"1450\">\n<li data-start=\"1378\" data-end=\"1450\">\n<p data-start=\"1380\" data-end=\"1450\">El c\u00f3digo de colores de las fibras cumple la norma IEC 60304 o se puede personalizar seg\u00fan el proyecto<\/p>\n<\/li>\n<\/ul>\n<\/li>\n<\/ul>\n<\/li>\n<li data-start=\"1454\" data-end=\"1477\"><strong data-start=\"1454\" data-end=\"1474\">Resistencia al agua<\/strong>:\n<ul>\n<li style=\"list-style-type: none;\">\n<ul data-start=\"1480\" data-end=\"1555\">\n<li data-start=\"1480\" data-end=\"1555\">\n<p data-start=\"1482\" data-end=\"1555\">El gel bloqueador de agua y la funda protegen contra la entrada de humedad<\/p>\n<\/li>\n<\/ul>\n<\/li>\n<\/ul>\n<\/li>\n<li data-start=\"1559\" data-end=\"1588\"><strong data-start=\"1559\" data-end=\"1585\">Sin componentes met\u00e1licos<\/strong>:<\/li>\n<li style=\"list-style-type: none;\">\n<ul>\n<li style=\"list-style-type: none;\">\n<ul data-start=\"1591\" data-end=\"1661\">\n<li data-start=\"1591\" data-end=\"1661\">\n<p data-start=\"1593\" data-end=\"1661\">Dise\u00f1o totalmente diel\u00e9ctrico, seguro para su uso cerca de infraestructuras el\u00e9ctricas<\/p>\n<\/li>\n<\/ul>\n<\/li>\n<\/ul>\n<\/li>\n<\/ul>\n<h3 data-start=\"1857\" data-end=\"1879\"><strong data-start=\"1861\" data-end=\"1877\">2. Aplicaciones<\/strong><\/h3>\n<ul>\n<li data-start=\"1689\" data-end=\"1734\">Redes de microductos FTTH (fibra hasta el hogar)<\/li>\n<li data-start=\"1737\" data-end=\"1786\">Despliegue FTTB \/ FTTO en edificios o campus<\/li>\n<li data-start=\"1789\" data-end=\"1831\">5G backhaul e interconexiones de c\u00e9lulas peque\u00f1as<\/li>\n<li data-start=\"1834\" data-end=\"1869\">Despliegues de fibra urbana de alta densidad<\/li>\n<li data-start=\"1872\" data-end=\"1916\">Instalaciones de fibra de \u00faltima milla en interiores y exteriores<\/li>\n<\/ul>\n<h3 data-start=\"2494\" data-end=\"2514\"><strong data-start=\"2498\" data-end=\"2512\">3. Ventajas<\/strong><\/h3>\n<ul>\n<li data-start=\"1942\" data-end=\"2015\"><strong data-start=\"1942\" data-end=\"1973\">Ultrapeque\u00f1o y ligero<\/strong>se adapta f\u00e1cilmente a conductos de 5 mm o m\u00e1s peque\u00f1os<\/li>\n<li data-start=\"2018\" data-end=\"2090\"><strong data-start=\"2018\" data-end=\"2048\">Largas distancias de soplado<\/strong>: m\u00e1s <strong data-start=\"2055\" data-end=\"2079\">1000 metros por disparo<\/strong> posible<\/li>\n<li data-start=\"2093\" data-end=\"2171\"><strong data-start=\"2093\" data-end=\"2120\">Dise\u00f1o sencillo, monotubo<\/strong>reduce el uso de material y aumenta la flexibilidad<\/li>\n<li data-start=\"2174\" data-end=\"2247\"><strong data-start=\"2174\" data-end=\"2197\">Vaina de baja fricci\u00f3n<\/strong>optimizado para el soplado a alta velocidad y baja presi\u00f3n<\/li>\n<li data-start=\"2250\" data-end=\"2330\"><strong data-start=\"2250\" data-end=\"2290\">Instalaci\u00f3n r\u00e1pida y sin interrupciones<\/strong>Sin zanjas ni herramientas pesadas<\/li>\n<li data-start=\"2333\" data-end=\"2399\"><strong data-start=\"2333\" data-end=\"2353\">Totalmente diel\u00e9ctrico<\/strong>inmune a las interferencias electromagn\u00e9ticas (EMI)<\/li>\n<\/ul>\n<h3 data-start=\"3141\" data-end=\"3155\"><strong data-start=\"3145\" data-end=\"3153\">4. Preguntas frecuentes<\/strong><\/h3>\n<ul>\n<li data-start=\"2477\" data-end=\"2633\">\n<p data-start=\"2416\" data-end=\"2703\"><strong data-start=\"2416\" data-end=\"2496\">P1: \u00bfCu\u00e1l es la principal diferencia entre los cables Super Mini Uni-tube y EPFU?<\/strong><br data-start=\"2496\" data-end=\"2499\" \/>El EPFU es a\u00fan m\u00e1s delgado y suele utilizar fibras de tamp\u00f3n apretado, mientras que el Super Mini Uni-tube utiliza una estructura de tubo suelto para <strong data-start=\"2616\" data-end=\"2648\">mejor protecci\u00f3n mec\u00e1nica<\/strong> y <strong data-start=\"2653\" data-end=\"2702\">rendimiento m\u00e1s estable en exteriores<\/strong>.<\/p>\n<p data-start=\"2705\" data-end=\"2823\"><strong data-start=\"2705\" data-end=\"2751\">P2: \u00bfCu\u00e1l es el tama\u00f1o m\u00ednimo de conducto necesario?<\/strong><br data-start=\"2751\" data-end=\"2754\" \/>Normalmente se instalan en microconductos con <strong data-start=\"2793\" data-end=\"2822\">di\u00e1metros interiores de 5-7 mm<\/strong>.<\/p>\n<p data-start=\"2825\" data-end=\"2975\"><strong data-start=\"2825\" data-end=\"2865\">P3: \u00bfSe puede utilizar este cable en exteriores?<\/strong><br data-start=\"2865\" data-end=\"2868\" \/>S\u00ed. La funda de TPU\/LSZH proporciona <strong data-start=\"2902\" data-end=\"2919\">Resistencia a los rayos UV<\/strong> y <strong data-start=\"2924\" data-end=\"2947\">protecci\u00f3n contra la humedad<\/strong> para uso interior y exterior.<\/p>\n<p data-start=\"2977\" data-end=\"3118\"><strong data-start=\"2977\" data-end=\"3014\">P4: \u00bfEs el cable ign\u00edfugo?<\/strong><br data-start=\"3014\" data-end=\"3017\" \/>S\u00ed, cuando se utiliza material LSZH, cumple los requisitos pertinentes. <strong data-start=\"3066\" data-end=\"3095\">Normas IEC de seguridad contra incendios<\/strong> para el despliegue en interiores.<\/p>\n<p data-start=\"3120\" data-end=\"3275\"><strong data-start=\"3120\" data-end=\"3167\">P5: \u00bfPueden suministrar versiones preterminadas?<\/strong><br data-start=\"3167\" data-end=\"3170\" \/>S\u00ed, ofrecemos <strong data-start=\"3184\" data-end=\"3218\">opciones preterminadas de f\u00e1brica<\/strong> con conectores SC, LC, FC o MPO para un despliegue r\u00e1pido.<\/p>\n<\/li>\n<\/ul>","protected":false},"excerpt":{"rendered":"<p><strong>Un cable de fibra \u00f3ptica ultracompacto, uni-tubo y soplado por aire<\/strong> dise\u00f1ada para el despliegue de fibra de alta densidad en redes de microductos, lo que permite soplados de larga distancia y r\u00e1pidos despliegues de FTTH.<\/p>","protected":false},"featured_media":1843,"comment_status":"open","ping_status":"closed","template":"","meta":{"_seopress_robots_primary_cat":"none","_seopress_titles_title":"Super Mini Uni-tube Air Blown Cable","_seopress_titles_desc":"The Super Mini Uni-tube Air Blown Cable is a highly efficient solution for FTTx and access networks, offering outstanding installation performance and mechanical protection in an ultra-slim design.","_seopress_robots_index":""},"product_brand":[],"product_cat":[41],"product_tag":[64,42],"class_list":{"0":"post-1842","1":"product","2":"type-product","3":"status-publish","4":"has-post-thumbnail","6":"product_cat-outdoor-fiber-optic-cable","7":"product_tag-air-blown-fiber-optic-cable","8":"product_tag-bulk-fiber-optic-cable","10":"first","11":"instock","12":"shipping-taxable","13":"product-type-grouped"},"_links":{"self":[{"href":"https:\/\/honelinks.com\/es\/wp-json\/wp\/v2\/product\/1842","targetHints":{"allow":["GET"]}}],"collection":[{"href":"https:\/\/honelinks.com\/es\/wp-json\/wp\/v2\/product"}],"about":[{"href":"https:\/\/honelinks.com\/es\/wp-json\/wp\/v2\/types\/product"}],"replies":[{"embeddable":true,"href":"https:\/\/honelinks.com\/es\/wp-json\/wp\/v2\/comments?post=1842"}],"wp:featuredmedia":[{"embeddable":true,"href":"https:\/\/honelinks.com\/es\/wp-json\/wp\/v2\/media\/1843"}],"wp:attachment":[{"href":"https:\/\/honelinks.com\/es\/wp-json\/wp\/v2\/media?parent=1842"}],"wp:term":[{"taxonomy":"product_brand","embeddable":true,"href":"https:\/\/honelinks.com\/es\/wp-json\/wp\/v2\/product_brand?post=1842"},{"taxonomy":"product_cat","embeddable":true,"href":"https:\/\/honelinks.com\/es\/wp-json\/wp\/v2\/product_cat?post=1842"},{"taxonomy":"product_tag","embeddable":true,"href":"https:\/\/honelinks.com\/es\/wp-json\/wp\/v2\/product_tag?post=1842"}],"curies":[{"name":"wp","href":"https:\/\/api.w.org\/{rel}","templated":true}]}}