{"id":1846,"date":"2025-05-30T09:28:34","date_gmt":"2025-05-30T01:28:34","guid":{"rendered":"https:\/\/honelinks.com\/?post_type=product&#038;p=1846"},"modified":"2026-04-27T19:54:45","modified_gmt":"2026-04-27T11:54:45","slug":"24-cable-microexpandido-de-144-hilos","status":"publish","type":"product","link":"https:\/\/honelinks.com\/es\/product\/24-144-core-micro-blown-cable\/","title":{"rendered":"Cable microexpandido de 24-144 hilos"},"content":{"rendered":"<p data-start=\"59\" data-end=\"125\">En <strong>Cable microexpandido de 24-144 hilos<\/strong> se ha dise\u00f1ado espec\u00edficamente para la ampliaci\u00f3n de redes de fibra \u00f3ptica de alta densidad mediante sistemas de microductos. Con una construcci\u00f3n compacta, ligera y flexible, admite la instalaci\u00f3n por soplado en microductos de 10\/12 mm, lo que minimiza la obra civil al tiempo que maximiza la velocidad de despliegue y la escalabilidad. Ideal para FTTx, redes metropolitanas e infraestructuras 5G que requieren un gran n\u00famero de n\u00facleos en espacios reducidos.<\/p>\n<h3 data-start=\"801\" data-end=\"829\"><strong data-start=\"805\" data-end=\"827\">1. Estructura y dise\u00f1o<\/strong><\/h3>\n<p><img alt=\"Cable microexpandido de 24-144 hilos\" fetchpriority=\"high\" decoding=\"async\" class=\"alignnone wp-image-1847\" src=\"https:\/\/honelinks.com\/wp-content\/uploads\/2025\/05\/24\u2013144-Core-Micro-Blown-Cable-Structure-300x300.png\" width=\"389\" height=\"389\" srcset=\"https:\/\/honelinks.com\/wp-content\/uploads\/2025\/05\/24\u2013144-Core-Micro-Blown-Cable-Structure-300x300.png 300w, https:\/\/honelinks.com\/wp-content\/uploads\/2025\/05\/24\u2013144-Core-Micro-Blown-Cable-Structure-150x150.png 150w, https:\/\/honelinks.com\/wp-content\/uploads\/2025\/05\/24\u2013144-Core-Micro-Blown-Cable-Structure-768x768.png 768w, https:\/\/honelinks.com\/wp-content\/uploads\/2025\/05\/24\u2013144-Core-Micro-Blown-Cable-Structure-600x600.png 600w, https:\/\/honelinks.com\/wp-content\/uploads\/2025\/05\/24\u2013144-Core-Micro-Blown-Cable-Structure-100x100.png 100w, https:\/\/honelinks.com\/wp-content\/uploads\/2025\/05\/24\u2013144-Core-Micro-Blown-Cable-Structure.png 800w\" sizes=\"(max-width: 389px) 100vw, 389px\" \/><\/p>\n<p>&nbsp;<\/p>\n<ul>\n<li data-start=\"926\" data-end=\"1134\">\n<p data-start=\"928\" data-end=\"953\"><strong data-start=\"928\" data-end=\"950\">Configuraci\u00f3n del n\u00facleo<\/strong>:<\/p>\n<ul data-start=\"956\" data-end=\"1134\">\n<li data-start=\"956\" data-end=\"1036\">\n<p data-start=\"958\" data-end=\"1036\">Construcci\u00f3n de tubo holgado con <strong data-start=\"987\" data-end=\"1001\">4-12 tubos<\/strong>, cada uno de los cuales contiene <strong data-start=\"1019\" data-end=\"1034\">2-12 fibras<\/strong><\/p>\n<\/li>\n<li data-start=\"1039\" data-end=\"1091\">\n<p data-start=\"1041\" data-end=\"1091\">Elemento central de resistencia para la estabilidad estructural<\/p>\n<\/li>\n<li data-start=\"1094\" data-end=\"1134\">\n<p data-start=\"1096\" data-end=\"1134\"><strong data-start=\"1096\" data-end=\"1134\">N\u00famero total de fibras: De 24 a 144 n\u00facleos<\/strong><\/p>\n<\/li>\n<\/ul>\n<\/li>\n<li data-start=\"1136\" data-end=\"1256\">\n<p data-start=\"1138\" data-end=\"1157\"><strong data-start=\"1138\" data-end=\"1154\">Llenado de tubos<\/strong>:<\/p>\n<ul data-start=\"1160\" data-end=\"1256\">\n<li data-start=\"1160\" data-end=\"1256\">\n<p data-start=\"1162\" data-end=\"1256\">Cada tubo suelto se rellena con <strong data-start=\"1193\" data-end=\"1212\">gel tixotr\u00f3pico<\/strong> para evitar la entrada de agua y amortiguar las fibras<\/p>\n<\/li>\n<\/ul>\n<\/li>\n<li data-start=\"1258\" data-end=\"1430\">\n<p data-start=\"1260\" data-end=\"1273\"><strong data-start=\"1260\" data-end=\"1270\">Funda<\/strong>:<\/p>\n<ul data-start=\"1276\" data-end=\"1430\">\n<li data-start=\"1276\" data-end=\"1362\">\n<p data-start=\"1278\" data-end=\"1362\">Funda exterior de <strong data-start=\"1299\" data-end=\"1333\">LSZH o TPU de fricci\u00f3n ultrabaja<\/strong>, optimizado para el soplado de aire<\/p>\n<\/li>\n<li data-start=\"1365\" data-end=\"1430\">\n<p data-start=\"1367\" data-end=\"1430\">Dise\u00f1ado para su uso en <strong data-start=\"1387\" data-end=\"1430\">Microductos de 10 mm \/ 12 mm de di\u00e1metro interior<\/strong><\/p>\n<\/li>\n<\/ul>\n<\/li>\n<li data-start=\"1432\" data-end=\"1528\">\n<p data-start=\"1434\" data-end=\"1455\"><strong data-start=\"1434\" data-end=\"1452\">Di\u00e1metro exterior<\/strong>:<\/p>\n<ul data-start=\"1458\" data-end=\"1528\">\n<li data-start=\"1458\" data-end=\"1528\">\n<p data-start=\"1460\" data-end=\"1528\">Normalmente oscila entre <strong data-start=\"1482\" data-end=\"1502\">5,5 mm a 8,5 mm<\/strong>, seg\u00fan el n\u00famero de fibras<\/p>\n<\/li>\n<\/ul>\n<\/li>\n<li data-start=\"1530\" data-end=\"1599\">\n<p data-start=\"1532\" data-end=\"1545\"><strong data-start=\"1532\" data-end=\"1542\">Peso<\/strong>:<\/p>\n<ul data-start=\"1548\" data-end=\"1599\">\n<li data-start=\"1548\" data-end=\"1599\">\n<p data-start=\"1550\" data-end=\"1599\">Dise\u00f1o ligero, <strong data-start=\"1570\" data-end=\"1599\">aproximadamente 25-45 kg\/km<\/strong><\/p>\n<\/li>\n<\/ul>\n<\/li>\n<li data-start=\"1601\" data-end=\"1693\">\n<p data-start=\"1603\" data-end=\"1637\"><strong data-start=\"1603\" data-end=\"1634\">Totalmente diel\u00e9ctrico (opcional)<\/strong>:<\/p>\n<ul data-start=\"1640\" data-end=\"1693\">\n<li data-start=\"1640\" data-end=\"1693\">\n<p data-start=\"1642\" data-end=\"1693\">Sin piezas met\u00e1licas, seguro cerca de infraestructuras el\u00e9ctricas<\/p>\n<\/li>\n<\/ul>\n<\/li>\n<li data-start=\"1695\" data-end=\"1769\">\n<p data-start=\"1697\" data-end=\"1716\"><strong data-start=\"1697\" data-end=\"1713\">Codificaci\u00f3n por colores<\/strong>:<\/p>\n<ul data-start=\"1719\" data-end=\"1769\">\n<li data-start=\"1719\" data-end=\"1769\">\n<p data-start=\"1721\" data-end=\"1769\">Cumple las normas CEI o las espec\u00edficas del cliente<\/p>\n<\/li>\n<\/ul>\n<\/li>\n<\/ul>\n<h3 data-start=\"1857\" data-end=\"1879\"><strong data-start=\"1861\" data-end=\"1877\">2. Aplicaciones<\/strong><\/h3>\n<ul>\n<li data-start=\"1795\" data-end=\"1831\">\n<p data-start=\"1797\" data-end=\"1831\">Conexiones multiusuario FTTH\/FTTB<\/p>\n<\/li>\n<li data-start=\"1832\" data-end=\"1870\">\n<p data-start=\"1834\" data-end=\"1870\">Redes troncales y de acceso al metro<\/p>\n<\/li>\n<li data-start=\"1871\" data-end=\"1914\">\n<p data-start=\"1873\" data-end=\"1914\">Backhaul de c\u00e9lulas peque\u00f1as y estaciones base 5G<\/p>\n<\/li>\n<li data-start=\"1915\" data-end=\"1966\">\n<p data-start=\"1917\" data-end=\"1966\">Redes troncales de fibra multin\u00facleo para campus o empresas<\/p>\n<\/li>\n<li data-start=\"1967\" data-end=\"2027\">\n<p data-start=\"1969\" data-end=\"2027\">Densificaci\u00f3n de la red en la infraestructura de microductos existente<\/p>\n<\/li>\n<\/ul>\n<h3 data-start=\"2494\" data-end=\"2514\"><strong data-start=\"2498\" data-end=\"2512\">3. Ventajas<\/strong><\/h3>\n<ul>\n<li data-start=\"2051\" data-end=\"2114\">\n<p data-start=\"2053\" data-end=\"2114\">Admite <strong data-start=\"2062\" data-end=\"2082\">hasta 144 fibras<\/strong> en un dise\u00f1o compacto y soplable<\/p>\n<\/li>\n<li data-start=\"2115\" data-end=\"2194\">\n<p data-start=\"2117\" data-end=\"2194\"><strong data-start=\"2117\" data-end=\"2145\">Alto rendimiento de soplado<\/strong>largas distancias de instalaci\u00f3n con baja fricci\u00f3n<\/p>\n<\/li>\n<li data-start=\"2195\" data-end=\"2264\">\n<p data-start=\"2197\" data-end=\"2264\"><strong data-start=\"2197\" data-end=\"2216\">Despliegue r\u00e1pido<\/strong>: sin excavaciones ni empalmes durante la ampliaci\u00f3n del conducto<\/p>\n<\/li>\n<li data-start=\"2265\" data-end=\"2343\">\n<p data-start=\"2267\" data-end=\"2343\"><strong data-start=\"2267\" data-end=\"2292\">Arquitectura escalable<\/strong>: a\u00f1ada fibras seg\u00fan sea necesario, sin necesidad de sustituir cables<\/p>\n<\/li>\n<li data-start=\"2344\" data-end=\"2425\">\n<p data-start=\"2346\" data-end=\"2425\"><strong data-start=\"2346\" data-end=\"2374\">Ligero y flexible<\/strong>: ideal para rutas de microductos congestionadas o complejas<\/p>\n<\/li>\n<li data-start=\"2426\" data-end=\"2501\">\n<p data-start=\"2428\" data-end=\"2501\"><strong data-start=\"2428\" data-end=\"2464\">Ign\u00edfugo y resistente a los rayos UV<\/strong>Adecuado para interiores y exteriores<\/p>\n<\/li>\n<\/ul>\n<h3 data-start=\"3141\" data-end=\"3155\"><strong data-start=\"3145\" data-end=\"3153\">4. Preguntas frecuentes<\/strong><\/h3>\n<ul>\n<li data-start=\"2518\" data-end=\"2696\"><strong data-start=\"2518\" data-end=\"2570\">P1: \u00bfHasta d\u00f3nde puede soplar este cable de una sola vez?<\/strong><br data-start=\"2570\" data-end=\"2573\" \/>En condiciones \u00f3ptimas, hasta <strong data-start=\"2605\" data-end=\"2628\">1500 metros o m\u00e1s<\/strong>, dependiendo del estado del conducto, de la m\u00e1quina de soplado y del n\u00famero de curvas.<\/li>\n<li data-start=\"2698\" data-end=\"2801\"><strong data-start=\"2698\" data-end=\"2735\">P2: \u00bfQu\u00e9 tama\u00f1o de conducto se necesita?<\/strong><br data-start=\"2735\" data-end=\"2738\" \/>Dise\u00f1ado para microductos con <strong data-start=\"2767\" data-end=\"2800\">10 mm o 12 mm de di\u00e1metro interior<\/strong>.<\/li>\n<li data-start=\"2803\" data-end=\"2931\"><strong data-start=\"2803\" data-end=\"2835\">P3: \u00bfEs impermeable el cable?<\/strong><br data-start=\"2835\" data-end=\"2838\" \/>S\u00ed. Los tubos sueltos son <strong data-start=\"2863\" data-end=\"2877\">relleno de gel<\/strong>, y, opcionalmente, hilos secos que bloquean el agua.<\/li>\n<li data-start=\"2933\" data-end=\"3088\"><strong data-start=\"2933\" data-end=\"2982\">P4: \u00bfPuedo solicitar una versi\u00f3n totalmente diel\u00e9ctrica?<\/strong><br data-start=\"2982\" data-end=\"2985\" \/>S\u00ed. Ofrecemos construcciones sin metal para garantizar <strong data-start=\"3034\" data-end=\"3044\">sin IME<\/strong> y despliegue seguro cerca de cables el\u00e9ctricos.<\/li>\n<li data-start=\"3090\" data-end=\"3307\"><strong data-start=\"3090\" data-end=\"3164\">P5: \u00bfSe puede personalizar este cable en cuanto a color, tipo de fibra o conectores?<\/strong><br data-start=\"3164\" data-end=\"3167\" \/>Absolutamente. Podemos adaptar <strong data-start=\"3193\" data-end=\"3239\">tipo de fibra (G.652D, G.657A1\/A2, OM3, etc.)<\/strong>, <strong data-start=\"3241\" data-end=\"3257\">color de la chaqueta<\/strong>, y proporcionar <strong data-start=\"3271\" data-end=\"3294\">extremos preterminados<\/strong> si es necesario.<\/li>\n<\/ul>","protected":false},"excerpt":{"rendered":"<p>Un microducto compatible con un elevado n\u00famero de fibras <strong>cable de fibra \u00f3ptica soplado<\/strong> dise\u00f1adas para despliegues de red de muy alta densidad, ofrecen una instalaci\u00f3n sencilla, largas distancias de soplado y una excelente fiabilidad mec\u00e1nica.<\/p>","protected":false},"featured_media":1848,"comment_status":"open","ping_status":"closed","template":"","meta":{"_seopress_robots_primary_cat":"none","_seopress_titles_title":"24-144 Core Micro Blown\u00a0Cable","_seopress_titles_desc":"High-density micro blown fiber optic cable, 24\u2013144 cores, lightweight, flexible, ideal for duct and FTTx networks","_seopress_robots_index":""},"product_brand":[],"product_cat":[41],"product_tag":[64,42],"class_list":{"0":"post-1846","1":"product","2":"type-product","3":"status-publish","4":"has-post-thumbnail","6":"product_cat-outdoor-fiber-optic-cable","7":"product_tag-air-blown-fiber-optic-cable","8":"product_tag-bulk-fiber-optic-cable","10":"first","11":"instock","12":"shipping-taxable","13":"product-type-grouped"},"_links":{"self":[{"href":"https:\/\/honelinks.com\/es\/wp-json\/wp\/v2\/product\/1846","targetHints":{"allow":["GET"]}}],"collection":[{"href":"https:\/\/honelinks.com\/es\/wp-json\/wp\/v2\/product"}],"about":[{"href":"https:\/\/honelinks.com\/es\/wp-json\/wp\/v2\/types\/product"}],"replies":[{"embeddable":true,"href":"https:\/\/honelinks.com\/es\/wp-json\/wp\/v2\/comments?post=1846"}],"wp:featuredmedia":[{"embeddable":true,"href":"https:\/\/honelinks.com\/es\/wp-json\/wp\/v2\/media\/1848"}],"wp:attachment":[{"href":"https:\/\/honelinks.com\/es\/wp-json\/wp\/v2\/media?parent=1846"}],"wp:term":[{"taxonomy":"product_brand","embeddable":true,"href":"https:\/\/honelinks.com\/es\/wp-json\/wp\/v2\/product_brand?post=1846"},{"taxonomy":"product_cat","embeddable":true,"href":"https:\/\/honelinks.com\/es\/wp-json\/wp\/v2\/product_cat?post=1846"},{"taxonomy":"product_tag","embeddable":true,"href":"https:\/\/honelinks.com\/es\/wp-json\/wp\/v2\/product_tag?post=1846"}],"curies":[{"name":"wp","href":"https:\/\/api.w.org\/{rel}","templated":true}]}}