{"id":1849,"date":"2025-05-30T14:03:38","date_gmt":"2025-05-30T06:03:38","guid":{"rendered":"https:\/\/honelinks.com\/?post_type=product&#038;p=1849"},"modified":"2026-04-27T19:53:15","modified_gmt":"2026-04-27T11:53:15","slug":"cable-militar-no-metalico-de-fibra-optica-tactica-de-tampon-apretado","status":"publish","type":"product","link":"https:\/\/honelinks.com\/es\/product\/military-non-metallic-tight-buffer-tactical-fiber-optic-cable\/","title":{"rendered":"Cable de fibra \u00f3ptica t\u00e1ctico militar no met\u00e1lico con b\u00fafer apretado"},"content":{"rendered":"<p data-start=\"59\" data-end=\"125\">Este <strong>Cable t\u00e1ctico de fibra \u00f3ptica de grado militar con b\u00fafer estrecho<\/strong> est\u00e1 dise\u00f1ado para aplicaciones de alta movilidad y durabilidad, como comunicaciones militares de campo, respuesta a emergencias y despliegues temporales. Con una estructura totalmente diel\u00e9ctrica, fibras con b\u00fafer ajustado y una robusta cubierta exterior, ofrece una excelente resistencia al aplastamiento, flexibilidad y protecci\u00f3n medioambiental. Adecuado tanto para uso en interiores como en exteriores, soporta el despliegue y la recuperaci\u00f3n repetidos.<\/p>\n<h3 data-start=\"801\" data-end=\"829\"><strong data-start=\"805\" data-end=\"827\">1. Estructura y dise\u00f1o<\/strong><\/h3>\n<p><img alt=\"Cable t\u00e1ctico de fibra \u00f3ptica\" fetchpriority=\"high\" decoding=\"async\" class=\"alignnone wp-image-1851\" src=\"https:\/\/honelinks.com\/wp-content\/uploads\/2025\/05\/Military-Non-Metallic-Tight-Buffer-Tactical-Fiber-Optic-Cable-Structure-300x300.png\" width=\"389\" height=\"389\" srcset=\"https:\/\/honelinks.com\/wp-content\/uploads\/2025\/05\/Military-Non-Metallic-Tight-Buffer-Tactical-Fiber-Optic-Cable-Structure-300x300.png 300w, https:\/\/honelinks.com\/wp-content\/uploads\/2025\/05\/Military-Non-Metallic-Tight-Buffer-Tactical-Fiber-Optic-Cable-Structure-150x150.png 150w, https:\/\/honelinks.com\/wp-content\/uploads\/2025\/05\/Military-Non-Metallic-Tight-Buffer-Tactical-Fiber-Optic-Cable-Structure-768x768.png 768w, https:\/\/honelinks.com\/wp-content\/uploads\/2025\/05\/Military-Non-Metallic-Tight-Buffer-Tactical-Fiber-Optic-Cable-Structure-600x600.png 600w, https:\/\/honelinks.com\/wp-content\/uploads\/2025\/05\/Military-Non-Metallic-Tight-Buffer-Tactical-Fiber-Optic-Cable-Structure-100x100.png 100w, https:\/\/honelinks.com\/wp-content\/uploads\/2025\/05\/Military-Non-Metallic-Tight-Buffer-Tactical-Fiber-Optic-Cable-Structure.png 800w\" sizes=\"(max-width: 389px) 100vw, 389px\" \/><\/p>\n<p>&nbsp;<\/p>\n<ul>\n<li data-start=\"981\" data-end=\"998\"><strong data-start=\"981\" data-end=\"995\">Tipo de fibra<\/strong>:\n<ul>\n<li style=\"list-style-type: none;\">\n<ul data-start=\"1001\" data-end=\"1131\">\n<li data-start=\"1001\" data-end=\"1066\">\n<p data-start=\"1003\" data-end=\"1066\">Monomodo (G.652D, G.657A1\/A2) o multimodo (OM2, OM3, OM4)<\/p>\n<\/li>\n<li data-start=\"1069\" data-end=\"1131\">\n<p data-start=\"1071\" data-end=\"1131\">La fibra cuenta: <strong data-start=\"1085\" data-end=\"1102\">De 1 a 24 n\u00facleos<\/strong>, normalmente 2, 4, 6, 8 o 12<\/p>\n<\/li>\n<\/ul>\n<\/li>\n<\/ul>\n<\/li>\n<li data-start=\"1135\" data-end=\"1151\"><strong data-start=\"1135\" data-end=\"1148\">Amortiguaci\u00f3n<\/strong>:\n<ul>\n<li style=\"list-style-type: none;\">\n<ul data-start=\"1154\" data-end=\"1283\">\n<li data-start=\"1154\" data-end=\"1230\">\n<p data-start=\"1156\" data-end=\"1230\"><strong data-start=\"1156\" data-end=\"1178\">900\u03bcm tamp\u00f3n herm\u00e9tico<\/strong> para una f\u00e1cil terminaci\u00f3n en campo y un excelente manejo<\/p>\n<\/li>\n<li data-start=\"1233\" data-end=\"1283\">\n<p data-start=\"1235\" data-end=\"1283\">Cada fibra est\u00e1 recubierta individualmente para su protecci\u00f3n<\/p>\n<\/li>\n<\/ul>\n<\/li>\n<\/ul>\n<\/li>\n<li data-start=\"1287\" data-end=\"1310\"><strong data-start=\"1287\" data-end=\"1307\">Fortaleza Miembros<\/strong>:\n<ul>\n<li style=\"list-style-type: none;\">\n<ul data-start=\"1313\" data-end=\"1450\">\n<li data-start=\"1313\" data-end=\"1389\">\n<p data-start=\"1315\" data-end=\"1389\"><strong data-start=\"1315\" data-end=\"1339\">Hilo de aramida (Kevlar)<\/strong> proporciona resistencia a la tracci\u00f3n y a los roedores<\/p>\n<\/li>\n<li data-start=\"1392\" data-end=\"1450\">\n<p data-start=\"1394\" data-end=\"1450\">Sin componentes met\u00e1licos: totalmente diel\u00e9ctrico e inmune a EMI<\/p>\n<\/li>\n<\/ul>\n<\/li>\n<\/ul>\n<\/li>\n<li data-start=\"1454\" data-end=\"1473\"><strong data-start=\"1454\" data-end=\"1470\">Chaqueta exterior<\/strong>:\n<ul>\n<li style=\"list-style-type: none;\">\n<ul data-start=\"1476\" data-end=\"1611\">\n<li data-start=\"1476\" data-end=\"1572\">\n<p data-start=\"1478\" data-end=\"1572\">Hecho de resistente <strong data-start=\"1492\" data-end=\"1528\">TPU (poliuretano termopl\u00e1stico)<\/strong> resistencia a la abrasi\u00f3n, a los productos qu\u00edmicos y a los rayos UV<\/p>\n<\/li>\n<li data-start=\"1575\" data-end=\"1611\">\n<p data-start=\"1577\" data-end=\"1611\">Muy flexible y resistente a la torsi\u00f3n<\/p>\n<\/li>\n<\/ul>\n<\/li>\n<\/ul>\n<\/li>\n<li data-start=\"1615\" data-end=\"1627\"><strong data-start=\"1615\" data-end=\"1624\">Color<\/strong>:\n<ul>\n<li style=\"list-style-type: none;\">\n<ul data-start=\"1630\" data-end=\"1691\">\n<li data-start=\"1630\" data-end=\"1691\">\n<p data-start=\"1632\" data-end=\"1691\">Negro o verde militar de serie; otros colores personalizables<\/p>\n<\/li>\n<\/ul>\n<\/li>\n<\/ul>\n<\/li>\n<li data-start=\"1695\" data-end=\"1712\"><strong data-start=\"1695\" data-end=\"1709\">OD t\u00edpico<\/strong>:\n<ul>\n<li style=\"list-style-type: none;\">\n<ul data-start=\"1715\" data-end=\"1776\">\n<li data-start=\"1715\" data-end=\"1776\">\n<p data-start=\"1717\" data-end=\"1776\">De 5,0 mm a 7,5 mm seg\u00fan el n\u00famero de fibras y el dise\u00f1o de la cubierta<\/p>\n<\/li>\n<\/ul>\n<\/li>\n<\/ul>\n<\/li>\n<li data-start=\"1780\" data-end=\"1808\"><strong data-start=\"1780\" data-end=\"1805\">Temperatura de funcionamiento<\/strong>:<\/li>\n<li style=\"list-style-type: none;\">\n<ul>\n<li style=\"list-style-type: none;\">\n<ul data-start=\"1811\" data-end=\"1827\">\n<li data-start=\"1811\" data-end=\"1827\">\n<p data-start=\"1813\" data-end=\"1827\">-40\u00b0C a +70\u00b0C<\/p>\n<\/li>\n<\/ul>\n<\/li>\n<\/ul>\n<\/li>\n<\/ul>\n<h3 data-start=\"1857\" data-end=\"1879\"><strong data-start=\"1861\" data-end=\"1877\">2. Aplicaciones<\/strong><\/h3>\n<ul>\n<li data-start=\"1855\" data-end=\"1893\">Sistemas militares de comunicaci\u00f3n sobre el terreno<\/li>\n<li data-start=\"1896\" data-end=\"1938\">Redes de emergencia y recuperaci\u00f3n en caso de cat\u00e1strofe<\/li>\n<li data-start=\"1941\" data-end=\"1984\">Difusi\u00f3n t\u00e1ctica y transmisi\u00f3n de v\u00eddeo<\/li>\n<li data-start=\"1987\" data-end=\"2042\">Redes de fibra temporales en eventos o ejercicios sobre el terreno<\/li>\n<li data-start=\"2045\" data-end=\"2087\">Instalaciones de comunicaci\u00f3n para yacimientos petrol\u00edferos y miner\u00eda<\/li>\n<li data-start=\"2090\" data-end=\"2139\">Recorridos de fibra de exterior a interior o en entornos dif\u00edciles<\/li>\n<\/ul>\n<h3 data-start=\"2494\" data-end=\"2514\"><strong data-start=\"2498\" data-end=\"2512\">3. Ventajas<\/strong><\/h3>\n<ul>\n<li data-start=\"2165\" data-end=\"2248\"><strong data-start=\"2165\" data-end=\"2194\">Ultrarresistente y reutilizable<\/strong>: Dise\u00f1ado para un uso repetido en el campo y una manipulaci\u00f3n brusca<\/li>\n<li data-start=\"2251\" data-end=\"2318\"><strong data-start=\"2251\" data-end=\"2279\">Flexible y ligero<\/strong>: F\u00e1cil de desplegar, enrollar y transportar<\/li>\n<li data-start=\"2321\" data-end=\"2392\"><strong data-start=\"2321\" data-end=\"2341\">Totalmente diel\u00e9ctrico<\/strong>: Seguro cerca de sistemas el\u00e9ctricos, sin riesgo de corrosi\u00f3n<\/li>\n<li data-start=\"2395\" data-end=\"2475\"><strong data-start=\"2395\" data-end=\"2473\">Terminaci\u00f3n directa o uso con conectores reforzados (por ejemplo, MIL-DTL-83526)<\/strong><\/li>\n<li data-start=\"2478\" data-end=\"2556\"><strong data-start=\"2478\" data-end=\"2526\">Cubierta de TPU resistente a los rayos UV, al agua y a los productos qu\u00edmicos<\/strong> para todo tipo de clima<\/li>\n<li data-start=\"2559\" data-end=\"2621\"><strong data-start=\"2559\" data-end=\"2611\">Opciones personalizables de carrete, conector y cubierta<\/strong> disponible<\/li>\n<\/ul>\n<h3 data-start=\"3141\" data-end=\"3155\"><strong data-start=\"3145\" data-end=\"3153\">4. Preguntas frecuentes<\/strong><\/h3>\n<ul>\n<li data-start=\"2638\" data-end=\"2792\"><strong data-start=\"2638\" data-end=\"2695\">P1: \u00bfSe puede reutilizar este cable muchas veces sobre el terreno?<\/strong><br data-start=\"2695\" data-end=\"2698\" \/>S\u00ed, est\u00e1 dise\u00f1ado para <strong data-start=\"2722\" data-end=\"2759\">despliegue y recuperaci\u00f3n repetidos<\/strong> sin degradaci\u00f3n del rendimiento.<\/li>\n<li data-start=\"2794\" data-end=\"2963\"><strong data-start=\"2794\" data-end=\"2844\">P2: \u00bfEs compatible con conectores de grado militar?<\/strong><br data-start=\"2844\" data-end=\"2847\" \/>S\u00ed. Compatible con <strong data-start=\"2868\" data-end=\"2892\">Conectores MIL<\/strong>, como <strong data-start=\"2902\" data-end=\"2919\">MIL-DTL-83526<\/strong>, <strong data-start=\"2921\" data-end=\"2930\">TFOCA<\/strong>, o <strong data-start=\"2935\" data-end=\"2962\">conectores de campo personalizados<\/strong>.<\/li>\n<li data-start=\"2965\" data-end=\"3106\"><strong data-start=\"2965\" data-end=\"3027\">P3: \u00bfEste cable es adecuado para entornos sensibles a EMI?<\/strong><br data-start=\"3027\" data-end=\"3030\" \/>S\u00ed. Es totalmente no met\u00e1lico y <strong data-start=\"3063\" data-end=\"3105\">inmune a las interferencias electromagn\u00e9ticas<\/strong>.<\/li>\n<li data-start=\"3108\" data-end=\"3269\"><strong data-start=\"3108\" data-end=\"3171\">P4: \u00bfSe puede utilizar tanto en interiores como en exteriores?<\/strong><br data-start=\"3171\" data-end=\"3174\" \/>Absolutamente. El <strong data-start=\"3190\" data-end=\"3204\">Cubierta de TPU<\/strong> ofrece <strong data-start=\"3212\" data-end=\"3250\">Resistencia a los rayos UV, al agua y a los productos qu\u00edmicos<\/strong> para cualquier condici\u00f3n.<\/li>\n<li data-start=\"3271\" data-end=\"3414\"><strong data-start=\"3271\" data-end=\"3321\">P5: \u00bfOfrecen este cable en carretes port\u00e1tiles?<\/strong><br data-start=\"3321\" data-end=\"3324\" \/>S\u00ed. Se puede suministrar en <strong data-start=\"3351\" data-end=\"3386\">carretes desplegables de calidad militar<\/strong> para un despliegue r\u00e1pido sobre el terreno.<\/li>\n<\/ul>","protected":false},"excerpt":{"rendered":"<p>Un sistema robusto, flexible y <strong>cable t\u00e1ctico de fibra \u00f3ptica no met\u00e1lico<\/strong> dise\u00f1ado para un despliegue r\u00e1pido y una comunicaci\u00f3n de campo de alta fiabilidad en entornos militares y exteriores dif\u00edciles.<\/p>","protected":false},"featured_media":1850,"comment_status":"open","ping_status":"closed","template":"","meta":{"_seopress_robots_primary_cat":"none","_seopress_titles_title":"Tactical Fiber Optic Cable","_seopress_titles_desc":"A rugged, flexible, and non-metallic tactical fiber optic cable designed for fast deployment and high-reliability field communication in military and harsh outdoor environments.","_seopress_robots_index":""},"product_brand":[],"product_cat":[41],"product_tag":[42],"class_list":{"0":"post-1849","1":"product","2":"type-product","3":"status-publish","4":"has-post-thumbnail","6":"product_cat-outdoor-fiber-optic-cable","7":"product_tag-bulk-fiber-optic-cable","9":"first","10":"instock","11":"shipping-taxable","12":"product-type-grouped"},"_links":{"self":[{"href":"https:\/\/honelinks.com\/es\/wp-json\/wp\/v2\/product\/1849","targetHints":{"allow":["GET"]}}],"collection":[{"href":"https:\/\/honelinks.com\/es\/wp-json\/wp\/v2\/product"}],"about":[{"href":"https:\/\/honelinks.com\/es\/wp-json\/wp\/v2\/types\/product"}],"replies":[{"embeddable":true,"href":"https:\/\/honelinks.com\/es\/wp-json\/wp\/v2\/comments?post=1849"}],"wp:featuredmedia":[{"embeddable":true,"href":"https:\/\/honelinks.com\/es\/wp-json\/wp\/v2\/media\/1850"}],"wp:attachment":[{"href":"https:\/\/honelinks.com\/es\/wp-json\/wp\/v2\/media?parent=1849"}],"wp:term":[{"taxonomy":"product_brand","embeddable":true,"href":"https:\/\/honelinks.com\/es\/wp-json\/wp\/v2\/product_brand?post=1849"},{"taxonomy":"product_cat","embeddable":true,"href":"https:\/\/honelinks.com\/es\/wp-json\/wp\/v2\/product_cat?post=1849"},{"taxonomy":"product_tag","embeddable":true,"href":"https:\/\/honelinks.com\/es\/wp-json\/wp\/v2\/product_tag?post=1849"}],"curies":[{"name":"wp","href":"https:\/\/api.w.org\/{rel}","templated":true}]}}