{"id":1852,"date":"2025-05-30T15:14:46","date_gmt":"2025-05-30T07:14:46","guid":{"rendered":"https:\/\/honelinks.com\/?post_type=product&#038;p=1852"},"modified":"2026-04-27T19:52:08","modified_gmt":"2026-04-27T11:52:08","slug":"cable-de-alimentacion-de-fibra-hibrida-gdvv","status":"publish","type":"product","link":"https:\/\/honelinks.com\/es\/product\/gdvv-hybrid-fiber-power-cable\/","title":{"rendered":"Cable de alimentaci\u00f3n de fibra h\u00edbrida GDVV"},"content":{"rendered":"<p data-start=\"59\" data-end=\"125\">El cable h\u00edbrido de fibra \u00f3ptica GDVV combina <strong data-start=\"531\" data-end=\"565\">unidades dobles de fibra de ca\u00edda tipo arco<\/strong> y <strong data-start=\"570\" data-end=\"597\">cables el\u00e9ctricos de cobre<\/strong> en una estructura de cable unificada. Este dise\u00f1o permite la transmisi\u00f3n simult\u00e1nea de datos de alta velocidad y el suministro el\u00e9ctrico, especialmente para RRU 5G, c\u00e1maras de vigilancia y otros dispositivos remotos que requieren tanto conectividad como alimentaci\u00f3n. Su estructura plana y compacta simplifica la instalaci\u00f3n en v\u00edas o conductos restringidos.<\/p>\n<h3 data-start=\"801\" data-end=\"829\"><strong data-start=\"805\" data-end=\"827\">1. Estructura y dise\u00f1o<\/strong><\/h3>\n<p><img alt=\"Cable de alimentaci\u00f3n de fibra h\u00edbrida GDVV\" fetchpriority=\"high\" decoding=\"async\" class=\"alignnone wp-image-1854\" src=\"https:\/\/honelinks.com\/wp-content\/uploads\/2025\/05\/GDVV-Fiber-Power-hybrid-cable-Structure.png\" width=\"550\" height=\"550\" srcset=\"https:\/\/honelinks.com\/wp-content\/uploads\/2025\/05\/GDVV-Fiber-Power-hybrid-cable-Structure.png 800w, https:\/\/honelinks.com\/wp-content\/uploads\/2025\/05\/GDVV-Fiber-Power-hybrid-cable-Structure-300x300.png 300w, https:\/\/honelinks.com\/wp-content\/uploads\/2025\/05\/GDVV-Fiber-Power-hybrid-cable-Structure-150x150.png 150w, https:\/\/honelinks.com\/wp-content\/uploads\/2025\/05\/GDVV-Fiber-Power-hybrid-cable-Structure-768x768.png 768w, https:\/\/honelinks.com\/wp-content\/uploads\/2025\/05\/GDVV-Fiber-Power-hybrid-cable-Structure-600x600.png 600w, https:\/\/honelinks.com\/wp-content\/uploads\/2025\/05\/GDVV-Fiber-Power-hybrid-cable-Structure-100x100.png 100w\" sizes=\"(max-width: 550px) 100vw, 550px\" \/><\/p>\n<p>&nbsp;<\/p>\n<ul>\n<li data-start=\"943\" data-end=\"1260\">\n<p data-start=\"945\" data-end=\"963\"><strong data-start=\"945\" data-end=\"960\">Unidades de fibra<\/strong>:<\/p>\n<ul data-start=\"966\" data-end=\"1260\">\n<li data-start=\"966\" data-end=\"1075\">\n<p data-start=\"968\" data-end=\"1075\">Contiene <strong data-start=\"977\" data-end=\"1005\">dos cables de bajada tipo arco<\/strong>, cada uno con <strong data-start=\"1017\" data-end=\"1033\">1 a 2 n\u00facleos<\/strong> (normalmente fibras G.657.A1 o G.657.A2)<\/p>\n<\/li>\n<li data-start=\"1078\" data-end=\"1260\">\n<p data-start=\"1080\" data-end=\"1111\">Cada cable tipo arco incluye:<\/p>\n<ul data-start=\"1116\" data-end=\"1260\">\n<li data-start=\"1116\" data-end=\"1144\">\n<p data-start=\"1118\" data-end=\"1144\"><strong data-start=\"1118\" data-end=\"1142\">Fibra ajustada<\/strong><\/p>\n<\/li>\n<li data-start=\"1149\" data-end=\"1191\">\n<p data-start=\"1151\" data-end=\"1191\"><strong data-start=\"1151\" data-end=\"1175\">Elementos de resistencia FRP<\/strong> en ambos lados<\/p>\n<\/li>\n<li data-start=\"1196\" data-end=\"1260\">\n<p data-start=\"1198\" data-end=\"1260\"><strong data-start=\"1198\" data-end=\"1226\">Funda exterior de LSZH o TPU<\/strong>, Ign\u00edfugo y resistente a los rayos UV<\/p>\n<\/li>\n<\/ul>\n<\/li>\n<\/ul>\n<\/li>\n<li data-start=\"1262\" data-end=\"1472\">\n<p data-start=\"1264\" data-end=\"1287\"><strong data-start=\"1264\" data-end=\"1284\">Conductores de potencia<\/strong>:<\/p>\n<ul data-start=\"1290\" data-end=\"1472\">\n<li data-start=\"1290\" data-end=\"1370\">\n<p data-start=\"1292\" data-end=\"1370\"><strong data-start=\"1292\" data-end=\"1320\">Dos o m\u00e1s hilos de cobre<\/strong>, t\u00edpicamente <strong data-start=\"1332\" data-end=\"1352\">2,5 mm\u00b2 a 6 mm\u00b2<\/strong>, esta\u00f1ado o desnudo<\/p>\n<\/li>\n<li data-start=\"1373\" data-end=\"1424\">\n<p data-start=\"1375\" data-end=\"1424\">Se utiliza para alimentar RRU, c\u00e1maras o dispositivos PoE<\/p>\n<\/li>\n<li data-start=\"1427\" data-end=\"1472\">\n<p data-start=\"1429\" data-end=\"1472\">Tensi\u00f3n nominal: <strong data-start=\"1445\" data-end=\"1457\">300\/500V<\/strong> o seg\u00fan sea necesario<\/p>\n<\/li>\n<\/ul>\n<\/li>\n<li data-start=\"1474\" data-end=\"1726\">\n<p data-start=\"1476\" data-end=\"1498\"><strong data-start=\"1476\" data-end=\"1495\">Estructura del cable<\/strong>:<\/p>\n<ul data-start=\"1501\" data-end=\"1726\">\n<li data-start=\"1501\" data-end=\"1591\">\n<p data-start=\"1503\" data-end=\"1591\">Forma plana o en 8 con dos cables de arco \u00f3ptico colocados en paralelo a los hilos de cobre<\/p>\n<\/li>\n<li data-start=\"1594\" data-end=\"1656\">\n<p data-start=\"1596\" data-end=\"1656\">Reforzado con <strong data-start=\"1612\" data-end=\"1627\">hilo de aramida<\/strong> para una mayor resistencia a la tracci\u00f3n<\/p>\n<\/li>\n<li data-start=\"1659\" data-end=\"1726\">\n<p data-start=\"1661\" data-end=\"1726\">Todo el cable revestido con <strong data-start=\"1688\" data-end=\"1703\">LSZH o TPU<\/strong> para protecci\u00f3n en exteriores<\/p>\n<\/li>\n<\/ul>\n<\/li>\n<li data-start=\"1728\" data-end=\"1857\">\n<p data-start=\"1730\" data-end=\"1749\"><strong data-start=\"1730\" data-end=\"1746\">Chaqueta exterior<\/strong>:<\/p>\n<ul data-start=\"1752\" data-end=\"1857\">\n<li data-start=\"1752\" data-end=\"1805\">\n<p data-start=\"1754\" data-end=\"1805\">Ign\u00edfugo, resistente a los rayos UV y a la abrasi\u00f3n<\/p>\n<\/li>\n<li data-start=\"1808\" data-end=\"1857\">\n<p data-start=\"1810\" data-end=\"1857\">Color: normalmente negro; colores personalizados disponibles<\/p>\n<\/li>\n<\/ul>\n<\/li>\n<li data-start=\"1859\" data-end=\"1963\">\n<p data-start=\"1861\" data-end=\"1878\"><strong data-start=\"1861\" data-end=\"1875\">Dimensiones<\/strong>:<\/p>\n<ul data-start=\"1881\" data-end=\"1963\">\n<li data-start=\"1881\" data-end=\"1963\">\n<p data-start=\"1883\" data-end=\"1963\">La anchura y el grosor var\u00edan en funci\u00f3n del tama\u00f1o del conductor; normalmente <strong data-start=\"1947\" data-end=\"1963\">6-12 mm de ancho<\/strong><\/p>\n<\/li>\n<\/ul>\n<\/li>\n<\/ul>\n<h3 data-start=\"1857\" data-end=\"1879\"><strong data-start=\"1861\" data-end=\"1877\">2. Aplicaciones<\/strong><\/h3>\n<ul>\n<li data-start=\"1989\" data-end=\"2020\">\n<p data-start=\"1991\" data-end=\"2020\">FTTA (fibra hasta la antena)<\/p>\n<\/li>\n<li data-start=\"2021\" data-end=\"2046\">\n<p data-start=\"2023\" data-end=\"2046\">Conexiones 5G\/4G RRU<\/p>\n<\/li>\n<li data-start=\"2047\" data-end=\"2090\">\n<p data-start=\"2049\" data-end=\"2090\">Sistemas de vigilancia (CCTV, c\u00e1mara PTZ)<\/p>\n<\/li>\n<li data-start=\"2091\" data-end=\"2120\">\n<p data-start=\"2093\" data-end=\"2120\">Postes inteligentes y nodos IoT<\/p>\n<\/li>\n<li data-start=\"2121\" data-end=\"2168\">\n<p data-start=\"2123\" data-end=\"2168\">Instalaciones exteriores en campus e industrias<\/p>\n<\/li>\n<li data-start=\"2169\" data-end=\"2235\">\n<p data-start=\"2171\" data-end=\"2235\">Cualquier escenario que requiera <strong data-start=\"2194\" data-end=\"2217\">combo fibra + potencia<\/strong> de forma compacta<\/p>\n<\/li>\n<\/ul>\n<h3 data-start=\"2494\" data-end=\"2514\"><strong data-start=\"2498\" data-end=\"2512\">3. Ventajas<\/strong><\/h3>\n<ul>\n<li data-start=\"2261\" data-end=\"2334\"><strong data-start=\"2261\" data-end=\"2282\">Dise\u00f1o todo en uno<\/strong>: Combina datos y alimentaci\u00f3n en un solo cable h\u00edbrido<\/li>\n<li data-start=\"2337\" data-end=\"2416\"><strong data-start=\"2337\" data-end=\"2366\">Cables de ca\u00edda de doble arco<\/strong> garantizar la redundancia de la fibra o la compatibilidad con varios dispositivos<\/li>\n<li data-start=\"2419\" data-end=\"2500\"><strong data-start=\"2419\" data-end=\"2447\">Perfil compacto y plano<\/strong>: F\u00e1cil enrutamiento a trav\u00e9s de conductos, bandejas o soportes de pared<\/li>\n<li data-start=\"2503\" data-end=\"2580\"><strong data-start=\"2503\" data-end=\"2546\">Funda ign\u00edfuga y resistente a los rayos UV<\/strong> apto para uso interior\/exterior<\/li>\n<li data-start=\"2583\" data-end=\"2656\"><strong data-start=\"2583\" data-end=\"2617\">Unidades \u00f3pticas totalmente diel\u00e9ctricas<\/strong>: Seguro cerca de entornos de alta tensi\u00f3n<\/li>\n<li data-start=\"2659\" data-end=\"2750\"><strong data-start=\"2659\" data-end=\"2694\">Reduce los costes de mano de obra y material<\/strong> al eliminar la necesidad de cables separados de alimentaci\u00f3n\/fibra<\/li>\n<\/ul>\n<h3 data-start=\"3141\" data-end=\"3155\"><strong data-start=\"3145\" data-end=\"3153\">4. Preguntas frecuentes<\/strong><\/h3>\n<ul>\n<li><strong data-start=\"2767\" data-end=\"2837\">P1: \u00bfPor qu\u00e9 utilizar dos cables tipo arco en lugar de un cable de fibra m\u00e1s grande?<\/strong><br data-start=\"2837\" data-end=\"2840\" \/>Utilizando <strong data-start=\"2846\" data-end=\"2883\">dos cables de bajada tipo arco separados<\/strong> permite <strong data-start=\"2895\" data-end=\"2915\">redundancia de fibra<\/strong>, <strong data-start=\"2917\" data-end=\"2947\">conectividad multiservicio<\/strong>, o <strong data-start=\"2952\" data-end=\"2975\">enrutamiento independiente<\/strong> a diferentes dispositivos (por ejemplo, RRU duales o c\u00e1mara + sensor).<\/li>\n<li data-start=\"3036\" data-end=\"3230\"><strong data-start=\"3036\" data-end=\"3106\">P2: \u00bfEste cable es apto para su instalaci\u00f3n en torres o postes exteriores?<\/strong><br data-start=\"3106\" data-end=\"3109\" \/>S\u00ed. El <strong data-start=\"3118\" data-end=\"3143\">Funda exterior de TPU\/LSZH<\/strong> resiste los rayos UV, la lluvia y el desgaste mec\u00e1nico, por lo que es ideal para <strong data-start=\"3203\" data-end=\"3229\">FTTA y postes exteriores<\/strong>.<\/li>\n<li data-start=\"3232\" data-end=\"3441\"><strong data-start=\"3232\" data-end=\"3287\">P3: \u00bfEste cable puede transportar PoE (alimentaci\u00f3n a trav\u00e9s de Ethernet)?<\/strong><br data-start=\"3287\" data-end=\"3290\" \/>Si se combina con los dispositivos adecuados, s\u00ed. Sin embargo, el <strong data-start=\"3344\" data-end=\"3397\">Los conductores de cobre suelen utilizarse para la corriente continua<\/strong>, no los datos de Ethernet. La fibra maneja los datos.<\/li>\n<li data-start=\"3443\" data-end=\"3605\"><strong data-start=\"3443\" data-end=\"3505\">P4: \u00bfSe pueden dividir las secciones de cobre y fibra al final?<\/strong><br data-start=\"3505\" data-end=\"3508\" \/>S\u00ed. Los cables de proa y los cables de alimentaci\u00f3n se pueden <strong data-start=\"3556\" data-end=\"3576\">f\u00e1cil de separar<\/strong> para terminaciones individuales.<\/li>\n<li data-start=\"3607\" data-end=\"3806\"><strong data-start=\"3607\" data-end=\"3654\">P5: \u00bfOfrecen este cable preterminado?<\/strong><br data-start=\"3654\" data-end=\"3657\" \/>S\u00ed. Ofrecemos <strong data-start=\"3671\" data-end=\"3702\">servicios de terminaci\u00f3n personalizados<\/strong>, incluyendo <strong data-start=\"3714\" data-end=\"3734\">Conectores SC\/LC<\/strong> en fibra y <strong data-start=\"3748\" data-end=\"3786\">terminales precrimpados o cable desnudo<\/strong> en los n\u00facleos de potencia.<\/li>\n<\/ul>","protected":false},"excerpt":{"rendered":"<p>El cable h\u00edbrido de alimentaci\u00f3n de fibra GDVV integra <strong data-start=\"249\" data-end=\"283\">dos cables de fibra de ca\u00edda tipo arco<\/strong> con <strong data-start=\"289\" data-end=\"309\">conductores de potencia<\/strong>, que proporciona una soluci\u00f3n eficiente y que ahorra espacio para alimentar y conectar dispositivos remotos de telecomunicaciones y vigilancia en entornos exteriores o FTTA.<\/p>","protected":false},"featured_media":1853,"comment_status":"open","ping_status":"closed","template":"","meta":{"_seopress_robots_primary_cat":"none","_seopress_titles_title":"GDVV Fiber Power Hybrid Cable","_seopress_titles_desc":"GDVV Fiber Power Hybrid Cable integrates two bow-type drop fiber cables with power conductors, providing a space-saving, efficient solution for powering and connecting remote telecom and surveillance devices in outdoor or FTTA environments.","_seopress_robots_index":""},"product_brand":[],"product_cat":[41],"product_tag":[42],"class_list":{"0":"post-1852","1":"product","2":"type-product","3":"status-publish","4":"has-post-thumbnail","6":"product_cat-outdoor-fiber-optic-cable","7":"product_tag-bulk-fiber-optic-cable","9":"first","10":"instock","11":"shipping-taxable","12":"product-type-grouped"},"_links":{"self":[{"href":"https:\/\/honelinks.com\/es\/wp-json\/wp\/v2\/product\/1852","targetHints":{"allow":["GET"]}}],"collection":[{"href":"https:\/\/honelinks.com\/es\/wp-json\/wp\/v2\/product"}],"about":[{"href":"https:\/\/honelinks.com\/es\/wp-json\/wp\/v2\/types\/product"}],"replies":[{"embeddable":true,"href":"https:\/\/honelinks.com\/es\/wp-json\/wp\/v2\/comments?post=1852"}],"wp:featuredmedia":[{"embeddable":true,"href":"https:\/\/honelinks.com\/es\/wp-json\/wp\/v2\/media\/1853"}],"wp:attachment":[{"href":"https:\/\/honelinks.com\/es\/wp-json\/wp\/v2\/media?parent=1852"}],"wp:term":[{"taxonomy":"product_brand","embeddable":true,"href":"https:\/\/honelinks.com\/es\/wp-json\/wp\/v2\/product_brand?post=1852"},{"taxonomy":"product_cat","embeddable":true,"href":"https:\/\/honelinks.com\/es\/wp-json\/wp\/v2\/product_cat?post=1852"},{"taxonomy":"product_tag","embeddable":true,"href":"https:\/\/honelinks.com\/es\/wp-json\/wp\/v2\/product_tag?post=1852"}],"curies":[{"name":"wp","href":"https:\/\/api.w.org\/{rel}","templated":true}]}}