{"id":1856,"date":"2025-06-02T11:18:54","date_gmt":"2025-06-02T03:18:54","guid":{"rendered":"https:\/\/honelinks.com\/?post_type=product&#038;p=1856"},"modified":"2026-04-27T19:51:17","modified_gmt":"2026-04-27T11:51:17","slug":"alambre-de-acero-blindado-tupido-cable-de-fibra-optica","status":"publish","type":"product","link":"https:\/\/honelinks.com\/es\/product\/steel-wire-armored-tight-buffer-fiber-optic-cable\/","title":{"rendered":"Cable de fibra \u00f3ptica blindado con alambre de acero"},"content":{"rendered":"<p data-start=\"59\" data-end=\"125\">Este resistente cable de fibra \u00f3ptica est\u00e1 fabricado con <strong data-start=\"647\" data-end=\"680\">fibras \u00f3pticas de b\u00fafer estrecho<\/strong>, <strong data-start=\"682\" data-end=\"712\">hilo de aramida impermeable<\/strong>, y <strong data-start=\"718\" data-end=\"760\">una capa de alambres de acero enrollados helicoidalmente<\/strong> entre las cubiertas interior y exterior. Su durabilidad todoterreno lo hace adecuado para aplicaciones industriales, de seguridad y de redes de exterior a interior.<\/p>\n<h3 data-start=\"801\" data-end=\"829\"><strong data-start=\"805\" data-end=\"827\">1. Estructura y dise\u00f1o<\/strong><\/h3>\n<p><img alt=\"cable de fibra \u00f3ptica blindado, cable de fibra para exteriores, cable blindado de alambre de acero\" fetchpriority=\"high\" decoding=\"async\" class=\"alignnone wp-image-1857\" src=\"https:\/\/honelinks.com\/wp-content\/uploads\/2025\/06\/Steel-Wire-Armored-Tight-Buffer-Cable-Structure-300x300.png\" width=\"389\" height=\"389\" srcset=\"https:\/\/honelinks.com\/wp-content\/uploads\/2025\/06\/Steel-Wire-Armored-Tight-Buffer-Cable-Structure-300x300.png 300w, https:\/\/honelinks.com\/wp-content\/uploads\/2025\/06\/Steel-Wire-Armored-Tight-Buffer-Cable-Structure-150x150.png 150w, https:\/\/honelinks.com\/wp-content\/uploads\/2025\/06\/Steel-Wire-Armored-Tight-Buffer-Cable-Structure-768x768.png 768w, https:\/\/honelinks.com\/wp-content\/uploads\/2025\/06\/Steel-Wire-Armored-Tight-Buffer-Cable-Structure-600x600.png 600w, https:\/\/honelinks.com\/wp-content\/uploads\/2025\/06\/Steel-Wire-Armored-Tight-Buffer-Cable-Structure-100x100.png 100w, https:\/\/honelinks.com\/wp-content\/uploads\/2025\/06\/Steel-Wire-Armored-Tight-Buffer-Cable-Structure.png 800w\" sizes=\"(max-width: 389px) 100vw, 389px\" \/><\/p>\n<h4 data-start=\"910\" data-end=\"939\"><strong data-start=\"915\" data-end=\"937\">Estructura y dise\u00f1o<\/strong><\/h4>\n<p data-start=\"940\" data-end=\"1003\">En <strong data-start=\"945\" data-end=\"966\">de dentro a fuera<\/strong>, El cable est\u00e1 estructurado de la siguiente manera:<\/p>\n<ul>\n<li data-start=\"1008\" data-end=\"1043\"><strong data-start=\"1008\" data-end=\"1041\">Fibras \u00f3pticas con b\u00fafer estrecho<\/strong><\/li>\n<li style=\"list-style-type: none;\">\n<ul data-start=\"1047\" data-end=\"1218\">\n<li data-start=\"1047\" data-end=\"1111\">\n<p data-start=\"1049\" data-end=\"1111\">Tamp\u00f3n herm\u00e9tico de 900\u03bcm para facilitar el pelado y la terminaci\u00f3n directa<\/p>\n<\/li>\n<li data-start=\"1115\" data-end=\"1169\">\n<p data-start=\"1117\" data-end=\"1169\">Tipos de fibra: <strong data-start=\"1130\" data-end=\"1167\">G.652.D, G.657.A1\/A2, OM2\/OM3\/OM4<\/strong><\/p>\n<\/li>\n<li data-start=\"1173\" data-end=\"1218\">\n<p data-start=\"1175\" data-end=\"1218\">Recuento de fibras: <strong data-start=\"1188\" data-end=\"1205\">De 2 a 48 n\u00facleos<\/strong>, con c\u00f3digo de colores<\/p>\n<\/li>\n<\/ul>\n<\/li>\n<li data-start=\"1220\" data-end=\"1340\">\n<p data-start=\"1223\" data-end=\"1255\"><strong data-start=\"1223\" data-end=\"1253\">Hilo de aramida impermeable<\/strong><\/p>\n<ul data-start=\"1259\" data-end=\"1340\">\n<li data-start=\"1259\" data-end=\"1340\">\n<p data-start=\"1261\" data-end=\"1340\">Rodea el haz de fibras para <strong data-start=\"1292\" data-end=\"1312\">resistencia a la tracci\u00f3n<\/strong> y <strong data-start=\"1317\" data-end=\"1340\">resistencia a la humedad<\/strong><\/p>\n<\/li>\n<\/ul>\n<\/li>\n<li data-start=\"1342\" data-end=\"1442\">\n<p data-start=\"1345\" data-end=\"1359\"><strong data-start=\"1345\" data-end=\"1357\">Cuerda de desgarre<\/strong><\/p>\n<ul data-start=\"1363\" data-end=\"1442\">\n<li data-start=\"1363\" data-end=\"1442\">\n<p data-start=\"1365\" data-end=\"1442\">Se coloca debajo de la vaina para facilitar y agilizar la retirada de la funda durante la instalaci\u00f3n<\/p>\n<\/li>\n<\/ul>\n<\/li>\n<li data-start=\"1444\" data-end=\"1543\">\n<p data-start=\"1447\" data-end=\"1465\"><strong data-start=\"1447\" data-end=\"1463\">Funda interior<\/strong><\/p>\n<ul data-start=\"1469\" data-end=\"1543\">\n<li data-start=\"1469\" data-end=\"1543\">\n<p data-start=\"1471\" data-end=\"1543\">Normalmente <strong data-start=\"1481\" data-end=\"1495\">LSZH o PE<\/strong>, protege la unidad de fibra y la a\u00edsla del blindaje<\/p>\n<\/li>\n<\/ul>\n<\/li>\n<li data-start=\"1545\" data-end=\"1707\">\n<p data-start=\"1548\" data-end=\"1570\"><strong data-start=\"1548\" data-end=\"1568\">Armadura de alambre de acero<\/strong><\/p>\n<ul data-start=\"1574\" data-end=\"1707\">\n<li data-start=\"1574\" data-end=\"1707\">\n<p data-start=\"1576\" data-end=\"1707\"><strong data-start=\"1576\" data-end=\"1603\">Alambres de acero de c\u00edrculo completo<\/strong>, enrollado helicoidalmente para <strong data-start=\"1633\" data-end=\"1653\">resistencia al aplastamiento<\/strong>, <strong data-start=\"1655\" data-end=\"1676\">protecci\u00f3n contra roedores<\/strong>, y <strong data-start=\"1682\" data-end=\"1707\">durabilidad mec\u00e1nica<\/strong><\/p>\n<\/li>\n<\/ul>\n<\/li>\n<li data-start=\"1709\" data-end=\"1836\">\n<p data-start=\"1712\" data-end=\"1730\"><strong data-start=\"1712\" data-end=\"1728\">Vaina exterior<\/strong><\/p>\n<ul data-start=\"1734\" data-end=\"1836\">\n<li data-start=\"1734\" data-end=\"1790\">\n<p data-start=\"1736\" data-end=\"1790\"><strong data-start=\"1736\" data-end=\"1788\">Cubierta de LSZH o TPU ign\u00edfuga y resistente a los rayos UV<\/strong><\/p>\n<\/li>\n<li data-start=\"1794\" data-end=\"1836\">\n<p data-start=\"1796\" data-end=\"1836\">Colores personalizados disponibles (negro de serie)<\/p>\n<\/li>\n<\/ul>\n<\/li>\n<li data-start=\"1838\" data-end=\"1898\">\n<p data-start=\"1840\" data-end=\"1898\"><strong data-start=\"1840\" data-end=\"1860\">Di\u00e1metro t\u00edpico<\/strong>: ~6-13 mm, dependiendo del n\u00famero de fibras<\/p>\n<\/li>\n<li data-start=\"1899\" data-end=\"1942\">\n<p data-start=\"1901\" data-end=\"1942\"><strong data-start=\"1901\" data-end=\"1926\">Temperatura de funcionamiento<\/strong>: -40\u00b0C a +70\u00b0C<\/p>\n<\/li>\n<\/ul>\n<h3 data-start=\"1857\" data-end=\"1879\"><strong data-start=\"1861\" data-end=\"1877\">2. Aplicaciones<\/strong><\/h3>\n<ul>\n<li data-start=\"1970\" data-end=\"2011\">Ethernet industrial y sistemas de control<\/li>\n<li data-start=\"2014\" data-end=\"2064\">Enlaces de comunicaci\u00f3n militares o desplegables sobre el terreno<\/li>\n<li data-start=\"2067\" data-end=\"2104\">Transiciones de cables de exterior a interior<\/li>\n<li data-start=\"2107\" data-end=\"2139\">T\u00faneles, minas, centrales el\u00e9ctricas<\/li>\n<li data-start=\"2142\" data-end=\"2188\">Entornos propensos a roedores o de alto riesgo de aplastamiento<\/li>\n<li data-start=\"2191\" data-end=\"2243\">Cable troncal para sistemas de videovigilancia (CCTV)<\/li>\n<\/ul>\n<h3 data-start=\"2494\" data-end=\"2514\"><strong data-start=\"2498\" data-end=\"2512\">3. Ventajas<\/strong><\/h3>\n<ul>\n<li data-start=\"2267\" data-end=\"2344\">\n<p data-start=\"2269\" data-end=\"2344\"><strong data-start=\"2269\" data-end=\"2301\">Armadura de alambre de acero de c\u00edrculo completo<\/strong> proporciona una excelente protecci\u00f3n mec\u00e1nica<\/p>\n<\/li>\n<li data-start=\"2345\" data-end=\"2433\">\n<p data-start=\"2347\" data-end=\"2433\"><strong data-start=\"2347\" data-end=\"2365\">Hasta 48 n\u00facleos<\/strong> en forma de b\u00fafer apretado, f\u00e1cil para la terminaci\u00f3n sin kits de fan-out<\/p>\n<\/li>\n<li data-start=\"2434\" data-end=\"2499\">\n<p data-start=\"2436\" data-end=\"2499\"><strong data-start=\"2436\" data-end=\"2459\">Hilo impermeable<\/strong> protege contra la penetraci\u00f3n de humedad<\/p>\n<\/li>\n<li data-start=\"2500\" data-end=\"2560\">\n<p data-start=\"2502\" data-end=\"2560\"><strong data-start=\"2502\" data-end=\"2514\">Cuerda de rasgado<\/strong> permite un acceso r\u00e1pido durante la instalaci\u00f3n<\/p>\n<\/li>\n<li data-start=\"2561\" data-end=\"2621\">\n<p data-start=\"2563\" data-end=\"2621\"><strong data-start=\"2563\" data-end=\"2585\">Dise\u00f1o de doble funda<\/strong> mejora la resistencia al medio ambiente<\/p>\n<\/li>\n<li data-start=\"2622\" data-end=\"2695\">\n<p data-start=\"2624\" data-end=\"2695\"><strong data-start=\"2624\" data-end=\"2664\">Chaqueta ign\u00edfuga y resistente a los rayos UV<\/strong> para una versatilidad interior\/exterior<\/p>\n<\/li>\n<\/ul>\n<h3 data-start=\"3141\" data-end=\"3155\"><strong data-start=\"3145\" data-end=\"3153\">4. Preguntas frecuentes<\/strong><\/h3>\n<ul>\n<li>\n<p data-start=\"2712\" data-end=\"2903\"><strong data-start=\"2712\" data-end=\"2773\">P1: \u00bfPuedo terminar este cable directamente en un panel de conexiones?<\/strong><br data-start=\"2773\" data-end=\"2776\" \/>S\u00ed. Gracias a la <strong data-start=\"2795\" data-end=\"2820\">dise\u00f1o ajustado<\/strong>, este cable es adecuado para <strong data-start=\"2849\" data-end=\"2871\">terminaci\u00f3n directa<\/strong> sin necesidad de kits de desconexi\u00f3n.<\/p>\n<p data-start=\"2905\" data-end=\"3045\"><strong data-start=\"2905\" data-end=\"2958\">P2: \u00bfEs adecuado para entornos con roedores?<\/strong><br data-start=\"2958\" data-end=\"2961\" \/>Absolutamente. El <strong data-start=\"2977\" data-end=\"2997\">blindaje de alambre de acero<\/strong> capa proporciona <strong data-start=\"3013\" data-end=\"3044\">excelente protecci\u00f3n contra roedores<\/strong>.<\/p>\n<p data-start=\"3047\" data-end=\"3214\"><strong data-start=\"3047\" data-end=\"3080\">P3: \u00bfEste cable es resistente al agua?<\/strong><br data-start=\"3080\" data-end=\"3083\" \/>En <strong data-start=\"3087\" data-end=\"3117\">hilo de aramida impermeable<\/strong> evita la migraci\u00f3n de humedad al interior del cable, por lo que es apto para condiciones de humedad o exteriores.<\/p>\n<p data-start=\"3216\" data-end=\"3363\"><strong data-start=\"3216\" data-end=\"3250\">P4: \u00bfSe puede enterrar directamente?<\/strong><br data-start=\"3250\" data-end=\"3253\" \/>S\u00ed, con su <strong data-start=\"3267\" data-end=\"3305\">dise\u00f1o blindado y de doble vaina<\/strong>, Es apto para enterrado directo o instalaci\u00f3n en conducto.<\/p>\n<p data-start=\"3365\" data-end=\"3557\"><strong data-start=\"3365\" data-end=\"3434\">P5: \u00bfSe puede personalizar el tipo de fibra, el material de la funda y el color?<\/strong><br data-start=\"3434\" data-end=\"3437\" \/>S\u00ed. Ofrecemos una personalizaci\u00f3n completa que incluye <strong data-start=\"3480\" data-end=\"3502\">tipo de fibra (SM\/MM)<\/strong>, <strong data-start=\"3504\" data-end=\"3534\">Material de la cubierta (TPU\/LSZH)<\/strong>, y <strong data-start=\"3540\" data-end=\"3556\">codificaci\u00f3n por colores<\/strong>.<\/p>\n<\/li>\n<\/ul>","protected":false},"excerpt":{"rendered":"<p>Cable de fibra \u00f3ptica blindado con alambre de acero duradero y dise\u00f1o de b\u00fafer ajustado, ideal para entornos exteriores e industriales. Fuerte protecci\u00f3n mec\u00e1nica, suministro de f\u00e1brica, ofrece soporte OEM.<\/p>","protected":false},"featured_media":1858,"comment_status":"open","ping_status":"closed","template":"","meta":{"_seopress_robots_primary_cat":"none","_seopress_titles_title":"Steel Wire Armored Fiber Optic Cable Manufacturer | Tight Buffer for Industrial & Outdoor","_seopress_titles_desc":"%%post_excerpt%%","_seopress_robots_index":""},"product_brand":[],"product_cat":[41],"product_tag":[42],"class_list":{"0":"post-1856","1":"product","2":"type-product","3":"status-publish","4":"has-post-thumbnail","6":"product_cat-outdoor-fiber-optic-cable","7":"product_tag-bulk-fiber-optic-cable","9":"first","10":"instock","11":"shipping-taxable","12":"product-type-grouped"},"_links":{"self":[{"href":"https:\/\/honelinks.com\/es\/wp-json\/wp\/v2\/product\/1856","targetHints":{"allow":["GET"]}}],"collection":[{"href":"https:\/\/honelinks.com\/es\/wp-json\/wp\/v2\/product"}],"about":[{"href":"https:\/\/honelinks.com\/es\/wp-json\/wp\/v2\/types\/product"}],"replies":[{"embeddable":true,"href":"https:\/\/honelinks.com\/es\/wp-json\/wp\/v2\/comments?post=1856"}],"wp:featuredmedia":[{"embeddable":true,"href":"https:\/\/honelinks.com\/es\/wp-json\/wp\/v2\/media\/1858"}],"wp:attachment":[{"href":"https:\/\/honelinks.com\/es\/wp-json\/wp\/v2\/media?parent=1856"}],"wp:term":[{"taxonomy":"product_brand","embeddable":true,"href":"https:\/\/honelinks.com\/es\/wp-json\/wp\/v2\/product_brand?post=1856"},{"taxonomy":"product_cat","embeddable":true,"href":"https:\/\/honelinks.com\/es\/wp-json\/wp\/v2\/product_cat?post=1856"},{"taxonomy":"product_tag","embeddable":true,"href":"https:\/\/honelinks.com\/es\/wp-json\/wp\/v2\/product_tag?post=1856"}],"curies":[{"name":"wp","href":"https:\/\/api.w.org\/{rel}","templated":true}]}}