{"id":1870,"date":"2025-06-03T14:36:58","date_gmt":"2025-06-03T06:36:58","guid":{"rendered":"https:\/\/honelinks.com\/?post_type=product&#038;p=1870"},"modified":"2025-08-25T22:47:07","modified_gmt":"2025-08-25T14:47:07","slug":"caja-de-bornes-para-cable-optico-montada-en-bastidor","status":"publish","type":"product","link":"https:\/\/honelinks.com\/es\/product\/rack-mounted-optical-cable-terminal-box\/","title":{"rendered":"Caja de terminales de cable \u00f3ptico para montaje en bastidor"},"content":{"rendered":"<p class=\"\" data-start=\"603\" data-end=\"929\">La caja de terminales de cables \u00f3pticos para montaje en bastidor es una caja met\u00e1lica utilizada para la gesti\u00f3n de cables de fibra en sistemas de bastidor. Permite <strong data-start=\"643\" data-end=\"688\">empalme, terminaci\u00f3n y conexi\u00f3n de fibras<\/strong> en una sola unidad compacta. Con opciones para dise\u00f1os de bandejas deslizantes, fijas o modulares, admite parcheo de alta densidad y tendido organizado de cables. Suele instalarse en bastidores est\u00e1ndar de 19\u2033 o ETSI y es compatible con varios adaptadores y bandejas de empalme.<\/p>\n<h3 class=\"\" data-start=\"936\" data-end=\"964\"><strong data-start=\"940\" data-end=\"962\">1. Estructura y dise\u00f1o<\/strong><\/h3>\n<ul>\n<li data-start=\"977\" data-end=\"998\"><strong data-start=\"977\" data-end=\"995\">Estilo de montaje<\/strong>:\n<ul>\n<li style=\"list-style-type: none;\">\n<ul data-start=\"1001\" data-end=\"1139\">\n<li data-start=\"1001\" data-end=\"1075\">\n<p data-start=\"1003\" data-end=\"1075\"><strong data-start=\"1003\" data-end=\"1025\">Montaje en rack de 19 pulgadas<\/strong>, Compatible con bastidores est\u00e1ndar de telecomunicaciones o datos<\/p>\n<\/li>\n<li data-start=\"1078\" data-end=\"1139\">\n<p data-start=\"1080\" data-end=\"1139\"><strong data-start=\"1080\" data-end=\"1111\">Opciones de altura 1U \/ 2U \/ 4U<\/strong>, en funci\u00f3n de la capacidad del puerto<\/p>\n<\/li>\n<\/ul>\n<\/li>\n<\/ul>\n<\/li>\n<li data-start=\"1143\" data-end=\"1158\"><strong data-start=\"1143\" data-end=\"1155\">Material<\/strong>:\n<ul>\n<li style=\"list-style-type: none;\">\n<ul data-start=\"1161\" data-end=\"1282\">\n<li data-start=\"1161\" data-end=\"1221\">\n<p data-start=\"1163\" data-end=\"1221\">Alta calidad <strong data-start=\"1176\" data-end=\"1197\">acero laminado en fr\u00edo<\/strong> o <strong data-start=\"1201\" data-end=\"1219\">aleaci\u00f3n de aluminio<\/strong><\/p>\n<\/li>\n<li data-start=\"1224\" data-end=\"1282\">\n<p data-start=\"1226\" data-end=\"1282\">Acabado superficial: recubierto de polvo, antioxidante, anticorrosi\u00f3n<\/p>\n<\/li>\n<\/ul>\n<\/li>\n<\/ul>\n<\/li>\n<li data-start=\"1286\" data-end=\"1307\"><strong data-start=\"1286\" data-end=\"1304\">Opciones de dise\u00f1o<\/strong>:\n<ul>\n<li style=\"list-style-type: none;\">\n<ul data-start=\"1310\" data-end=\"1435\">\n<li data-start=\"1310\" data-end=\"1379\">\n<p data-start=\"1312\" data-end=\"1379\"><strong data-start=\"1312\" data-end=\"1326\">Tipo fijo<\/strong>, <strong data-start=\"1328\" data-end=\"1349\">tipo bandeja deslizante<\/strong>, o <strong data-start=\"1354\" data-end=\"1377\">tipo de caj\u00f3n modular<\/strong><\/p>\n<\/li>\n<li data-start=\"1382\" data-end=\"1435\">\n<p data-start=\"1384\" data-end=\"1435\">Acceso delantero\/trasero para facilitar el mantenimiento<\/p>\n<\/li>\n<\/ul>\n<\/li>\n<\/ul>\n<\/li>\n<li data-start=\"1439\" data-end=\"1454\"><strong data-start=\"1439\" data-end=\"1451\">Capacidad<\/strong>:\n<ul>\n<li style=\"list-style-type: none;\">\n<ul data-start=\"1457\" data-end=\"1645\">\n<li data-start=\"1457\" data-end=\"1531\">\n<p data-start=\"1459\" data-end=\"1531\">Admite <strong data-start=\"1468\" data-end=\"1492\">De 12 a 96 n\u00facleos de fibra<\/strong> seg\u00fan el tama\u00f1o y la disposici\u00f3n del adaptador<\/p>\n<\/li>\n<li data-start=\"1534\" data-end=\"1589\">\n<p data-start=\"1536\" data-end=\"1589\">Se adapta a varios adaptadores: <strong data-start=\"1559\" data-end=\"1587\">SC, LC, ST, FC (UPC\/APC)<\/strong><\/p>\n<\/li>\n<li data-start=\"1592\" data-end=\"1645\">\n<p data-start=\"1594\" data-end=\"1645\">Pueden integrarse divisores opcionales o m\u00f3dulos WDM<\/p>\n<\/li>\n<\/ul>\n<\/li>\n<\/ul>\n<\/li>\n<li data-start=\"1649\" data-end=\"1667\"><strong data-start=\"1649\" data-end=\"1664\">Entrada de cables<\/strong>:\n<ul>\n<li style=\"list-style-type: none;\">\n<ul data-start=\"1670\" data-end=\"1799\">\n<li data-start=\"1670\" data-end=\"1737\">\n<p data-start=\"1672\" data-end=\"1737\">Puertos de entrada de cables traseros con <strong data-start=\"1700\" data-end=\"1735\">ojales de goma o prensaestopas<\/strong><\/p>\n<\/li>\n<li data-start=\"1740\" data-end=\"1799\">\n<p data-start=\"1742\" data-end=\"1799\">Equipado con <strong data-start=\"1756\" data-end=\"1799\">unidades de fijaci\u00f3n de cables y anillos de protecci\u00f3n<\/strong><\/p>\n<\/li>\n<\/ul>\n<\/li>\n<\/ul>\n<\/li>\n<li data-start=\"1803\" data-end=\"1830\"><strong data-start=\"1803\" data-end=\"1827\">Accesorios incluidos<\/strong>:<\/li>\n<li style=\"list-style-type: none;\">\n<ul>\n<li style=\"list-style-type: none;\">\n<ul data-start=\"1833\" data-end=\"1937\">\n<li data-start=\"1833\" data-end=\"1937\">\n<p data-start=\"1835\" data-end=\"1937\"><strong data-start=\"1835\" data-end=\"1851\">Bandejas de empalme<\/strong>, <strong data-start=\"1853\" data-end=\"1877\">gu\u00edas de enrutamiento de fibra<\/strong>, <strong data-start=\"1879\" data-end=\"1893\">bridas para cables<\/strong>, <strong data-start=\"1895\" data-end=\"1913\">placas adaptadoras<\/strong>, <strong data-start=\"1915\" data-end=\"1937\">fundas protectoras<\/strong><\/p>\n<\/li>\n<\/ul>\n<\/li>\n<\/ul>\n<\/li>\n<\/ul>\n<h3 class=\"\" data-start=\"1542\" data-end=\"1564\"><strong data-start=\"1546\" data-end=\"1562\">2. Aplicaciones<\/strong><\/h3>\n<ul>\n<li data-start=\"1965\" data-end=\"2001\">Distribuidores \u00f3pticos (ODF)<\/li>\n<li data-start=\"2004\" data-end=\"2038\">Oficinas centrales y centros de datos<\/li>\n<li data-start=\"2041\" data-end=\"2077\">Redes de acceso FTTH \/ FTTB \/ FTTX<\/li>\n<li data-start=\"2080\" data-end=\"2108\">LAN de campus y de empresa<\/li>\n<li data-start=\"2111\" data-end=\"2155\">Gesti\u00f3n de cables troncales y de distribuci\u00f3n<\/li>\n<li data-start=\"2158\" data-end=\"2197\">Integraci\u00f3n de salas de telecomunicaciones o bastidores de servidores<\/li>\n<\/ul>\n<h3 class=\"\" data-start=\"1798\" data-end=\"1818\"><strong data-start=\"1802\" data-end=\"1816\">3. Ventajas<\/strong><\/h3>\n<ul>\n<li data-start=\"2223\" data-end=\"2291\"><strong data-start=\"2223\" data-end=\"2256\">Gesti\u00f3n de fibra de alta densidad<\/strong> en un formato compacto para montaje en bastidor<\/li>\n<li data-start=\"2294\" data-end=\"2364\"><strong data-start=\"2294\" data-end=\"2317\">Dise\u00f1o de bandeja deslizante<\/strong> ofrece un acceso f\u00e1cil para empalmes y remiendos<\/li>\n<li data-start=\"2367\" data-end=\"2436\"><strong data-start=\"2367\" data-end=\"2412\">Carcasa duradera y resistente a la corrosi\u00f3n<\/strong> para una larga vida \u00fatil<\/li>\n<li data-start=\"2439\" data-end=\"2511\"><strong data-start=\"2439\" data-end=\"2476\">Admite varios tipos de conectores<\/strong> y configuraciones de puertos flexibles<\/li>\n<li data-start=\"2514\" data-end=\"2578\"><strong data-start=\"2514\" data-end=\"2551\">Conducci\u00f3n y protecci\u00f3n de los cables<\/strong> para mejorar la fiabilidad<\/li>\n<li data-start=\"2581\" data-end=\"2672\">Opcional <strong data-start=\"2590\" data-end=\"2641\">precargados con adaptadores, latiguillos o divisores<\/strong> para una instalaci\u00f3n plug-and-play<\/li>\n<\/ul>\n<h3 class=\"\" data-start=\"2323\" data-end=\"2335\"><strong data-start=\"2327\" data-end=\"2335\">4. Preguntas frecuentes<\/strong><\/h3>\n<ul>\n<li data-start=\"2689\" data-end=\"2864\"><strong data-start=\"2689\" data-end=\"2760\">P1: \u00bfCu\u00e1l es el n\u00famero m\u00e1ximo de fibras que admite esta caja de bornes?<\/strong><br data-start=\"2760\" data-end=\"2763\" \/>Dependiendo del tama\u00f1o, puede soportar <strong data-start=\"2797\" data-end=\"2815\">De 12 a 96 n\u00facleos<\/strong>, y hasta 144 n\u00facleos en dise\u00f1os 4U de alta densidad.<\/li>\n<li data-start=\"2866\" data-end=\"3018\"><strong data-start=\"2866\" data-end=\"2924\">P2: \u00bfPuedo utilizar esta caja tanto para empalmes como para remiendos?<\/strong><br data-start=\"2924\" data-end=\"2927\" \/>S\u00ed. Est\u00e1 dise\u00f1ado para manejar <strong data-start=\"2956\" data-end=\"3000\">empalme por fusi\u00f3n + parcheado con adaptador<\/strong> en la misma unidad.<\/li>\n<li data-start=\"3020\" data-end=\"3179\"><strong data-start=\"3020\" data-end=\"3091\">P3: \u00bfOfrecen versiones premontadas con adaptadores y latiguillos?<\/strong><br data-start=\"3091\" data-end=\"3094\" \/>S\u00ed. Podemos <strong data-start=\"3106\" data-end=\"3155\">adaptadores de precarga, latiguillos y bandejas de empalme<\/strong> seg\u00fan sus especificaciones.<\/li>\n<li data-start=\"3181\" data-end=\"3317\"><strong data-start=\"3181\" data-end=\"3222\">P4: \u00bfLa bandeja es extra\u00edble o deslizante?<\/strong><br data-start=\"3222\" data-end=\"3225\" \/>Ofrecemos <strong data-start=\"3234\" data-end=\"3243\">fijo<\/strong>, <strong data-start=\"3245\" data-end=\"3258\">extra\u00edble<\/strong>, y <strong data-start=\"3264\" data-end=\"3280\">bandeja deslizante<\/strong> versiones personalizables seg\u00fan sus necesidades.<\/li>\n<li data-start=\"3319\" data-end=\"3469\"><strong data-start=\"3319\" data-end=\"3371\">P5: \u00bfQu\u00e9 tipo de conectores de fibra son compatibles?<\/strong><br data-start=\"3371\" data-end=\"3374\" \/>Admite <strong data-start=\"3383\" data-end=\"3401\">SC, LC, FC, ST<\/strong> (UPC\/APC), en funci\u00f3n de la configuraci\u00f3n del panel adaptador.<\/li>\n<\/ul>","protected":false},"excerpt":{"rendered":"<p><strong>Caja de terminales de fibra \u00f3ptica modular HONE para montaje en bastidor<\/strong> dise\u00f1ado para organizar, empalmar y distribuir cables \u00f3pticos en bastidores de equipos de 19 pulgadas. Ideal para centros de datos, oficinas centrales y salas de telecomunicaciones.<\/p>","protected":false},"featured_media":1872,"comment_status":"open","ping_status":"closed","template":"","meta":{"_seopress_robots_primary_cat":"none","_seopress_titles_title":"Rack-Mounted Optical Cable Terminal Box","_seopress_titles_desc":"Rack-mounted optical cable terminal box provides organized fiber management, secure connections, high-density capacity, and reliable performance for modern networks","_seopress_robots_index":""},"product_brand":[],"product_cat":[27],"product_tag":[45],"class_list":{"0":"post-1870","1":"product","2":"type-product","3":"status-publish","4":"has-post-thumbnail","6":"product_cat-ftth","7":"product_tag-ftth","9":"first","10":"instock","11":"shipping-taxable","12":"product-type-simple"},"_links":{"self":[{"href":"https:\/\/honelinks.com\/es\/wp-json\/wp\/v2\/product\/1870","targetHints":{"allow":["GET"]}}],"collection":[{"href":"https:\/\/honelinks.com\/es\/wp-json\/wp\/v2\/product"}],"about":[{"href":"https:\/\/honelinks.com\/es\/wp-json\/wp\/v2\/types\/product"}],"replies":[{"embeddable":true,"href":"https:\/\/honelinks.com\/es\/wp-json\/wp\/v2\/comments?post=1870"}],"wp:featuredmedia":[{"embeddable":true,"href":"https:\/\/honelinks.com\/es\/wp-json\/wp\/v2\/media\/1872"}],"wp:attachment":[{"href":"https:\/\/honelinks.com\/es\/wp-json\/wp\/v2\/media?parent=1870"}],"wp:term":[{"taxonomy":"product_brand","embeddable":true,"href":"https:\/\/honelinks.com\/es\/wp-json\/wp\/v2\/product_brand?post=1870"},{"taxonomy":"product_cat","embeddable":true,"href":"https:\/\/honelinks.com\/es\/wp-json\/wp\/v2\/product_cat?post=1870"},{"taxonomy":"product_tag","embeddable":true,"href":"https:\/\/honelinks.com\/es\/wp-json\/wp\/v2\/product_tag?post=1870"}],"curies":[{"name":"wp","href":"https:\/\/api.w.org\/{rel}","templated":true}]}}