{"id":1881,"date":"2025-06-03T16:57:15","date_gmt":"2025-06-03T08:57:15","guid":{"rendered":"https:\/\/honelinks.com\/?post_type=product&#038;p=1881"},"modified":"2025-08-25T03:06:34","modified_gmt":"2025-08-24T19:06:34","slug":"conectores-de-fibra-optica","status":"publish","type":"product","link":"https:\/\/honelinks.com\/es\/product\/fiber-optic-connectors\/","title":{"rendered":"conectores de fibra \u00f3ptica"},"content":{"rendered":"<p class=\"\" data-start=\"603\" data-end=\"929\">Un conector de fibra \u00f3ptica alinea y une mec\u00e1nicamente dos extremos de fibra para permitir una transmisi\u00f3n estable de la se\u00f1al \u00f3ptica. Suele instalarse en latiguillos, latiguillos o directamente en cables de fibra durante la preterminaci\u00f3n. Los tipos de conectores m\u00e1s comunes son SC, LC, FC y ST, adecuados para fibras monomodo o multimodo con diferentes estilos de pulido (UPC\/APC).<\/p>\n<h3 class=\"\" data-start=\"936\" data-end=\"964\"><strong data-start=\"940\" data-end=\"962\">1. Estructura y dise\u00f1o<\/strong><\/h3>\n<ul>\n<li data-start=\"954\" data-end=\"976\"><strong data-start=\"954\" data-end=\"973\">Tipos de conectores<\/strong>:\n<ul>\n<li style=\"list-style-type: none;\">\n<ul data-start=\"979\" data-end=\"1264\">\n<li data-start=\"979\" data-end=\"1021\">\n<p data-start=\"981\" data-end=\"1021\"><strong data-start=\"981\" data-end=\"987\">SC<\/strong> - Dise\u00f1o push-pull, cuerpo cuadrado<\/p>\n<\/li>\n<li data-start=\"1024\" data-end=\"1083\">\n<p data-start=\"1026\" data-end=\"1083\"><strong data-start=\"1026\" data-end=\"1032\">LC<\/strong> - Factor de forma peque\u00f1o, utilizado en paneles de alta densidad<\/p>\n<\/li>\n<li data-start=\"1086\" data-end=\"1145\">\n<p data-start=\"1088\" data-end=\"1145\"><strong data-start=\"1088\" data-end=\"1094\">FC<\/strong> - Acoplamiento roscado, utilizado en entornos estables<\/p>\n<\/li>\n<li data-start=\"1148\" data-end=\"1200\">\n<p data-start=\"1150\" data-end=\"1200\"><strong data-start=\"1150\" data-end=\"1156\">ST<\/strong> - Tipo bayoneta, com\u00fan en sistemas heredados<\/p>\n<\/li>\n<li data-start=\"1203\" data-end=\"1264\">\n<p data-start=\"1205\" data-end=\"1264\">Disponible en <strong data-start=\"1218\" data-end=\"1229\">Simplex<\/strong>, <strong data-start=\"1231\" data-end=\"1241\">D\u00faplex<\/strong>, y <strong data-start=\"1247\" data-end=\"1255\">Quad<\/strong> versiones<\/p>\n<\/li>\n<\/ul>\n<\/li>\n<\/ul>\n<\/li>\n<li data-start=\"1268\" data-end=\"1290\"><strong data-start=\"1268\" data-end=\"1287\">Tipos de pulido<\/strong>:\n<ul>\n<li style=\"list-style-type: none;\">\n<ul data-start=\"1293\" data-end=\"1465\">\n<li data-start=\"1293\" data-end=\"1372\">\n<p data-start=\"1295\" data-end=\"1372\"><strong data-start=\"1295\" data-end=\"1327\">UPC (Contacto Ultraf\u00edsico)<\/strong> - Baja p\u00e9rdida de inserci\u00f3n, p\u00e9rdida de retorno moderada<\/p>\n<\/li>\n<li data-start=\"1375\" data-end=\"1465\">\n<p data-start=\"1377\" data-end=\"1465\"><strong data-start=\"1377\" data-end=\"1410\">APC (Contacto F\u00edsico Angulado)<\/strong> - Cara frontal en \u00e1ngulo de 8\u00b0 para una p\u00e9rdida de retorno superior (\u226560 dB)<\/p>\n<\/li>\n<\/ul>\n<\/li>\n<\/ul>\n<\/li>\n<li data-start=\"1469\" data-end=\"1495\"><strong data-start=\"1469\" data-end=\"1492\">Compatibilidad de fibra<\/strong>:\n<ul>\n<li style=\"list-style-type: none;\">\n<ul data-start=\"1498\" data-end=\"1615\">\n<li data-start=\"1498\" data-end=\"1559\">\n<p data-start=\"1500\" data-end=\"1559\"><strong data-start=\"1500\" data-end=\"1521\">Monomodo (OS2)<\/strong> o <strong data-start=\"1525\" data-end=\"1557\">Multimodo (OM1\/OM2\/OM3\/OM4)<\/strong><\/p>\n<\/li>\n<li data-start=\"1562\" data-end=\"1615\">\n<p data-start=\"1564\" data-end=\"1615\">Virola est\u00e1ndar de 125 \u03bcm de di\u00e1metro (cer\u00e1mica de circonio)<\/p>\n<\/li>\n<\/ul>\n<\/li>\n<\/ul>\n<\/li>\n<li data-start=\"1619\" data-end=\"1635\"><strong data-start=\"1619\" data-end=\"1632\">Materiales<\/strong>:\n<ul>\n<li style=\"list-style-type: none;\">\n<ul data-start=\"1638\" data-end=\"1770\">\n<li data-start=\"1638\" data-end=\"1686\">\n<p data-start=\"1640\" data-end=\"1686\"><strong data-start=\"1640\" data-end=\"1660\">Virola de circonio<\/strong> para una alineaci\u00f3n precisa<\/p>\n<\/li>\n<li data-start=\"1689\" data-end=\"1770\">\n<p data-start=\"1691\" data-end=\"1770\">Carcasa de pl\u00e1stico o metal, codificada por colores (por ejemplo, azul para SM UPC, verde para SM APC)<\/p>\n<\/li>\n<\/ul>\n<\/li>\n<\/ul>\n<\/li>\n<li data-start=\"1774\" data-end=\"1797\"><strong data-start=\"1774\" data-end=\"1794\">Opciones de montaje<\/strong>:<\/li>\n<li style=\"list-style-type: none;\">\n<ul>\n<li style=\"list-style-type: none;\">\n<ul data-start=\"1800\" data-end=\"1930\">\n<li data-start=\"1800\" data-end=\"1847\">\n<p data-start=\"1802\" data-end=\"1847\">Preconectorizado de f\u00e1brica o instalable in situ<\/p>\n<\/li>\n<li data-start=\"1850\" data-end=\"1930\">\n<p data-start=\"1852\" data-end=\"1930\">Compatible con herramientas de crimpado est\u00e1ndar y soluciones de epoxi\/pulido o sin epoxi<\/p>\n<\/li>\n<\/ul>\n<\/li>\n<\/ul>\n<\/li>\n<\/ul>\n<h3 class=\"\" data-start=\"1542\" data-end=\"1564\"><strong data-start=\"1546\" data-end=\"1562\">2. Aplicaciones<\/strong><\/h3>\n<ul>\n<li data-start=\"1958\" data-end=\"2001\">Cables de conexi\u00f3n y latiguillos para centros de datos<\/li>\n<li data-start=\"2004\" data-end=\"2050\">Bastidores de distribuci\u00f3n de fibra y cajas de bornes<\/li>\n<li data-start=\"2053\" data-end=\"2080\">Redes de acceso FTTH\/FTTB<\/li>\n<li data-start=\"2083\" data-end=\"2108\">Oficinas centrales de telecomunicaciones<\/li>\n<li data-start=\"2111\" data-end=\"2133\">Sistemas CATV y LAN<\/li>\n<li data-start=\"2136\" data-end=\"2169\">Equipos de ensayo y uso en laboratorio<\/li>\n<\/ul>\n<h3 class=\"\" data-start=\"1798\" data-end=\"1818\"><strong data-start=\"1802\" data-end=\"1816\">3. Ventajas<\/strong><\/h3>\n<ul>\n<li data-start=\"2195\" data-end=\"2275\"><strong data-start=\"2195\" data-end=\"2217\">Baja p\u00e9rdida de inserci\u00f3n<\/strong> y <strong data-start=\"2222\" data-end=\"2242\">alta p\u00e9rdida de retorno<\/strong> para una transmisi\u00f3n estable de la se\u00f1al<\/li>\n<li data-start=\"2278\" data-end=\"2339\"><strong data-start=\"2278\" data-end=\"2300\">Amplia compatibilidad<\/strong> con los principales equipos de fibra \u00f3ptica<\/li>\n<li data-start=\"2342\" data-end=\"2393\"><strong data-start=\"2342\" data-end=\"2366\">Duradero y reutilizable<\/strong>, con ciclos de acoplamiento elevados<\/li>\n<li data-start=\"2396\" data-end=\"2477\"><strong data-start=\"2396\" data-end=\"2418\">Cuerpos codificados por colores<\/strong> para facilitar la identificaci\u00f3n (azul, verde, beige, aqua, etc.)<\/li>\n<li data-start=\"2480\" data-end=\"2559\"><strong data-start=\"2480\" data-end=\"2500\">F\u00e1cil de montar<\/strong> con kits de conectores est\u00e1ndar o soluciones preterminadas<\/li>\n<li data-start=\"2562\" data-end=\"2613\">Conforme con <strong data-start=\"2577\" data-end=\"2613\">Normas TIA\/EIA, IEC y RoHS<\/strong><\/li>\n<\/ul>\n<h3 class=\"\" data-start=\"2323\" data-end=\"2335\"><strong data-start=\"2327\" data-end=\"2335\">4. Preguntas frecuentes<\/strong><\/h3>\n<ul>\n<li data-start=\"2630\" data-end=\"2693\"><strong data-start=\"2630\" data-end=\"2691\">P1: \u00bfCu\u00e1l es la diferencia entre los conectores UPC y APC?<\/strong><\/li>\n<\/ul>\n<p data-start=\"2696\" data-end=\"2786\"><strong data-start=\"2696\" data-end=\"2703\">\u00a0 \u00a0 \u00a0 \u00a0 \u00a0UPC<\/strong> tienen un extremo plano y son adecuados para la mayor\u00eda de las aplicaciones est\u00e1ndar.<\/p>\n<p data-start=\"2789\" data-end=\"2928\"><strong data-start=\"2789\" data-end=\"2796\">\u00a0 \u00a0 \u00a0 \u00a0 \u00a0APC<\/strong> tienen un \u00e1ngulo de 8\u00b0 para mejorar las p\u00e9rdidas de retorno, lo que resulta ideal para sistemas \u00f3pticos de alta precisi\u00f3n (por ejemplo, FTTx, RF sobre fibra).<\/p>\n<ul>\n<li data-start=\"2930\" data-end=\"3106\"><strong data-start=\"2930\" data-end=\"2971\">P2: \u00bfPuedo mezclar conectores UPC y APC?<\/strong><br data-start=\"2971\" data-end=\"2974\" \/>No. La mezcla de conectores UPC y APC da lugar a elevadas p\u00e9rdidas de retorno y a una mala calidad de la se\u00f1al. Haga coincidir siempre el tipo de pulido en ambos extremos.<\/li>\n<li data-start=\"3108\" data-end=\"3153\"><strong data-start=\"3108\" data-end=\"3151\">P3: \u00bfCu\u00e1l es la p\u00e9rdida de inserci\u00f3n t\u00edpica?<\/strong><\/li>\n<\/ul>\n<p data-start=\"3156\" data-end=\"3174\"><strong data-start=\"3156\" data-end=\"3163\">\u00a0 \u00a0 \u00a0 \u00a0 \u00a0UPC<\/strong>: \u22640,3 dB<\/p>\n<p data-start=\"3177\" data-end=\"3255\"><strong data-start=\"3177\" data-end=\"3184\">\u00a0 \u00a0 \u00a0 \u00a0 \u00a0APC<\/strong>: \u22640,2 dB<br data-start=\"3193\" data-end=\"3196\" \/>\u00a0 \u00a0 \u00a0 \u00a0 \u00a0Estos valores pueden variar en funci\u00f3n de la precisi\u00f3n de fabricaci\u00f3n.<\/p>\n<ul>\n<li data-start=\"3257\" data-end=\"3439\"><strong data-start=\"3257\" data-end=\"3289\">P4: \u00bfSon reutilizables los conectores?<\/strong><br data-start=\"3289\" data-end=\"3292\" \/>La mayor\u00eda de los conectores son <strong data-start=\"3312\" data-end=\"3348\">reutilizable para pruebas o trabajos de laboratorio<\/strong>, pero para enlaces permanentes, se recomiendan conectores terminados en f\u00e1brica o bien ensamblados.<\/li>\n<li data-start=\"3441\" data-end=\"3641\"><strong data-start=\"3441\" data-end=\"3519\">P5: \u00bfPuedo adquirir conectores preensamblados con latiguillos de fibra o cables de conexi\u00f3n?<\/strong><br data-start=\"3519\" data-end=\"3522\" \/>S\u00ed, ofrecemos <strong data-start=\"3536\" data-end=\"3575\">latiguillos y latiguillos personalizados<\/strong> con conectores SC\/LC\/FC\/ST, en varias longitudes y tipos de cubierta.<\/li>\n<\/ul>","protected":false},"excerpt":{"rendered":"<p><strong>Conectores de fibra \u00f3ptica<\/strong> son componentes clave para crear conexiones \u00f3pticas fiables entre fibras, garantizando una p\u00e9rdida de se\u00f1al m\u00ednima y un rendimiento estable. Muy utilizados en centros de datos, redes de telecomunicaciones y despliegues FTTH, estos conectores est\u00e1n disponibles en varios tipos, como SC, LC, FC y ST, con opciones de cara final UPC o APC.<\/p>","protected":false},"featured_media":1883,"comment_status":"open","ping_status":"closed","template":"","meta":{"_seopress_robots_primary_cat":"none","_seopress_titles_title":"fiber optic connectors","_seopress_titles_desc":"High-quality fiber optic connectors SC LC FC ST, low insertion loss, APC\/UPC polish, reliable FTTH and FTTx networks","_seopress_robots_index":""},"product_brand":[],"product_cat":[27],"product_tag":[45],"class_list":{"0":"post-1881","1":"product","2":"type-product","3":"status-publish","4":"has-post-thumbnail","6":"product_cat-ftth","7":"product_tag-ftth","9":"first","10":"instock","11":"shipping-taxable","12":"product-type-simple"},"_links":{"self":[{"href":"https:\/\/honelinks.com\/es\/wp-json\/wp\/v2\/product\/1881","targetHints":{"allow":["GET"]}}],"collection":[{"href":"https:\/\/honelinks.com\/es\/wp-json\/wp\/v2\/product"}],"about":[{"href":"https:\/\/honelinks.com\/es\/wp-json\/wp\/v2\/types\/product"}],"replies":[{"embeddable":true,"href":"https:\/\/honelinks.com\/es\/wp-json\/wp\/v2\/comments?post=1881"}],"wp:featuredmedia":[{"embeddable":true,"href":"https:\/\/honelinks.com\/es\/wp-json\/wp\/v2\/media\/1883"}],"wp:attachment":[{"href":"https:\/\/honelinks.com\/es\/wp-json\/wp\/v2\/media?parent=1881"}],"wp:term":[{"taxonomy":"product_brand","embeddable":true,"href":"https:\/\/honelinks.com\/es\/wp-json\/wp\/v2\/product_brand?post=1881"},{"taxonomy":"product_cat","embeddable":true,"href":"https:\/\/honelinks.com\/es\/wp-json\/wp\/v2\/product_cat?post=1881"},{"taxonomy":"product_tag","embeddable":true,"href":"https:\/\/honelinks.com\/es\/wp-json\/wp\/v2\/product_tag?post=1881"}],"curies":[{"name":"wp","href":"https:\/\/api.w.org\/{rel}","templated":true}]}}