{"id":1886,"date":"2025-06-04T13:07:07","date_gmt":"2025-06-04T05:07:07","guid":{"rendered":"https:\/\/honelinks.com\/?post_type=product&#038;p=1886"},"modified":"2025-09-12T21:34:51","modified_gmt":"2025-09-12T13:34:51","slug":"divisor-plc","status":"publish","type":"product","link":"https:\/\/honelinks.com\/es\/product\/plc-splitter\/","title":{"rendered":"Divisor PLC de fibra 1\u00d78"},"content":{"rendered":"<p class=\"\" data-start=\"603\" data-end=\"929\">Un divisor PLC utiliza la tecnolog\u00eda de gu\u00eda de ondas planar para dividir una o dos se\u00f1ales \u00f3pticas en m\u00faltiples salidas con una relaci\u00f3n de divisi\u00f3n espec\u00edfica, como 1\u00d74, 1\u00d78, 1\u00d716 o 1\u00d732. Garantiza un rendimiento estable en una amplia gama de longitudes de onda y es adecuado para aplicaciones de distribuci\u00f3n de fibra \u00f3ptica tanto en interiores como en exteriores.<\/p>\n<h3 class=\"\" data-start=\"936\" data-end=\"964\"><strong data-start=\"940\" data-end=\"962\">1. Estructura y dise\u00f1o<\/strong><\/h3>\n<ul>\n<li data-start=\"934\" data-end=\"1065\">\n<p data-start=\"936\" data-end=\"1065\"><strong data-start=\"936\" data-end=\"957\">Principio de funcionamiento<\/strong>: Basado en la tecnolog\u00eda de circuitos de gu\u00eda de ondas \u00f3pticas de s\u00edlice, que permite una divisi\u00f3n precisa de la se\u00f1al con p\u00e9rdidas m\u00ednimas.<\/p>\n<\/li>\n<li data-start=\"1069\" data-end=\"1240\">\n<p data-start=\"1071\" data-end=\"1101\"><strong data-start=\"1071\" data-end=\"1098\">Configuraciones de divisores<\/strong>:<\/p>\n<ul data-start=\"1104\" data-end=\"1240\">\n<li data-start=\"1104\" data-end=\"1177\">\n<p data-start=\"1106\" data-end=\"1177\"><strong data-start=\"1106\" data-end=\"1113\">1xN<\/strong>: 1 entrada, varias salidas (por ejemplo, 1\u00d74, 1\u00d78, 1\u00d716, 1\u00d732, 1\u00d764)<\/p>\n<\/li>\n<li data-start=\"1180\" data-end=\"1240\">\n<p data-start=\"1182\" data-end=\"1240\"><strong data-start=\"1182\" data-end=\"1189\">2xN<\/strong>2 entradas, varias salidas (por ejemplo, 2\u00d74, 2\u00d78, 2\u00d716)<\/p>\n<\/li>\n<\/ul>\n<\/li>\n<li data-start=\"1242\" data-end=\"1704\">\n<p data-start=\"1244\" data-end=\"1266\"><strong data-start=\"1244\" data-end=\"1263\">Tipos de envases<\/strong>:<\/p>\n<ul data-start=\"1269\" data-end=\"1704\">\n<li data-start=\"1269\" data-end=\"1345\">\n<p data-start=\"1271\" data-end=\"1345\"><strong data-start=\"1271\" data-end=\"1290\">Tipo de fibra desnuda<\/strong> - compacto, para integraci\u00f3n en cajas de gesti\u00f3n de fibra<\/p>\n<\/li>\n<li data-start=\"1348\" data-end=\"1415\">\n<p data-start=\"1350\" data-end=\"1415\"><strong data-start=\"1350\" data-end=\"1369\">Tipo de tubo de acero<\/strong> - carcasa protectora para entornos dif\u00edciles<\/p>\n<\/li>\n<li data-start=\"1418\" data-end=\"1482\">\n<p data-start=\"1420\" data-end=\"1482\"><strong data-start=\"1420\" data-end=\"1436\">ABS Tipo de caja<\/strong> - carcasa estandarizada para facilitar la instalaci\u00f3n<\/p>\n<\/li>\n<li data-start=\"1485\" data-end=\"1544\">\n<p data-start=\"1487\" data-end=\"1544\"><strong data-start=\"1487\" data-end=\"1506\">Tipo de m\u00f3dulo LGX<\/strong> - m\u00f3dulo enchufable para montaje en bastidor<\/p>\n<\/li>\n<li data-start=\"1547\" data-end=\"1627\">\n<p data-start=\"1549\" data-end=\"1627\"><strong data-start=\"1549\" data-end=\"1569\">Tipo de minim\u00f3dulo<\/strong> - ocupa poco espacio, ideal para aplicaciones de espacio limitado<\/p>\n<\/li>\n<li data-start=\"1630\" data-end=\"1704\">\n<p data-start=\"1632\" data-end=\"1704\"><strong data-start=\"1632\" data-end=\"1654\">Tipo de montaje en bastidor 1U<\/strong> - instalaci\u00f3n de alta densidad en armarios de red<\/p>\n<\/li>\n<\/ul>\n<\/li>\n<li data-start=\"1706\" data-end=\"1766\">\n<p data-start=\"1708\" data-end=\"1766\"><strong data-start=\"1708\" data-end=\"1729\">Opciones de conexi\u00f3n<\/strong>: SC, LC, FC, ST; UPC o APC pulido<\/p>\n<\/li>\n<li data-start=\"1767\" data-end=\"1809\">\n<p data-start=\"1769\" data-end=\"1809\"><strong data-start=\"1769\" data-end=\"1793\">Longitud de onda operativa<\/strong>: 1260-1650 nm<\/p>\n<\/li>\n<li data-start=\"1810\" data-end=\"1861\">\n<p data-start=\"1812\" data-end=\"1861\"><strong data-start=\"1812\" data-end=\"1826\">Uniformidad<\/strong>: \u22641,0 dB (var\u00eda seg\u00fan la relaci\u00f3n de divisi\u00f3n)<\/p>\n<\/li>\n<li data-start=\"1862\" data-end=\"1907\">\n<p data-start=\"1864\" data-end=\"1907\"><strong data-start=\"1864\" data-end=\"1889\">Temperatura de funcionamiento<\/strong>: -40\u00b0C a +85\u00b0C<\/p>\n<\/li>\n<\/ul>\n<h3 class=\"\" data-start=\"1542\" data-end=\"1564\"><strong data-start=\"1546\" data-end=\"1562\">2. Aplicaciones<\/strong><\/h3>\n<ul>\n<li data-start=\"1936\" data-end=\"1982\">\n<p data-start=\"1938\" data-end=\"1982\">Redes FTTH (fibra hasta el hogar) y FTTx<\/p>\n<\/li>\n<li data-start=\"1983\" data-end=\"2029\">\n<p data-start=\"1985\" data-end=\"2029\">Redes \u00f3pticas pasivas (PON: EPON, GPON)<\/p>\n<\/li>\n<li data-start=\"2030\" data-end=\"2065\">\n<p data-start=\"2032\" data-end=\"2065\">Sistemas de televisi\u00f3n por cable (CATV)<\/p>\n<\/li>\n<li data-start=\"2066\" data-end=\"2107\">\n<p data-start=\"2068\" data-end=\"2107\">Control y comprobaci\u00f3n de se\u00f1ales \u00f3pticas<\/p>\n<\/li>\n<li data-start=\"2108\" data-end=\"2143\">\n<p data-start=\"2110\" data-end=\"2143\">Redes LAN\/WAN y redes de \u00e1rea metropolitana<\/p>\n<\/li>\n<li data-start=\"2144\" data-end=\"2201\">\n<p data-start=\"2146\" data-end=\"2201\">Distribuci\u00f3n centralizada y distribuida de se\u00f1ales \u00f3pticas<\/p>\n<\/li>\n<\/ul>\n<h3 class=\"\" data-start=\"1798\" data-end=\"1818\"><strong data-start=\"1802\" data-end=\"1816\">3. Ventajas<\/strong><\/h3>\n<ul>\n<li data-start=\"2228\" data-end=\"2291\">\n<p data-start=\"2230\" data-end=\"2291\">Distribuci\u00f3n uniforme de la se\u00f1al \u00f3ptica en todos los puertos de salida<\/p>\n<\/li>\n<li data-start=\"2292\" data-end=\"2335\">\n<p data-start=\"2294\" data-end=\"2335\">Baja p\u00e9rdida de inserci\u00f3n y alta p\u00e9rdida de retorno<\/p>\n<\/li>\n<li data-start=\"2336\" data-end=\"2388\">\n<p data-start=\"2338\" data-end=\"2388\">Excelente estabilidad medioambiental y mec\u00e1nica<\/p>\n<\/li>\n<li data-start=\"2389\" data-end=\"2442\">\n<p data-start=\"2391\" data-end=\"2442\">M\u00faltiples estilos de envase para una instalaci\u00f3n flexible<\/p>\n<\/li>\n<li data-start=\"2443\" data-end=\"2513\">\n<p data-start=\"2445\" data-end=\"2513\">Disponible en una amplia gama de relaciones de divisi\u00f3n (1\u00d72 a 1\u00d764, 2\u00d72 a 2\u00d764)<\/p>\n<\/li>\n<li data-start=\"2514\" data-end=\"2556\">\n<p data-start=\"2516\" data-end=\"2556\">Alta fiabilidad y larga vida \u00fatil<\/p>\n<\/li>\n<li data-start=\"2557\" data-end=\"2652\">\n<p data-start=\"2559\" data-end=\"2652\">Comprobado en f\u00e1brica para garantizar el rendimiento \u00f3ptico y el cumplimiento de las normas de calidad (GR-1209\/1221, Telcordia, RoHS)<\/p>\n<\/li>\n<\/ul>\n<h3 class=\"\" data-start=\"2323\" data-end=\"2335\"><strong data-start=\"2327\" data-end=\"2335\">4. Preguntas frecuentes<\/strong><\/h3>\n<ul>\n<li data-start=\"2673\" data-end=\"2919\"><strong data-start=\"2673\" data-end=\"2733\">P1: \u00bfCu\u00e1l es la diferencia entre los divisores PLC y FBT?<\/strong><br data-start=\"2733\" data-end=\"2736\" \/>Los divisores PLC utilizan circuitos de gu\u00eda de ondas y ofrecen un mejor rendimiento para relaciones de divisi\u00f3n m\u00e1s altas, mientras que los divisores FBT son m\u00e1s adecuados para un menor n\u00famero y se fabrican fusionando fibras \u00f3pticas.<\/li>\n<li data-start=\"2921\" data-end=\"3068\"><strong data-start=\"2921\" data-end=\"2962\">P2: \u00bfPuedo utilizar los divisores PLC en exteriores?<\/strong><br data-start=\"2962\" data-end=\"2965\" \/>S\u00ed. Ofrecemos tipos reforzados (por ejemplo, tubo de acero, cierre estanco) adecuados para despliegues en exteriores.<\/li>\n<li data-start=\"3070\" data-end=\"3242\"><strong data-start=\"3070\" data-end=\"3116\">P3: \u00bfC\u00f3mo elijo la proporci\u00f3n correcta?<\/strong><br data-start=\"3116\" data-end=\"3119\" \/>Depende del n\u00famero de usuarios\/puntos finales a los que tenga que dar servicio. Las relaciones m\u00e1s habituales son 1\u00d78, 1\u00d716 y 1\u00d732 para redes FTTH.<\/li>\n<li data-start=\"3244\" data-end=\"3450\"><strong data-start=\"3244\" data-end=\"3288\">P4: \u00bfAfectan los divisores a la intensidad de la se\u00f1al?<\/strong><br data-start=\"3288\" data-end=\"3291\" \/>S\u00ed, los divisores dividen la se\u00f1al, por lo que la p\u00e9rdida de inserci\u00f3n aumenta con relaciones de divisi\u00f3n m\u00e1s altas, pero nuestros divisores PLC mantienen la uniformidad y la baja p\u00e9rdida en todos los puertos.<\/li>\n<li data-start=\"3452\" data-end=\"3649\"><strong data-start=\"3452\" data-end=\"3511\">P5: \u00bfPuedo conseguir divisores preterminados con conectores?<\/strong><br data-start=\"3511\" data-end=\"3514\" \/>Absolutamente. Ofrecemos divisores preterminados personalizados con conectores SC\/LC\/FC\/ST, pulido UPC\/APC y opciones de fibra revestida o desnuda.<\/li>\n<\/ul>","protected":false},"excerpt":{"rendered":"<p>Los divisores PLC son componentes pasivos esenciales que se utilizan para distribuir uniformemente se\u00f1ales \u00f3pticas de una fibra de entrada a varias fibras de salida. Ofrecen baja p\u00e9rdida de inserci\u00f3n, alta fiabilidad y divisi\u00f3n uniforme de la se\u00f1al, lo que resulta ideal para redes FTTH, PON y CATV.<\/p>","protected":false},"featured_media":1888,"comment_status":"open","ping_status":"closed","template":"","meta":{"_seopress_robots_primary_cat":"none","_seopress_titles_title":"Fiber PLC splitter","_seopress_titles_desc":"Fiber PLC splitter 1xN 2xN, SC\/LC connectors, low insertion loss, high uniformity, reliable FTTH and FTTx signal distribution","_seopress_robots_index":""},"product_brand":[],"product_cat":[27],"product_tag":[45],"class_list":{"0":"post-1886","1":"product","2":"type-product","3":"status-publish","4":"has-post-thumbnail","6":"product_cat-ftth","7":"product_tag-ftth","9":"first","10":"instock","11":"shipping-taxable","12":"product-type-simple"},"_links":{"self":[{"href":"https:\/\/honelinks.com\/es\/wp-json\/wp\/v2\/product\/1886","targetHints":{"allow":["GET"]}}],"collection":[{"href":"https:\/\/honelinks.com\/es\/wp-json\/wp\/v2\/product"}],"about":[{"href":"https:\/\/honelinks.com\/es\/wp-json\/wp\/v2\/types\/product"}],"replies":[{"embeddable":true,"href":"https:\/\/honelinks.com\/es\/wp-json\/wp\/v2\/comments?post=1886"}],"wp:featuredmedia":[{"embeddable":true,"href":"https:\/\/honelinks.com\/es\/wp-json\/wp\/v2\/media\/1888"}],"wp:attachment":[{"href":"https:\/\/honelinks.com\/es\/wp-json\/wp\/v2\/media?parent=1886"}],"wp:term":[{"taxonomy":"product_brand","embeddable":true,"href":"https:\/\/honelinks.com\/es\/wp-json\/wp\/v2\/product_brand?post=1886"},{"taxonomy":"product_cat","embeddable":true,"href":"https:\/\/honelinks.com\/es\/wp-json\/wp\/v2\/product_cat?post=1886"},{"taxonomy":"product_tag","embeddable":true,"href":"https:\/\/honelinks.com\/es\/wp-json\/wp\/v2\/product_tag?post=1886"}],"curies":[{"name":"wp","href":"https:\/\/api.w.org\/{rel}","templated":true}]}}