{"id":1896,"date":"2025-06-04T17:22:45","date_gmt":"2025-06-04T09:22:45","guid":{"rendered":"https:\/\/honelinks.com\/?post_type=product&#038;p=1896"},"modified":"2025-08-23T20:58:13","modified_gmt":"2025-08-23T12:58:13","slug":"acoplador-adaptador-de-fibra-optica","status":"publish","type":"product","link":"https:\/\/honelinks.com\/es\/product\/fiber-optic-adapter-coupler\/","title":{"rendered":"Adaptador y acoplador de fibra \u00f3ptica"},"content":{"rendered":"<p class=\"\" data-start=\"603\" data-end=\"929\">Un adaptador de fibra \u00f3ptica proporciona una interfaz mec\u00e1nica para unir dos conectores, permitiendo el paso de se\u00f1ales luminosas con gran precisi\u00f3n. Disponibles en tipos como SC, LC, FC y ST, admiten fibras monomodo y multimodo, y pueden ser s\u00edmplex, d\u00faplex o cu\u00e1druples. Tambi\u00e9n hay disponibles adaptadores h\u00edbridos (por ejemplo, SC-LC) para conectar distintos tipos de conectores.<\/p>\n<h3 class=\"\" data-start=\"936\" data-end=\"964\"><strong data-start=\"940\" data-end=\"962\">1. Estructura y dise\u00f1o<\/strong><\/h3>\n<ul>\n<li data-start=\"962\" data-end=\"1094\">\n<p data-start=\"964\" data-end=\"983\"><strong data-start=\"964\" data-end=\"981\">Tipos de adaptadores<\/strong><\/p>\n<ul data-start=\"986\" data-end=\"1094\">\n<li data-start=\"986\" data-end=\"1024\">\n<p data-start=\"988\" data-end=\"1024\">SC, LC, FC, ST, MTP\/MPO, MU, E2000<\/p>\n<\/li>\n<li data-start=\"1027\" data-end=\"1094\">\n<p data-start=\"1029\" data-end=\"1094\">Versiones simplex, d\u00faplex, cu\u00e1druple e h\u00edbrida (por ejemplo, SC-LC, LC-FC)<\/p>\n<\/li>\n<\/ul>\n<\/li>\n<li data-start=\"1096\" data-end=\"1198\">\n<p data-start=\"1098\" data-end=\"1127\"><strong data-start=\"1098\" data-end=\"1125\">Compatibilidad de pulido<\/strong><\/p>\n<ul data-start=\"1130\" data-end=\"1198\">\n<li data-start=\"1130\" data-end=\"1162\">\n<p data-start=\"1132\" data-end=\"1162\">UPC (Contacto Ultraf\u00edsico)<\/p>\n<\/li>\n<li data-start=\"1165\" data-end=\"1198\">\n<p data-start=\"1167\" data-end=\"1198\">APC (Contacto F\u00edsico Angulado)<\/p>\n<\/li>\n<\/ul>\n<\/li>\n<li data-start=\"1200\" data-end=\"1458\">\n<p data-start=\"1202\" data-end=\"1216\"><strong data-start=\"1202\" data-end=\"1214\">Material<\/strong><\/p>\n<ul data-start=\"1219\" data-end=\"1458\">\n<li data-start=\"1219\" data-end=\"1310\">\n<p data-start=\"1221\" data-end=\"1310\"><strong data-start=\"1221\" data-end=\"1231\">Manga<\/strong>: Cer\u00e1mica de circonio (para alta precisi\u00f3n), o bronce fosforoso (opcional para MM)<\/p>\n<\/li>\n<li data-start=\"1313\" data-end=\"1368\">\n<p data-start=\"1315\" data-end=\"1368\"><strong data-start=\"1315\" data-end=\"1326\">Vivienda<\/strong>: Pl\u00e1stico o metal, con brida opcional<\/p>\n<\/li>\n<li data-start=\"1371\" data-end=\"1458\">\n<p data-start=\"1373\" data-end=\"1392\"><strong data-start=\"1373\" data-end=\"1389\">Codificaci\u00f3n por colores<\/strong>:<\/p>\n<ul data-start=\"1397\" data-end=\"1458\">\n<li data-start=\"1397\" data-end=\"1458\">\n<p data-start=\"1399\" data-end=\"1458\">Azul (SM UPC), Verde (SM APC), Beige (MM), Aqua (OM3\/OM4)<\/p>\n<\/li>\n<\/ul>\n<\/li>\n<\/ul>\n<\/li>\n<li data-start=\"1460\" data-end=\"1567\">\n<p data-start=\"1462\" data-end=\"1484\"><strong data-start=\"1462\" data-end=\"1482\">Opciones de montaje<\/strong><\/p>\n<ul data-start=\"1487\" data-end=\"1567\">\n<li data-start=\"1487\" data-end=\"1527\">\n<p data-start=\"1489\" data-end=\"1527\">Montaje a presi\u00f3n, atornillado o en panel<\/p>\n<\/li>\n<li data-start=\"1530\" data-end=\"1567\">\n<p data-start=\"1532\" data-end=\"1567\">Tapones guardapolvo incluidos para protecci\u00f3n<\/p>\n<\/li>\n<\/ul>\n<\/li>\n<li data-start=\"1569\" data-end=\"1657\">\n<p data-start=\"1571\" data-end=\"1587\"><strong data-start=\"1571\" data-end=\"1585\">Durabilidad<\/strong><\/p>\n<ul data-start=\"1590\" data-end=\"1657\">\n<li data-start=\"1590\" data-end=\"1613\">\n<p data-start=\"1592\" data-end=\"1613\">\u22651000 ciclos de acoplamiento<\/p>\n<\/li>\n<li data-start=\"1616\" data-end=\"1657\">\n<p data-start=\"1618\" data-end=\"1657\">Temperatura de funcionamiento: de -40\u00b0C a +85\u00b0C<\/p>\n<\/li>\n<\/ul>\n<\/li>\n<\/ul>\n<h3 class=\"\" data-start=\"1542\" data-end=\"1564\"><strong data-start=\"1546\" data-end=\"1562\">2. Aplicaciones<\/strong><\/h3>\n<ul>\n<li data-start=\"1686\" data-end=\"1723\">\n<p data-start=\"1688\" data-end=\"1723\">Paneles de conexi\u00f3n de fibra \u00f3ptica y ODF<\/p>\n<\/li>\n<li data-start=\"1724\" data-end=\"1765\">\n<p data-start=\"1726\" data-end=\"1765\">Cajas de terminaci\u00f3n de fibra FTTH y FTTx<\/p>\n<\/li>\n<li data-start=\"1766\" data-end=\"1798\">\n<p data-start=\"1768\" data-end=\"1798\">Gesti\u00f3n de cables para centros de datos<\/p>\n<\/li>\n<li data-start=\"1799\" data-end=\"1832\">\n<p data-start=\"1801\" data-end=\"1832\">Armarios de distribuci\u00f3n \u00f3ptica<\/p>\n<\/li>\n<li data-start=\"1833\" data-end=\"1874\">\n<p data-start=\"1835\" data-end=\"1874\">Equipos de pruebas \u00f3pticas y configuraciones de laboratorio<\/p>\n<\/li>\n<li data-start=\"1875\" data-end=\"1907\">\n<p data-start=\"1877\" data-end=\"1907\">Nodos de redes de televisi\u00f3n por cable y telecomunicaciones<\/p>\n<\/li>\n<\/ul>\n<h3 class=\"\" data-start=\"1798\" data-end=\"1818\"><strong data-start=\"1802\" data-end=\"1816\">3. Ventajas<\/strong><\/h3>\n<ul>\n<li data-start=\"1934\" data-end=\"1977\">\n<p data-start=\"1936\" data-end=\"1977\">Baja p\u00e9rdida de inserci\u00f3n y alta p\u00e9rdida de retorno<\/p>\n<\/li>\n<li data-start=\"1978\" data-end=\"2034\">\n<p data-start=\"1980\" data-end=\"2034\">Compatible con los principales tipos de conectores y estilos de pulido<\/p>\n<\/li>\n<li data-start=\"2035\" data-end=\"2080\">\n<p data-start=\"2037\" data-end=\"2080\">Compacto, ligero y f\u00e1cil de instalar<\/p>\n<\/li>\n<li data-start=\"2081\" data-end=\"2139\">\n<p data-start=\"2083\" data-end=\"2139\">M\u00faltiples configuraciones: simplex, d\u00faplex, cu\u00e1druple, h\u00edbrida<\/p>\n<\/li>\n<li data-start=\"2140\" data-end=\"2183\">\n<p data-start=\"2142\" data-end=\"2183\">Materiales duraderos para una larga vida \u00fatil<\/p>\n<\/li>\n<li data-start=\"2184\" data-end=\"2216\">\n<p data-start=\"2186\" data-end=\"2216\">Intercambiables y reutilizables<\/p>\n<\/li>\n<li data-start=\"2217\" data-end=\"2279\">\n<p data-start=\"2219\" data-end=\"2279\">Compatible con normas internacionales (TIA\/EIA, IEC, RoHS)<\/p>\n<\/li>\n<\/ul>\n<h3 class=\"\" data-start=\"2323\" data-end=\"2335\"><strong data-start=\"2327\" data-end=\"2335\">4. Preguntas frecuentes<\/strong><\/h3>\n<ul>\n<li data-start=\"2300\" data-end=\"2489\"><strong data-start=\"2300\" data-end=\"2355\">P1: \u00bfSon lo mismo los adaptadores de fibra y los acopladores?<\/strong><br data-start=\"2355\" data-end=\"2358\" \/>S\u00ed, se refieren a la misma funci\u00f3n: conectar dos conectores de fibra. \u201cAdaptador\u201d se utiliza m\u00e1s com\u00fanmente en la terminolog\u00eda de redes de fibra.<\/li>\n<li data-start=\"2491\" data-end=\"2667\"><strong data-start=\"2491\" data-end=\"2558\">P2: \u00bfPuedo utilizar un adaptador monomodo con conectores multimodo?<\/strong><br data-start=\"2558\" data-end=\"2561\" \/>T\u00e9cnicamente posible, pero no recomendable. Puede degradar el rendimiento. Haga coincidir siempre los tipos de fibra.<\/li>\n<li data-start=\"2669\" data-end=\"2839\"><strong data-start=\"2669\" data-end=\"2721\">P3: \u00bfQu\u00e9 ventajas tiene utilizar manguitos cer\u00e1micos?<\/strong><br data-start=\"2721\" data-end=\"2724\" \/>Los manguitos cer\u00e1micos proporcionan una mayor precisi\u00f3n de alineaci\u00f3n y una menor p\u00e9rdida de inserci\u00f3n, especialmente en conexiones monomodo.<\/li>\n<li data-start=\"2841\" data-end=\"2979\"><strong data-start=\"2841\" data-end=\"2878\">P4: \u00bfOfrecen adaptadores h\u00edbridos?<\/strong><br data-start=\"2878\" data-end=\"2881\" \/>S\u00ed, ofrecemos SC-LC, LC-FC y otros tipos h\u00edbridos para interconectar diferentes interfaces de conectores.<\/li>\n<li data-start=\"2981\" data-end=\"3171\"><strong data-start=\"2981\" data-end=\"3041\">P5: \u00bfC\u00f3mo elijo entre adaptadores s\u00edmplex y d\u00faplex?<\/strong><br data-start=\"3041\" data-end=\"3044\" \/>Utilice simplex para una fibra por conexi\u00f3n, duplex para dos fibras (normalmente para TX\/RX). Comb\u00ednelos con sus cables de conexi\u00f3n o conectores.<\/li>\n<\/ul>","protected":false},"excerpt":{"rendered":"<p><strong>Adaptadores de fibra \u00f3ptica (tambi\u00e9n conocidos como acopladores)<\/strong> son componentes pasivos que alinean y conectan dos conectores de fibra \u00f3ptica, permitiendo una transmisi\u00f3n \u00f3ptica precisa y de bajas p\u00e9rdidas. Se utilizan ampliamente en paneles de conexi\u00f3n, cajas de terminaci\u00f3n y sistemas de gesti\u00f3n de fibra en FTTH, centros de datos y redes de telecomunicaciones.<\/p>","protected":false},"featured_media":1900,"comment_status":"open","ping_status":"closed","template":"","meta":{"_seopress_robots_primary_cat":"none","_seopress_titles_title":"%%post_title%%","_seopress_titles_desc":"%%post_excerpt%%","_seopress_robots_index":""},"product_brand":[],"product_cat":[27],"product_tag":[45],"class_list":{"0":"post-1896","1":"product","2":"type-product","3":"status-publish","4":"has-post-thumbnail","6":"product_cat-ftth","7":"product_tag-ftth","9":"first","10":"instock","11":"shipping-taxable","12":"product-type-simple"},"_links":{"self":[{"href":"https:\/\/honelinks.com\/es\/wp-json\/wp\/v2\/product\/1896","targetHints":{"allow":["GET"]}}],"collection":[{"href":"https:\/\/honelinks.com\/es\/wp-json\/wp\/v2\/product"}],"about":[{"href":"https:\/\/honelinks.com\/es\/wp-json\/wp\/v2\/types\/product"}],"replies":[{"embeddable":true,"href":"https:\/\/honelinks.com\/es\/wp-json\/wp\/v2\/comments?post=1896"}],"wp:featuredmedia":[{"embeddable":true,"href":"https:\/\/honelinks.com\/es\/wp-json\/wp\/v2\/media\/1900"}],"wp:attachment":[{"href":"https:\/\/honelinks.com\/es\/wp-json\/wp\/v2\/media?parent=1896"}],"wp:term":[{"taxonomy":"product_brand","embeddable":true,"href":"https:\/\/honelinks.com\/es\/wp-json\/wp\/v2\/product_brand?post=1896"},{"taxonomy":"product_cat","embeddable":true,"href":"https:\/\/honelinks.com\/es\/wp-json\/wp\/v2\/product_cat?post=1896"},{"taxonomy":"product_tag","embeddable":true,"href":"https:\/\/honelinks.com\/es\/wp-json\/wp\/v2\/product_tag?post=1896"}],"curies":[{"name":"wp","href":"https:\/\/api.w.org\/{rel}","templated":true}]}}