{"id":1902,"date":"2025-06-05T18:07:34","date_gmt":"2025-06-05T10:07:34","guid":{"rendered":"https:\/\/honelinks.com\/?post_type=product&#038;p=1902"},"modified":"2025-08-23T20:06:08","modified_gmt":"2025-08-23T12:06:08","slug":"caja-de-bornes-de-fibra-optica-montaje-en-pared","status":"publish","type":"product","link":"https:\/\/honelinks.com\/es\/product\/fiber-optic-terminal-box-wall-mount\/","title":{"rendered":"caja de bornes de pared para fibra \u00f3ptica"},"content":{"rendered":"<p class=\"\" data-start=\"603\" data-end=\"929\">Una caja de terminales de fibra montada en la pared est\u00e1 dise\u00f1ada para acomodar el empalme de fibra \u00f3ptica, la terminaci\u00f3n con adaptadores y el almacenamiento de pigtails en una caja. Ofrece una forma organizada de gestionar los cables y mantener conexiones de red fiables en espacios limitados, como pasillos de apartamentos o salas de equipos.<\/p>\n<h3 data-start=\"862\" data-end=\"888\"><strong data-start=\"866\" data-end=\"888\">Estructura y dise\u00f1o<\/strong><\/h3>\n<ul data-start=\"890\" data-end=\"1659\">\n<li data-start=\"890\" data-end=\"1016\">\n<p data-start=\"892\" data-end=\"915\"><strong data-start=\"892\" data-end=\"912\">Opciones de capacidad<\/strong>:<\/p>\n<ul data-start=\"918\" data-end=\"1016\">\n<li data-start=\"918\" data-end=\"970\">\n<p data-start=\"920\" data-end=\"970\">Admite de 2 a 48 fibras, seg\u00fan el tama\u00f1o del modelo<\/p>\n<\/li>\n<li data-start=\"973\" data-end=\"1016\">\n<p data-start=\"975\" data-end=\"1016\">Compatibilidad con adaptadores SC, LC, FC o ST<\/p>\n<\/li>\n<\/ul>\n<\/li>\n<li data-start=\"1018\" data-end=\"1238\">\n<p data-start=\"1020\" data-end=\"1046\"><strong data-start=\"1020\" data-end=\"1043\">Componentes internos<\/strong>:<\/p>\n<ul data-start=\"1049\" data-end=\"1238\">\n<li data-start=\"1049\" data-end=\"1093\">\n<p data-start=\"1051\" data-end=\"1093\">Bandeja(s) de empalme para fusi\u00f3n de fibras<\/p>\n<\/li>\n<li data-start=\"1096\" data-end=\"1137\">\n<p data-start=\"1098\" data-end=\"1137\">Panel adaptador para inserci\u00f3n de conectores<\/p>\n<\/li>\n<li data-start=\"1140\" data-end=\"1188\">\n<p data-start=\"1142\" data-end=\"1188\">\u00c1rea de enrutamiento pigtail y bucles de almacenamiento de fibra<\/p>\n<\/li>\n<li data-start=\"1191\" data-end=\"1238\">\n<p data-start=\"1193\" data-end=\"1238\">Puertos de entrada\/salida de cables con ojales de goma<\/p>\n<\/li>\n<\/ul>\n<\/li>\n<li data-start=\"1240\" data-end=\"1372\">\n<p data-start=\"1242\" data-end=\"1257\"><strong data-start=\"1242\" data-end=\"1254\">Material<\/strong>:<\/p>\n<ul data-start=\"1260\" data-end=\"1372\">\n<li data-start=\"1260\" data-end=\"1315\">\n<p data-start=\"1262\" data-end=\"1315\">Acero laminado en fr\u00edo o pl\u00e1stico de alta resistencia (PC\/ABS)<\/p>\n<\/li>\n<li data-start=\"1318\" data-end=\"1372\">\n<p data-start=\"1320\" data-end=\"1372\">Acabado superficial: recubierto de polvo, resistente a la corrosi\u00f3n<\/p>\n<\/li>\n<\/ul>\n<\/li>\n<li data-start=\"1374\" data-end=\"1514\">\n<p data-start=\"1376\" data-end=\"1395\"><strong data-start=\"1376\" data-end=\"1392\">Instalaci\u00f3n<\/strong>:<\/p>\n<ul data-start=\"1398\" data-end=\"1514\">\n<li data-start=\"1398\" data-end=\"1434\">\n<p data-start=\"1400\" data-end=\"1434\">Montaje en pared con tornillos o tacos<\/p>\n<\/li>\n<li data-start=\"1437\" data-end=\"1476\">\n<p data-start=\"1439\" data-end=\"1476\">Cerradura con llave o tapa a presi\u00f3n opcionales<\/p>\n<\/li>\n<li data-start=\"1479\" data-end=\"1514\">\n<p data-start=\"1481\" data-end=\"1514\">Uso interior o exterior protegido<\/p>\n<\/li>\n<\/ul>\n<\/li>\n<li data-start=\"1516\" data-end=\"1659\">\n<p data-start=\"1518\" data-end=\"1543\"><strong data-start=\"1518\" data-end=\"1540\">Dimensiones y tama\u00f1os<\/strong>:<\/p>\n<ul data-start=\"1546\" data-end=\"1659\">\n<li data-start=\"1546\" data-end=\"1611\">\n<p data-start=\"1548\" data-end=\"1611\">Varios tama\u00f1os disponibles (por ejemplo, 220\u00d7200\u00d755 mm para caja de 12 n\u00facleos)<\/p>\n<\/li>\n<li data-start=\"1614\" data-end=\"1659\">\n<p data-start=\"1616\" data-end=\"1659\">Tama\u00f1os y puertos personalizados bajo pedido<\/p>\n<\/li>\n<\/ul>\n<\/li>\n<\/ul>\n<h3 class=\"\" data-start=\"1542\" data-end=\"1564\"><strong data-start=\"1546\" data-end=\"1562\">2. Aplicaciones<\/strong><\/h3>\n<ul>\n<li data-start=\"1688\" data-end=\"1717\">\n<p data-start=\"1690\" data-end=\"1717\">Despliegues FTTH y FTTB<\/p>\n<\/li>\n<li data-start=\"1718\" data-end=\"1771\">\n<p data-start=\"1720\" data-end=\"1771\">Puntos de entrada al edificio para la distribuci\u00f3n \u00f3ptica<\/p>\n<\/li>\n<li data-start=\"1772\" data-end=\"1818\">\n<p data-start=\"1774\" data-end=\"1818\">Sistemas de cableado en pasillos interiores o s\u00f3tanos<\/p>\n<\/li>\n<li data-start=\"1819\" data-end=\"1860\">\n<p data-start=\"1821\" data-end=\"1860\">Gesti\u00f3n de la terminaci\u00f3n de la sala de equipos<\/p>\n<\/li>\n<li data-start=\"1861\" data-end=\"1916\">\n<p data-start=\"1863\" data-end=\"1916\">Integraci\u00f3n con cables de conexi\u00f3n, latiguillos y divisores<\/p>\n<\/li>\n<\/ul>\n<h3 class=\"\" data-start=\"1798\" data-end=\"1818\"><strong data-start=\"1802\" data-end=\"1816\">3. Ventajas<\/strong><\/h3>\n<ul>\n<li data-start=\"1943\" data-end=\"1984\">\n<p data-start=\"1945\" data-end=\"1984\">Dise\u00f1o compacto para montaje en pared que ahorra espacio<\/p>\n<\/li>\n<li data-start=\"1985\" data-end=\"2043\">\n<p data-start=\"1987\" data-end=\"2043\">Integra el empalme, la terminaci\u00f3n y la gesti\u00f3n de cables<\/p>\n<\/li>\n<li data-start=\"2044\" data-end=\"2109\">\n<p data-start=\"2046\" data-end=\"2109\">Construcci\u00f3n duradera para un uso prolongado en interiores o semiexteriores<\/p>\n<\/li>\n<li data-start=\"2110\" data-end=\"2164\">\n<p data-start=\"2112\" data-end=\"2164\">Admite varios tipos y configuraciones de adaptadores<\/p>\n<\/li>\n<li data-start=\"2165\" data-end=\"2209\">\n<p data-start=\"2167\" data-end=\"2209\">F\u00e1cil instalaci\u00f3n y acceso para mantenimiento<\/p>\n<\/li>\n<li data-start=\"2210\" data-end=\"2265\">\n<p data-start=\"2212\" data-end=\"2265\">Protecci\u00f3n contra el polvo, la tensi\u00f3n y los da\u00f1os mec\u00e1nicos<\/p>\n<\/li>\n<li data-start=\"2266\" data-end=\"2312\">\n<p data-start=\"2268\" data-end=\"2312\">Dise\u00f1o con cerradura opcional para aumentar la seguridad<\/p>\n<\/li>\n<\/ul>\n<h3 class=\"\" data-start=\"2323\" data-end=\"2335\"><strong data-start=\"2327\" data-end=\"2335\">4. Preguntas frecuentes<\/strong><\/h3>\n<ul>\n<li data-start=\"2333\" data-end=\"2437\"><strong data-start=\"2333\" data-end=\"2375\">P1: \u00bfCu\u00e1l es la capacidad m\u00e1xima de fibra?<\/strong><br data-start=\"2375\" data-end=\"2378\" \/>Depende del modelo de caja, normalmente de 2 a 48 n\u00facleos.<\/li>\n<li data-start=\"2439\" data-end=\"2612\"><strong data-start=\"2439\" data-end=\"2477\">P2: \u00bfSe puede utilizar esta caja en el exterior?<\/strong><br data-start=\"2477\" data-end=\"2480\" \/>Es apto para exteriores protegidos o interiores. Para un uso completo en exteriores, recomendamos cajas de bornes estancas.<\/li>\n<li data-start=\"2614\" data-end=\"2759\"><strong data-start=\"2614\" data-end=\"2658\">P3: \u00bfEs compatible con los divisores PLC?<\/strong><br data-start=\"2658\" data-end=\"2661\" \/>S\u00ed, los minidivisores PLC pueden integrarse en la mayor\u00eda de las cajas murales con espacio interior suficiente.<\/li>\n<li data-start=\"2761\" data-end=\"2926\"><strong data-start=\"2761\" data-end=\"2814\">P4: \u00bfC\u00f3mo gestiono los cables entrantes y salientes?<\/strong><br data-start=\"2814\" data-end=\"2817\" \/>La caja incluye puertos de entrada\/salida con juntas de goma, gu\u00edas de enrutamiento de la fibra y \u00e1reas de almacenamiento para la fibra floja.<\/li>\n<li data-start=\"2928\" data-end=\"3094\"><strong data-start=\"2928\" data-end=\"2979\">P5: \u00bfProporcionan cajas de bornes totalmente cargadas?<\/strong><br data-start=\"2979\" data-end=\"2982\" \/>S\u00ed. Ofrecemos opciones con adaptadores, pigtails y bandejas de empalme preinstalados en funci\u00f3n de sus necesidades de configuraci\u00f3n.<\/li>\n<\/ul>","protected":false},"excerpt":{"rendered":"<p><strong>Cajas murales para cables \u00f3pticos<\/strong> ofrecen una soluci\u00f3n compacta y segura para la terminaci\u00f3n, empalme y distribuci\u00f3n de fibra en puntos de acceso a la red. Se utilizan habitualmente en FTTH, FTTB e instalaciones de entrada a edificios, y admiten instalaciones en paredes interiores y exteriores protegidas.<\/p>","protected":false},"featured_media":1903,"comment_status":"open","ping_status":"closed","template":"","meta":{"_seopress_robots_primary_cat":"none","_seopress_titles_title":"wall mount fiber optic terminal box","_seopress_titles_desc":"Wall mount fiber optic terminal box for FTTH and indoor networks. Provides secure fiber termination, compact design, easy installation, and long-lasting durability","_seopress_robots_index":""},"product_brand":[],"product_cat":[27],"product_tag":[45],"class_list":{"0":"post-1902","1":"product","2":"type-product","3":"status-publish","4":"has-post-thumbnail","6":"product_cat-ftth","7":"product_tag-ftth","9":"first","10":"instock","11":"shipping-taxable","12":"product-type-simple"},"_links":{"self":[{"href":"https:\/\/honelinks.com\/es\/wp-json\/wp\/v2\/product\/1902","targetHints":{"allow":["GET"]}}],"collection":[{"href":"https:\/\/honelinks.com\/es\/wp-json\/wp\/v2\/product"}],"about":[{"href":"https:\/\/honelinks.com\/es\/wp-json\/wp\/v2\/types\/product"}],"replies":[{"embeddable":true,"href":"https:\/\/honelinks.com\/es\/wp-json\/wp\/v2\/comments?post=1902"}],"wp:featuredmedia":[{"embeddable":true,"href":"https:\/\/honelinks.com\/es\/wp-json\/wp\/v2\/media\/1903"}],"wp:attachment":[{"href":"https:\/\/honelinks.com\/es\/wp-json\/wp\/v2\/media?parent=1902"}],"wp:term":[{"taxonomy":"product_brand","embeddable":true,"href":"https:\/\/honelinks.com\/es\/wp-json\/wp\/v2\/product_brand?post=1902"},{"taxonomy":"product_cat","embeddable":true,"href":"https:\/\/honelinks.com\/es\/wp-json\/wp\/v2\/product_cat?post=1902"},{"taxonomy":"product_tag","embeddable":true,"href":"https:\/\/honelinks.com\/es\/wp-json\/wp\/v2\/product_tag?post=1902"}],"curies":[{"name":"wp","href":"https:\/\/api.w.org\/{rel}","templated":true}]}}