{"id":2571,"date":"2025-08-27T22:33:26","date_gmt":"2025-08-27T14:33:26","guid":{"rendered":"https:\/\/honelinks.com\/?post_type=product&#038;p=2571"},"modified":"2026-04-01T17:28:17","modified_gmt":"2026-04-01T09:28:17","slug":"modulo-10g-sfp","status":"publish","type":"product","link":"https:\/\/honelinks.com\/es\/product\/10g-sfp-module\/","title":{"rendered":"M\u00f3dulo SFP 10G"},"content":{"rendered":"<p data-start=\"381\" data-end=\"788\">El m\u00f3dulo SFP 10G es un transceptor \u00f3ptico conectable en caliente dise\u00f1ado para la transmisi\u00f3n de datos a alta velocidad a trav\u00e9s de redes de fibra \u00f3ptica. Compatible con los est\u00e1ndares 10 Gigabit Ethernet y SONET\/SDH, ofrece un rendimiento estable, una amplia compatibilidad y un consumo energ\u00e9tico eficiente. Disponible en opciones SM, MM y BiDi, garantiza una integraci\u00f3n perfecta en infraestructuras empresariales y de telecomunicaciones.<\/p>\n<p data-start=\"790\" data-end=\"818\"><strong data-start=\"790\" data-end=\"816\">2. Estructura y dise\u00f1o:<\/strong><\/p>\n<ul data-start=\"819\" data-end=\"1182\">\n<li data-start=\"819\" data-end=\"877\">\n<p data-start=\"821\" data-end=\"877\">Factor de forma SFP+ compacto, compatible con los est\u00e1ndares MSA<\/p>\n<\/li>\n<li data-start=\"878\" data-end=\"924\">\n<p data-start=\"880\" data-end=\"924\">Admite conectores LC (s\u00edmplex o d\u00faplex)<\/p>\n<\/li>\n<li data-start=\"925\" data-end=\"975\">\n<p data-start=\"927\" data-end=\"975\">Carcasa met\u00e1lica para blindaje EMI y durabilidad<\/p>\n<\/li>\n<li data-start=\"976\" data-end=\"1031\">\n<p data-start=\"978\" data-end=\"1031\">Optimizado para un bajo consumo de energ\u00eda (&lt;1,5 W t\u00edpico)<\/p>\n<\/li>\n<li data-start=\"1032\" data-end=\"1094\">\n<p data-start=\"1034\" data-end=\"1094\">Dise\u00f1o intercambiable en caliente para facilitar la instalaci\u00f3n y la sustituci\u00f3n<\/p>\n<\/li>\n<li data-start=\"1095\" data-end=\"1182\">\n<p data-start=\"1097\" data-end=\"1182\">Disponible en varias longitudes de onda (850 nm, 1310 nm, 1490 nm, 1550 nm, opciones CWDM\/DWDM)<\/p>\n<\/li>\n<\/ul>\n<p data-start=\"1184\" data-end=\"1206\"><strong data-start=\"1184\" data-end=\"1204\">3. Aplicaciones:<\/strong><\/p>\n<ul data-start=\"1207\" data-end=\"1474\">\n<li data-start=\"1207\" data-end=\"1252\">\n<p data-start=\"1209\" data-end=\"1252\">Centros de datos y redes de computaci\u00f3n en nube<\/p>\n<\/li>\n<li data-start=\"1253\" data-end=\"1304\">\n<p data-start=\"1255\" data-end=\"1304\">Conexiones LAN\/WAN empresariales de alto rendimiento<\/p>\n<\/li>\n<li data-start=\"1305\" data-end=\"1353\">\n<p data-start=\"1307\" data-end=\"1353\">Telecomunicaciones y redes de \u00e1rea metropolitana (MAN)<\/p>\n<\/li>\n<li data-start=\"1354\" data-end=\"1392\">\n<p data-start=\"1356\" data-end=\"1392\">Escenarios de despliegue de FTTH y FTTx<\/p>\n<\/li>\n<li data-start=\"1393\" data-end=\"1441\">\n<p data-start=\"1395\" data-end=\"1441\">Interconexiones entre conmutadores y routers<\/p>\n<\/li>\n<li data-start=\"1442\" data-end=\"1474\">\n<p data-start=\"1444\" data-end=\"1474\">Redes de \u00e1rea de almacenamiento (SAN)<\/p>\n<\/li>\n<\/ul>\n<p data-start=\"1476\" data-end=\"1496\"><strong data-start=\"1476\" data-end=\"1494\">4. Ventajas:<\/strong><\/p>\n<ul data-start=\"1497\" data-end=\"1777\">\n<li data-start=\"1497\" data-end=\"1550\">\n<p data-start=\"1499\" data-end=\"1550\">Transmisi\u00f3n de datos 10G de alta velocidad con baja latencia<\/p>\n<\/li>\n<li data-start=\"1551\" data-end=\"1610\">\n<p data-start=\"1553\" data-end=\"1610\">Amplia compatibilidad con los principales proveedores de equipos de red<\/p>\n<\/li>\n<li data-start=\"1611\" data-end=\"1664\">\n<p data-start=\"1613\" data-end=\"1664\">Despliegue flexible con opciones SM, MM y BiDi<\/p>\n<\/li>\n<li data-start=\"1665\" data-end=\"1725\">\n<p data-start=\"1667\" data-end=\"1725\">Eficiencia energ\u00e9tica y fiabilidad en condiciones exigentes<\/p>\n<\/li>\n<li data-start=\"1726\" data-end=\"1777\">\n<p data-start=\"1728\" data-end=\"1777\">Soluci\u00f3n escalable para demandas crecientes de ancho de banda<\/p>\n<\/li>\n<\/ul>\n<p data-start=\"1779\" data-end=\"1793\"><strong data-start=\"1779\" data-end=\"1791\">5. Preguntas frecuentes:<\/strong><\/p>\n<p data-start=\"1795\" data-end=\"1961\"><strong data-start=\"1795\" data-end=\"1847\">P1: <a href=\"https:\/\/honelinks.com\/es\/sfp-vs-sfp-plus\/\">La diferencia entre SFP y SFP+ radica principalmente en su velocidad de transmisi\u00f3n de datos.\n\n*   **SFP (Small Form-factor Pluggable)**: Es un transceptor compacto que se utiliza para conectar dispositivos de red, como switches y routers, a cables de fibra \u00f3ptica o de cobre. Los SFPs t\u00edpicos admiten velocidades de datos de hasta 1 Gigabit Ethernet (1 GbE) o 1 Gb Fibre Channel.\n\n*   **SFP+ (Small Form-factor Pluggable Plus)**: Es una versi\u00f3n mejorada del SFP. Est\u00e1 dise\u00f1ado para admitir velocidades de datos m\u00e1s altas, t\u00edpicamente de 10 Gigabit Ethernet (10 GbE). El formato f\u00edsico del SFP+ es el mismo que el del SFP, lo que permite una alta compatibilidad hacia atr\u00e1s. Sin embargo, un puerto SFP+ solo puede operar a 10 Gbps y no puede admitir velocidades de 1 Gbps si se inserta un m\u00f3dulo SFP de 1 Gbps en \u00e9l (el puerto SFP+ simplemente no funcionar\u00e1). Por otro lado, un puerto SFP+ con capacidad de negociaci\u00f3n autom\u00e1tica puede ser capaz de soportar m\u00f3dulos SFP (1 Gbps).\n\nEn resumen:\n\n*   **Velocidad:** SFP es hasta 1 Gbps, SFP+ es hasta 10 Gbps.\n*   **Retrocompatibilidad:** SFP+ es compatible con el formato SFP, pero SFP no es compatible con el formato SFP+ en t\u00e9rminos de velocidad.<\/a>?<\/strong><br data-start=\"1847\" data-end=\"1850\" \/>A1: SFP admite hasta 1,25G, mientras que SFP+ est\u00e1 dise\u00f1ado para velocidades de 10G con mayor rendimiento y eficiencia.<\/p>\n<p data-start=\"1963\" data-end=\"2092\"><strong data-start=\"1963\" data-end=\"2016\">P2: \u00bfPuedo utilizar un m\u00f3dulo SFP+ de 10 G en un puerto SFP de 1 G?<\/strong><br data-start=\"2016\" data-end=\"2019\" \/>A2: No, los m\u00f3dulos 10G SFP+ no son compatibles con los puertos 1G SFP.<\/p>\n<p data-start=\"2094\" data-end=\"2237\"><strong data-start=\"2094\" data-end=\"2133\">P3: \u00bfQu\u00e9 tipos de fibra son compatibles?<\/strong><br data-start=\"2133\" data-end=\"2136\" \/>A3: Se admiten tanto fibra monomodo (SMF) como multimodo (MMF), en funci\u00f3n del modelo de m\u00f3dulo.<\/p>\n<p data-start=\"2239\" data-end=\"2416\"><strong data-start=\"2239\" data-end=\"2285\">P4: \u00bfHasta d\u00f3nde puede transmitir un m\u00f3dulo SFP 10G?<\/strong><br data-start=\"2285\" data-end=\"2288\" \/>A4: Los m\u00f3dulos MMF suelen soportar hasta 300 m, mientras que los SMF pueden alcanzar desde 10 km hasta 80 km o m\u00e1s en funci\u00f3n del dise\u00f1o.<\/p>\n<p data-start=\"2418\" data-end=\"2600\"><strong data-start=\"2418\" data-end=\"2482\">P5: <a href=\"https:\/\/honelinks.com\/es\/guia-de-compatibilidad-de-sfp\/\">\u00bfSon estos m\u00f3dulos compatibles con switches Cisco o HPE?<\/a>?<\/strong><br data-start=\"2482\" data-end=\"2485\" \/>R5: S\u00ed, nuestros m\u00f3dulos SFP 10G son compatibles con la mayor\u00eda de las principales marcas como Cisco, HPE, Juniper, Huawei y Dell.<\/p>\n<p data-start=\"2418\" data-end=\"2600\">Aprenda m\u00e1s sobre la tecnolog\u00eda SFP en nuestro completo <a href=\"https:\/\/honelinks.com\/es\/modulo-sfp\/\"><strong data-start=\"994\" data-end=\"1014\">Gu\u00eda de m\u00f3dulos SFP<\/strong><\/a><\/p>","protected":false},"excerpt":{"rendered":"<p>En <strong>M\u00f3dulo SFP 10G<\/strong> ofrece conectividad de fibra \u00f3ptica de alta velocidad con baja latencia, rendimiento fiable e implantaci\u00f3n flexible, compatible con aplicaciones monomodo, multimodo y BiDi para redes empresariales y de telecomunicaciones.<\/p>","protected":false},"featured_media":2574,"comment_status":"open","ping_status":"closed","template":"","meta":{"_seopress_robots_primary_cat":"none","_seopress_titles_title":"10G SFP module","_seopress_titles_desc":"10G SFP module delivers stable high-speed transmission, low power consumption, and broad compatibility for modern fiber optic networks","_seopress_robots_index":""},"product_brand":[],"product_cat":[63,27,46],"product_tag":[47],"class_list":{"0":"post-2571","1":"product","2":"type-product","3":"status-publish","4":"has-post-thumbnail","6":"product_cat-sfp-module","7":"product_cat-ftth","8":"product_cat-network-devices","9":"product_tag-network-devices","11":"first","12":"instock","13":"shipping-taxable","14":"product-type-simple"},"_links":{"self":[{"href":"https:\/\/honelinks.com\/es\/wp-json\/wp\/v2\/product\/2571","targetHints":{"allow":["GET"]}}],"collection":[{"href":"https:\/\/honelinks.com\/es\/wp-json\/wp\/v2\/product"}],"about":[{"href":"https:\/\/honelinks.com\/es\/wp-json\/wp\/v2\/types\/product"}],"replies":[{"embeddable":true,"href":"https:\/\/honelinks.com\/es\/wp-json\/wp\/v2\/comments?post=2571"}],"wp:featuredmedia":[{"embeddable":true,"href":"https:\/\/honelinks.com\/es\/wp-json\/wp\/v2\/media\/2574"}],"wp:attachment":[{"href":"https:\/\/honelinks.com\/es\/wp-json\/wp\/v2\/media?parent=2571"}],"wp:term":[{"taxonomy":"product_brand","embeddable":true,"href":"https:\/\/honelinks.com\/es\/wp-json\/wp\/v2\/product_brand?post=2571"},{"taxonomy":"product_cat","embeddable":true,"href":"https:\/\/honelinks.com\/es\/wp-json\/wp\/v2\/product_cat?post=2571"},{"taxonomy":"product_tag","embeddable":true,"href":"https:\/\/honelinks.com\/es\/wp-json\/wp\/v2\/product_tag?post=2571"}],"curies":[{"name":"wp","href":"https:\/\/api.w.org\/{rel}","templated":true}]}}