{"id":2607,"date":"2025-09-09T22:29:06","date_gmt":"2025-09-09T14:29:06","guid":{"rendered":"https:\/\/honelinks.com\/?post_type=product&#038;p=2607"},"modified":"2025-09-10T00:44:19","modified_gmt":"2025-09-09T16:44:19","slug":"manguito-de-proteccion-de-empalmes-de-fibra-optica","status":"publish","type":"product","link":"https:\/\/honelinks.com\/es\/product\/fiber-optic-splice-protection-sleeve\/","title":{"rendered":"Manguito de protecci\u00f3n de empalmes de fibra \u00f3ptica"},"content":{"rendered":"<p>El manguito de protecci\u00f3n de empalmes de fibra \u00f3ptica proporciona una protecci\u00f3n duradera y fiable de los empalmes. Fabricado con poliolefina termorretr\u00e1ctil y reforzado con una varilla de acero, garantiza un sellado resistente al agua y a los rayos UV, ofreciendo un rendimiento seguro y duradero con una instalaci\u00f3n sencilla para aplicaciones de red profesionales.<\/p>\n<h3 data-start=\"436\" data-end=\"464\"><strong data-start=\"440\" data-end=\"462\">1. Estructura y dise\u00f1o<\/strong><\/h3>\n<ul data-start=\"465\" data-end=\"794\">\n<li data-start=\"465\" data-end=\"533\">\n<p data-start=\"467\" data-end=\"533\"><strong data-start=\"467\" data-end=\"482\">Tubo exterior:<\/strong> Poliolefina termorretr\u00e1ctil para una mayor protecci\u00f3n<\/p>\n<\/li>\n<li data-start=\"534\" data-end=\"590\">\n<p data-start=\"536\" data-end=\"590\"><strong data-start=\"536\" data-end=\"551\">Tubo interior:<\/strong> Adhesivo fundido EVA para un sellado seguro<\/p>\n<\/li>\n<li data-start=\"591\" data-end=\"664\">\n<p data-start=\"593\" data-end=\"664\"><strong data-start=\"593\" data-end=\"613\">Miembro de Fuerza:<\/strong> Varilla de acero inoxidable para mantener la integridad del empalme<\/p>\n<\/li>\n<li data-start=\"665\" data-end=\"794\">\n<p data-start=\"667\" data-end=\"794\"><strong data-start=\"667\" data-end=\"687\">Caracter\u00edsticas de dise\u00f1o:<\/strong> Transparente para facilitar la inspecci\u00f3n, compacto y robusto, evita los da\u00f1os mec\u00e1nicos y el impacto ambiental<\/p>\n<\/li>\n<\/ul>\n<h3 data-start=\"801\" data-end=\"823\"><strong data-start=\"805\" data-end=\"821\">2. Aplicaciones<\/strong><\/h3>\n<ul data-start=\"824\" data-end=\"1062\">\n<li data-start=\"824\" data-end=\"891\">\n<p data-start=\"826\" data-end=\"891\">Protecci\u00f3n de empalmes de fibra \u00f3ptica en redes interiores y exteriores<\/p>\n<\/li>\n<li data-start=\"892\" data-end=\"945\">\n<p data-start=\"894\" data-end=\"945\">Proyectos de telecomunicaciones e instalaciones FTTH<\/p>\n<\/li>\n<li data-start=\"946\" data-end=\"992\">\n<p data-start=\"948\" data-end=\"992\">Centros de datos e infraestructura de redes<\/p>\n<\/li>\n<li data-start=\"993\" data-end=\"1062\">\n<p data-start=\"995\" data-end=\"1062\">Sistemas de comunicaci\u00f3n \u00f3ptica que requieren una protecci\u00f3n duradera de los empalmes<\/p>\n<\/li>\n<\/ul>\n<h3 data-start=\"1069\" data-end=\"1089\"><strong data-start=\"1073\" data-end=\"1087\">3. Ventajas<\/strong><\/h3>\n<ul data-start=\"1090\" data-end=\"1441\">\n<li data-start=\"1090\" data-end=\"1167\">\n<p data-start=\"1092\" data-end=\"1167\">Protecci\u00f3n duradera contra el agua, los rayos UV y los da\u00f1os mec\u00e1nicos<\/p>\n<\/li>\n<li data-start=\"1168\" data-end=\"1230\">\n<p data-start=\"1170\" data-end=\"1230\">Instalaci\u00f3n f\u00e1cil y fiable con tecnolog\u00eda termorretr\u00e1ctil<\/p>\n<\/li>\n<li data-start=\"1231\" data-end=\"1294\">\n<p data-start=\"1233\" data-end=\"1294\">El dise\u00f1o transparente permite una r\u00e1pida inspecci\u00f3n de los puntos de empalme<\/p>\n<\/li>\n<li data-start=\"1295\" data-end=\"1373\">\n<p data-start=\"1297\" data-end=\"1373\">La varilla de acero reforzada garantiza la integridad estructural y reduce la tensi\u00f3n de las fibras<\/p>\n<\/li>\n<li data-start=\"1374\" data-end=\"1441\">\n<p data-start=\"1376\" data-end=\"1441\">Tama\u00f1o compacto, adecuado para diversos escenarios de despliegue de red<\/p>\n<\/li>\n<\/ul>\n<h3 data-start=\"1448\" data-end=\"1462\"><strong data-start=\"1452\" data-end=\"1460\">4. Preguntas frecuentes<\/strong><\/h3>\n<p data-start=\"1464\" data-end=\"1537\"><strong data-start=\"1464\" data-end=\"1512\">P1: \u00bfCu\u00e1l es el rango de temperatura de funcionamiento?<\/strong><br data-start=\"1512\" data-end=\"1515\" \/>A1: -40\u00b0C a +100\u00b0C.<\/p>\n<p data-start=\"1539\" data-end=\"1597\"><strong data-start=\"1539\" data-end=\"1578\">P2: \u00bfCu\u00e1l es la temperatura de retracci\u00f3n?<\/strong><br data-start=\"1578\" data-end=\"1581\" \/>A2: 100-120\u00b0C.<\/p>\n<p data-start=\"1599\" data-end=\"1682\"><strong data-start=\"1599\" data-end=\"1622\">P3: \u00bfEs reutilizable?<\/strong><br data-start=\"1622\" data-end=\"1625\" \/>A3: No, est\u00e1 dise\u00f1ado para la protecci\u00f3n permanente de empalmes.<\/p>\n<p data-start=\"1684\" data-end=\"1804\"><strong data-start=\"1684\" data-end=\"1716\">P4: \u00bfSe puede utilizar al aire libre?<\/strong><br data-start=\"1716\" data-end=\"1719\" \/>A4: S\u00ed, es resistente al agua y a los rayos UV, adecuado para aplicaciones en exteriores.<\/p>\n<p data-start=\"1806\" data-end=\"1927\"><strong data-start=\"1806\" data-end=\"1834\">P5: \u00bfC\u00f3mo se instala?<\/strong><br data-start=\"1834\" data-end=\"1837\" \/>A5: Coloque el empalme de fibra dentro del manguito y, a continuaci\u00f3n, aplique calor uniformemente para retraerlo y sellarlo.<\/p>","protected":false},"excerpt":{"rendered":"<p>En <strong>Manguito de protecci\u00f3n de empalmes de fibra \u00f3ptica<\/strong> garantiza una protecci\u00f3n fiable de los empalmes con un dise\u00f1o de poliolefina termorretr\u00e1ctil y un refuerzo de varilla de acero. Su construcci\u00f3n resistente al agua y a los rayos UV proporciona una durabilidad duradera, una instalaci\u00f3n sencilla y un sellado seguro, por lo que es ideal para redes de fibra \u00f3ptica y aplicaciones de telecomunicaciones profesionales.<\/p>","protected":false},"featured_media":2608,"comment_status":"open","ping_status":"closed","template":"","meta":{"_seopress_robots_primary_cat":"none","_seopress_titles_title":"%%post_title%%","_seopress_titles_desc":"%%post_excerpt%%","_seopress_robots_index":""},"product_brand":[],"product_cat":[27],"product_tag":[45],"class_list":{"0":"post-2607","1":"product","2":"type-product","3":"status-publish","4":"has-post-thumbnail","6":"product_cat-ftth","7":"product_tag-ftth","9":"first","10":"instock","11":"shipping-taxable","12":"product-type-simple"},"_links":{"self":[{"href":"https:\/\/honelinks.com\/es\/wp-json\/wp\/v2\/product\/2607","targetHints":{"allow":["GET"]}}],"collection":[{"href":"https:\/\/honelinks.com\/es\/wp-json\/wp\/v2\/product"}],"about":[{"href":"https:\/\/honelinks.com\/es\/wp-json\/wp\/v2\/types\/product"}],"replies":[{"embeddable":true,"href":"https:\/\/honelinks.com\/es\/wp-json\/wp\/v2\/comments?post=2607"}],"wp:featuredmedia":[{"embeddable":true,"href":"https:\/\/honelinks.com\/es\/wp-json\/wp\/v2\/media\/2608"}],"wp:attachment":[{"href":"https:\/\/honelinks.com\/es\/wp-json\/wp\/v2\/media?parent=2607"}],"wp:term":[{"taxonomy":"product_brand","embeddable":true,"href":"https:\/\/honelinks.com\/es\/wp-json\/wp\/v2\/product_brand?post=2607"},{"taxonomy":"product_cat","embeddable":true,"href":"https:\/\/honelinks.com\/es\/wp-json\/wp\/v2\/product_cat?post=2607"},{"taxonomy":"product_tag","embeddable":true,"href":"https:\/\/honelinks.com\/es\/wp-json\/wp\/v2\/product_tag?post=2607"}],"curies":[{"name":"wp","href":"https:\/\/api.w.org\/{rel}","templated":true}]}}