{"id":2643,"date":"2025-09-20T17:40:42","date_gmt":"2025-09-20T09:40:42","guid":{"rendered":"https:\/\/honelinks.com\/?post_type=product&#038;p=2643"},"modified":"2025-09-20T17:44:02","modified_gmt":"2025-09-20T09:44:02","slug":"unidad-optica-de-distribucion","status":"publish","type":"product","link":"https:\/\/honelinks.com\/es\/product\/optical-distribution-frame-unit\/","title":{"rendered":"Unidad de bastidor de distribuci\u00f3n \u00f3ptica"},"content":{"rendered":"<p class=\"\" data-start=\"584\" data-end=\"955\">La unidad de cuadro de distribuci\u00f3n \u00f3ptica (ODF) es un componente vital en los sistemas de comunicaci\u00f3n por fibra \u00f3ptica, ya que proporciona un punto centralizado para gestionar los cables \u00f3pticos. Integra el empalme, la terminaci\u00f3n y la conexi\u00f3n de la fibra en un \u00fanico bastidor, lo que garantiza la agilizaci\u00f3n de las operaciones y la mejora de la fiabilidad de la red. Gracias a su dise\u00f1o modular, la unidad ODF simplifica la ampliaci\u00f3n y el mantenimiento de la red, al tiempo que reduce el tiempo de inactividad.<\/p>\n<h3 data-start=\"707\" data-end=\"737\"><strong data-start=\"711\" data-end=\"735\">Dise\u00f1o y estructura<\/strong><\/h3>\n<ul>\n<li data-start=\"902\" data-end=\"985\">\n<p data-start=\"904\" data-end=\"985\"><strong data-start=\"904\" data-end=\"917\">Material:<\/strong> Acero laminado en fr\u00edo de alta resistencia o aleaci\u00f3n de aluminio para mayor durabilidad.<\/p>\n<\/li>\n<li data-start=\"986\" data-end=\"1057\">\n<p data-start=\"988\" data-end=\"1057\"><strong data-start=\"988\" data-end=\"999\">Dise\u00f1o:<\/strong> Unidades modulares y apilables para una configuraci\u00f3n flexible.<\/p>\n<\/li>\n<li data-start=\"1058\" data-end=\"1145\">\n<p data-start=\"1060\" data-end=\"1145\"><strong data-start=\"1060\" data-end=\"1081\">Gesti\u00f3n de cables:<\/strong> Despeje las v\u00edas de enrutamiento de la fibra para evitar dobleces y p\u00e9rdidas de se\u00f1al.<\/p>\n<\/li>\n<li data-start=\"1146\" data-end=\"1234\">\n<p data-start=\"1148\" data-end=\"1234\"><strong data-start=\"1148\" data-end=\"1165\">Acceso frontal:<\/strong> C\u00f3modas puertas y paneles para facilitar la instalaci\u00f3n y el mantenimiento.<\/p>\n<\/li>\n<li data-start=\"1235\" data-end=\"1318\">\n<p data-start=\"1237\" data-end=\"1318\"><strong data-start=\"1237\" data-end=\"1250\">Capacidad:<\/strong> Admite varios recuentos de fibras en funci\u00f3n de los requisitos de la red.<\/p>\n<\/li>\n<\/ul>\n<h3 data-start=\"1041\" data-end=\"1063\"><strong data-start=\"1045\" data-end=\"1061\">Aplicaciones<\/strong><\/h3>\n<ul>\n<li data-start=\"1346\" data-end=\"1427\"><strong data-start=\"1346\" data-end=\"1377\">Redes de telecomunicaciones:<\/strong> Gesti\u00f3n centralizada de la fibra en las salas de intercambio.<\/li>\n<li data-start=\"1430\" data-end=\"1506\"><strong data-start=\"1430\" data-end=\"1448\">Proyectos FTTH:<\/strong> Puntos de terminaci\u00f3n eficientes para las conexiones de \u00faltima milla.<\/li>\n<li data-start=\"1509\" data-end=\"1584\"><strong data-start=\"1509\" data-end=\"1526\">Centros de datos:<\/strong> Distribuci\u00f3n organizada de fibra para redes de alta densidad.<\/li>\n<li data-start=\"1587\" data-end=\"1666\"><strong data-start=\"1587\" data-end=\"1611\">Redes empresariales:<\/strong> Interconexiones de fibra fiables en grandes instalaciones.<\/li>\n<\/ul>\n<h3 data-start=\"1185\" data-end=\"1205\"><strong data-start=\"1189\" data-end=\"1203\">Ventajas<\/strong><\/h3>\n<ul>\n<li data-start=\"1692\" data-end=\"1779\"><strong data-start=\"1692\" data-end=\"1723\">Gesti\u00f3n eficiente de la fibra:<\/strong> Agiliza la terminaci\u00f3n, el empalme y el tendido de cables.<\/li>\n<li data-start=\"1782\" data-end=\"1854\"><strong data-start=\"1782\" data-end=\"1805\">Expansi\u00f3n flexible:<\/strong> El dise\u00f1o modular permite el crecimiento futuro de la red.<\/li>\n<li data-start=\"1857\" data-end=\"1931\"><strong data-start=\"1857\" data-end=\"1877\">Alta protecci\u00f3n:<\/strong> Evita da\u00f1os en la fibra y garantiza la estabilidad de la se\u00f1al.<\/li>\n<li data-start=\"1934\" data-end=\"2018\"><strong data-start=\"1934\" data-end=\"1955\">F\u00e1cil mantenimiento:<\/strong> Los paneles de acceso frontales simplifican la inspecci\u00f3n y la localizaci\u00f3n de aver\u00edas.<\/li>\n<li data-start=\"2021\" data-end=\"2103\"><strong data-start=\"2021\" data-end=\"2045\">Dise\u00f1o que ahorra espacio:<\/strong> Estructura compacta ideal para instalaciones de alta densidad.<\/li>\n<\/ul>\n<h3 data-start=\"1566\" data-end=\"1578\"><strong data-start=\"1570\" data-end=\"1578\">Preguntas frecuentes<\/strong><\/h3>\n<p data-start=\"2122\" data-end=\"2286\"><strong data-start=\"2122\" data-end=\"2165\">P1: \u00bfPara qu\u00e9 sirve una unidad FOD?<\/strong><br data-start=\"2165\" data-end=\"2168\" \/>R: Proporciona una gesti\u00f3n centralizada del cable de fibra para la terminaci\u00f3n, el empalme y la conexi\u00f3n en redes de comunicaci\u00f3n.<\/p>\n<p data-start=\"2288\" data-end=\"2406\"><strong data-start=\"2288\" data-end=\"2342\">P2: \u00bfPuede la unidad ODF manejar distintos tipos de fibra?<\/strong><br data-start=\"2342\" data-end=\"2345\" \/>R: S\u00ed, admite fibras monomodo y multimodo.<\/p>\n<p data-start=\"2408\" data-end=\"2567\"><strong data-start=\"2408\" data-end=\"2457\">P3: \u00bfEs adecuada la unidad ODF para su uso en exteriores?<\/strong><br data-start=\"2457\" data-end=\"2460\" \/>R: Las unidades est\u00e1ndar son para uso en interiores; si es necesario, hay disponibles armarios para exteriores con dise\u00f1os resistentes a la intemperie.<\/p>\n<p data-start=\"2569\" data-end=\"2751\"><strong data-start=\"2569\" data-end=\"2621\">P4: \u00bfDe qu\u00e9 capacidades disponen las unidades FOD?<\/strong><br data-start=\"2621\" data-end=\"2624\" \/>R: Van desde unidades de peque\u00f1a capacidad para redes peque\u00f1as hasta bastidores de gran capacidad para aplicaciones de telecomunicaciones y centros de datos.<\/p>\n<p data-start=\"2753\" data-end=\"2907\"><strong data-start=\"2753\" data-end=\"2794\">P5: \u00bfC\u00f3mo ayuda el dise\u00f1o modular?<\/strong><br data-start=\"2794\" data-end=\"2797\" \/>R: Permite a los operadores de red ampliar la capacidad sin sustituir todo el bastidor, lo que ahorra costes y tiempo.<\/p>","protected":false},"excerpt":{"rendered":"<p data-start=\"131\" data-end=\"431\">En<strong> Unidad de repartidor \u00f3ptico (ODF)<\/strong> es una soluci\u00f3n de gesti\u00f3n de fibra de alta calidad dise\u00f1ada para una terminaci\u00f3n, empalme y conexi\u00f3n eficientes de los cables. Garantiza un enrutamiento organizado de la fibra, protecci\u00f3n y f\u00e1cil mantenimiento, por lo que es esencial para redes de telecomunicaciones, centros de datos y aplicaciones FTTH.<\/p>","protected":false},"featured_media":2645,"comment_status":"open","ping_status":"closed","template":"","meta":{"_seopress_robots_primary_cat":"none","_seopress_titles_title":"Optical Distribution Frame unit","_seopress_titles_desc":"Optical Distribution Frame unit for efficient fiber termination, splicing, distribution, and reliable network management.","_seopress_robots_index":""},"product_brand":[],"product_cat":[27],"product_tag":[45],"class_list":{"0":"post-2643","1":"product","2":"type-product","3":"status-publish","4":"has-post-thumbnail","6":"product_cat-ftth","7":"product_tag-ftth","9":"first","10":"instock","11":"shipping-taxable","12":"product-type-simple"},"_links":{"self":[{"href":"https:\/\/honelinks.com\/es\/wp-json\/wp\/v2\/product\/2643","targetHints":{"allow":["GET"]}}],"collection":[{"href":"https:\/\/honelinks.com\/es\/wp-json\/wp\/v2\/product"}],"about":[{"href":"https:\/\/honelinks.com\/es\/wp-json\/wp\/v2\/types\/product"}],"replies":[{"embeddable":true,"href":"https:\/\/honelinks.com\/es\/wp-json\/wp\/v2\/comments?post=2643"}],"wp:featuredmedia":[{"embeddable":true,"href":"https:\/\/honelinks.com\/es\/wp-json\/wp\/v2\/media\/2645"}],"wp:attachment":[{"href":"https:\/\/honelinks.com\/es\/wp-json\/wp\/v2\/media?parent=2643"}],"wp:term":[{"taxonomy":"product_brand","embeddable":true,"href":"https:\/\/honelinks.com\/es\/wp-json\/wp\/v2\/product_brand?post=2643"},{"taxonomy":"product_cat","embeddable":true,"href":"https:\/\/honelinks.com\/es\/wp-json\/wp\/v2\/product_cat?post=2643"},{"taxonomy":"product_tag","embeddable":true,"href":"https:\/\/honelinks.com\/es\/wp-json\/wp\/v2\/product_tag?post=2643"}],"curies":[{"name":"wp","href":"https:\/\/api.w.org\/{rel}","templated":true}]}}