{"id":2663,"date":"2025-10-08T10:51:39","date_gmt":"2025-10-08T02:51:39","guid":{"rendered":"https:\/\/honelinks.com\/?post_type=product&#038;p=2663"},"modified":"2026-04-17T13:59:55","modified_gmt":"2026-04-17T05:59:55","slug":"modulo-sfp-40g-de-alto-rendimiento-qsfp-40g-er4-lr4-sr4-transceptores-opticos-para-centros-de-datos","status":"publish","type":"product","link":"https:\/\/honelinks.com\/es\/product\/high-performance-40g-sfp-module-qsfp-40g-er4-lr4-sr4-optical-transceivers-for-data-centers\/","title":{"rendered":"M\u00f3dulo SFP 40G de alto rendimiento | Transceptores \u00f3pticos QSFP+ 40G-ER4, LR4, SR4 para centros de datos"},"content":{"rendered":"<p data-start=\"2211\" data-end=\"2333\">En <strong data-start=\"557\" data-end=\"575\">M\u00f3dulo SFP 40G<\/strong> es de alta velocidad <strong data-start=\"592\" data-end=\"615\">transceptor \u00f3ptico<\/strong> dise\u00f1ado para una transmisi\u00f3n Ethernet de 40 Gigabits eficiente y estable. Ofrece m\u00faltiples configuraciones que incluyen <strong data-start=\"728\" data-end=\"779\">QSFP+ 40G-ER4, QSFP+ 40G-LR4 y QSFP+ 40G-SR4<\/strong>, ofrece opciones de conectividad flexibles para centros de datos, redes troncales de empresas y redes de telecomunicaciones. Gracias a su excelente fiabilidad, eficiencia energ\u00e9tica y facilidad de instalaci\u00f3n, este m\u00f3dulo garantiza una transferencia de datos fluida y de gran ancho de banda en entornos de red exigentes.<\/p>\n<h3 data-start=\"1050\" data-end=\"1079\"><strong data-start=\"1054\" data-end=\"1079\">1. Estructura y dise\u00f1o<\/strong><\/h3>\n<ul data-start=\"1081\" data-end=\"1799\">\n<li data-start=\"1081\" data-end=\"1185\">\n<p data-start=\"1083\" data-end=\"1185\"><strong data-start=\"1083\" data-end=\"1099\">Factor de forma:<\/strong> QSFP+ (Quad Small Form-factor Pluggable Plus), compatible con el est\u00e1ndar IEEE 802.3ba<\/p>\n<\/li>\n<li data-start=\"1186\" data-end=\"1409\">\n<p data-start=\"1188\" data-end=\"1216\"><strong data-start=\"1188\" data-end=\"1214\">Distancia de transmisi\u00f3n:<\/strong><\/p>\n<ul data-start=\"1219\" data-end=\"1409\">\n<li data-start=\"1219\" data-end=\"1281\">\n<p data-start=\"1221\" data-end=\"1281\"><strong data-start=\"1221\" data-end=\"1239\">QSFP+ 40G-ER4:<\/strong> Hasta 40 km por fibra monomodo (SMF)<\/p>\n<\/li>\n<li data-start=\"1284\" data-end=\"1346\">\n<p data-start=\"1286\" data-end=\"1346\"><strong data-start=\"1286\" data-end=\"1304\">QSFP+ 40G-LR4:<\/strong> Hasta 10 km mediante fibra monomodo (SMF)<\/p>\n<\/li>\n<li data-start=\"1349\" data-end=\"1409\">\n<p data-start=\"1351\" data-end=\"1409\"><strong data-start=\"1351\" data-end=\"1369\">QSFP+ 40G-SR4:<\/strong> Hasta 150 m mediante fibra multimodo (OM4)<\/p>\n<\/li>\n<\/ul>\n<\/li>\n<li data-start=\"1410\" data-end=\"1475\">\n<p data-start=\"1412\" data-end=\"1475\"><strong data-start=\"1412\" data-end=\"1431\">Tipo de conector:<\/strong> MPO\/MTP o LC Duplex (seg\u00fan modelo)<\/p>\n<\/li>\n<li data-start=\"1476\" data-end=\"1527\">\n<p data-start=\"1478\" data-end=\"1527\"><strong data-start=\"1478\" data-end=\"1493\">Longitud de onda:<\/strong> 850 nm (SR4), 1310 nm (LR4\/ER4)<\/p>\n<\/li>\n<li data-start=\"1528\" data-end=\"1574\">\n<p data-start=\"1530\" data-end=\"1574\"><strong data-start=\"1530\" data-end=\"1544\">Velocidad de datos:<\/strong> Ancho de banda agregado de 40 Gbps<\/p>\n<\/li>\n<li data-start=\"1575\" data-end=\"1643\">\n<p data-start=\"1577\" data-end=\"1643\"><strong data-start=\"1577\" data-end=\"1599\">Consumo de energ\u00eda:<\/strong> &lt;3,5 W t\u00edpico, funcionamiento de bajo consumo<\/p>\n<\/li>\n<li data-start=\"1644\" data-end=\"1710\">\n<p data-start=\"1646\" data-end=\"1710\"><strong data-start=\"1646\" data-end=\"1670\">Dise\u00f1o conectable en caliente<\/strong> para una instalaci\u00f3n y mantenimiento r\u00e1pidos<\/p>\n<\/li>\n<li data-start=\"1711\" data-end=\"1799\">\n<p data-start=\"1713\" data-end=\"1799\"><strong data-start=\"1713\" data-end=\"1752\">Control de diagn\u00f3stico digital (DDM)<\/strong> para supervisar el rendimiento \u00f3ptico en tiempo real<\/p>\n<\/li>\n<\/ul>\n<h3 data-start=\"1806\" data-end=\"1829\"><strong data-start=\"1810\" data-end=\"1829\">2. Aplicaciones<\/strong><\/h3>\n<ul data-start=\"1831\" data-end=\"2090\">\n<li data-start=\"1831\" data-end=\"1875\">\n<p data-start=\"1833\" data-end=\"1875\">Alta velocidad <strong data-start=\"1844\" data-end=\"1873\">interconexiones de centros de datos<\/strong><\/p>\n<\/li>\n<li data-start=\"1876\" data-end=\"1923\">\n<p data-start=\"1878\" data-end=\"1923\">Computaci\u00f3n en nube y redes de virtualizaci\u00f3n<\/p>\n<\/li>\n<li data-start=\"1924\" data-end=\"1966\">\n<p data-start=\"1926\" data-end=\"1966\">N\u00facleo empresarial y capas de agregaci\u00f3n<\/p>\n<\/li>\n<li data-start=\"1967\" data-end=\"2018\">\n<p data-start=\"1969\" data-end=\"2018\"><strong data-start=\"1969\" data-end=\"2016\">Conmutadores, routers y servidores Ethernet 40G<\/strong><\/p>\n<\/li>\n<li data-start=\"2019\" data-end=\"2090\">\n<p data-start=\"2021\" data-end=\"2090\"><strong data-start=\"2021\" data-end=\"2051\">Redes de telecomunicaciones y metro<\/strong> que requieren una transmisi\u00f3n a larga distancia<\/p>\n<\/li>\n<\/ul>\n<h3 data-start=\"2097\" data-end=\"2118\"><strong data-start=\"2101\" data-end=\"2118\">3. Ventajas<\/strong><\/h3>\n<ul data-start=\"2120\" data-end=\"2482\">\n<li data-start=\"2120\" data-end=\"2181\">\n<p data-start=\"2122\" data-end=\"2181\">Fiable <strong data-start=\"2131\" data-end=\"2162\">Transmisi\u00f3n \u00f3ptica de 40 Gbps<\/strong> con baja latencia<\/p>\n<\/li>\n<li data-start=\"2182\" data-end=\"2246\">\n<p data-start=\"2184\" data-end=\"2246\">Opciones para <strong data-start=\"2196\" data-end=\"2231\">alcance corto, largo y ampliado<\/strong> conectividad<\/p>\n<\/li>\n<li data-start=\"2247\" data-end=\"2301\">\n<p data-start=\"2249\" data-end=\"2301\">Compatible con los principales <strong data-start=\"2271\" data-end=\"2299\">marcas de equipos de red<\/strong><\/p>\n<\/li>\n<li data-start=\"2302\" data-end=\"2358\">\n<p data-start=\"2304\" data-end=\"2358\"><strong data-start=\"2304\" data-end=\"2334\">Dise\u00f1o QSFP+ plug-and-play<\/strong> para un despliegue sencillo<\/p>\n<\/li>\n<li data-start=\"2359\" data-end=\"2419\">\n<p data-start=\"2361\" data-end=\"2419\"><strong data-start=\"2361\" data-end=\"2392\">Eficiencia energ\u00e9tica y estabilidad<\/strong> para un funcionamiento continuo<\/p>\n<\/li>\n<li data-start=\"2420\" data-end=\"2482\">\n<p data-start=\"2422\" data-end=\"2482\">Soluci\u00f3n escalable para pasar de <strong data-start=\"2459\" data-end=\"2482\">Redes de 10G a 40G<\/strong><\/p>\n<\/li>\n<\/ul>\n<h3 data-start=\"2489\" data-end=\"2504\"><strong data-start=\"2493\" data-end=\"2504\">4. Preguntas frecuentes<\/strong><\/h3>\n<p data-start=\"2506\" data-end=\"2595\"><strong>P1: <a href=\"https:\/\/honelinks.com\/es\/como-elegir-un-modulo-sfp\/\">\u00bfCu\u00e1les son las diferencias entre los m\u00f3dulos QSFP+ 40G-SR4, LR4 y ER4?<\/a>?<\/strong><\/p>\n<p data-start=\"2506\" data-end=\"2595\"><strong data-start=\"2586\" data-end=\"2593\">A1:<\/strong><\/p>\n<ul data-start=\"2596\" data-end=\"2810\">\n<li data-start=\"2596\" data-end=\"2668\">\n<p data-start=\"2598\" data-end=\"2668\"><strong data-start=\"2598\" data-end=\"2606\">SR4:<\/strong> M\u00f3dulo de corto alcance que utiliza fibra multimodo (hasta 150 m, OM4).<\/p>\n<\/li>\n<li data-start=\"2669\" data-end=\"2737\">\n<p data-start=\"2671\" data-end=\"2737\"><strong data-start=\"2671\" data-end=\"2679\">LR4:<\/strong> M\u00f3dulo de largo alcance que utiliza fibra monomodo (hasta 10 km).<\/p>\n<\/li>\n<li data-start=\"2738\" data-end=\"2810\">\n<p data-start=\"2740\" data-end=\"2810\"><strong data-start=\"2740\" data-end=\"2748\">ER4:<\/strong> M\u00f3dulo de alcance ampliado mediante fibra monomodo (hasta 40 km).<\/p>\n<\/li>\n<\/ul>\n<p data-start=\"2812\" data-end=\"2979\"><strong data-start=\"2812\" data-end=\"2876\">P2: \u00bfEs compatible el m\u00f3dulo SFP 40G con todos los dispositivos QSFP+?<\/strong><br data-start=\"2876\" data-end=\"2879\" \/><strong data-start=\"2879\" data-end=\"2886\">A2:<\/strong> S\u00ed, sigue el <strong data-start=\"2907\" data-end=\"2929\">QSFP+ MSA est\u00e1ndar<\/strong> y funciona con la mayor\u00eda de switches y routers QSFP+.<\/p>\n<p data-start=\"2981\" data-end=\"3132\"><strong data-start=\"2981\" data-end=\"3030\">P3: \u00bfPueden conectarse m\u00f3dulos SFP de 40 G a puertos de 10 G?<\/strong><br data-start=\"3030\" data-end=\"3033\" \/><strong data-start=\"3033\" data-end=\"3040\">A3:<\/strong> No directamente, pero <strong data-start=\"3059\" data-end=\"3086\">cables de conexi\u00f3n (4x10G)<\/strong> si su equipo lo admite.<\/p>\n<p data-start=\"3134\" data-end=\"3201\"><strong data-start=\"3134\" data-end=\"3189\">P4: \u00bfQu\u00e9 tipo de fibra se necesita para cada m\u00f3dulo?<\/strong><br data-start=\"3189\" data-end=\"3192\" \/><strong data-start=\"3192\" data-end=\"3199\">A4:<\/strong><\/p>\n<ul data-start=\"3202\" data-end=\"3283\">\n<li data-start=\"3202\" data-end=\"3240\">\n<p data-start=\"3204\" data-end=\"3240\"><strong data-start=\"3204\" data-end=\"3212\">SR4:<\/strong> Fibra multimodo (OM3\/OM4)<\/p>\n<\/li>\n<li data-start=\"3241\" data-end=\"3283\">\n<p data-start=\"3243\" data-end=\"3283\"><strong data-start=\"3243\" data-end=\"3257\">LR4 Y ER4:<\/strong> Fibra monomodo (SMF)<\/p>\n<\/li>\n<\/ul>\n<p data-start=\"3285\" data-end=\"3482\"><strong data-start=\"3285\" data-end=\"3335\">P5: \u00bfSon compatibles estos m\u00f3dulos con las funciones DDM\/DOM?<\/strong><br data-start=\"3335\" data-end=\"3338\" \/><strong data-start=\"3338\" data-end=\"3345\">A5:<\/strong> S\u00ed, todos los modelos admiten <strong data-start=\"3370\" data-end=\"3403\">Control de diagn\u00f3stico digital<\/strong>, que proporciona informaci\u00f3n en tiempo real sobre la potencia \u00f3ptica, la tensi\u00f3n y la temperatura.<\/p>\n<p data-start=\"3285\" data-end=\"3482\">Aprenda m\u00e1s sobre la tecnolog\u00eda SFP en nuestro completo <a href=\"https:\/\/honelinks.com\/es\/modulo-sfp\/\"><strong data-start=\"994\" data-end=\"1014\">Gu\u00eda de m\u00f3dulos SFP<\/strong> <\/a><\/p>","protected":false},"excerpt":{"rendered":"<p data-start=\"369\" data-end=\"523\">M\u00f3dulos SFP 40G fiables con opciones QSFP+ 40G-ER4, LR4 y SR4 para la transmisi\u00f3n de datos de alta velocidad y larga distancia en centros de datos y redes empresariales.<\/p>","protected":false},"featured_media":2664,"comment_status":"open","ping_status":"closed","template":"","meta":{"_seopress_robots_primary_cat":"none","_seopress_titles_title":"40G SFP Module","_seopress_titles_desc":"High-performance 40G SFP module for data centers and enterprise networks, offering low latency, reliability, and long-distance transmission","_seopress_robots_index":""},"product_brand":[],"product_cat":[63,27,46],"product_tag":[47],"class_list":{"0":"post-2663","1":"product","2":"type-product","3":"status-publish","4":"has-post-thumbnail","6":"product_cat-sfp-module","7":"product_cat-ftth","8":"product_cat-network-devices","9":"product_tag-network-devices","11":"first","12":"instock","13":"shipping-taxable","14":"product-type-simple"},"_links":{"self":[{"href":"https:\/\/honelinks.com\/es\/wp-json\/wp\/v2\/product\/2663","targetHints":{"allow":["GET"]}}],"collection":[{"href":"https:\/\/honelinks.com\/es\/wp-json\/wp\/v2\/product"}],"about":[{"href":"https:\/\/honelinks.com\/es\/wp-json\/wp\/v2\/types\/product"}],"replies":[{"embeddable":true,"href":"https:\/\/honelinks.com\/es\/wp-json\/wp\/v2\/comments?post=2663"}],"wp:featuredmedia":[{"embeddable":true,"href":"https:\/\/honelinks.com\/es\/wp-json\/wp\/v2\/media\/2664"}],"wp:attachment":[{"href":"https:\/\/honelinks.com\/es\/wp-json\/wp\/v2\/media?parent=2663"}],"wp:term":[{"taxonomy":"product_brand","embeddable":true,"href":"https:\/\/honelinks.com\/es\/wp-json\/wp\/v2\/product_brand?post=2663"},{"taxonomy":"product_cat","embeddable":true,"href":"https:\/\/honelinks.com\/es\/wp-json\/wp\/v2\/product_cat?post=2663"},{"taxonomy":"product_tag","embeddable":true,"href":"https:\/\/honelinks.com\/es\/wp-json\/wp\/v2\/product_tag?post=2663"}],"curies":[{"name":"wp","href":"https:\/\/api.w.org\/{rel}","templated":true}]}}