{"id":2672,"date":"2025-10-08T21:21:32","date_gmt":"2025-10-08T13:21:32","guid":{"rendered":"https:\/\/honelinks.com\/?post_type=product&#038;p=2672"},"modified":"2026-04-01T21:20:35","modified_gmt":"2026-04-01T13:20:35","slug":"100g-qsfp28-transceptor-optico-100g-lr4-sr4-cwdm4-modulos","status":"publish","type":"product","link":"https:\/\/honelinks.com\/es\/product\/100g-qsfp28-optical-transceiver-100g-lr4-sr4-cwdm4-modules\/","title":{"rendered":"Transceptor \u00f3ptico 100G QSFP28 de alto rendimiento | 100G-LR4, SR4, M\u00f3dulos CWDM4 para centros de datos"},"content":{"rendered":"<p data-start=\"657\" data-end=\"1190\">En <strong data-start=\"661\" data-end=\"683\">M\u00f3dulo 100G QSFP28<\/strong> es de alta velocidad <strong data-start=\"700\" data-end=\"723\">transceptor \u00f3ptico<\/strong> dise\u00f1ado para redes Ethernet de 100 Gigabits de nueva generaci\u00f3n. Admite m\u00faltiples formatos de transmisi\u00f3n, incluidos <strong data-start=\"836\" data-end=\"855\">QSFP28 100G-LR4<\/strong>, <strong data-start=\"857\" data-end=\"876\">QSFP28 100G-SR4<\/strong>, y <strong data-start=\"882\" data-end=\"903\">QSFP28 100G-CWDM4<\/strong>, que ofrece conectividad flexible para <strong data-start=\"941\" data-end=\"1004\">centros de datos, computaci\u00f3n en nube y redes centrales empresariales<\/strong>.<br data-start=\"1005\" data-end=\"1008\" \/>Con un rendimiento superior, eficiencia energ\u00e9tica y amplia compatibilidad, el m\u00f3dulo garantiza una transmisi\u00f3n de datos estable y de gran ancho de banda para los entornos de red de alta densidad actuales.<\/p>\n<h3 data-start=\"1197\" data-end=\"1226\"><strong data-start=\"1201\" data-end=\"1226\">1. Estructura y dise\u00f1o<\/strong><\/h3>\n<ul data-start=\"1228\" data-end=\"1979\">\n<li data-start=\"1228\" data-end=\"1344\">\n<p data-start=\"1230\" data-end=\"1344\"><strong data-start=\"1230\" data-end=\"1246\">Factor de forma:<\/strong> QSFP28 (Quad Small Form-factor Pluggable 28), compatible con los est\u00e1ndares IEEE 802.3ba y 802.3bm<\/p>\n<\/li>\n<li data-start=\"1345\" data-end=\"1561\">\n<p data-start=\"1347\" data-end=\"1375\"><strong data-start=\"1347\" data-end=\"1373\">Distancia de transmisi\u00f3n:<\/strong><\/p>\n<ul data-start=\"1378\" data-end=\"1561\">\n<li data-start=\"1378\" data-end=\"1438\">\n<p data-start=\"1380\" data-end=\"1438\"><strong data-start=\"1380\" data-end=\"1400\">QSFP28 100G-SR4:<\/strong> Hasta 100 m mediante fibra multimodo OM4<\/p>\n<\/li>\n<li data-start=\"1441\" data-end=\"1500\">\n<p data-start=\"1443\" data-end=\"1500\"><strong data-start=\"1443\" data-end=\"1465\">QSFP28 100G-CWDM4:<\/strong> Hasta 2 km por fibra monomodo<\/p>\n<\/li>\n<li data-start=\"1503\" data-end=\"1561\">\n<p data-start=\"1505\" data-end=\"1561\"><strong data-start=\"1505\" data-end=\"1525\">QSFP28 100G-LR4:<\/strong> Hasta 10 km por fibra monomodo<\/p>\n<\/li>\n<\/ul>\n<\/li>\n<li data-start=\"1562\" data-end=\"1624\">\n<p data-start=\"1564\" data-end=\"1624\"><strong data-start=\"1564\" data-end=\"1583\">Tipo de conector:<\/strong> MPO\/MTP (SR4), d\u00faplex LC (CWDM4 y LR4)<\/p>\n<\/li>\n<li data-start=\"1625\" data-end=\"1695\">\n<p data-start=\"1627\" data-end=\"1695\"><strong data-start=\"1627\" data-end=\"1642\">Longitud de onda:<\/strong> 850 nm (SR4), 1271\/1291\/1311\/1331 nm (CWDM4 y LR4)<\/p>\n<\/li>\n<li data-start=\"1696\" data-end=\"1745\">\n<p data-start=\"1698\" data-end=\"1745\"><strong data-start=\"1698\" data-end=\"1712\">Velocidad de datos:<\/strong> 4\u00d725 Gbps (100 Gbps agregados)<\/p>\n<\/li>\n<li data-start=\"1746\" data-end=\"1804\">\n<p data-start=\"1748\" data-end=\"1804\"><strong data-start=\"1748\" data-end=\"1770\">Consumo de energ\u00eda:<\/strong> &lt;3,5 W t\u00edpicos, dise\u00f1o de bajo consumo<\/p>\n<\/li>\n<li data-start=\"1805\" data-end=\"1906\">\n<p data-start=\"1807\" data-end=\"1906\"><strong data-start=\"1807\" data-end=\"1847\">Control de diagn\u00f3stico digital (DDM):<\/strong> Control en tiempo real de la temperatura, la potencia y la tensi\u00f3n<\/p>\n<\/li>\n<li data-start=\"1907\" data-end=\"1979\">\n<p data-start=\"1909\" data-end=\"1979\"><strong data-start=\"1909\" data-end=\"1933\">Dise\u00f1o conectable en caliente<\/strong> para una instalaci\u00f3n r\u00e1pida y un mantenimiento sencillo<\/p>\n<\/li>\n<\/ul>\n<h3 data-start=\"1986\" data-end=\"2009\"><strong data-start=\"1990\" data-end=\"2009\">2. Aplicaciones<\/strong><\/h3>\n<ul data-start=\"2011\" data-end=\"2295\">\n<li data-start=\"2011\" data-end=\"2058\">\n<p data-start=\"2013\" data-end=\"2058\">Alta velocidad <strong data-start=\"2024\" data-end=\"2056\">interconexiones de centros de datos<\/strong><\/p>\n<\/li>\n<li data-start=\"2059\" data-end=\"2111\">\n<p data-start=\"2061\" data-end=\"2111\"><strong data-start=\"2061\" data-end=\"2080\">Computaci\u00f3n en nube<\/strong> y <strong data-start=\"2085\" data-end=\"2109\">redes virtualizadas<\/strong><\/p>\n<\/li>\n<li data-start=\"2112\" data-end=\"2162\">\n<p data-start=\"2114\" data-end=\"2162\"><strong data-start=\"2114\" data-end=\"2153\">Red troncal empresarial y agregaci\u00f3n<\/strong> capas<\/p>\n<\/li>\n<li data-start=\"2163\" data-end=\"2223\">\n<p data-start=\"2165\" data-end=\"2223\">100G <strong data-start=\"2170\" data-end=\"2191\">Conmutadores Ethernet<\/strong>, <strong data-start=\"2193\" data-end=\"2204\">routers<\/strong>, y <strong data-start=\"2210\" data-end=\"2221\">servidores<\/strong><\/p>\n<\/li>\n<li data-start=\"2224\" data-end=\"2295\">\n<p data-start=\"2226\" data-end=\"2295\"><strong data-start=\"2226\" data-end=\"2256\">Redes de metro y telecomunicaciones<\/strong> compatible con la transmisi\u00f3n \u00f3ptica de 100 G<\/p>\n<\/li>\n<\/ul>\n<h3 data-start=\"2302\" data-end=\"2323\"><strong data-start=\"2306\" data-end=\"2323\">3. Ventajas<\/strong><\/h3>\n<ul data-start=\"2325\" data-end=\"2739\">\n<li data-start=\"2325\" data-end=\"2400\">\n<p data-start=\"2327\" data-end=\"2400\">Estable <strong data-start=\"2334\" data-end=\"2366\">Transmisi\u00f3n \u00f3ptica de 100 Gbps<\/strong> en distancias cortas y largas<\/p>\n<\/li>\n<li data-start=\"2401\" data-end=\"2475\">\n<p data-start=\"2403\" data-end=\"2475\">M\u00faltiples opciones de alcance: <strong data-start=\"2427\" data-end=\"2446\">SR4, CWDM4, LR4<\/strong> para diferentes aplicaciones<\/p>\n<\/li>\n<li data-start=\"2476\" data-end=\"2536\">\n<p data-start=\"2478\" data-end=\"2536\"><a href=\"https:\/\/honelinks.com\/es\/guia-de-compatibilidad-de-sfp\/\">M\u00f3dulo SFP Broad <strong data-start=\"2484\" data-end=\"2501\">compatibilidad<\/strong> con las principales marcas de dispositivos de red<\/a><\/p>\n<\/li>\n<li data-start=\"2537\" data-end=\"2598\">\n<p data-start=\"2539\" data-end=\"2598\"><strong data-start=\"2539\" data-end=\"2556\">Plug-and-play<\/strong> instalaci\u00f3n para actualizaciones r\u00e1pidas de la red<\/p>\n<\/li>\n<li data-start=\"2599\" data-end=\"2668\">\n<p data-start=\"2601\" data-end=\"2668\"><strong data-start=\"2601\" data-end=\"2628\">Dise\u00f1o energ\u00e9ticamente eficiente<\/strong> con baja latencia y alta fiabilidad<\/p>\n<\/li>\n<li data-start=\"2669\" data-end=\"2739\">\n<p data-start=\"2671\" data-end=\"2739\">Ideal para pasar de <strong data-start=\"2696\" data-end=\"2711\">40G a 100G<\/strong> arquitecturas de centros de datos<\/p>\n<\/li>\n<\/ul>\n<h3 data-start=\"2746\" data-end=\"2761\"><strong data-start=\"2750\" data-end=\"2761\">4. Preguntas frecuentes<\/strong><\/h3>\n<p data-start=\"2763\" data-end=\"2856\"><strong data-start=\"2763\" data-end=\"2844\">P1: \u00bfCu\u00e1les son las diferencias entre los m\u00f3dulos 100G QSFP28-SR4, CWDM4 y LR4?<\/strong><br data-start=\"2844\" data-end=\"2847\" \/><strong data-start=\"2847\" data-end=\"2854\">A1:<\/strong><\/p>\n<ul data-start=\"2857\" data-end=\"3051\">\n<li data-start=\"2857\" data-end=\"2932\">\n<p data-start=\"2859\" data-end=\"2932\"><strong data-start=\"2859\" data-end=\"2867\">SR4:<\/strong> M\u00f3dulo de corto alcance que utiliza fibra multimodo (hasta 100 m en OM4).<\/p>\n<\/li>\n<li data-start=\"2933\" data-end=\"2993\">\n<p data-start=\"2935\" data-end=\"2993\"><strong data-start=\"2935\" data-end=\"2945\">CWDM4:<\/strong> M\u00f3dulo monomodo de alcance medio (hasta 2 km).<\/p>\n<\/li>\n<li data-start=\"2994\" data-end=\"3051\">\n<p data-start=\"2996\" data-end=\"3051\"><strong data-start=\"2996\" data-end=\"3004\">LR4:<\/strong> M\u00f3dulo monomodo de largo alcance (hasta 10 km).<\/p>\n<\/li>\n<\/ul>\n<p data-start=\"3053\" data-end=\"3240\"><strong data-start=\"3053\" data-end=\"3117\">P2: \u00bfSon los m\u00f3dulos QSFP28 compatibles con los puertos QSFP+?<\/strong><br data-start=\"3117\" data-end=\"3120\" \/><strong data-start=\"3120\" data-end=\"3127\">A2:<\/strong> F\u00edsicamente compatibles, pero <strong data-start=\"3155\" data-end=\"3197\">no se admite la negociaci\u00f3n de la velocidad de datos<\/strong>. Los m\u00f3dulos QSFP28 s\u00f3lo funcionan a 100 Gbps.<\/p>\n<p data-start=\"3242\" data-end=\"3301\"><strong data-start=\"3242\" data-end=\"3289\">P3: \u00bfQu\u00e9 tipo de cables de fibra se necesitan?<\/strong><br data-start=\"3289\" data-end=\"3292\" \/><strong data-start=\"3292\" data-end=\"3299\">A3:<\/strong><\/p>\n<ul data-start=\"3302\" data-end=\"3397\">\n<li data-start=\"3302\" data-end=\"3348\">\n<p data-start=\"3304\" data-end=\"3348\"><strong data-start=\"3304\" data-end=\"3312\">SR4:<\/strong> Fibra multimodo MPO\/MTP (OM3\/OM4)<\/p>\n<\/li>\n<li data-start=\"3349\" data-end=\"3397\">\n<p data-start=\"3351\" data-end=\"3397\"><strong data-start=\"3351\" data-end=\"3367\">CWDM4 Y LR4:<\/strong> Fibra monomodo d\u00faplex LC<\/p>\n<\/li>\n<\/ul>\n<p data-start=\"3399\" data-end=\"3594\"><strong data-start=\"3399\" data-end=\"3450\">P4: \u00bfSon compatibles estos m\u00f3dulos con las funciones DDM\/DOM?<\/strong><br data-start=\"3450\" data-end=\"3453\" \/><strong data-start=\"3453\" data-end=\"3460\">A4:<\/strong> S\u00ed, todos los modelos admiten <strong data-start=\"3485\" data-end=\"3518\">Control de diagn\u00f3stico digital<\/strong>, que proporciona informaci\u00f3n en tiempo real sobre la potencia \u00f3ptica, la temperatura y la tensi\u00f3n.<\/p>\n<p data-start=\"3596\" data-end=\"3760\"><strong data-start=\"3596\" data-end=\"3650\">P5: \u00bfCu\u00e1les son los niveles t\u00edpicos de consumo de energ\u00eda?<\/strong><br data-start=\"3650\" data-end=\"3653\" \/><strong data-start=\"3653\" data-end=\"3660\">A5:<\/strong> La mayor\u00eda de los m\u00f3dulos QSFP28 consumen <strong data-start=\"3689\" data-end=\"3707\">menos de 3,5 W<\/strong>, que proporciona un alto rendimiento con un bajo consumo de energ\u00eda.<\/p>\n<p data-start=\"3596\" data-end=\"3760\">Aprenda m\u00e1s sobre la tecnolog\u00eda SFP en nuestro completo <a href=\"https:\/\/honelinks.com\/es\/modulo-sfp\/\"><strong data-start=\"994\" data-end=\"1014\">Gu\u00eda de m\u00f3dulos SFP<\/strong><\/a><\/p>","protected":false},"excerpt":{"rendered":"<p>M\u00f3dulo \u00f3ptico 100G QSFP28 de alto rendimiento que ofrece una transmisi\u00f3n de datos fiable y de alta velocidad para centros de datos, redes en la nube y conexiones b\u00e1sicas empresariales de hasta 10 km.<\/p>","protected":false},"featured_media":2674,"comment_status":"open","ping_status":"closed","template":"","meta":{"_seopress_robots_primary_cat":"none","_seopress_titles_title":"100G qsfp28","_seopress_titles_desc":"Reliable 100G QSFP28 modules with LR4, SR4, and CWDM4 options, designed for high-speed data centers, cloud networks, and enterprise backbone applications.","_seopress_robots_index":""},"product_brand":[],"product_cat":[63,27,46],"product_tag":[47],"class_list":{"0":"post-2672","1":"product","2":"type-product","3":"status-publish","4":"has-post-thumbnail","6":"product_cat-sfp-module","7":"product_cat-ftth","8":"product_cat-network-devices","9":"product_tag-network-devices","11":"first","12":"instock","13":"shipping-taxable","14":"product-type-simple"},"_links":{"self":[{"href":"https:\/\/honelinks.com\/es\/wp-json\/wp\/v2\/product\/2672","targetHints":{"allow":["GET"]}}],"collection":[{"href":"https:\/\/honelinks.com\/es\/wp-json\/wp\/v2\/product"}],"about":[{"href":"https:\/\/honelinks.com\/es\/wp-json\/wp\/v2\/types\/product"}],"replies":[{"embeddable":true,"href":"https:\/\/honelinks.com\/es\/wp-json\/wp\/v2\/comments?post=2672"}],"wp:featuredmedia":[{"embeddable":true,"href":"https:\/\/honelinks.com\/es\/wp-json\/wp\/v2\/media\/2674"}],"wp:attachment":[{"href":"https:\/\/honelinks.com\/es\/wp-json\/wp\/v2\/media?parent=2672"}],"wp:term":[{"taxonomy":"product_brand","embeddable":true,"href":"https:\/\/honelinks.com\/es\/wp-json\/wp\/v2\/product_brand?post=2672"},{"taxonomy":"product_cat","embeddable":true,"href":"https:\/\/honelinks.com\/es\/wp-json\/wp\/v2\/product_cat?post=2672"},{"taxonomy":"product_tag","embeddable":true,"href":"https:\/\/honelinks.com\/es\/wp-json\/wp\/v2\/product_tag?post=2672"}],"curies":[{"name":"wp","href":"https:\/\/api.w.org\/{rel}","templated":true}]}}