{"id":2681,"date":"2025-10-09T23:28:23","date_gmt":"2025-10-09T15:28:23","guid":{"rendered":"https:\/\/honelinks.com\/?post_type=product&#038;p=2681"},"modified":"2025-10-09T23:28:24","modified_gmt":"2025-10-09T15:28:24","slug":"convertidor-de-medios-de-fibra-optica-de-100-m","status":"publish","type":"product","link":"https:\/\/honelinks.com\/es\/product\/100m-fiber-optic-media-converter\/","title":{"rendered":"Convertidor de medios de fibra \u00f3ptica 100M"},"content":{"rendered":"<p data-start=\"109\" data-end=\"517\">En <strong data-start=\"113\" data-end=\"149\">Convertidor de medios de fibra \u00f3ptica 100M<\/strong> ofrece una amplia gama de configuraciones para conectar redes de fibra \u00f3ptica a redes Ethernet basadas en cobre. Proporciona soluciones flexibles para la ampliaci\u00f3n de redes, la conversi\u00f3n y la transmisi\u00f3n de datos a larga distancia. Este convertidor de medios admite fibra monomodo y multimodo con distintos n\u00fameros de puertos de fibra y Ethernet, lo que permite satisfacer diversos requisitos de red.<\/p>\n<h4 data-start=\"519\" data-end=\"550\"><strong data-start=\"524\" data-end=\"550\">1. Estructura y dise\u00f1o:<\/strong><\/h4>\n<ul data-start=\"552\" data-end=\"1165\">\n<li data-start=\"552\" data-end=\"631\">\n<p data-start=\"554\" data-end=\"631\"><strong data-start=\"554\" data-end=\"577\">Formato compacto<\/strong> adecuado para instalaciones murales e independientes.<\/p>\n<\/li>\n<li data-start=\"632\" data-end=\"747\">\n<p data-start=\"634\" data-end=\"747\"><strong data-start=\"634\" data-end=\"691\">Configuraciones vers\u00e1tiles de interfaz de fibra y Ethernet<\/strong>: Puertos de fibra \u00fanica, fibra doble y Ethernet m\u00faltiple.<\/p>\n<\/li>\n<li data-start=\"748\" data-end=\"812\">\n<p data-start=\"750\" data-end=\"812\">**Compatible con <strong data-start=\"766\" data-end=\"792\">Puertos SFP y est\u00e1ndar<\/strong> seg\u00fan el modelo.<\/p>\n<\/li>\n<li data-start=\"813\" data-end=\"919\">\n<p data-start=\"815\" data-end=\"919\"><strong data-start=\"815\" data-end=\"839\">Carcasa met\u00e1lica duradera<\/strong> con un excelente blindaje EMI para un rendimiento estable en entornos industriales.<\/p>\n<\/li>\n<li data-start=\"920\" data-end=\"1008\">\n<p data-start=\"922\" data-end=\"1008\"><strong data-start=\"922\" data-end=\"940\">Indicadores LED<\/strong> para supervisar f\u00e1cilmente el estado de la alimentaci\u00f3n, el enlace de fibra y el enlace Ethernet.<\/p>\n<\/li>\n<li data-start=\"1009\" data-end=\"1068\">\n<p data-start=\"1011\" data-end=\"1068\"><strong data-start=\"1011\" data-end=\"1051\">Admite una amplia gama de conectores de fibra<\/strong>: SC, LC o SFP.<\/p>\n<\/li>\n<li data-start=\"1069\" data-end=\"1165\">\n<p data-start=\"1071\" data-end=\"1165\"><strong data-start=\"1071\" data-end=\"1096\">Modelos murales<\/strong> para instalaciones centralizadas (por ejemplo, configuraciones de 4 y 6 puertos).<\/p>\n<\/li>\n<\/ul>\n<h4 data-start=\"1167\" data-end=\"1192\"><strong data-start=\"1172\" data-end=\"1192\">2. Aplicaciones:<\/strong><\/h4>\n<ul data-start=\"1194\" data-end=\"1739\">\n<li data-start=\"1194\" data-end=\"1272\">\n<p data-start=\"1196\" data-end=\"1272\"><strong data-start=\"1196\" data-end=\"1219\">Redes de empresa<\/strong>: Ampl\u00ede y conecte redes basadas en fibra y cobre.<\/p>\n<\/li>\n<li data-start=\"1273\" data-end=\"1370\">\n<p data-start=\"1275\" data-end=\"1370\"><strong data-start=\"1275\" data-end=\"1305\">Fibra hasta la oficina (FTTO)<\/strong>: Facilitan las conexiones de alta velocidad de la fibra a los dispositivos de la oficina.<\/p>\n<\/li>\n<li data-start=\"1371\" data-end=\"1467\">\n<p data-start=\"1373\" data-end=\"1467\"><strong data-start=\"1373\" data-end=\"1395\">Telecomunicaciones<\/strong>: Ideal para redes de retorno de fibra \u00f3ptica de larga distancia o redes de acceso local.<\/p>\n<\/li>\n<li data-start=\"1468\" data-end=\"1548\">\n<p data-start=\"1470\" data-end=\"1548\"><strong data-start=\"1470\" data-end=\"1494\">Sistemas de vigilancia<\/strong>: Convierte la fibra a Ethernet para la integraci\u00f3n de c\u00e1maras IP.<\/p>\n<\/li>\n<li data-start=\"1549\" data-end=\"1646\">\n<p data-start=\"1551\" data-end=\"1646\"><strong data-start=\"1551\" data-end=\"1576\">Automatizaci\u00f3n industrial<\/strong>: Garantizar una comunicaci\u00f3n estable para sensores, controladores y equipos.<\/p>\n<\/li>\n<li data-start=\"1647\" data-end=\"1739\">\n<p data-start=\"1649\" data-end=\"1739\"><strong data-start=\"1649\" data-end=\"1665\">Centros de datos<\/strong>: Perfecto para la conversi\u00f3n de medios de fibra a Ethernet de alta densidad y alta velocidad.<\/p>\n<\/li>\n<\/ul>\n<h4 data-start=\"1741\" data-end=\"1764\"><strong data-start=\"1746\" data-end=\"1764\">3. Ventajas:<\/strong><\/h4>\n<ul data-start=\"1766\" data-end=\"2359\">\n<li data-start=\"1766\" data-end=\"1897\">\n<p data-start=\"1768\" data-end=\"1897\"><strong data-start=\"1768\" data-end=\"1795\">M\u00faltiples configuraciones<\/strong> para varias combinaciones de puertos de fibra y Ethernet, lo que proporciona flexibilidad para diferentes configuraciones de red.<\/p>\n<\/li>\n<li data-start=\"1898\" data-end=\"1958\">\n<p data-start=\"1900\" data-end=\"1958\"><strong data-start=\"1900\" data-end=\"1930\">Instalaci\u00f3n Plug and Play<\/strong>, no requiere configuraci\u00f3n.<\/p>\n<\/li>\n<li data-start=\"1959\" data-end=\"2033\">\n<p data-start=\"1961\" data-end=\"2033\"><strong data-start=\"1961\" data-end=\"1994\">Transmisi\u00f3n de datos estable a 100 M<\/strong> con baja latencia y alta fiabilidad.<\/p>\n<\/li>\n<li data-start=\"2034\" data-end=\"2117\">\n<p data-start=\"2036\" data-end=\"2117\"><strong data-start=\"2036\" data-end=\"2076\">Compatible con tipos de fibra est\u00e1ndar<\/strong>: Monomodo (SMF) y Multimodo (MMF).<\/p>\n<\/li>\n<li data-start=\"2118\" data-end=\"2175\">\n<p data-start=\"2120\" data-end=\"2175\"><strong data-start=\"2120\" data-end=\"2147\">Dise\u00f1o energ\u00e9ticamente eficiente<\/strong> con bajo consumo de energ\u00eda.<\/p>\n<\/li>\n<li data-start=\"2176\" data-end=\"2272\">\n<p data-start=\"2178\" data-end=\"2272\"><strong data-start=\"2178\" data-end=\"2208\">Transmisi\u00f3n a larga distancia<\/strong> de 20 km a 120 km, seg\u00fan el modelo.<\/p>\n<\/li>\n<li data-start=\"2273\" data-end=\"2359\">\n<p data-start=\"2275\" data-end=\"2359\"><strong data-start=\"2275\" data-end=\"2301\">Opciones de montaje en pared<\/strong> para ahorrar espacio en la instalaci\u00f3n en bastidores o salas de equipos.<\/p>\n<\/li>\n<\/ul>\n<h4 data-start=\"3782\" data-end=\"3798\"><strong data-start=\"3787\" data-end=\"3798\">4. FAQ:<\/strong><\/h4>\n<ul data-start=\"3800\" data-end=\"4893\">\n<li data-start=\"3800\" data-end=\"4070\">\n<p data-start=\"3802\" data-end=\"4070\"><strong data-start=\"3802\" data-end=\"3861\">P1: \u00bfCu\u00e1l es la distancia m\u00e1xima de transmisi\u00f3n de datos?<\/strong><br data-start=\"3861\" data-end=\"3864\" \/><strong data-start=\"3866\" data-end=\"3873\">A1:<\/strong> La distancia m\u00e1xima depende del modelo y del tipo de fibra. Para los modelos de fibra monomodo, la distancia puede oscilar entre 20 km y 120 km. Los modelos de fibra multimodo suelen admitir distancias de hasta 2 km.<\/p>\n<\/li>\n<li data-start=\"4072\" data-end=\"4320\">\n<p data-start=\"4074\" data-end=\"4320\"><strong data-start=\"4074\" data-end=\"4153\">P2: \u00bfPuedo utilizar fibras monomodo y multimodo en el mismo convertidor?<\/strong><br data-start=\"4153\" data-end=\"4156\" \/><strong data-start=\"4158\" data-end=\"4165\">A2:<\/strong> No, el modelo de convertidor que elijas debe coincidir con el tipo de fibra. Los modelos monomodo son para largas distancias, mientras que los multimodo son para distancias m\u00e1s cortas.<\/p>\n<\/li>\n<li data-start=\"4322\" data-end=\"4503\">\n<p data-start=\"4324\" data-end=\"4503\"><strong data-start=\"4324\" data-end=\"4367\">P3: \u00bfC\u00f3mo se alimenta el conversor multimedia?<\/strong><br data-start=\"4367\" data-end=\"4370\" \/><strong data-start=\"4372\" data-end=\"4379\">A3:<\/strong> El conversor de medios suele utilizar una fuente de alimentaci\u00f3n de 3,3 V a 5 V, con un bajo consumo inferior a 1 W en la mayor\u00eda de los modelos.<\/p>\n<\/li>\n<li data-start=\"4505\" data-end=\"4668\">\n<p data-start=\"4507\" data-end=\"4668\"><strong data-start=\"4507\" data-end=\"4555\">P4: \u00bfLos puertos Ethernet son autonegociadores?<\/strong><br data-start=\"4555\" data-end=\"4558\" \/><strong data-start=\"4560\" data-end=\"4567\">A4:<\/strong> S\u00ed, los puertos Ethernet negocian autom\u00e1ticamente la velocidad y el modo d\u00faplex en funci\u00f3n del dispositivo conectado.<\/p>\n<\/li>\n<li data-start=\"4670\" data-end=\"4893\">\n<p data-start=\"4672\" data-end=\"4893\"><strong data-start=\"4672\" data-end=\"4747\">P5: \u00bfPuedo utilizar el conversor multimedia para c\u00e1maras de vigilancia o seguridad?<\/strong><br data-start=\"4747\" data-end=\"4750\" \/><strong data-start=\"4752\" data-end=\"4759\">A5:<\/strong> S\u00ed, el conversor puede utilizarse para c\u00e1maras IP convirtiendo la fibra en Ethernet, lo que proporciona conectividad de alta velocidad a largas distancias.<\/p>\n<\/li>\n<\/ul>","protected":false},"excerpt":{"rendered":"<p>En <strong>Convertidor de medios de fibra \u00f3ptica 100M<\/strong> permite una conversi\u00f3n perfecta entre redes de fibra \u00f3ptica y Ethernet, y admite varias configuraciones como fibra \u00fanica, fibra doble y opciones SFP. Ideal para redes LAN empresariales, centros de datos y aplicaciones de telecomunicaciones, ofrece una conectividad fiable, rentable y eficiente con una instalaci\u00f3n sencilla y un bajo consumo de energ\u00eda.<\/p>","protected":false},"featured_media":2690,"comment_status":"open","ping_status":"closed","template":"","meta":{"_seopress_robots_primary_cat":"none","_seopress_titles_title":"100M Fiber Optic Media Converter","_seopress_titles_desc":"Versatile 100M Fiber Optic Media Converter for reliable fiber-to-Ethernet connections in various configurations","_seopress_robots_index":""},"product_brand":[],"product_cat":[56,27],"product_tag":[47],"class_list":{"0":"post-2681","1":"product","2":"type-product","3":"status-publish","4":"has-post-thumbnail","6":"product_cat-media-converter","7":"product_cat-ftth","8":"product_tag-network-devices","10":"first","11":"instock","12":"shipping-taxable","13":"product-type-variable"},"_links":{"self":[{"href":"https:\/\/honelinks.com\/es\/wp-json\/wp\/v2\/product\/2681","targetHints":{"allow":["GET"]}}],"collection":[{"href":"https:\/\/honelinks.com\/es\/wp-json\/wp\/v2\/product"}],"about":[{"href":"https:\/\/honelinks.com\/es\/wp-json\/wp\/v2\/types\/product"}],"replies":[{"embeddable":true,"href":"https:\/\/honelinks.com\/es\/wp-json\/wp\/v2\/comments?post=2681"}],"wp:featuredmedia":[{"embeddable":true,"href":"https:\/\/honelinks.com\/es\/wp-json\/wp\/v2\/media\/2690"}],"wp:attachment":[{"href":"https:\/\/honelinks.com\/es\/wp-json\/wp\/v2\/media?parent=2681"}],"wp:term":[{"taxonomy":"product_brand","embeddable":true,"href":"https:\/\/honelinks.com\/es\/wp-json\/wp\/v2\/product_brand?post=2681"},{"taxonomy":"product_cat","embeddable":true,"href":"https:\/\/honelinks.com\/es\/wp-json\/wp\/v2\/product_cat?post=2681"},{"taxonomy":"product_tag","embeddable":true,"href":"https:\/\/honelinks.com\/es\/wp-json\/wp\/v2\/product_tag?post=2681"}],"curies":[{"name":"wp","href":"https:\/\/api.w.org\/{rel}","templated":true}]}}