{"id":2698,"date":"2025-10-11T20:07:31","date_gmt":"2025-10-11T12:07:31","guid":{"rendered":"https:\/\/honelinks.com\/?post_type=product&#038;p=2698"},"modified":"2025-10-12T18:11:27","modified_gmt":"2025-10-12T10:11:27","slug":"convertidor-de-medios-de-fibra-optica-gigabit","status":"publish","type":"product","link":"https:\/\/honelinks.com\/es\/product\/gigabit-fiber-optic-media-converter\/","title":{"rendered":"Conversor de medios de fibra \u00f3ptica Gigabit"},"content":{"rendered":"<p data-start=\"163\" data-end=\"556\">En <strong data-start=\"167\" data-end=\"206\">Conversor de medios de fibra \u00f3ptica Gigabit<\/strong> est\u00e1 dise\u00f1ado para convertir sin problemas redes de fibra \u00f3ptica a Ethernet, garantizando una conectividad fiable y de alta velocidad para una amplia gama de aplicaciones de red. Ideal para la transmisi\u00f3n de datos a larga distancia, este convertidor de medios admite fibra \u00f3ptica monomodo y multimodo, lo que proporciona soluciones flexibles y eficientes de ampliaci\u00f3n e integraci\u00f3n de redes.<\/p>\n<hr data-start=\"558\" data-end=\"561\" \/>\n<h4 data-start=\"563\" data-end=\"594\"><strong data-start=\"568\" data-end=\"594\">1. Estructura y dise\u00f1o:<\/strong><\/h4>\n<ul data-start=\"596\" data-end=\"1487\">\n<li data-start=\"596\" data-end=\"697\">\n<p data-start=\"598\" data-end=\"697\"><strong data-start=\"598\" data-end=\"631\">Dise\u00f1o compacto y vers\u00e1til:<\/strong> Peque\u00f1o tama\u00f1o que facilita el montaje en pared o la instalaci\u00f3n independiente.<\/p>\n<\/li>\n<li data-start=\"698\" data-end=\"847\">\n<p data-start=\"700\" data-end=\"847\"><strong data-start=\"700\" data-end=\"731\">M\u00faltiples opciones de interfaz:<\/strong> Disponible en configuraciones de fibra \u00fanica, fibra doble y varios puertos Ethernet, para satisfacer las distintas necesidades de red.<\/p>\n<\/li>\n<li data-start=\"848\" data-end=\"979\">\n<p data-start=\"850\" data-end=\"979\"><strong data-start=\"850\" data-end=\"886\">Admite puertos SFP y est\u00e1ndar:<\/strong> Seg\u00fan el modelo, admite puertos SFP (Small Form-factor Pluggable) y de fibra est\u00e1ndar.<\/p>\n<\/li>\n<li data-start=\"980\" data-end=\"1137\">\n<p data-start=\"982\" data-end=\"1137\"><strong data-start=\"982\" data-end=\"1007\">Carcasa met\u00e1lica duradera:<\/strong> Construido con una robusta carcasa met\u00e1lica que ofrece un blindaje EMI superior, garantizando un rendimiento estable incluso en entornos industriales.<\/p>\n<\/li>\n<li data-start=\"1138\" data-end=\"1245\">\n<p data-start=\"1140\" data-end=\"1245\"><strong data-start=\"1140\" data-end=\"1159\">Indicadores LED:<\/strong> Supervise f\u00e1cilmente el estado de la alimentaci\u00f3n, el enlace de fibra y el enlace Ethernet con indicadores LED claros.<\/p>\n<\/li>\n<li data-start=\"1246\" data-end=\"1345\">\n<p data-start=\"1248\" data-end=\"1345\"><strong data-start=\"1248\" data-end=\"1271\">Amplia compatibilidad:<\/strong> Admite conectores de fibra como SC, LC o SFP para una integraci\u00f3n diversa.<\/p>\n<\/li>\n<li data-start=\"1346\" data-end=\"1487\">\n<p data-start=\"1348\" data-end=\"1487\"><strong data-start=\"1348\" data-end=\"1374\">Modelos murales:<\/strong> Perfecto para instalaciones centralizadas en bastidores de red o salas de equipos (por ejemplo, configuraciones de 4 y 6 puertos).<\/p>\n<\/li>\n<\/ul>\n<hr data-start=\"1489\" data-end=\"1492\" \/>\n<h4 data-start=\"1494\" data-end=\"1519\"><strong data-start=\"1499\" data-end=\"1519\">2. Aplicaciones:<\/strong><\/h4>\n<ul data-start=\"1521\" data-end=\"2262\">\n<li data-start=\"1521\" data-end=\"1629\">\n<p data-start=\"1523\" data-end=\"1629\"><strong data-start=\"1523\" data-end=\"1547\">Redes empresariales:<\/strong> Ampl\u00ede de forma eficaz las redes Ethernet de fibra \u00f3ptica y cobre para empresas.<\/p>\n<\/li>\n<li data-start=\"1630\" data-end=\"1753\">\n<p data-start=\"1632\" data-end=\"1753\"><strong data-start=\"1632\" data-end=\"1663\">Fibra hasta la oficina (FTTO):<\/strong> Permite una conectividad de fibra sin fisuras para los dispositivos de la oficina, mejorando la comunicaci\u00f3n del grupo de trabajo.<\/p>\n<\/li>\n<li data-start=\"1754\" data-end=\"1887\">\n<p data-start=\"1756\" data-end=\"1887\"><strong data-start=\"1756\" data-end=\"1779\">Telecomunicaciones:<\/strong> Ideal para backhaul de fibra \u00f3ptica y redes de acceso local, garantizando una transmisi\u00f3n de datos estable y de alta velocidad.<\/p>\n<\/li>\n<li data-start=\"1888\" data-end=\"2002\">\n<p data-start=\"1890\" data-end=\"2002\"><strong data-start=\"1890\" data-end=\"1915\">Sistemas de vigilancia:<\/strong> Convierta fibra a Ethernet para la integraci\u00f3n de c\u00e1maras IP en configuraciones de seguridad y supervisi\u00f3n.<\/p>\n<\/li>\n<li data-start=\"2003\" data-end=\"2138\">\n<p data-start=\"2005\" data-end=\"2138\"><strong data-start=\"2005\" data-end=\"2031\">Automatizaci\u00f3n industrial:<\/strong> Garantice una comunicaci\u00f3n fiable entre sensores, controladores y equipos automatizados a trav\u00e9s de largas distancias.<\/p>\n<\/li>\n<li data-start=\"2139\" data-end=\"2262\">\n<p data-start=\"2141\" data-end=\"2262\"><strong data-start=\"2141\" data-end=\"2158\">Centros de datos:<\/strong> Optimizado para conversiones de fibra a Ethernet de alta densidad y alta velocidad, compatible con operaciones de gran volumen de datos.<\/p>\n<\/li>\n<\/ul>\n<hr data-start=\"2264\" data-end=\"2267\" \/>\n<h4 data-start=\"2269\" data-end=\"2292\"><strong data-start=\"2274\" data-end=\"2292\">3. Ventajas:<\/strong><\/h4>\n<ul data-start=\"2294\" data-end=\"3164\">\n<li data-start=\"2294\" data-end=\"2409\">\n<p data-start=\"2296\" data-end=\"2409\"><strong data-start=\"2296\" data-end=\"2324\">Configuraciones flexibles:<\/strong> Las m\u00faltiples opciones de puerto permiten adaptar el conversor a distintas configuraciones de red.<\/p>\n<\/li>\n<li data-start=\"2410\" data-end=\"2516\">\n<p data-start=\"2412\" data-end=\"2516\"><strong data-start=\"2412\" data-end=\"2436\">Instalaci\u00f3n Plug and Play:<\/strong> F\u00e1cil instalaci\u00f3n sin necesidad de configuraci\u00f3n adicional, lo que reduce el tiempo de configuraci\u00f3n.<\/p>\n<\/li>\n<li data-start=\"2517\" data-end=\"2654\">\n<p data-start=\"2519\" data-end=\"2654\"><strong data-start=\"2519\" data-end=\"2549\">Transmisi\u00f3n de datos Gigabit:<\/strong> Admite una transmisi\u00f3n de datos estable y de baja latencia a velocidades Gigabit, lo que garantiza una comunicaci\u00f3n r\u00e1pida y fiable.<\/p>\n<\/li>\n<li data-start=\"2655\" data-end=\"2794\">\n<p data-start=\"2657\" data-end=\"2794\"><strong data-start=\"2657\" data-end=\"2687\">Amplia compatibilidad de fibra:<\/strong> Compatible tanto con fibra monomodo (SMF) como con fibra multimodo (MMF) para distintos requisitos de distancia.<\/p>\n<\/li>\n<li data-start=\"2795\" data-end=\"2890\">\n<p data-start=\"2797\" data-end=\"2890\"><strong data-start=\"2797\" data-end=\"2818\">Eficiencia energ\u00e9tica:<\/strong> Dise\u00f1ado para un bajo consumo de energ\u00eda, lo que garantiza unos costes operativos reducidos.<\/p>\n<\/li>\n<li data-start=\"2891\" data-end=\"3018\">\n<p data-start=\"2893\" data-end=\"3018\"><strong data-start=\"2893\" data-end=\"2924\">Transmisi\u00f3n a larga distancia:<\/strong> En funci\u00f3n del modelo, admite distancias de 20 km a 80 km para fibra monomodo.<\/p>\n<\/li>\n<li data-start=\"3019\" data-end=\"3164\">\n<p data-start=\"3021\" data-end=\"3164\"><strong data-start=\"3021\" data-end=\"3045\">Dise\u00f1o que ahorra espacio:<\/strong> Las opciones de montaje en pared ofrecen una soluci\u00f3n ordenada y que ocupa poco espacio para las instalaciones de red en bastidores o salas de equipos.<\/p>\n<\/li>\n<\/ul>\n<hr data-start=\"3166\" data-end=\"3169\" \/>\n<h4 data-start=\"3171\" data-end=\"3187\"><strong data-start=\"3176\" data-end=\"3187\">4. FAQ:<\/strong><\/h4>\n<p data-start=\"3189\" data-end=\"3470\"><strong data-start=\"3189\" data-end=\"3271\">P1: \u00bfCu\u00e1l es la distancia m\u00e1xima de transmisi\u00f3n del convertidor multimedia Gigabit?<\/strong><br data-start=\"3271\" data-end=\"3274\" \/>A1: La distancia m\u00e1xima var\u00eda en funci\u00f3n del tipo y modelo de fibra. Los convertidores de fibra monomodo admiten distancias de entre 20 km y 80 km, mientras que la fibra multimodo suele admitir hasta 2 km.<\/p>\n<p data-start=\"3472\" data-end=\"3730\"><strong data-start=\"3472\" data-end=\"3559\">P2: \u00bfPuedo utilizar fibras monomodo y multimodo con el mismo convertidor de medios?<\/strong><br data-start=\"3559\" data-end=\"3562\" \/>A2: No, el modelo que elijas debe coincidir con el tipo de fibra. Los convertidores monomodo son para larga distancia, mientras que los modelos multimodo son adecuados para aplicaciones de corto alcance.<\/p>\n<p data-start=\"3732\" data-end=\"3926\"><strong data-start=\"3732\" data-end=\"3799\">P3: \u00bfQu\u00e9 tipo de fuente de alimentaci\u00f3n necesita el conversor multimedia?<\/strong><br data-start=\"3799\" data-end=\"3802\" \/>A3: El conversor de medios suele utilizar una fuente de alimentaci\u00f3n de 3,3 V a 5 V, con un bajo consumo de energ\u00eda (menos de 1 W en la mayor\u00eda de los modelos).<\/p>\n<p data-start=\"3928\" data-end=\"4113\"><strong data-start=\"3928\" data-end=\"3976\">P4: \u00bfLos puertos Ethernet son autonegociadores?<\/strong><br data-start=\"3976\" data-end=\"3979\" \/>A4: S\u00ed, los puertos Ethernet negocian autom\u00e1ticamente la velocidad y el modo d\u00faplex en funci\u00f3n del dispositivo conectado, lo que garantiza un rendimiento \u00f3ptimo.<\/p>\n<p data-start=\"4115\" data-end=\"4370\"><strong data-start=\"4115\" data-end=\"4180\">P5: \u00bfSe puede utilizar el convertidor multimedia para sistemas de vigilancia?<\/strong><br data-start=\"4180\" data-end=\"4183\" \/>A5: \u00a1Por supuesto! El conversor de medios de fibra \u00f3ptica Gigabit es ideal para convertir fibra a Ethernet, ofreciendo conectividad de alta velocidad y larga distancia para c\u00e1maras IP y sistemas de vigilancia.<\/p>","protected":false},"excerpt":{"rendered":"<p>Este <strong data-start=\"4382\" data-end=\"4421\">Conversor de medios de fibra \u00f3ptica Gigabit<\/strong> ofrece una soluci\u00f3n robusta, flexible y escalable para empresas que buscan mejorar su infraestructura de red con tecnolog\u00eda de fibra \u00f3ptica de alta velocidad. Tanto si est\u00e1 ampliando la red de su oficina, integrando sistemas de vigilancia o dando soporte a la automatizaci\u00f3n industrial, este conversor de medios garantiza una conectividad perfecta y fiable a trav\u00e9s de las distancias.<\/p>","protected":false},"featured_media":2699,"comment_status":"open","ping_status":"closed","template":"","meta":{"_seopress_robots_primary_cat":"none","_seopress_titles_title":"Gigabit Fiber Optic Media Converter | Fast and Reliable Fiber to Ethernet Network Solution","_seopress_titles_desc":"Gigabit Fiber Optic Media Converter for seamless high-speed data conversion between fiber and Ethernet networks, enhancing connectivity.","_seopress_robots_index":""},"product_brand":[],"product_cat":[56,27],"product_tag":[47],"class_list":{"0":"post-2698","1":"product","2":"type-product","3":"status-publish","4":"has-post-thumbnail","6":"product_cat-media-converter","7":"product_cat-ftth","8":"product_tag-network-devices","10":"first","11":"instock","12":"shipping-taxable","13":"product-type-variable"},"_links":{"self":[{"href":"https:\/\/honelinks.com\/es\/wp-json\/wp\/v2\/product\/2698","targetHints":{"allow":["GET"]}}],"collection":[{"href":"https:\/\/honelinks.com\/es\/wp-json\/wp\/v2\/product"}],"about":[{"href":"https:\/\/honelinks.com\/es\/wp-json\/wp\/v2\/types\/product"}],"replies":[{"embeddable":true,"href":"https:\/\/honelinks.com\/es\/wp-json\/wp\/v2\/comments?post=2698"}],"wp:featuredmedia":[{"embeddable":true,"href":"https:\/\/honelinks.com\/es\/wp-json\/wp\/v2\/media\/2699"}],"wp:attachment":[{"href":"https:\/\/honelinks.com\/es\/wp-json\/wp\/v2\/media?parent=2698"}],"wp:term":[{"taxonomy":"product_brand","embeddable":true,"href":"https:\/\/honelinks.com\/es\/wp-json\/wp\/v2\/product_brand?post=2698"},{"taxonomy":"product_cat","embeddable":true,"href":"https:\/\/honelinks.com\/es\/wp-json\/wp\/v2\/product_cat?post=2698"},{"taxonomy":"product_tag","embeddable":true,"href":"https:\/\/honelinks.com\/es\/wp-json\/wp\/v2\/product_tag?post=2698"}],"curies":[{"name":"wp","href":"https:\/\/api.w.org\/{rel}","templated":true}]}}