{"id":2716,"date":"2025-10-13T16:31:10","date_gmt":"2025-10-13T08:31:10","guid":{"rendered":"https:\/\/honelinks.com\/?post_type=product&#038;p=2716"},"modified":"2025-10-16T09:12:24","modified_gmt":"2025-10-16T01:12:24","slug":"convertidor-de-medios-industrial","status":"publish","type":"product","link":"https:\/\/honelinks.com\/es\/product\/industrial-media-converter\/","title":{"rendered":"convertidor de medios industrial"},"content":{"rendered":"<p data-start=\"339\" data-end=\"917\">El convertidor de medios industrial est\u00e1 dise\u00f1ado para convertir las se\u00f1ales el\u00e9ctricas de Ethernet en se\u00f1ales \u00f3pticas, lo que permite la transmisi\u00f3n de datos a largas distancias en entornos dif\u00edciles. Como <strong data-start=\"518\" data-end=\"547\">fabricante profesional<\/strong>, Suministramos <strong data-start=\"559\" data-end=\"605\">convertidores de medios industriales directos de f\u00e1brica<\/strong> con <strong data-start=\"611\" data-end=\"675\">entrega r\u00e1pida, precios competitivos y personalizaci\u00f3n OEM\/ODM<\/strong>.<br data-start=\"676\" data-end=\"679\" \/>Disponible en modelos como <strong data-start=\"707\" data-end=\"725\">1 Fibra 2 RJ45<\/strong>, <strong data-start=\"727\" data-end=\"745\">2 Fibra 2 RJ45<\/strong>, <strong data-start=\"747\" data-end=\"765\">1 Fibra 4 RJ45<\/strong>, y <strong data-start=\"771\" data-end=\"789\">2 Fibra 4 RJ45<\/strong>, Estos convertidores garantizan una comunicaci\u00f3n estable en sistemas de automatizaci\u00f3n industrial, transporte, energ\u00eda y vigilancia de la seguridad.<\/p>\n<hr data-start=\"919\" data-end=\"922\" \/>\n<h3 data-start=\"924\" data-end=\"950\"><strong data-start=\"928\" data-end=\"950\">Estructura y dise\u00f1o<\/strong><\/h3>\n<ul data-start=\"951\" data-end=\"1567\">\n<li data-start=\"951\" data-end=\"1070\">\n<p data-start=\"953\" data-end=\"1070\"><strong data-start=\"953\" data-end=\"970\">Carcasa met\u00e1lica<\/strong> con protecci\u00f3n de grado industrial, resistente a las vibraciones, el polvo y las interferencias electromagn\u00e9ticas.<\/p>\n<\/li>\n<li data-start=\"1071\" data-end=\"1175\">\n<p data-start=\"1073\" data-end=\"1175\"><strong data-start=\"1073\" data-end=\"1109\">Amplia gama de temperaturas de funcionamiento<\/strong>: -40\u00b0C a +85\u00b0C para un rendimiento estable en entornos extremos.<\/p>\n<\/li>\n<li data-start=\"1176\" data-end=\"1253\">\n<p data-start=\"1178\" data-end=\"1253\"><strong data-start=\"1178\" data-end=\"1218\">Instalaci\u00f3n en carril DIN y en pared<\/strong> opciones para un despliegue flexible.<\/p>\n<\/li>\n<li data-start=\"1254\" data-end=\"1340\">\n<p data-start=\"1256\" data-end=\"1340\"><strong data-start=\"1256\" data-end=\"1293\">Puertos Ethernet Gigabit\/10\/100 Mbps<\/strong> y <strong data-start=\"1298\" data-end=\"1327\">Conectores de fibra SC\/ST\/FC<\/strong> disponible.<\/p>\n<\/li>\n<li data-start=\"1341\" data-end=\"1417\">\n<p data-start=\"1343\" data-end=\"1417\"><strong data-start=\"1343\" data-end=\"1376\">Doble fuente de alimentaci\u00f3n (12-57 V CC)<\/strong> dise\u00f1o para redundancia y fiabilidad.<\/p>\n<\/li>\n<li data-start=\"1418\" data-end=\"1482\">\n<p data-start=\"1420\" data-end=\"1482\">Indicadores LED para monitorizar el estado del enlace, la velocidad y la alimentaci\u00f3n.<\/p>\n<\/li>\n<li data-start=\"1483\" data-end=\"1567\">\n<p data-start=\"1485\" data-end=\"1567\">Dise\u00f1o compacto para una f\u00e1cil integraci\u00f3n en armarios de control o recintos exteriores.<\/p>\n<\/li>\n<\/ul>\n<hr data-start=\"1569\" data-end=\"1572\" \/>\n<h3 data-start=\"1574\" data-end=\"1594\"><strong data-start=\"1578\" data-end=\"1594\">Aplicaciones<\/strong><\/h3>\n<ul data-start=\"1595\" data-end=\"1899\">\n<li data-start=\"1595\" data-end=\"1658\">\n<p data-start=\"1597\" data-end=\"1658\">Redes Ethernet industriales y sistemas de automatizaci\u00f3n de f\u00e1bricas<\/p>\n<\/li>\n<li data-start=\"1659\" data-end=\"1712\">\n<p data-start=\"1661\" data-end=\"1712\">Transporte inteligente y control del tr\u00e1fico<\/p>\n<\/li>\n<li data-start=\"1713\" data-end=\"1755\">\n<p data-start=\"1715\" data-end=\"1755\">Subestaci\u00f3n el\u00e9ctrica y control de la energ\u00eda<\/p>\n<\/li>\n<li data-start=\"1756\" data-end=\"1803\">\n<p data-start=\"1758\" data-end=\"1803\">Vigilancia de seguridad y sistemas de c\u00e1maras IP<\/p>\n<\/li>\n<li data-start=\"1804\" data-end=\"1848\">\n<p data-start=\"1806\" data-end=\"1848\">Redes de comunicaci\u00f3n ferroviarias y de metro<\/p>\n<\/li>\n<li data-start=\"1849\" data-end=\"1899\">\n<p data-start=\"1851\" data-end=\"1899\">Estaci\u00f3n base inal\u00e1mbrica remota y red de datos<\/p>\n<\/li>\n<\/ul>\n<hr data-start=\"1901\" data-end=\"1904\" \/>\n<h3 data-start=\"1906\" data-end=\"1924\"><strong data-start=\"1910\" data-end=\"1924\">Ventajas<\/strong><\/h3>\n<ul data-start=\"1925\" data-end=\"2432\">\n<li data-start=\"1925\" data-end=\"2000\">\n<p data-start=\"1927\" data-end=\"2000\"><strong data-start=\"1927\" data-end=\"1953\">Suministro directo de f\u00e1brica:<\/strong> Precios competitivos con calidad garantizada.<\/p>\n<\/li>\n<li data-start=\"2001\" data-end=\"2087\">\n<p data-start=\"2003\" data-end=\"2087\"><strong data-start=\"2003\" data-end=\"2034\">Capacidad de producci\u00f3n en serie:<\/strong> Suministro estable para proyectos industriales a gran escala.<\/p>\n<\/li>\n<li data-start=\"2088\" data-end=\"2145\">\n<p data-start=\"2090\" data-end=\"2145\"><strong data-start=\"2090\" data-end=\"2108\">Entrega r\u00e1pida:<\/strong> Plazos de entrega cortos para pedidos urgentes.<\/p>\n<\/li>\n<li data-start=\"2146\" data-end=\"2258\">\n<p data-start=\"2148\" data-end=\"2258\"><strong data-start=\"2148\" data-end=\"2173\">Soluciones a medida:<\/strong> Opciones OEM\/ODM para diferentes combinaciones de puertos, entrada de alimentaci\u00f3n y tipos de conectores.<\/p>\n<\/li>\n<li data-start=\"2259\" data-end=\"2360\">\n<p data-start=\"2261\" data-end=\"2360\"><strong data-start=\"2261\" data-end=\"2294\">Fiabilidad industrial:<\/strong> Resistente al calor, las vibraciones y las interferencias electromagn\u00e9ticas.<\/p>\n<\/li>\n<li data-start=\"2361\" data-end=\"2432\">\n<p data-start=\"2363\" data-end=\"2432\"><strong data-start=\"2363\" data-end=\"2394\">Instalaci\u00f3n Plug and Play:<\/strong> No requiere configuraci\u00f3n de software.<\/p>\n<\/li>\n<\/ul>\n<hr data-start=\"2434\" data-end=\"2437\" \/>\n<h3 data-start=\"2439\" data-end=\"2451\"><strong data-start=\"2443\" data-end=\"2451\">Preguntas frecuentes<\/strong><\/h3>\n<p data-start=\"2453\" data-end=\"2781\"><strong data-start=\"2453\" data-end=\"2533\">P1: \u00bfCu\u00e1l es la diferencia entre los modelos 1 Fibra 2 RJ45 y 2 Fibra 4 RJ45?<\/strong><br data-start=\"2533\" data-end=\"2536\" \/>A1: La principal diferencia radica en el n\u00famero de puertos de fibra y Ethernet. El modelo de 1 fibra y 2 RJ45 admite un \u00fanico enlace \u00f3ptico con dos puertos Ethernet, mientras que el modelo de 2 fibras y 4 RJ45 admite redundancia de doble fibra y hasta cuatro dispositivos Ethernet.<\/p>\n<p data-start=\"2783\" data-end=\"2971\"><strong data-start=\"2783\" data-end=\"2841\">P2: \u00bfPueden funcionar estos convertidores en exteriores?<\/strong><br data-start=\"2841\" data-end=\"2844\" \/>A2: S\u00ed. El dise\u00f1o de grado industrial soporta de -40\u00b0C a +85\u00b0C y puede instalarse en armarios de exterior o en recintos industriales.<\/p>\n<p data-start=\"2973\" data-end=\"3212\"><strong data-start=\"2973\" data-end=\"3040\">P3: \u00bfOfrecen combinaciones de puertos u opciones de alimentaci\u00f3n personalizadas?<\/strong><br data-start=\"3040\" data-end=\"3043\" \/>A3: S\u00ed. Proporcionamos <strong data-start=\"3063\" data-end=\"3088\">Personalizaci\u00f3n OEM\/ODM<\/strong> para tipos de fibra (monomodo\/multimodo), conectores (SC\/ST\/FC), entrada de alimentaci\u00f3n (DC12V-57V) y configuraciones de puertos Ethernet.<\/p>\n<p data-start=\"3214\" data-end=\"3393\"><strong data-start=\"3214\" data-end=\"3290\">P4: \u00bfCu\u00e1l es la distancia de transmisi\u00f3n del convertidor de medios industrial?<\/strong><br data-start=\"3290\" data-end=\"3293\" \/>A4: Dependiendo del m\u00f3dulo \u00f3ptico, la transmisi\u00f3n puede alcanzar hasta <strong data-start=\"3359\" data-end=\"3369\">120 km<\/strong> sobre fibra monomodo.<\/p>\n<p data-start=\"3395\" data-end=\"3585\"><strong data-start=\"3395\" data-end=\"3453\">P5: \u00bfQu\u00e9 plazo de entrega tienen tras la confirmaci\u00f3n del pedido?<\/strong><br data-start=\"3453\" data-end=\"3456\" \/>A5: Para los modelos est\u00e1ndar, normalmente se puede organizar el env\u00edo <strong data-start=\"3514\" data-end=\"3533\">en un plazo de 3-5 d\u00edas<\/strong>. Los modelos personalizados dependen de los requisitos espec\u00edficos.<\/p>","protected":false},"excerpt":{"rendered":"<p>Como fabricante profesional de convertidores de medios industriales, ofrecemos precios directos de f\u00e1brica, capacidad de producci\u00f3n a granel y entrega r\u00e1pida en todo el mundo. Apoyamos la personalizaci\u00f3n OEM\/ODM para diversas aplicaciones de redes industriales. \u00a1Obtenga un rendimiento fiable y el mejor valor de nuestra f\u00e1brica hoy!<\/p>","protected":false},"featured_media":2717,"comment_status":"open","ping_status":"closed","template":"","meta":{"_seopress_robots_primary_cat":"none","_seopress_titles_title":"Industrial Media Converter | Gigabit Custom Fiber Solutions","_seopress_titles_desc":"Reliable industrial media converter manufacturer in China. Gigabit fiber converters with fast delivery, factory price, and OEM\/ODM customization.","_seopress_robots_index":""},"product_brand":[],"product_cat":[56,27],"product_tag":[47],"class_list":{"0":"post-2716","1":"product","2":"type-product","3":"status-publish","4":"has-post-thumbnail","6":"product_cat-media-converter","7":"product_cat-ftth","8":"product_tag-network-devices","10":"first","11":"instock","12":"shipping-taxable","13":"product-type-variable"},"_links":{"self":[{"href":"https:\/\/honelinks.com\/es\/wp-json\/wp\/v2\/product\/2716","targetHints":{"allow":["GET"]}}],"collection":[{"href":"https:\/\/honelinks.com\/es\/wp-json\/wp\/v2\/product"}],"about":[{"href":"https:\/\/honelinks.com\/es\/wp-json\/wp\/v2\/types\/product"}],"replies":[{"embeddable":true,"href":"https:\/\/honelinks.com\/es\/wp-json\/wp\/v2\/comments?post=2716"}],"wp:featuredmedia":[{"embeddable":true,"href":"https:\/\/honelinks.com\/es\/wp-json\/wp\/v2\/media\/2717"}],"wp:attachment":[{"href":"https:\/\/honelinks.com\/es\/wp-json\/wp\/v2\/media?parent=2716"}],"wp:term":[{"taxonomy":"product_brand","embeddable":true,"href":"https:\/\/honelinks.com\/es\/wp-json\/wp\/v2\/product_brand?post=2716"},{"taxonomy":"product_cat","embeddable":true,"href":"https:\/\/honelinks.com\/es\/wp-json\/wp\/v2\/product_cat?post=2716"},{"taxonomy":"product_tag","embeddable":true,"href":"https:\/\/honelinks.com\/es\/wp-json\/wp\/v2\/product_tag?post=2716"}],"curies":[{"name":"wp","href":"https:\/\/api.w.org\/{rel}","templated":true}]}}