{"id":2739,"date":"2025-10-16T13:17:59","date_gmt":"2025-10-16T05:17:59","guid":{"rendered":"https:\/\/honelinks.com\/?post_type=product&#038;p=2739"},"modified":"2025-10-16T13:23:49","modified_gmt":"2025-10-16T05:23:49","slug":"conmutador-de-red-industrial-din-rail","status":"publish","type":"product","link":"https:\/\/honelinks.com\/es\/product\/din-rail-industrial-network-switch\/","title":{"rendered":"Conmutador de red industrial Din Rail"},"content":{"rendered":"<p data-start=\"582\" data-end=\"924\">Este conmutador industrial tiene un dise\u00f1o compacto para montaje en carril DIN, lo que facilita su instalaci\u00f3n en armarios de control y espacios reducidos. Admite el funcionamiento plug-and-play con funciones de autonegociaci\u00f3n y auto-MDI\/MDIX. El conmutador ofrece varios puertos 10\/100\/1000 Mbps para garantizar una comunicaci\u00f3n de datos de alta velocidad en redes industriales.<\/p>\n<h3 data-start=\"926\" data-end=\"952\"><strong data-start=\"930\" data-end=\"952\">Estructura y dise\u00f1o<\/strong><\/h3>\n<ul data-start=\"953\" data-end=\"1446\">\n<li data-start=\"953\" data-end=\"1026\">\n<p data-start=\"955\" data-end=\"1026\"><strong data-start=\"955\" data-end=\"968\">Montaje:<\/strong> Montaje est\u00e1ndar en carril DIN para armarios de control industrial<\/p>\n<\/li>\n<li data-start=\"1027\" data-end=\"1105\">\n<p data-start=\"1029\" data-end=\"1105\"><strong data-start=\"1029\" data-end=\"1041\">Vivienda:<\/strong> Robusta caja met\u00e1lica o de aleaci\u00f3n de aluminio con protecci\u00f3n IP30<\/p>\n<\/li>\n<li data-start=\"1106\" data-end=\"1162\">\n<p data-start=\"1108\" data-end=\"1162\"><strong data-start=\"1108\" data-end=\"1118\">Puertos:<\/strong> Opciones de 5\/8\/10\/16 puertos (10\/100\/1000 Mbps)<\/p>\n<\/li>\n<li data-start=\"1163\" data-end=\"1265\">\n<p data-start=\"1165\" data-end=\"1265\"><strong data-start=\"1165\" data-end=\"1182\">Fuente de alimentaci\u00f3n:<\/strong> Doble entrada de alimentaci\u00f3n de CC redundante (por ejemplo, 12-48 V CC) con protecci\u00f3n contra inversi\u00f3n de polaridad<\/p>\n<\/li>\n<li data-start=\"1266\" data-end=\"1352\">\n<p data-start=\"1268\" data-end=\"1352\"><strong data-start=\"1268\" data-end=\"1294\">Temperatura de funcionamiento:<\/strong> De -40 \u00b0C a +75 \u00b0C para un uso fiable en entornos extremos<\/p>\n<\/li>\n<li data-start=\"1353\" data-end=\"1446\">\n<p data-start=\"1355\" data-end=\"1446\"><strong data-start=\"1355\" data-end=\"1374\">Indicadores LED:<\/strong> Indicadores de estado de alimentaci\u00f3n, enlace\/actividad y velocidad para facilitar la supervisi\u00f3n<\/p>\n<\/li>\n<\/ul>\n<h3 data-start=\"1448\" data-end=\"1468\"><strong data-start=\"1452\" data-end=\"1468\">Aplicaciones<\/strong><\/h3>\n<ul data-start=\"1469\" data-end=\"1698\">\n<li data-start=\"1469\" data-end=\"1514\">\n<p data-start=\"1471\" data-end=\"1514\">Automatizaci\u00f3n industrial y sistemas de control<\/p>\n<\/li>\n<li data-start=\"1515\" data-end=\"1561\">\n<p data-start=\"1517\" data-end=\"1561\">Fabricaci\u00f3n inteligente e interconexi\u00f3n de f\u00e1bricas<\/p>\n<\/li>\n<li data-start=\"1562\" data-end=\"1599\">\n<p data-start=\"1564\" data-end=\"1599\">Sistemas de seguridad y vigilancia<\/p>\n<\/li>\n<li data-start=\"1600\" data-end=\"1644\">\n<p data-start=\"1602\" data-end=\"1644\">Sistemas de transporte inteligentes (STI)<\/p>\n<\/li>\n<li data-start=\"1645\" data-end=\"1698\">\n<p data-start=\"1647\" data-end=\"1698\">Subestaciones el\u00e9ctricas e instalaciones de energ\u00edas renovables<\/p>\n<\/li>\n<\/ul>\n<h3 data-start=\"1700\" data-end=\"1718\"><strong data-start=\"1704\" data-end=\"1718\">Ventajas<\/strong><\/h3>\n<ul data-start=\"1719\" data-end=\"2091\">\n<li data-start=\"1719\" data-end=\"1796\">\n<p data-start=\"1721\" data-end=\"1796\"><strong data-start=\"1721\" data-end=\"1739\">Dise\u00f1o robusto:<\/strong> Resistente a vibraciones, golpes y temperaturas extremas<\/p>\n<\/li>\n<li data-start=\"1797\" data-end=\"1874\">\n<p data-start=\"1799\" data-end=\"1874\"><strong data-start=\"1799\" data-end=\"1825\">Fuente de alimentaci\u00f3n fiable:<\/strong> Las dos entradas de CC redundantes garantizan la disponibilidad de la red<\/p>\n<\/li>\n<li data-start=\"1875\" data-end=\"1939\">\n<p data-start=\"1877\" data-end=\"1939\"><strong data-start=\"1877\" data-end=\"1899\">F\u00e1cil instalaci\u00f3n:<\/strong> El montaje compacto en carril DIN ahorra espacio<\/p>\n<\/li>\n<li data-start=\"1940\" data-end=\"2019\">\n<p data-start=\"1942\" data-end=\"2019\"><strong data-start=\"1942\" data-end=\"1963\">Alto rendimiento:<\/strong> Los puertos Gigabit Ethernet garantizan la transferencia de datos en tiempo real<\/p>\n<\/li>\n<li data-start=\"2020\" data-end=\"2091\">\n<p data-start=\"2022\" data-end=\"2091\"><strong data-start=\"2022\" data-end=\"2047\">F\u00e1cil mantenimiento:<\/strong> Los indicadores LED simplifican la supervisi\u00f3n del estado<\/p>\n<\/li>\n<\/ul>\n<h3 data-start=\"2093\" data-end=\"2105\"><strong data-start=\"2097\" data-end=\"2105\">Preguntas frecuentes<\/strong><\/h3>\n<p data-start=\"2107\" data-end=\"2340\"><strong data-start=\"2107\" data-end=\"2195\">P1: \u00bfCu\u00e1l es la diferencia entre un conmutador de carril DIN y un conmutador Ethernet est\u00e1ndar?<\/strong><br data-start=\"2195\" data-end=\"2198\" \/>Un interruptor de carril DIN est\u00e1 dise\u00f1ado para uso industrial, con carcasa met\u00e1lica, amplio rango de temperaturas y montaje en carril DIN para paneles de control.<\/p>\n<p data-start=\"2342\" data-end=\"2497\"><strong data-start=\"2342\" data-end=\"2392\">P2: \u00bfEs compatible con PoE (Power over Ethernet)?<\/strong><br data-start=\"2392\" data-end=\"2395\" \/>S\u00ed, los modelos opcionales admiten IEEE 802.3af\/at PoE para alimentar c\u00e1maras IP, AP inal\u00e1mbricos y otros dispositivos.<\/p>\n<p data-start=\"2499\" data-end=\"2680\"><strong data-start=\"2499\" data-end=\"2540\">P3: \u00bfSe puede utilizar este interruptor en exteriores?<\/strong><br data-start=\"2540\" data-end=\"2543\" \/>El interruptor en s\u00ed es para uso interior en armarios industriales, pero puede combinarse con un armario resistente a la intemperie para instalaciones exteriores.<\/p>\n<p data-start=\"2682\" data-end=\"2819\"><strong data-start=\"2682\" data-end=\"2725\">P4: \u00bfEl conmutador es gestionado o no gestionado?<\/strong><br data-start=\"2725\" data-end=\"2728\" \/>Disponible en versiones gestionadas y no gestionadas para satisfacer distintos requisitos de red.<\/p>\n<p data-start=\"2821\" data-end=\"2964\"><strong data-start=\"2821\" data-end=\"2868\">P5: \u00bfQu\u00e9 rango de potencia de entrada admite?<\/strong><br data-start=\"2868\" data-end=\"2871\" \/>Normalmente admite 12-48 V CC o 24-57 V CC (para modelos PoE), con protecci\u00f3n contra polaridad inversa.<\/p>","protected":false},"excerpt":{"rendered":"<p>En <strong>Conmutador de red industrial de carril DIN<\/strong> es un conmutador Ethernet robusto y compacto dise\u00f1ado para funcionar con fiabilidad en entornos industriales dif\u00edciles. Proporciona una transmisi\u00f3n de datos estable y eficiente para sistemas de automatizaci\u00f3n, vigilancia y control industrial.<\/p>","protected":false},"featured_media":2740,"comment_status":"open","ping_status":"closed","template":"","meta":{"_seopress_robots_primary_cat":"none","_seopress_titles_title":"DIN Rail Industrial Network Switch | Rugged Ethernet Switch for Harsh Environments","_seopress_titles_desc":"Reliable DIN Rail Industrial Network Switch designed for automation, control, and surveillance systems. Compact, durable, and built for harsh industrial environments.","_seopress_robots_index":""},"product_brand":[],"product_cat":[57,27],"product_tag":[47],"class_list":{"0":"post-2739","1":"product","2":"type-product","3":"status-publish","4":"has-post-thumbnail","6":"product_cat-network-switches","7":"product_cat-ftth","8":"product_tag-network-devices","10":"first","11":"instock","12":"shipping-taxable","13":"product-type-variable"},"_links":{"self":[{"href":"https:\/\/honelinks.com\/es\/wp-json\/wp\/v2\/product\/2739","targetHints":{"allow":["GET"]}}],"collection":[{"href":"https:\/\/honelinks.com\/es\/wp-json\/wp\/v2\/product"}],"about":[{"href":"https:\/\/honelinks.com\/es\/wp-json\/wp\/v2\/types\/product"}],"replies":[{"embeddable":true,"href":"https:\/\/honelinks.com\/es\/wp-json\/wp\/v2\/comments?post=2739"}],"wp:featuredmedia":[{"embeddable":true,"href":"https:\/\/honelinks.com\/es\/wp-json\/wp\/v2\/media\/2740"}],"wp:attachment":[{"href":"https:\/\/honelinks.com\/es\/wp-json\/wp\/v2\/media?parent=2739"}],"wp:term":[{"taxonomy":"product_brand","embeddable":true,"href":"https:\/\/honelinks.com\/es\/wp-json\/wp\/v2\/product_brand?post=2739"},{"taxonomy":"product_cat","embeddable":true,"href":"https:\/\/honelinks.com\/es\/wp-json\/wp\/v2\/product_cat?post=2739"},{"taxonomy":"product_tag","embeddable":true,"href":"https:\/\/honelinks.com\/es\/wp-json\/wp\/v2\/product_tag?post=2739"}],"curies":[{"name":"wp","href":"https:\/\/api.w.org\/{rel}","templated":true}]}}