{"id":2747,"date":"2025-10-17T16:52:38","date_gmt":"2025-10-17T08:52:38","guid":{"rendered":"https:\/\/honelinks.com\/?post_type=product&#038;p=2747"},"modified":"2025-10-17T17:31:33","modified_gmt":"2025-10-17T09:31:33","slug":"conmutador-de-red-industrial-gestionada","status":"publish","type":"product","link":"https:\/\/honelinks.com\/es\/product\/managed-industrial-network-switch\/","title":{"rendered":"Conmutador de red industrial gestionado"},"content":{"rendered":"<p data-start=\"224\" data-end=\"694\">El conmutador de red industrial gestionado est\u00e1 dise\u00f1ado para una transmisi\u00f3n de datos de alto rendimiento, fiable y segura en entornos industriales hostiles. Proporciona funciones avanzadas de gesti\u00f3n de red, como VLAN, QoS, SNMP y duplicaci\u00f3n de puertos, lo que garantiza un control eficaz del tr\u00e1fico y un funcionamiento estable de la red. Disponible en varias configuraciones, admite transmisi\u00f3n Fast Ethernet o Gigabit, con opciones PoE y no PoE para diversas aplicaciones de redes industriales.<\/p>\n<h3 data-start=\"696\" data-end=\"726\"><strong data-start=\"700\" data-end=\"724\">Dise\u00f1o y estructura<\/strong><\/h3>\n<ul data-start=\"727\" data-end=\"1483\">\n<li data-start=\"727\" data-end=\"824\">\n<p data-start=\"729\" data-end=\"824\"><strong data-start=\"729\" data-end=\"741\">Vivienda:<\/strong> Carcasa de aleaci\u00f3n de aluminio con clasificaci\u00f3n IP40 para una mayor disipaci\u00f3n del calor y durabilidad<\/p>\n<\/li>\n<li data-start=\"825\" data-end=\"902\">\n<p data-start=\"827\" data-end=\"902\"><strong data-start=\"827\" data-end=\"844\">Instalaci\u00f3n:<\/strong> Dise\u00f1o para montaje en carril DIN o en pared para un despliegue flexible<\/p>\n<\/li>\n<li data-start=\"903\" data-end=\"980\">\n<p data-start=\"905\" data-end=\"980\"><strong data-start=\"905\" data-end=\"922\">Fuente de alimentaci\u00f3n:<\/strong> Doble entrada de CC redundante de 12-57 V para un funcionamiento continuo<\/p>\n<\/li>\n<li data-start=\"981\" data-end=\"1047\">\n<p data-start=\"983\" data-end=\"1047\"><strong data-start=\"983\" data-end=\"1005\">Gama de temperaturas:<\/strong> De -40\u00b0C a +85\u00b0C para entornos extremos<\/p>\n<\/li>\n<li data-start=\"1048\" data-end=\"1104\">\n<p data-start=\"1050\" data-end=\"1104\"><strong data-start=\"1050\" data-end=\"1065\">Protecci\u00f3n:<\/strong> Protecci\u00f3n contra rayos y sobretensiones de 6000 V<\/p>\n<\/li>\n<li data-start=\"1105\" data-end=\"1194\">\n<p data-start=\"1107\" data-end=\"1194\"><strong data-start=\"1107\" data-end=\"1119\">Refrigeraci\u00f3n:<\/strong> Dise\u00f1o sin ventilador de bajo consumo y funcionamiento energ\u00e9ticamente eficiente<\/p>\n<\/li>\n<li data-start=\"1195\" data-end=\"1311\">\n<p data-start=\"1197\" data-end=\"1220\"><strong data-start=\"1197\" data-end=\"1218\">Modelos disponibles:<\/strong><\/p>\n<ul data-start=\"1223\" data-end=\"1311\">\n<li data-start=\"1223\" data-end=\"1241\">\n<p data-start=\"1225\" data-end=\"1241\">5 puertos, 8 puertos<\/p>\n<\/li>\n<li data-start=\"1244\" data-end=\"1278\">\n<p data-start=\"1246\" data-end=\"1278\">2 puertos de fibra + 4\/6\/8 Ethernet<\/p>\n<\/li>\n<li data-start=\"1281\" data-end=\"1311\">\n<p data-start=\"1283\" data-end=\"1311\">1 fibra + 8 puertos Ethernet<\/p>\n<\/li>\n<\/ul>\n<\/li>\n<li data-start=\"1312\" data-end=\"1374\">\n<p data-start=\"1314\" data-end=\"1374\"><strong data-start=\"1314\" data-end=\"1339\">Opciones de transmisi\u00f3n:<\/strong> Fast Ethernet \/ Gigabit Ethernet<\/p>\n<\/li>\n<li data-start=\"1375\" data-end=\"1483\">\n<p data-start=\"1377\" data-end=\"1483\"><strong data-start=\"1377\" data-end=\"1393\">Opciones PoE:<\/strong> Admite PoE IEEE 802.3af\/at con presupuesto de energ\u00eda ampliado para c\u00e1maras IP y AP inal\u00e1mbricos<\/p>\n<\/li>\n<\/ul>\n<h3 data-start=\"1485\" data-end=\"1507\"><strong data-start=\"1489\" data-end=\"1505\">Aplicaciones<\/strong><\/h3>\n<ul data-start=\"1508\" data-end=\"1748\">\n<li data-start=\"1508\" data-end=\"1553\">\n<p data-start=\"1510\" data-end=\"1553\">Automatizaci\u00f3n industrial y sistemas de control<\/p>\n<\/li>\n<li data-start=\"1554\" data-end=\"1592\">\n<p data-start=\"1556\" data-end=\"1592\">Sistemas de transporte inteligentes<\/p>\n<\/li>\n<li data-start=\"1593\" data-end=\"1622\">\n<p data-start=\"1595\" data-end=\"1622\">Redes el\u00e9ctricas y energ\u00e9ticas<\/p>\n<\/li>\n<li data-start=\"1623\" data-end=\"1656\">\n<p data-start=\"1625\" data-end=\"1656\">Sistemas de vigilancia<\/p>\n<\/li>\n<li data-start=\"1657\" data-end=\"1702\">\n<p data-start=\"1659\" data-end=\"1702\">Redes de comunicaci\u00f3n ferroviarias y mineras<\/p>\n<\/li>\n<li data-start=\"1703\" data-end=\"1748\">\n<p data-start=\"1705\" data-end=\"1748\">Extensiones de red de \u00e1rea exterior o remota<\/p>\n<\/li>\n<\/ul>\n<h3 data-start=\"1750\" data-end=\"1770\"><strong data-start=\"1754\" data-end=\"1768\">Ventajas<\/strong><\/h3>\n<ul data-start=\"1771\" data-end=\"2112\">\n<li data-start=\"1771\" data-end=\"1817\">\n<p data-start=\"1773\" data-end=\"1817\">Dise\u00f1o robusto con alta resistencia EMI\/EMC<\/p>\n<\/li>\n<li data-start=\"1818\" data-end=\"1864\">\n<p data-start=\"1820\" data-end=\"1864\">Funciones completas de gesti\u00f3n de Capa 2<\/p>\n<\/li>\n<li data-start=\"1865\" data-end=\"1937\">\n<p data-start=\"1867\" data-end=\"1937\">Admite VLAN, STP\/RSTP, IGMP Snooping, QoS, SNMP y seguridad de puertos.<\/p>\n<\/li>\n<li data-start=\"1938\" data-end=\"1994\">\n<p data-start=\"1940\" data-end=\"1994\">Larga vida \u00fatil superior a 300.000 horas (MTBF)<\/p>\n<\/li>\n<li data-start=\"1995\" data-end=\"2049\">\n<p data-start=\"1997\" data-end=\"2049\">Configuraci\u00f3n y supervisi\u00f3n sencillas a trav\u00e9s de la web o la CLI<\/p>\n<\/li>\n<li data-start=\"2050\" data-end=\"2112\">\n<p data-start=\"2052\" data-end=\"2112\">Certificaciones CE, FCC, RoHS, ISO9001 y Seguridad P\u00fablica<\/p>\n<\/li>\n<\/ul>\n<h3 data-start=\"2114\" data-end=\"2126\"><strong data-start=\"2118\" data-end=\"2126\">Preguntas frecuentes<\/strong><\/h3>\n<p data-start=\"2128\" data-end=\"2432\"><strong data-start=\"2128\" data-end=\"2208\">P1: \u00bfQu\u00e9 diferencia hay entre los conmutadores industriales gestionados y los no gestionados?<\/strong><br data-start=\"2208\" data-end=\"2211\" \/>Un conmutador gestionado permite a los usuarios configurar, supervisar y controlar los ajustes de red a trav\u00e9s de interfaces como Web UI, CLI o SNMP. Proporciona un mejor control, seguridad y diagn\u00f3stico, ideal para redes industriales complejas.<\/p>\n<p data-start=\"2434\" data-end=\"2610\"><strong data-start=\"2434\" data-end=\"2505\">P2: \u00bfPuede funcionar con dispositivos PoE como c\u00e1maras IP y puntos de acceso?<\/strong><br data-start=\"2505\" data-end=\"2508\" \/>S\u00ed, los modelos PoE son compatibles con los est\u00e1ndares IEEE 802.3af\/at y proporcionan una alimentaci\u00f3n estable a los dispositivos de red.<\/p>\n<p data-start=\"2612\" data-end=\"2775\"><strong data-start=\"2612\" data-end=\"2655\">P3: \u00bfC\u00f3mo ayuda la doble entrada de alimentaci\u00f3n?<\/strong><br data-start=\"2655\" data-end=\"2658\" \/>Las entradas de CC redundantes dobles garantizan un funcionamiento ininterrumpido incluso si falla una fuente de alimentaci\u00f3n, lo que mejora la fiabilidad del sistema.<\/p>\n<p data-start=\"2777\" data-end=\"2980\"><strong data-start=\"2777\" data-end=\"2853\">P4: \u00bfEl interruptor es adecuado para exteriores o entornos con altas temperaturas?<\/strong><br data-start=\"2853\" data-end=\"2856\" \/>S\u00ed, funciona de forma fiable en un amplio intervalo de temperaturas de -40 \u00b0C a +85 \u00b0C y cuenta con una carcasa de aluminio con clasificaci\u00f3n IP40.<\/p>\n<p data-start=\"2982\" data-end=\"3179\"><strong data-start=\"2982\" data-end=\"3038\">P5: \u00bfQu\u00e9 funciones de gesti\u00f3n de red son compatibles?<\/strong><br data-start=\"3038\" data-end=\"3041\" \/>Admite segmentaci\u00f3n VLAN, gesti\u00f3n de prioridades QoS, port trunking, SNMP, RMON y agregaci\u00f3n de enlaces para una optimizaci\u00f3n flexible de la red.<\/p>","protected":false},"excerpt":{"rendered":"<p>En <strong>Conmutador de red industrial de carril DIN<\/strong> es un conmutador Ethernet robusto y compacto dise\u00f1ado para funcionar con fiabilidad en entornos industriales dif\u00edciles. Proporciona una transmisi\u00f3n de datos estable y eficiente para sistemas de automatizaci\u00f3n, vigilancia y control industrial.<\/p>","protected":false},"featured_media":2768,"comment_status":"open","ping_status":"closed","template":"","meta":{"_seopress_robots_primary_cat":"none","_seopress_titles_title":"Managed Industrial Network Switch | DIN Rail Gigabit Switch for Harsh Environments","_seopress_titles_desc":"Managed industrial Gigabit switch with 4-fiber (8\/16\/24) & 8-fiber\/16-port models. Supports PoE, VLAN, SNMP, dual DC power and 6000V surge protection. -40\u00b0C~85\u00b0C","_seopress_robots_index":""},"product_brand":[],"product_cat":[57,27],"product_tag":[47],"class_list":{"0":"post-2747","1":"product","2":"type-product","3":"status-publish","4":"has-post-thumbnail","6":"product_cat-network-switches","7":"product_cat-ftth","8":"product_tag-network-devices","10":"first","11":"instock","12":"shipping-taxable","13":"product-type-variable"},"_links":{"self":[{"href":"https:\/\/honelinks.com\/es\/wp-json\/wp\/v2\/product\/2747","targetHints":{"allow":["GET"]}}],"collection":[{"href":"https:\/\/honelinks.com\/es\/wp-json\/wp\/v2\/product"}],"about":[{"href":"https:\/\/honelinks.com\/es\/wp-json\/wp\/v2\/types\/product"}],"replies":[{"embeddable":true,"href":"https:\/\/honelinks.com\/es\/wp-json\/wp\/v2\/comments?post=2747"}],"wp:featuredmedia":[{"embeddable":true,"href":"https:\/\/honelinks.com\/es\/wp-json\/wp\/v2\/media\/2768"}],"wp:attachment":[{"href":"https:\/\/honelinks.com\/es\/wp-json\/wp\/v2\/media?parent=2747"}],"wp:term":[{"taxonomy":"product_brand","embeddable":true,"href":"https:\/\/honelinks.com\/es\/wp-json\/wp\/v2\/product_brand?post=2747"},{"taxonomy":"product_cat","embeddable":true,"href":"https:\/\/honelinks.com\/es\/wp-json\/wp\/v2\/product_cat?post=2747"},{"taxonomy":"product_tag","embeddable":true,"href":"https:\/\/honelinks.com\/es\/wp-json\/wp\/v2\/product_tag?post=2747"}],"curies":[{"name":"wp","href":"https:\/\/api.w.org\/{rel}","templated":true}]}}