{"id":2772,"date":"2025-10-18T12:14:14","date_gmt":"2025-10-18T04:14:14","guid":{"rendered":"https:\/\/honelinks.com\/?post_type=product&#038;p=2772"},"modified":"2025-10-18T12:14:15","modified_gmt":"2025-10-18T04:14:15","slug":"conmutadores-de-agregacion","status":"publish","type":"product","link":"https:\/\/honelinks.com\/es\/product\/aggregation-switches\/","title":{"rendered":"Conmutadores de agregaci\u00f3n"},"content":{"rendered":"<p data-start=\"224\" data-end=\"694\"><strong data-start=\"629\" data-end=\"653\">Conmutadores de agregaci\u00f3n<\/strong> constituyen la columna vertebral de las infraestructuras de red modernas y permiten una transmisi\u00f3n de datos sin fisuras entre las capas de acceso y n\u00facleo. Dise\u00f1ados para entornos industriales, empresariales y FTTH, estos switches ofrecen un gran ancho de banda, gesti\u00f3n avanzada de capa 2\/3 y una s\u00f3lida fiabilidad para operaciones de misi\u00f3n cr\u00edtica.<\/p>\n<h3 data-start=\"696\" data-end=\"726\"><strong data-start=\"700\" data-end=\"724\">Dise\u00f1o y estructura<\/strong><\/h3>\n<p data-start=\"1005\" data-end=\"1377\">Construido con una carcasa met\u00e1lica duradera y una arquitectura de conmutaci\u00f3n avanzada, el conmutador de agregaci\u00f3n admite varios enlaces ascendentes Gigabit y SFP 10G para una implementaci\u00f3n flexible. Los modelos gestionados cuentan con SNMP, VLAN, QoS, LACP y entrada de alimentaci\u00f3n redundante para garantizar un tiempo de actividad continuo. Las opciones de montaje compacto en 1U o carril DIN lo hacen adecuado tanto para centros de datos como para armarios industriales.<\/p>\n<p data-start=\"1379\" data-end=\"1405\"><strong data-start=\"1379\" data-end=\"1405\">Principales aspectos del dise\u00f1o:<\/strong><\/p>\n<ul>\n<li data-start=\"1408\" data-end=\"1454\">Conmutador de agregaci\u00f3n Gigabit gestionado de capa 2\/3<\/li>\n<li data-start=\"1457\" data-end=\"1507\">8-48 puertos Gigabit con 2-4 puertos de enlace ascendente SFP\/10G<\/li>\n<li data-start=\"1510\" data-end=\"1554\">Fuente de alimentaci\u00f3n redundante y refrigeraci\u00f3n sin ventilador<\/li>\n<li data-start=\"1557\" data-end=\"1604\">Interfaces de gesti\u00f3n Web, CLI, SNMP y SSH<\/li>\n<li data-start=\"1607\" data-end=\"1653\">Compatibilidad total con los est\u00e1ndares IEEE 802.3<\/li>\n<\/ul>\n<h3 data-start=\"1485\" data-end=\"1507\"><strong data-start=\"1489\" data-end=\"1505\">Aplicaciones<\/strong><\/h3>\n<ul>\n<li data-start=\"1686\" data-end=\"1883\"><strong data-start=\"1688\" data-end=\"1719\">Red troncal industrial<\/strong><br data-start=\"1719\" data-end=\"1722\" \/>Ideal para conectar varios conmutadores de acceso en plantas de producci\u00f3n, centrales el\u00e9ctricas o sistemas de automatizaci\u00f3n, garantizando una transmisi\u00f3n de datos estable y centralizada.<\/li>\n<li data-start=\"1885\" data-end=\"2102\"><strong data-start=\"1887\" data-end=\"1923\">Agregaci\u00f3n de redes FTTH e ISP<\/strong><br data-start=\"1923\" data-end=\"1926\" \/>Se utiliza como concentrador central en redes de fibra hasta el hogar y admite conexiones de alta densidad entre OLT y conmutadores de acceso para un enrutamiento de datos y una gesti\u00f3n del ancho de banda eficientes.<\/li>\n<li data-start=\"2104\" data-end=\"2303\"><strong data-start=\"2106\" data-end=\"2146\">Centros de datos y redes empresariales<\/strong><br data-start=\"2146\" data-end=\"2149\" \/>Proporciona interconexi\u00f3n de alta velocidad entre bastidores de servidores, dispositivos de almacenamiento y conmutadores centrales, optimizando el flujo de tr\u00e1fico y mejorando la fiabilidad de la red.<\/li>\n<li data-start=\"2305\" data-end=\"2487\"><strong data-start=\"2307\" data-end=\"2348\">Ciudad inteligente y sistemas de transporte<\/strong><br data-start=\"2348\" data-end=\"2351\" \/>Garantiza una comunicaci\u00f3n fiable en infraestructuras de ITS, vigilancia e IoT con alta resistencia a EMI y rendimiento de calidad industrial.<\/li>\n<\/ul>\n<h3 data-start=\"1750\" data-end=\"1770\"><strong data-start=\"1754\" data-end=\"1768\">Ventajas<\/strong><\/h3>\n<ul>\n<li><strong data-start=\"2520\" data-end=\"2553\">Alto rendimiento y baja latencia<\/strong> - Admite el reenv\u00edo a velocidad de cable para todos los puertos, lo que garantiza una comunicaci\u00f3n r\u00e1pida y estable.<\/li>\n<li><strong data-start=\"2646\" data-end=\"2669\">Gesti\u00f3n flexible<\/strong> - SNMP, CLI, Web y SSH para diversos entornos de gesti\u00f3n.<\/li>\n<li><strong data-start=\"2737\" data-end=\"2758\">Seguridad avanzada<\/strong> - Incluye aislamiento de puertos, autenticaci\u00f3n 802.1X, ACL y control de tormentas.<\/li>\n<li><strong data-start=\"2837\" data-end=\"2863\">Fiabilidad industrial<\/strong> - Amplia temperatura de funcionamiento (-40\u00b0C~85\u00b0C), dise\u00f1o de alimentaci\u00f3n redundante y refrigeraci\u00f3n sin ventilador.<\/li>\n<li><strong data-start=\"2956\" data-end=\"2977\">Calidad certificada<\/strong> - Cumple las normas de inspecci\u00f3n CE, FCC, RoHS, ISO9001 y MPS.<\/li>\n<\/ul>\n<h3 data-start=\"2114\" data-end=\"2126\"><strong data-start=\"2118\" data-end=\"2126\">Preguntas frecuentes<\/strong><\/h3>\n<p data-start=\"6010\" data-end=\"6238\"><strong data-start=\"6010\" data-end=\"6092\">P1: \u00bfCu\u00e1l es la diferencia entre un switch de agregaci\u00f3n y un switch de acceso?<\/strong><br data-start=\"6092\" data-end=\"6095\" \/>Los conmutadores de agregaci\u00f3n conectan varios conmutadores de acceso y sirven de puente con la red central, gestionando un mayor ancho de banda y tareas de enrutamiento.<\/p>\n<p data-start=\"6240\" data-end=\"6386\"><strong data-start=\"6240\" data-end=\"6287\">P2: \u00bfPuede el conmutador de agregaci\u00f3n soportar PoE?<\/strong><br data-start=\"6287\" data-end=\"6290\" \/>S\u00ed, algunos modelos son compatibles con IEEE 802.3af\/at PoE para alimentar c\u00e1maras IP, puntos de acceso y tel\u00e9fonos VoIP.<\/p>\n<p data-start=\"6388\" data-end=\"6556\"><strong data-start=\"6388\" data-end=\"6450\">P3: \u00bfEste interruptor es apto para uso exterior o industrial?<\/strong><br data-start=\"6450\" data-end=\"6453\" \/>S\u00ed, los modelos industriales cuentan con carcasas met\u00e1licas IP40, amplia tolerancia a la temperatura y protecci\u00f3n contra sobretensiones.<\/p>\n<p data-start=\"6558\" data-end=\"6686\"><strong data-start=\"6558\" data-end=\"6598\">P4: \u00bfSoporta enrutamiento de Capa 3?<\/strong><br data-start=\"6598\" data-end=\"6601\" \/>S\u00ed, los modelos gestionados de Capa 3 admiten enrutamiento est\u00e1tico, enrutamiento VLAN y QoS avanzada.<\/p>\n<p data-start=\"6688\" data-end=\"6818\"><strong data-start=\"6688\" data-end=\"6729\">P5: \u00bfQu\u00e9 certificaciones cumple?<\/strong><br data-start=\"6729\" data-end=\"6732\" \/>Todos los modelos cuentan con las certificaciones CE, FCC, RoHS, ISO9001 y MPS de fiabilidad y seguridad.<\/p>","protected":false},"excerpt":{"rendered":"<p>En <strong>Conmutador de red industrial de carril DIN<\/strong> es un conmutador Ethernet robusto y compacto dise\u00f1ado para funcionar con fiabilidad en entornos industriales dif\u00edciles. Proporciona una transmisi\u00f3n de datos estable y eficiente para sistemas de automatizaci\u00f3n, vigilancia y control industrial.<\/p>","protected":false},"featured_media":2773,"comment_status":"open","ping_status":"closed","template":"","meta":{"_seopress_robots_primary_cat":"none","_seopress_titles_title":"Aggregation Switches | Managed Core Network Performance for Industrial and FTTH Applications","_seopress_titles_desc":"High-performance aggregation switches designed for industrial and FTTH networks. Support Layer 2\/3 management, Gigabit and 10G uplinks, redundant power, VLAN, QoS, and PoE options. Ideal for network aggregation in factories, ISPs, and data centers with high reliability and security.","_seopress_robots_index":""},"product_brand":[],"product_cat":[57,27],"product_tag":[47],"class_list":{"0":"post-2772","1":"product","2":"type-product","3":"status-publish","4":"has-post-thumbnail","6":"product_cat-network-switches","7":"product_cat-ftth","8":"product_tag-network-devices","10":"first","11":"instock","12":"shipping-taxable","13":"product-type-variable"},"_links":{"self":[{"href":"https:\/\/honelinks.com\/es\/wp-json\/wp\/v2\/product\/2772","targetHints":{"allow":["GET"]}}],"collection":[{"href":"https:\/\/honelinks.com\/es\/wp-json\/wp\/v2\/product"}],"about":[{"href":"https:\/\/honelinks.com\/es\/wp-json\/wp\/v2\/types\/product"}],"replies":[{"embeddable":true,"href":"https:\/\/honelinks.com\/es\/wp-json\/wp\/v2\/comments?post=2772"}],"wp:featuredmedia":[{"embeddable":true,"href":"https:\/\/honelinks.com\/es\/wp-json\/wp\/v2\/media\/2773"}],"wp:attachment":[{"href":"https:\/\/honelinks.com\/es\/wp-json\/wp\/v2\/media?parent=2772"}],"wp:term":[{"taxonomy":"product_brand","embeddable":true,"href":"https:\/\/honelinks.com\/es\/wp-json\/wp\/v2\/product_brand?post=2772"},{"taxonomy":"product_cat","embeddable":true,"href":"https:\/\/honelinks.com\/es\/wp-json\/wp\/v2\/product_cat?post=2772"},{"taxonomy":"product_tag","embeddable":true,"href":"https:\/\/honelinks.com\/es\/wp-json\/wp\/v2\/product_tag?post=2772"}],"curies":[{"name":"wp","href":"https:\/\/api.w.org\/{rel}","templated":true}]}}