{"id":2782,"date":"2025-10-20T21:31:43","date_gmt":"2025-10-20T13:31:43","guid":{"rendered":"https:\/\/honelinks.com\/?post_type=product&#038;p=2782"},"modified":"2025-10-20T21:52:49","modified_gmt":"2025-10-20T13:52:49","slug":"conmutadores-de-capa-central","status":"publish","type":"product","link":"https:\/\/honelinks.com\/es\/product\/core-layer-switches\/","title":{"rendered":"conmutadores de capa central"},"content":{"rendered":"<p data-start=\"214\" data-end=\"539\">En <strong>Conmutador de capa central<\/strong> es un dispositivo de red de alto rendimiento dise\u00f1ado para funcionar en la capa central de una red empresarial. Es la columna vertebral de la red, responsable de proporcionar conexiones fiables y de alta velocidad entre los conmutadores de la capa de distribuci\u00f3n y de acceso, garantizando un flujo de datos eficiente en las redes a gran escala.<\/p>\n<h4 data-start=\"541\" data-end=\"570\"><strong data-start=\"546\" data-end=\"570\">Dise\u00f1o y estructura<\/strong><\/h4>\n<p data-start=\"571\" data-end=\"967\">El conmutador Core Layer est\u00e1 fabricado con componentes de calidad empresarial y dispone de varios puertos de alta velocidad para conexiones de cobre y fibra. Compatible con las funciones de Capa 2 y Capa 3, el conmutador est\u00e1 equipado con funciones avanzadas de enrutamiento y conmutaci\u00f3n, lo que garantiza una conectividad y un rendimiento sin fisuras. Admite conexiones de 10 GbE y 40 GbE para entornos de alto rendimiento.<\/p>\n<p data-start=\"969\" data-end=\"1001\">Las principales caracter\u00edsticas estructurales son:<\/p>\n<ul data-start=\"1002\" data-end=\"1436\">\n<li data-start=\"1002\" data-end=\"1078\">\n<p data-start=\"1004\" data-end=\"1078\"><strong data-start=\"1004\" data-end=\"1015\">Chasis<\/strong>: Dise\u00f1o modular de alta densidad para mayor escalabilidad y flexibilidad.<\/p>\n<\/li>\n<li data-start=\"1079\" data-end=\"1170\">\n<p data-start=\"1081\" data-end=\"1170\"><strong data-start=\"1081\" data-end=\"1090\">Puertos<\/strong>: Una mezcla de puertos Gigabit Ethernet, 10 Gigabit Ethernet y 40 Gigabit Ethernet.<\/p>\n<\/li>\n<li data-start=\"1171\" data-end=\"1241\">\n<p data-start=\"1173\" data-end=\"1241\"><strong data-start=\"1173\" data-end=\"1187\">Redundancia<\/strong>: Fuentes de alimentaci\u00f3n y ventiladores dobles para un funcionamiento fiable.<\/p>\n<\/li>\n<li data-start=\"1242\" data-end=\"1336\">\n<p data-start=\"1244\" data-end=\"1336\"><strong data-start=\"1244\" data-end=\"1255\">Refrigeraci\u00f3n<\/strong>: Eficiente disipaci\u00f3n del calor mediante avanzados sistemas de refrigeraci\u00f3n modulares o sin ventilador.<\/p>\n<\/li>\n<li data-start=\"1337\" data-end=\"1436\">\n<p data-start=\"1339\" data-end=\"1436\"><strong data-start=\"1339\" data-end=\"1353\">Gesti\u00f3n<\/strong>: Interfaz de gesti\u00f3n intuitiva basada en web o CLI para configuraci\u00f3n y supervisi\u00f3n.<\/p>\n<\/li>\n<\/ul>\n<h4 data-start=\"1438\" data-end=\"1459\"><strong data-start=\"1443\" data-end=\"1459\">Aplicaciones<\/strong><\/h4>\n<ul data-start=\"1460\" data-end=\"2144\">\n<li data-start=\"1460\" data-end=\"1605\">\n<p data-start=\"1462\" data-end=\"1605\"><strong data-start=\"1462\" data-end=\"1478\">Centros de datos<\/strong>: El conmutador de capa central garantiza una transferencia de datos de alta velocidad entre servidores y dispositivos de red, ideal para operaciones de centros de datos.<\/p>\n<\/li>\n<li data-start=\"1606\" data-end=\"1753\">\n<p data-start=\"1608\" data-end=\"1753\"><strong data-start=\"1608\" data-end=\"1631\">Redes de empresa<\/strong>: Act\u00faa como eje central, conectando varios departamentos y garantizando una comunicaci\u00f3n fluida dentro de las grandes organizaciones.<\/p>\n<\/li>\n<li data-start=\"1754\" data-end=\"1903\">\n<p data-start=\"1756\" data-end=\"1903\"><strong data-start=\"1756\" data-end=\"1775\">Redes de campus<\/strong>: Para organizaciones con varios edificios o campus, el conmutador de capa central facilita una conectividad perfecta entre edificios.<\/p>\n<\/li>\n<li data-start=\"1904\" data-end=\"2034\">\n<p data-start=\"1906\" data-end=\"2034\"><strong data-start=\"1906\" data-end=\"1933\">Proveedores de servicios en la nube<\/strong>: Da soporte a la infraestructura de nube gestionando grandes vol\u00famenes de tr\u00e1fico en entornos virtualizados.<\/p>\n<\/li>\n<li data-start=\"2035\" data-end=\"2144\">\n<p data-start=\"2037\" data-end=\"2144\"><strong data-start=\"2037\" data-end=\"2053\">Redes ISP<\/strong>: Gestiona grandes vol\u00famenes de tr\u00e1fico de datos en redes ISP, garantizando la estabilidad y un rendimiento r\u00e1pido.<\/p>\n<\/li>\n<\/ul>\n<h4 data-start=\"2146\" data-end=\"2165\"><strong data-start=\"2151\" data-end=\"2165\">Ventajas<\/strong><\/h4>\n<ul data-start=\"2166\" data-end=\"2701\">\n<li data-start=\"2166\" data-end=\"2252\">\n<p data-start=\"2168\" data-end=\"2252\"><strong data-start=\"2168\" data-end=\"2183\">Escalabilidad<\/strong>: El dise\u00f1o modular permite futuras ampliaciones a medida que crece la demanda de la red.<\/p>\n<\/li>\n<li data-start=\"2253\" data-end=\"2383\">\n<p data-start=\"2255\" data-end=\"2383\"><strong data-start=\"2255\" data-end=\"2270\">Fiabilidad<\/strong>: Las fuentes de alimentaci\u00f3n dobles, los ventiladores redundantes y las funciones de protecci\u00f3n avanzadas garantizan un rendimiento y un tiempo de actividad constantes.<\/p>\n<\/li>\n<li data-start=\"2384\" data-end=\"2481\">\n<p data-start=\"2386\" data-end=\"2481\"><strong data-start=\"2386\" data-end=\"2405\">Alto rendimiento<\/strong>: Admite velocidades de 10 GbE y 40 GbE para aplicaciones que requieren mucho ancho de banda.<\/p>\n<\/li>\n<li data-start=\"2482\" data-end=\"2606\">\n<p data-start=\"2484\" data-end=\"2606\"><strong data-start=\"2484\" data-end=\"2496\">Seguridad<\/strong>: Funciones de seguridad avanzadas como listas de control de acceso (ACL), seguridad de puertos y protecci\u00f3n DDoS mejorada.<\/p>\n<\/li>\n<li data-start=\"2607\" data-end=\"2701\">\n<p data-start=\"2609\" data-end=\"2701\"><strong data-start=\"2609\" data-end=\"2631\">Facilidad de gesti\u00f3n<\/strong>: Interfaz de gesti\u00f3n de f\u00e1cil uso para la supervisi\u00f3n y la configuraci\u00f3n.<\/p>\n<\/li>\n<\/ul>\n<h4 data-start=\"2703\" data-end=\"2716\"><strong data-start=\"2708\" data-end=\"2716\">Preguntas frecuentes<\/strong><\/h4>\n<p data-start=\"2718\" data-end=\"2876\"><strong data-start=\"2718\" data-end=\"2781\">1. \u00bfCu\u00e1l es el rendimiento m\u00e1ximo del Core Layer Switch?<\/strong><br data-start=\"2781\" data-end=\"2784\" \/>El conmutador admite un caudal de hasta 40 GbE, lo que lo hace adecuado para entornos de alta demanda.<\/p>\n<p data-start=\"2878\" data-end=\"3056\"><strong data-start=\"2878\" data-end=\"2940\">2. \u00bfPuede utilizarse el conmutador en una red de Capa 2 o de Capa 3?<\/strong><br data-start=\"2940\" data-end=\"2943\" \/>S\u00ed, el conmutador de capa central admite operaciones tanto de capa 2 como de capa 3, lo que proporciona flexibilidad en el dise\u00f1o de la red.<\/p>\n<p data-start=\"3058\" data-end=\"3230\"><strong data-start=\"3058\" data-end=\"3116\">3. \u00bfCu\u00e1l es el despliegue recomendado para este conmutador?<\/strong><br data-start=\"3116\" data-end=\"3119\" \/>Este conmutador es ideal para centros de datos, redes de grandes empresas, redes de campus y proveedores de servicios en la nube.<\/p>\n<p data-start=\"3232\" data-end=\"3441\"><strong data-start=\"3232\" data-end=\"3289\">4. \u00bfEs compatible el conmutador con PoE (Power over Ethernet)?<\/strong><br data-start=\"3289\" data-end=\"3292\" \/>Algunos modelos del conmutador de capa central admiten la funci\u00f3n PoE, que proporciona alimentaci\u00f3n a dispositivos conectados como tel\u00e9fonos IP y puntos de acceso inal\u00e1mbricos.<\/p>\n<p data-start=\"3443\" data-end=\"3618\"><strong data-start=\"3443\" data-end=\"3487\">5. \u00bfC\u00f3mo funciona la redundancia?<\/strong><br data-start=\"3487\" data-end=\"3490\" \/>El conmutador viene con fuentes de alimentaci\u00f3n duales y ventiladores redundantes, lo que garantiza un funcionamiento continuo incluso si falla uno de los componentes.<\/p>","protected":false},"excerpt":{"rendered":"<p>En <strong>Conmutador de red industrial de carril DIN<\/strong> es un conmutador Ethernet robusto y compacto dise\u00f1ado para funcionar con fiabilidad en entornos industriales dif\u00edciles. Proporciona una transmisi\u00f3n de datos estable y eficiente para sistemas de automatizaci\u00f3n, vigilancia y control industrial.<\/p>","protected":false},"featured_media":2786,"comment_status":"open","ping_status":"closed","template":"","meta":{"_seopress_robots_primary_cat":"none","_seopress_titles_title":"What are Core Layer Switches? | Key Features and Benefits Explained","_seopress_titles_desc":"Learn what core layer switches are, their role in enterprise networks, and key benefits like high throughput, redundancy, and scalability for data centers and large networks.","_seopress_robots_index":""},"product_brand":[],"product_cat":[57,27],"product_tag":[47],"class_list":{"0":"post-2782","1":"product","2":"type-product","3":"status-publish","4":"has-post-thumbnail","6":"product_cat-network-switches","7":"product_cat-ftth","8":"product_tag-network-devices","10":"first","11":"instock","12":"shipping-taxable","13":"product-type-variable"},"_links":{"self":[{"href":"https:\/\/honelinks.com\/es\/wp-json\/wp\/v2\/product\/2782","targetHints":{"allow":["GET"]}}],"collection":[{"href":"https:\/\/honelinks.com\/es\/wp-json\/wp\/v2\/product"}],"about":[{"href":"https:\/\/honelinks.com\/es\/wp-json\/wp\/v2\/types\/product"}],"replies":[{"embeddable":true,"href":"https:\/\/honelinks.com\/es\/wp-json\/wp\/v2\/comments?post=2782"}],"wp:featuredmedia":[{"embeddable":true,"href":"https:\/\/honelinks.com\/es\/wp-json\/wp\/v2\/media\/2786"}],"wp:attachment":[{"href":"https:\/\/honelinks.com\/es\/wp-json\/wp\/v2\/media?parent=2782"}],"wp:term":[{"taxonomy":"product_brand","embeddable":true,"href":"https:\/\/honelinks.com\/es\/wp-json\/wp\/v2\/product_brand?post=2782"},{"taxonomy":"product_cat","embeddable":true,"href":"https:\/\/honelinks.com\/es\/wp-json\/wp\/v2\/product_cat?post=2782"},{"taxonomy":"product_tag","embeddable":true,"href":"https:\/\/honelinks.com\/es\/wp-json\/wp\/v2\/product_tag?post=2782"}],"curies":[{"name":"wp","href":"https:\/\/api.w.org\/{rel}","templated":true}]}}