{"id":828,"date":"2025-03-14T12:07:35","date_gmt":"2025-03-14T04:07:35","guid":{"rendered":"https:\/\/honelinks.com\/?post_type=product&#038;p=828"},"modified":"2025-09-06T04:23:17","modified_gmt":"2025-09-05T20:23:17","slug":"armario-de-datos-18u-22u-32u-37u-42u-armario-de-servidor-independiente","status":"publish","type":"product","link":"https:\/\/honelinks.com\/es\/product\/data-cabinet-18u-22u-32u-37u-42u-free-standing-server-cabinet\/","title":{"rendered":"Armario de datos 18U 22U 32U 37U 42U Armario para servidor independiente"},"content":{"rendered":"<p><strong data-start=\"2\" data-end=\"35\">Armario de red independiente<\/strong> es un armario autoportante dise\u00f1ado para alojar y organizar equipos de red como servidores, conmutadores, paneles de conexiones y otras infraestructuras inform\u00e1ticas. A diferencia de los armarios murales, estos armarios son m\u00e1s grandes, proporcionan un mejor flujo de aire y ofrecen m\u00e1s espacio para la gesti\u00f3n de cables y la ampliaci\u00f3n.<\/p>\n<p><img alt=\"F\u00e1brica de armarios de red independientes\" fetchpriority=\"high\" decoding=\"async\" class=\"size-medium wp-image-831 alignnone\" src=\"https:\/\/honelinks.com\/wp-content\/uploads\/2025\/03\/Free-standing-Network-Cabinet-factory-300x225.jpg\" width=\"300\" height=\"225\" srcset=\"https:\/\/honelinks.com\/wp-content\/uploads\/2025\/03\/Free-standing-Network-Cabinet-factory-300x225.jpg 300w, https:\/\/honelinks.com\/wp-content\/uploads\/2025\/03\/Free-standing-Network-Cabinet-factory-1024x768.jpg 1024w, https:\/\/honelinks.com\/wp-content\/uploads\/2025\/03\/Free-standing-Network-Cabinet-factory-768x576.jpg 768w, https:\/\/honelinks.com\/wp-content\/uploads\/2025\/03\/Free-standing-Network-Cabinet-factory-1536x1152.jpg 1536w, https:\/\/honelinks.com\/wp-content\/uploads\/2025\/03\/Free-standing-Network-Cabinet-factory-2048x1536.jpg 2048w, https:\/\/honelinks.com\/wp-content\/uploads\/2025\/03\/Free-standing-Network-Cabinet-factory-600x450.jpg 600w\" sizes=\"(max-width: 300px) 100vw, 300px\" \/><\/p>\n<p>&nbsp;<\/p>\n<h3><strong>Caracter\u00edsticas principales:<\/strong><\/h3>\n<ol>\n<li><strong data-start=\"353\" data-end=\"372\">Dise\u00f1o espacioso<\/strong> - Adecuado para configuraciones de red medianas y grandes.<\/li>\n<li><strong data-start=\"434\" data-end=\"458\">Ventilaci\u00f3n mejorada<\/strong> - Equipadas con puertas perforadas, ranuras para ventiladores u opciones de refrigeraci\u00f3n integradas.<\/li>\n<li><strong data-start=\"538\" data-end=\"550\">Seguridad<\/strong> - Puertas y paneles laterales con cerradura para impedir el acceso no autorizado.<\/li>\n<li><strong data-start=\"621\" data-end=\"641\">Gesti\u00f3n de cables<\/strong> - M\u00faltiples puntos de entrada de cables para organizar el cableado.<\/li>\n<li><strong data-start=\"699\" data-end=\"728\">Ra\u00edles de montaje ajustables<\/strong> - Admite diferentes tama\u00f1os y configuraciones de equipos.<\/li>\n<li><strong data-start=\"791\" data-end=\"811\">Opciones de movilidad<\/strong> - Puede incluir ruedas o patas niveladoras para facilitar el reposicionamiento.<\/li>\n<\/ol>\n<h3><strong>Aplicaciones:<\/strong><\/h3>\n<ol>\n<li>Centros de datos<\/li>\n<li>Salas de servidores<\/li>\n<li>Infraestructura inform\u00e1tica empresarial<\/li>\n<li>Telecomunicaciones<\/li>\n<\/ol>\n<h3><strong>FAQs (Preguntas m\u00e1s frecuentes):<\/strong><\/h3>\n<ol>\n<li data-start=\"31\" data-end=\"198\">\n<p data-start=\"34\" data-end=\"100\"><strong data-start=\"34\" data-end=\"98\">\u00bfQu\u00e9 tama\u00f1os hay disponibles para armarios de red autoportantes?<\/strong><\/p>\n<p>Los tama\u00f1os m\u00e1s habituales oscilan entre <strong data-start=\"130\" data-end=\"144\">18U a 47U<\/strong>, en funci\u00f3n de la cantidad de equipos que deban alojarse.<\/li>\n<li data-start=\"200\" data-end=\"358\">\n<p data-start=\"203\" data-end=\"268\"><strong data-start=\"203\" data-end=\"266\">\u00bfQu\u00e9 materiales se utilizan para los armarios de red autoportantes?<\/strong><\/p>\n<p>La mayor\u00eda de los armarios est\u00e1n hechos de <strong data-start=\"300\" data-end=\"321\">acero laminado en fr\u00edo<\/strong>, lo que garantiza su durabilidad y resistencia.<\/li>\n<li data-start=\"360\" data-end=\"535\">\n<p data-start=\"363\" data-end=\"418\"><strong data-start=\"363\" data-end=\"416\">\u00bfViene con ventiladores preinstalados para la refrigeraci\u00f3n?<\/strong><\/p>\n<p>Algunos modelos incluyen <strong data-start=\"444\" data-end=\"474\">Ventiladores preinstalados<\/strong>, mientras que otros tienen ranuras de ventilaci\u00f3n o kits de ventiladores opcionales.<\/li>\n<li data-start=\"537\" data-end=\"706\">\n<p data-start=\"540\" data-end=\"593\"><strong data-start=\"540\" data-end=\"591\">\u00bfPuedo cerrar el armario para proteger mis equipos?<\/strong><\/p>\n<p>S\u00ed, la mayor\u00eda de los armarios vienen con <strong data-start=\"628\" data-end=\"681\">puertas delanteras, laterales y traseras con cerradura<\/strong> para mejorar la seguridad.<\/li>\n<li data-start=\"708\" data-end=\"919\">\n<p data-start=\"711\" data-end=\"773\"><strong data-start=\"711\" data-end=\"771\">\u00bfC\u00f3mo elijo el armario del tama\u00f1o adecuado para mi equipo?<\/strong><\/p>\n<p>Tenga en cuenta el n\u00famero de dispositivos, sus dimensiones y futuras necesidades de ampliaci\u00f3n. Aseg\u00farese de que tiene suficiente <strong data-start=\"878\" data-end=\"896\">unidades de rack (U)<\/strong> y capacidad de peso.<\/li>\n<li data-start=\"921\" data-end=\"1130\">\n<p data-start=\"924\" data-end=\"997\"><strong data-start=\"924\" data-end=\"995\">\u00bfSon compatibles estos armarios con los equipos de rack est\u00e1ndar de 19 pulgadas?<\/strong><\/p>\n<p>S\u00ed, la mayor\u00eda de los armarios de red independientes son <strong data-start=\"1048\" data-end=\"1074\">Bastidores est\u00e1ndar de 19 pulgadas<\/strong>, compatible con la mayor\u00eda del hardware de redes y servidores.<\/li>\n<li data-start=\"1132\" data-end=\"1331\" data-is-last-node=\"\">\n<p data-start=\"1135\" data-end=\"1196\"><strong data-start=\"1135\" data-end=\"1194\">\u00bfSe incluye la gesti\u00f3n de cables en los armarios autoportantes?<\/strong><\/p>\n<p>S\u00ed, la mayor\u00eda de los armarios cuentan con <strong data-start=\"1229\" data-end=\"1309\">puntos de entrada de cables, organizadores de cables verticales y rieles de montaje ajustables<\/strong> para un cableado eficaz.<\/li>\n<\/ol>","protected":false},"excerpt":{"rendered":"<p><strong data-start=\"4\" data-end=\"42\">Armario servidor independiente HONE<\/strong> es un armario duradero y de gran capacidad dise\u00f1ado para organizar y proteger eficazmente los equipos de red. Con una construcci\u00f3n robusta, ventilaci\u00f3n mejorada, cierre seguro y rieles de montaje ajustables, garantiza un rendimiento \u00f3ptimo. Ideal para centros de datos, salas de servidores y redes empresariales, ofrece una excelente gesti\u00f3n de cables y f\u00e1cil accesibilidad.<\/p>","protected":false},"featured_media":832,"comment_status":"open","ping_status":"closed","template":"","meta":{"_seopress_robots_primary_cat":"none","_seopress_titles_title":"Free Standing Server Cabinet","_seopress_titles_desc":"Sturdy free standing server cabinet for secure, organized network equipment storage with efficient cooling and easy access","_seopress_robots_index":""},"product_brand":[],"product_cat":[27],"product_tag":[29,30],"class_list":{"0":"post-828","1":"product","2":"type-product","3":"status-publish","4":"has-post-thumbnail","6":"product_cat-ftth","7":"product_tag-net-work-cabinet","8":"product_tag-wall-mount","10":"first","11":"instock","12":"shipping-taxable","13":"product-type-grouped"},"_links":{"self":[{"href":"https:\/\/honelinks.com\/es\/wp-json\/wp\/v2\/product\/828","targetHints":{"allow":["GET"]}}],"collection":[{"href":"https:\/\/honelinks.com\/es\/wp-json\/wp\/v2\/product"}],"about":[{"href":"https:\/\/honelinks.com\/es\/wp-json\/wp\/v2\/types\/product"}],"replies":[{"embeddable":true,"href":"https:\/\/honelinks.com\/es\/wp-json\/wp\/v2\/comments?post=828"}],"wp:featuredmedia":[{"embeddable":true,"href":"https:\/\/honelinks.com\/es\/wp-json\/wp\/v2\/media\/832"}],"wp:attachment":[{"href":"https:\/\/honelinks.com\/es\/wp-json\/wp\/v2\/media?parent=828"}],"wp:term":[{"taxonomy":"product_brand","embeddable":true,"href":"https:\/\/honelinks.com\/es\/wp-json\/wp\/v2\/product_brand?post=828"},{"taxonomy":"product_cat","embeddable":true,"href":"https:\/\/honelinks.com\/es\/wp-json\/wp\/v2\/product_cat?post=828"},{"taxonomy":"product_tag","embeddable":true,"href":"https:\/\/honelinks.com\/es\/wp-json\/wp\/v2\/product_tag?post=828"}],"curies":[{"name":"wp","href":"https:\/\/api.w.org\/{rel}","templated":true}]}}