{"id":850,"date":"2025-03-17T22:32:36","date_gmt":"2025-03-17T14:32:36","guid":{"rendered":"https:\/\/honelinks.com\/?post_type=product&#038;p=850"},"modified":"2025-08-08T11:52:09","modified_gmt":"2025-08-08T03:52:09","slug":"cable-de-fibra-optica-adss-todo-dielectrico-autoportante-aereo-de-doble-cubierta","status":"publish","type":"product","link":"https:\/\/honelinks.com\/es\/product\/all-dielectric-self-supporting-aerial-double-sheath-adss-fiber-optic-cable\/","title":{"rendered":"Cable de fibra \u00f3ptica de doble cubierta ADSS totalmente diel\u00e9ctrico y autoportante"},"content":{"rendered":"<p><strong>Cable a\u00e9reo de fibra \u00f3ptica de doble cubierta totalmente diel\u00e9ctrico (ADSS) <\/strong>es un tipo de cable de fibra \u00f3ptica dise\u00f1ado para instalaciones a\u00e9reas exteriores sin necesidad de componentes met\u00e1licos<\/p>\n<h4 data-start=\"88\" data-end=\"121\"><strong data-start=\"93\" data-end=\"119\">1. Estructura y dise\u00f1o:<\/strong><\/h4>\n<p><img alt=\"Estructura de cable de fibra \u00f3ptica ADSS de doble cubierta a\u00e9rea autoportante totalmente diel\u00e9ctrica\" fetchpriority=\"high\" decoding=\"async\" class=\"alignnone size-medium wp-image-851\" src=\"https:\/\/honelinks.com\/wp-content\/uploads\/2025\/03\/All-Dielectric-Self-Supporting-Aerial-Double-Sheath-ADSS-Fiber-Optic-Cable-structure-300x300.png\" width=\"300\" height=\"300\" srcset=\"https:\/\/honelinks.com\/wp-content\/uploads\/2025\/03\/All-Dielectric-Self-Supporting-Aerial-Double-Sheath-ADSS-Fiber-Optic-Cable-structure-300x300.png 300w, https:\/\/honelinks.com\/wp-content\/uploads\/2025\/03\/All-Dielectric-Self-Supporting-Aerial-Double-Sheath-ADSS-Fiber-Optic-Cable-structure-150x150.png 150w, https:\/\/honelinks.com\/wp-content\/uploads\/2025\/03\/All-Dielectric-Self-Supporting-Aerial-Double-Sheath-ADSS-Fiber-Optic-Cable-structure-768x768.png 768w, https:\/\/honelinks.com\/wp-content\/uploads\/2025\/03\/All-Dielectric-Self-Supporting-Aerial-Double-Sheath-ADSS-Fiber-Optic-Cable-structure-600x600.png 600w, https:\/\/honelinks.com\/wp-content\/uploads\/2025\/03\/All-Dielectric-Self-Supporting-Aerial-Double-Sheath-ADSS-Fiber-Optic-Cable-structure-100x100.png 100w, https:\/\/honelinks.com\/wp-content\/uploads\/2025\/03\/All-Dielectric-Self-Supporting-Aerial-Double-Sheath-ADSS-Fiber-Optic-Cable-structure.png 800w\" sizes=\"(max-width: 300px) 100vw, 300px\" \/><\/p>\n<ul data-start=\"122\" data-end=\"654\">\n<li data-start=\"122\" data-end=\"223\"><strong data-start=\"124\" data-end=\"152\">Miembro de la Fuerza Central:<\/strong> Suele ser una varilla de pl\u00e1stico reforzado con fibra (FRP) para mayor durabilidad.<\/li>\n<li data-start=\"224\" data-end=\"340\"><strong data-start=\"226\" data-end=\"249\">N\u00facleo de fibra \u00f3ptica:<\/strong> Contiene m\u00faltiples hebras de fibra protegidas por tubos sueltos rellenos de gel que bloquea el agua.<\/li>\n<li data-start=\"341\" data-end=\"438\"><strong data-start=\"343\" data-end=\"360\">Funda interior:<\/strong> Fabricado en polietileno (PE) de alta resistencia para una protecci\u00f3n medioambiental b\u00e1sica.<\/li>\n<li data-start=\"439\" data-end=\"532\"><strong data-start=\"441\" data-end=\"463\">Capa de hilo de aramida:<\/strong> Proporciona resistencia a la tracci\u00f3n para una instalaci\u00f3n a\u00e9rea autoportante.<\/li>\n<li data-start=\"533\" data-end=\"654\"><strong data-start=\"535\" data-end=\"552\">Funda exterior:<\/strong> Polietileno (PE) resistente a los rayos UV y a la intemperie para una mayor durabilidad frente a las duras condiciones exteriores.<\/li>\n<\/ul>\n<h4 data-start=\"656\" data-end=\"683\"><strong data-start=\"661\" data-end=\"681\">2. Aplicaciones:<\/strong><\/h4>\n<ul data-start=\"684\" data-end=\"945\">\n<li data-start=\"684\" data-end=\"735\">L\u00edneas el\u00e9ctricas a\u00e9reas y redes de distribuci\u00f3n.<\/li>\n<li data-start=\"736\" data-end=\"791\">Redes de telecomunicaciones rurales y de larga distancia.<\/li>\n<li data-start=\"792\" data-end=\"854\">Fibra urbana hasta el hogar (FTTH) y conectividad de \u00faltima milla.<\/li>\n<li data-start=\"855\" data-end=\"945\">Entornos de alta tensi\u00f3n en los que las propiedades diel\u00e9ctricas impiden las interferencias el\u00e9ctricas.<\/li>\n<\/ul>\n<h4 data-start=\"947\" data-end=\"972\"><strong data-start=\"952\" data-end=\"970\">3. Ventajas:<\/strong><\/h4>\n<ul data-start=\"973\" data-end=\"1436\">\n<li data-start=\"973\" data-end=\"1069\"><strong data-start=\"975\" data-end=\"1001\">Alta resistencia a la tracci\u00f3n:<\/strong> Puede salvar grandes distancias entre postes sin necesidad de soporte adicional.<\/li>\n<li data-start=\"1070\" data-end=\"1166\"><strong data-start=\"1072\" data-end=\"1091\">No conductor:<\/strong> Instalaci\u00f3n segura a lo largo de l\u00edneas el\u00e9ctricas, eliminando riesgos el\u00e9ctricos.<\/li>\n<li data-start=\"1167\" data-end=\"1267\"><strong data-start=\"1169\" data-end=\"1191\">Resistente a la intemperie:<\/strong> Dise\u00f1ado para soportar temperaturas extremas, exposici\u00f3n a los rayos UV y fuertes vientos.<\/li>\n<li data-start=\"1268\" data-end=\"1346\"><strong data-start=\"1270\" data-end=\"1290\">Bajo mantenimiento:<\/strong> Los materiales duraderos reducen los costes operativos a largo plazo.<\/li>\n<li data-start=\"1347\" data-end=\"1436\"><strong data-start=\"1349\" data-end=\"1385\">Ligero y de f\u00e1cil instalaci\u00f3n:<\/strong> Reduce la carga sobre los postes y simplifica el despliegue.<\/li>\n<\/ul>","protected":false},"excerpt":{"rendered":"<p><strong data-start=\"4\" data-end=\"70\">Cable a\u00e9reo de fibra \u00f3ptica de doble cubierta totalmente diel\u00e9ctrico autoportante (ADSS) HONE <\/strong>presenta un dise\u00f1o no met\u00e1lico de alta resistencia con una cubierta interior y exterior de PE para mayor durabilidad. Ideal para l\u00edneas el\u00e9ctricas a\u00e9reas y redes de telecomunicaciones, ofrece gran resistencia a la tracci\u00f3n, a la intemperie y aislamiento el\u00e9ctrico, lo que garantiza una transmisi\u00f3n de datos fiable a larga distancia con poco mantenimiento.<\/p>","protected":false},"featured_media":852,"comment_status":"open","ping_status":"closed","template":"","meta":{"_seopress_robots_primary_cat":"none","_seopress_titles_title":"Double Sheath ADSS Fiber Optic Cable","_seopress_titles_desc":"Double sheath ADSS fiber optic cable provides enhanced protection and durability for aerial installations in harsh outdoor environments.","_seopress_robots_index":""},"product_brand":[],"product_cat":[41],"product_tag":[42],"class_list":{"0":"post-850","1":"product","2":"type-product","3":"status-publish","4":"has-post-thumbnail","6":"product_cat-outdoor-fiber-optic-cable","7":"product_tag-bulk-fiber-optic-cable","9":"first","10":"instock","11":"shipping-taxable","12":"product-type-grouped"},"_links":{"self":[{"href":"https:\/\/honelinks.com\/es\/wp-json\/wp\/v2\/product\/850","targetHints":{"allow":["GET"]}}],"collection":[{"href":"https:\/\/honelinks.com\/es\/wp-json\/wp\/v2\/product"}],"about":[{"href":"https:\/\/honelinks.com\/es\/wp-json\/wp\/v2\/types\/product"}],"replies":[{"embeddable":true,"href":"https:\/\/honelinks.com\/es\/wp-json\/wp\/v2\/comments?post=850"}],"wp:featuredmedia":[{"embeddable":true,"href":"https:\/\/honelinks.com\/es\/wp-json\/wp\/v2\/media\/852"}],"wp:attachment":[{"href":"https:\/\/honelinks.com\/es\/wp-json\/wp\/v2\/media?parent=850"}],"wp:term":[{"taxonomy":"product_brand","embeddable":true,"href":"https:\/\/honelinks.com\/es\/wp-json\/wp\/v2\/product_brand?post=850"},{"taxonomy":"product_cat","embeddable":true,"href":"https:\/\/honelinks.com\/es\/wp-json\/wp\/v2\/product_cat?post=850"},{"taxonomy":"product_tag","embeddable":true,"href":"https:\/\/honelinks.com\/es\/wp-json\/wp\/v2\/product_tag?post=850"}],"curies":[{"name":"wp","href":"https:\/\/api.w.org\/{rel}","templated":true}]}}