{"id":854,"date":"2025-03-18T14:53:36","date_gmt":"2025-03-18T06:53:36","guid":{"rendered":"https:\/\/honelinks.com\/?post_type=product&#038;p=854"},"modified":"2025-08-08T11:25:18","modified_gmt":"2025-08-08T03:25:18","slug":"cable-de-fibra-optica-todo-dielectrico-autoportante-adss-estandar-aereo","status":"publish","type":"product","link":"https:\/\/honelinks.com\/es\/product\/all-dielectric-self-supporting-aerial-standard-adss-fiber-optic-cable\/","title":{"rendered":"Cable de fibra \u00f3ptica totalmente diel\u00e9ctrico autoportante est\u00e1ndar ADSS"},"content":{"rendered":"<p><strong data-start=\"4\" data-end=\"63\">Cable de fibra \u00f3ptica totalmente diel\u00e9ctrico autoportante (ADSS)<\/strong> es un cable a\u00e9reo duradero dise\u00f1ado para redes de alta tensi\u00f3n y telecomunicaciones. Su construcci\u00f3n diel\u00e9ctrica elimina las interferencias el\u00e9ctricas, mientras que su alta resistencia a la tracci\u00f3n garantiza la estabilidad en condiciones adversas. Gracias a su resistencia a los rayos UV y a su facilidad de instalaci\u00f3n, el ADSS es ideal para despliegues de fibra de largo alcance y autoportantes sin estructuras de soporte adicionales.<\/p>\n<h4 data-start=\"88\" data-end=\"121\"><strong data-start=\"93\" data-end=\"119\">1. Estructura y dise\u00f1o:<\/strong><\/h4>\n<p><img alt=\"Cable de fibra \u00f3ptica ADSS de cubierta simple,Cable de fibra \u00f3ptica ADSS est\u00e1ndar a\u00e9reo autoportante\" fetchpriority=\"high\" decoding=\"async\" class=\"alignnone size-medium wp-image-855\" src=\"https:\/\/honelinks.com\/wp-content\/uploads\/2025\/03\/All-Dielectric-Self-Supporting-Aerial-Standard-ADSS-Fiber-Optic-Cable-Structure-300x300.png\" width=\"300\" height=\"300\" srcset=\"https:\/\/honelinks.com\/wp-content\/uploads\/2025\/03\/All-Dielectric-Self-Supporting-Aerial-Standard-ADSS-Fiber-Optic-Cable-Structure-300x300.png 300w, https:\/\/honelinks.com\/wp-content\/uploads\/2025\/03\/All-Dielectric-Self-Supporting-Aerial-Standard-ADSS-Fiber-Optic-Cable-Structure-150x150.png 150w, https:\/\/honelinks.com\/wp-content\/uploads\/2025\/03\/All-Dielectric-Self-Supporting-Aerial-Standard-ADSS-Fiber-Optic-Cable-Structure-768x768.png 768w, https:\/\/honelinks.com\/wp-content\/uploads\/2025\/03\/All-Dielectric-Self-Supporting-Aerial-Standard-ADSS-Fiber-Optic-Cable-Structure-600x600.png 600w, https:\/\/honelinks.com\/wp-content\/uploads\/2025\/03\/All-Dielectric-Self-Supporting-Aerial-Standard-ADSS-Fiber-Optic-Cable-Structure-100x100.png 100w, https:\/\/honelinks.com\/wp-content\/uploads\/2025\/03\/All-Dielectric-Self-Supporting-Aerial-Standard-ADSS-Fiber-Optic-Cable-Structure.png 800w\" sizes=\"(max-width: 300px) 100vw, 300px\" \/><\/p>\n<ul>\n<li>Compuesto en su totalidad por materiales diel\u00e9ctricos, lo que elimina la necesidad de componentes met\u00e1licos.<\/li>\n<li>Incorpora un s\u00f3lido elemento central de resistencia, normalmente de pl\u00e1stico reforzado con fibra (FRP), para una mayor durabilidad.<\/li>\n<li>Los tubos de amortiguaci\u00f3n rellenos de gel bloqueador de agua protegen las fibras \u00f3pticas de la humedad y la tensi\u00f3n mec\u00e1nica.<\/li>\n<li>El hilo de aramida o el refuerzo de fibra de vidrio de alta resistencia garantizan una resistencia a la tracci\u00f3n superior para instalaciones a\u00e9reas autoportantes.<\/li>\n<li>Funda exterior de material resistente a los rayos UV y a la intemperie, apta para diversas condiciones ambientales.<\/li>\n<\/ul>\n<h4 data-start=\"676\" data-end=\"699\"><strong data-start=\"681\" data-end=\"697\">Aplicaciones<\/strong><\/h4>\n<ul data-start=\"700\" data-end=\"1040\">\n<li data-start=\"700\" data-end=\"809\">Ideal para el despliegue de fibra a\u00e9rea a lo largo de l\u00edneas el\u00e9ctricas, redes de telecomunicaciones y sistemas de comunicaci\u00f3n ferroviaria.<\/li>\n<li data-start=\"810\" data-end=\"923\">Adecuado para redes troncales urbanas y de larga distancia que requieran un cableado de alta resistencia a la intemperie.<\/li>\n<li data-start=\"924\" data-end=\"1040\">Se utiliza en entornos en los que debe evitarse la conductividad el\u00e9ctrica, como los pasillos de transmisi\u00f3n de alta tensi\u00f3n.<\/li>\n<\/ul>\n<h4 data-start=\"1042\" data-end=\"1063\"><strong data-start=\"1047\" data-end=\"1061\">Ventajas<\/strong><\/h4>\n<ul data-start=\"1064\" data-end=\"1608\">\n<li data-start=\"1064\" data-end=\"1175\"><strong data-start=\"1066\" data-end=\"1093\">Dise\u00f1o autoportante:<\/strong> Elimina la necesidad de cable mensajero adicional, reduciendo los costes de instalaci\u00f3n.<\/li>\n<li data-start=\"1176\" data-end=\"1282\"><strong data-start=\"1178\" data-end=\"1204\">Alta resistencia a la tracci\u00f3n:<\/strong> Resiste las cargas del viento, la acumulaci\u00f3n de hielo y otros factores ambientales.<\/li>\n<li data-start=\"1283\" data-end=\"1402\"><strong data-start=\"1285\" data-end=\"1313\">Construcci\u00f3n diel\u00e9ctrica:<\/strong> Proporciona un excelente aislamiento el\u00e9ctrico, por lo que es seguro para instalaciones de l\u00edneas el\u00e9ctricas.<\/li>\n<li data-start=\"1403\" data-end=\"1496\"><strong data-start=\"1405\" data-end=\"1433\">Resistencia a la intemperie y a los rayos UV:<\/strong> Garantiza la fiabilidad a largo plazo en condiciones meteorol\u00f3gicas extremas.<\/li>\n<li data-start=\"1497\" data-end=\"1608\"><strong data-start=\"1499\" data-end=\"1526\">Ligero y flexible:<\/strong> Simplifica la manipulaci\u00f3n y la instalaci\u00f3n, reduciendo el tiempo de despliegue y los costes de mano de obra.<\/li>\n<\/ul>\n<h3 data-start=\"146\" data-end=\"160\"><strong data-start=\"150\" data-end=\"158\">Preguntas frecuentes<\/strong><\/h3>\n<ol data-start=\"162\" data-end=\"1394\">\n<li data-start=\"162\" data-end=\"440\">\n<p data-start=\"165\" data-end=\"230\"><strong data-start=\"165\" data-end=\"228\">\u00bfCu\u00e1l es la longitud m\u00e1xima del cable de fibra \u00f3ptica ADSS?<\/strong><\/p>\n<ul data-start=\"234\" data-end=\"440\">\n<li data-start=\"234\" data-end=\"440\">La longitud m\u00e1xima de la luz depende de factores como el n\u00famero de fibras, la velocidad del viento y la carga de hielo. Normalmente, los cables ADSS soportan vanos de <strong data-start=\"376\" data-end=\"398\">De 50 m a m\u00e1s de 1.000 m<\/strong> con el dise\u00f1o adecuado de resistencia a la tracci\u00f3n.<\/li>\n<\/ul>\n<\/li>\n<li data-start=\"442\" data-end=\"692\">\n<p data-start=\"445\" data-end=\"510\"><strong data-start=\"445\" data-end=\"508\">\u00bfPueden instalarse cables ADSS cerca de l\u00edneas el\u00e9ctricas de alta tensi\u00f3n?<\/strong><\/p>\n<ul data-start=\"514\" data-end=\"692\">\n<li data-start=\"514\" data-end=\"692\">S\u00ed, los cables ADSS est\u00e1n dise\u00f1ados para una instalaci\u00f3n segura cerca de l\u00edneas el\u00e9ctricas porque est\u00e1n hechos de <strong data-start=\"610\" data-end=\"638\">materiales totalmente diel\u00e9ctricos<\/strong>, evitando interferencias y conducciones el\u00e9ctricas.<\/li>\n<\/ul>\n<\/li>\n<li data-start=\"694\" data-end=\"964\">\n<p data-start=\"697\" data-end=\"763\"><strong data-start=\"697\" data-end=\"761\">\u00bfSe necesita hardware de apoyo adicional para la instalaci\u00f3n de ADSS?<\/strong><\/p>\n<ul data-start=\"767\" data-end=\"964\">\n<li data-start=\"767\" data-end=\"964\">No, los cables ADSS son <strong data-start=\"789\" data-end=\"808\">autoportante<\/strong> y no requieren cables mensajeros. Sin embargo, los <strong data-start=\"866\" data-end=\"928\">abrazaderas de tensi\u00f3n, accesorios de suspensi\u00f3n y herrajes sin salida<\/strong> se utilizan para una instalaci\u00f3n segura.<\/li>\n<\/ul>\n<\/li>\n<li data-start=\"966\" data-end=\"1195\">\n<p data-start=\"969\" data-end=\"1030\"><strong data-start=\"969\" data-end=\"1028\">\u00bfC\u00f3mo resiste la fibra ADSS las duras condiciones meteorol\u00f3gicas?<\/strong><\/p>\n<ul data-start=\"1034\" data-end=\"1195\">\n<li data-start=\"1034\" data-end=\"1195\">Caracter\u00edsticas de los cables ADSS <strong data-start=\"1056\" data-end=\"1125\">Capas protectoras resistentes a los rayos UV, impermeables y de alta resistencia<\/strong> soportar temperaturas extremas, lluvias torrenciales, nieve y fuertes vientos.<\/li>\n<\/ul>\n<\/li>\n<li data-start=\"1197\" data-end=\"1394\">\n<p data-start=\"1200\" data-end=\"1256\"><strong data-start=\"1200\" data-end=\"1254\">\u00bfCu\u00e1l es la vida \u00fatil de un cable de fibra \u00f3ptica ADSS?<\/strong><\/p>\n<ul data-start=\"1260\" data-end=\"1394\">\n<li data-start=\"1260\" data-end=\"1394\">Los cables ADSS est\u00e1n dise\u00f1ados para un <strong data-start=\"1293\" data-end=\"1318\">vida \u00fatil de m\u00e1s de 25 a\u00f1os<\/strong>, dependiendo de las condiciones ambientales y de las pr\u00e1cticas de instalaci\u00f3n adecuadas.<\/li>\n<\/ul>\n<\/li>\n<\/ol>","protected":false},"excerpt":{"rendered":"<p><strong>Cable de fibra \u00f3ptica totalmente diel\u00e9ctrico autoportante (ADSS) HONE<\/strong> es un cable a\u00e9reo ligero y de alta resistencia dise\u00f1ado para aplicaciones de telecomunicaciones y l\u00edneas el\u00e9ctricas. Fabricado con materiales diel\u00e9ctricos, resiste las inclemencias meteorol\u00f3gicas, ofrece una excelente resistencia a la tracci\u00f3n y no requiere cable mensajero, lo que garantiza una transmisi\u00f3n de datos a larga distancia rentable y fiable. Ideal para redes troncales y entornos de alta tensi\u00f3n.<\/p>","protected":false},"featured_media":856,"comment_status":"closed","ping_status":"closed","template":"","meta":{"_seopress_robots_primary_cat":"none","_seopress_titles_title":"single jacket ADSS fiber optic cable","_seopress_titles_desc":"single jacket ADSS fiber optic cable, all dielectric self supporting, aerial fiber cable, outdoor fiber optic, high span, lightweight","_seopress_robots_index":""},"product_brand":[],"product_cat":[41],"product_tag":[42],"class_list":{"0":"post-854","1":"product","2":"type-product","3":"status-publish","4":"has-post-thumbnail","6":"product_cat-outdoor-fiber-optic-cable","7":"product_tag-bulk-fiber-optic-cable","9":"first","10":"instock","11":"downloadable","12":"shipping-taxable","13":"product-type-simple"},"_links":{"self":[{"href":"https:\/\/honelinks.com\/es\/wp-json\/wp\/v2\/product\/854","targetHints":{"allow":["GET"]}}],"collection":[{"href":"https:\/\/honelinks.com\/es\/wp-json\/wp\/v2\/product"}],"about":[{"href":"https:\/\/honelinks.com\/es\/wp-json\/wp\/v2\/types\/product"}],"replies":[{"embeddable":true,"href":"https:\/\/honelinks.com\/es\/wp-json\/wp\/v2\/comments?post=854"}],"wp:featuredmedia":[{"embeddable":true,"href":"https:\/\/honelinks.com\/es\/wp-json\/wp\/v2\/media\/856"}],"wp:attachment":[{"href":"https:\/\/honelinks.com\/es\/wp-json\/wp\/v2\/media?parent=854"}],"wp:term":[{"taxonomy":"product_brand","embeddable":true,"href":"https:\/\/honelinks.com\/es\/wp-json\/wp\/v2\/product_brand?post=854"},{"taxonomy":"product_cat","embeddable":true,"href":"https:\/\/honelinks.com\/es\/wp-json\/wp\/v2\/product_cat?post=854"},{"taxonomy":"product_tag","embeddable":true,"href":"https:\/\/honelinks.com\/es\/wp-json\/wp\/v2\/product_tag?post=854"}],"curies":[{"name":"wp","href":"https:\/\/api.w.org\/{rel}","templated":true}]}}