{"id":862,"date":"2025-03-18T15:37:22","date_gmt":"2025-03-18T07:37:22","guid":{"rendered":"https:\/\/honelinks.com\/?post_type=product&#038;p=862"},"modified":"2025-07-29T22:35:00","modified_gmt":"2025-07-29T14:35:00","slug":"tubo-central-uni-cinta-de-acero-corrugado-cable-de-fibra-optica-blindado","status":"publish","type":"product","link":"https:\/\/honelinks.com\/es\/product\/central-uni-tube-corrugated-steel-tape-armored-fiber-optic-cable\/","title":{"rendered":"Central Uni-tubo corrugado Cinta de acero Cable de fibra \u00f3ptica blindado"},"content":{"rendered":"<p data-start=\"59\" data-end=\"125\"><strong>El cable de fibra \u00f3ptica blindado<\/strong> consta de un tubo central suelto relleno de gel bloqueador de agua para proteger las fibras \u00f3pticas. El cable est\u00e1 reforzado con una capa de armadura de cinta de acero corrugado, que proporciona una excelente resistencia al aplastamiento y a los roedores. Su cubierta exterior de polietileno (PE) mejora la protecci\u00f3n ambiental, lo que lo hace adecuado para instalaciones exteriores, subterr\u00e1neas y en conductos.<\/p>\n<h3 data-start=\"801\" data-end=\"829\"><strong data-start=\"805\" data-end=\"827\">1. Estructura y dise\u00f1o<\/strong><\/h3>\n<p><img alt=\"Uni-tubo central corrugado Cinta de acero Estructura de cable de fibra \u00f3ptica blindado\" fetchpriority=\"high\" decoding=\"async\" class=\"alignnone size-medium wp-image-863\" src=\"https:\/\/honelinks.com\/wp-content\/uploads\/2025\/03\/Central-Uni-tube-corrugated-Steel-Tape-Armored-fiber-optic-cable-structure-300x300.png\" width=\"300\" height=\"300\" srcset=\"https:\/\/honelinks.com\/wp-content\/uploads\/2025\/03\/Central-Uni-tube-corrugated-Steel-Tape-Armored-fiber-optic-cable-structure-300x300.png 300w, https:\/\/honelinks.com\/wp-content\/uploads\/2025\/03\/Central-Uni-tube-corrugated-Steel-Tape-Armored-fiber-optic-cable-structure-150x150.png 150w, https:\/\/honelinks.com\/wp-content\/uploads\/2025\/03\/Central-Uni-tube-corrugated-Steel-Tape-Armored-fiber-optic-cable-structure-768x768.png 768w, https:\/\/honelinks.com\/wp-content\/uploads\/2025\/03\/Central-Uni-tube-corrugated-Steel-Tape-Armored-fiber-optic-cable-structure-600x600.png 600w, https:\/\/honelinks.com\/wp-content\/uploads\/2025\/03\/Central-Uni-tube-corrugated-Steel-Tape-Armored-fiber-optic-cable-structure-100x100.png 100w, https:\/\/honelinks.com\/wp-content\/uploads\/2025\/03\/Central-Uni-tube-corrugated-Steel-Tape-Armored-fiber-optic-cable-structure.png 800w\" sizes=\"(max-width: 300px) 100vw, 300px\" \/><\/p>\n<ul data-start=\"830\" data-end=\"1251\">\n<li data-start=\"830\" data-end=\"919\"><strong data-start=\"832\" data-end=\"854\">Tubo central suelto<\/strong>: Alberga fibras \u00f3pticas con gel bloqueador de agua para su protecci\u00f3n.<\/li>\n<li data-start=\"920\" data-end=\"1005\"><strong data-start=\"922\" data-end=\"953\">Armadura de cinta de acero corrugado<\/strong>: Mejora la resistencia al aplastamiento y la protecci\u00f3n contra roedores.<\/li>\n<li data-start=\"1006\" data-end=\"1093\"><strong data-start=\"1008\" data-end=\"1032\">Capa de bloqueo de agua<\/strong>: Evita la entrada de humedad, garantizando la durabilidad a largo plazo.<\/li>\n<li data-start=\"1094\" data-end=\"1175\"><strong data-start=\"1096\" data-end=\"1130\">Funda exterior de polietileno (PE)<\/strong>: Proporciona resistencia a los rayos UV y al medio ambiente.<\/li>\n<li data-start=\"1176\" data-end=\"1251\"><strong data-start=\"1178\" data-end=\"1210\">Dise\u00f1o compacto y ligero<\/strong>: Simplifica la instalaci\u00f3n y el manejo.<\/li>\n<\/ul>\n<h3 data-start=\"1253\" data-end=\"1275\"><strong data-start=\"1257\" data-end=\"1273\">2. Aplicaciones<\/strong><\/h3>\n<ul data-start=\"1276\" data-end=\"1508\">\n<li data-start=\"1276\" data-end=\"1331\">Redes de fibra \u00f3ptica subterr\u00e1neas y enterradas directamente.<\/li>\n<li data-start=\"1332\" data-end=\"1397\">Infraestructuras de telecomunicaciones troncales y de larga distancia.<\/li>\n<li data-start=\"1398\" data-end=\"1459\">Entornos agresivos que requieren una protecci\u00f3n mec\u00e1nica adicional.<\/li>\n<li data-start=\"1460\" data-end=\"1508\">Instalaciones de fibra \u00f3ptica en conductos y tuber\u00edas.<\/li>\n<\/ul>\n<h3 data-start=\"1510\" data-end=\"1530\"><strong data-start=\"1514\" data-end=\"1528\">3. Ventajas<\/strong><\/h3>\n<ul data-start=\"1531\" data-end=\"1937\">\n<li data-start=\"1531\" data-end=\"1627\"><strong data-start=\"1533\" data-end=\"1567\">Protecci\u00f3n mec\u00e1nica superior<\/strong>: La armadura de cinta de acero evita da\u00f1os por presi\u00f3n externa.<\/li>\n<li data-start=\"1628\" data-end=\"1714\"><strong data-start=\"1630\" data-end=\"1661\">Resistencia al agua y la humedad<\/strong>: Garantiza un rendimiento fiable en entornos h\u00famedos.<\/li>\n<li data-start=\"1715\" data-end=\"1793\"><strong data-start=\"1717\" data-end=\"1738\">Protecci\u00f3n contra roedores<\/strong>: La capa blindada evita que las plagas da\u00f1en las fibras.<\/li>\n<li data-start=\"1794\" data-end=\"1857\"><strong data-start=\"1796\" data-end=\"1824\">Resistente a los rayos UV y a la intemperie<\/strong>: Resistente a la intemperie.<\/li>\n<li data-start=\"1858\" data-end=\"1937\"><strong data-start=\"1860\" data-end=\"1883\">Estabilidad a largo plazo<\/strong>: Mantiene un excelente rendimiento \u00f3ptico a lo largo del tiempo.<\/li>\n<\/ul>\n<h3 data-start=\"1939\" data-end=\"1953\"><strong data-start=\"1943\" data-end=\"1951\">4. Preguntas frecuentes<\/strong><\/h3>\n<ul>\n<li data-start=\"1955\" data-end=\"2092\"><strong data-start=\"1958\" data-end=\"2003\">\u00bfEste cable es apto para enterrado directo?<\/strong><br data-start=\"2003\" data-end=\"2006\" \/>S\u00ed, su dise\u00f1o blindado proporciona una excelente protecci\u00f3n para instalaciones subterr\u00e1neas.<\/li>\n<li data-start=\"2094\" data-end=\"2237\"><strong data-start=\"2097\" data-end=\"2154\">\u00bfAfecta la armadura de cinta de acero a la transmisi\u00f3n de la se\u00f1al?<\/strong><br data-start=\"2154\" data-end=\"2157\" \/>No, la armadura protege el cable sin interferir en el rendimiento \u00f3ptico.<\/li>\n<li data-start=\"2239\" data-end=\"2383\"><strong data-start=\"2242\" data-end=\"2277\">\u00bfQu\u00e9 tipos de fibra hay disponibles?<\/strong><br data-start=\"2277\" data-end=\"2280\" \/>Disponible en <strong data-start=\"2293\" data-end=\"2341\">opciones monomodo (SM) y multimodo (MM)<\/strong>, personalizable para diversas aplicaciones.<\/li>\n<li data-start=\"2385\" data-end=\"2539\"><strong data-start=\"2388\" data-end=\"2443\">\u00bfSe puede utilizar este cable en condiciones clim\u00e1ticas adversas?<\/strong><br data-start=\"2443\" data-end=\"2446\" \/>S\u00ed, su funda impermeable y resistente a los rayos UV garantiza su durabilidad en entornos extremos.<\/li>\n<li data-start=\"2541\" data-end=\"2714\"><strong data-start=\"2544\" data-end=\"2596\">\u00bfSe necesitan conductos adicionales para la instalaci\u00f3n?<\/strong><br data-start=\"2596\" data-end=\"2599\" \/>No necesariamente; la armadura permite el enterramiento directo, pero la instalaci\u00f3n de conductos puede proporcionar protecci\u00f3n adicional si es necesario.<\/li>\n<\/ul>","protected":false},"excerpt":{"rendered":"<p><strong>\u00a0HONE Central Uni-Tube Cinta de acero corrugado Cable de fibra \u00f3ptica blindado<\/strong> es un cable robusto de alta resistencia dise\u00f1ado para entornos dif\u00edciles. Incorpora una capa de armadura de cinta de acero para mejorar la protecci\u00f3n mec\u00e1nica, una estructura central de tubo suelto para la estabilidad de la fibra y un dise\u00f1o de bloqueo de agua para mayor durabilidad, lo que lo hace ideal para aplicaciones subterr\u00e1neas y de enterrado directo.<\/p>","protected":false},"featured_media":864,"comment_status":"open","ping_status":"closed","template":"","meta":{"_seopress_robots_primary_cat":"none","_seopress_titles_title":"CST Central Uni-tube corrugated Steel Tape Armored fiber optic cable","_seopress_titles_desc":"CST Cable (Central Uni-tube Steel Tape Armored) ensures reliable fiber protection with moisture resistance for duct and direct burial use.","_seopress_robots_index":""},"product_brand":[],"product_cat":[41],"product_tag":[42],"class_list":{"0":"post-862","1":"product","2":"type-product","3":"status-publish","4":"has-post-thumbnail","6":"product_cat-outdoor-fiber-optic-cable","7":"product_tag-bulk-fiber-optic-cable","9":"first","10":"instock","11":"shipping-taxable","12":"product-type-grouped"},"_links":{"self":[{"href":"https:\/\/honelinks.com\/es\/wp-json\/wp\/v2\/product\/862","targetHints":{"allow":["GET"]}}],"collection":[{"href":"https:\/\/honelinks.com\/es\/wp-json\/wp\/v2\/product"}],"about":[{"href":"https:\/\/honelinks.com\/es\/wp-json\/wp\/v2\/types\/product"}],"replies":[{"embeddable":true,"href":"https:\/\/honelinks.com\/es\/wp-json\/wp\/v2\/comments?post=862"}],"wp:featuredmedia":[{"embeddable":true,"href":"https:\/\/honelinks.com\/es\/wp-json\/wp\/v2\/media\/864"}],"wp:attachment":[{"href":"https:\/\/honelinks.com\/es\/wp-json\/wp\/v2\/media?parent=862"}],"wp:term":[{"taxonomy":"product_brand","embeddable":true,"href":"https:\/\/honelinks.com\/es\/wp-json\/wp\/v2\/product_brand?post=862"},{"taxonomy":"product_cat","embeddable":true,"href":"https:\/\/honelinks.com\/es\/wp-json\/wp\/v2\/product_cat?post=862"},{"taxonomy":"product_tag","embeddable":true,"href":"https:\/\/honelinks.com\/es\/wp-json\/wp\/v2\/product_tag?post=862"}],"curies":[{"name":"wp","href":"https:\/\/api.w.org\/{rel}","templated":true}]}}