{"id":865,"date":"2025-03-18T15:42:26","date_gmt":"2025-03-18T07:42:26","guid":{"rendered":"https:\/\/honelinks.com\/?post_type=product&#038;p=865"},"modified":"2025-07-29T11:44:18","modified_gmt":"2025-07-29T03:44:18","slug":"tubo-central-uni-cinta-de-acero-cable-blindado-ligero-de-fibra-optica","status":"publish","type":"product","link":"https:\/\/honelinks.com\/es\/product\/central-uni-tube-steel-tape-light-armored-fiber-optic-cable\/","title":{"rendered":"Cable de Fibra \u00d3ptica Blindado Central Uni-Tube Steel Tape Light"},"content":{"rendered":"<p data-start=\"59\" data-end=\"125\"><strong>El Cable de Fibra \u00d3ptica Blindado Central Uni-Tube Steel Tape Light <\/strong>es un cable flexible y duradero dise\u00f1ado con un tubo central suelto relleno de gel bloqueador de agua para salvaguardar las fibras. La ligera armadura de cinta de acero proporciona protecci\u00f3n mec\u00e1nica frente a presiones externas moderadas, mientras que la cubierta de polietileno (PE) ofrece resistencia a los rayos UV y al medio ambiente, por lo que resulta ideal para una amplia gama de instalaciones en exteriores.<\/p>\n<h3 data-start=\"801\" data-end=\"829\"><strong data-start=\"805\" data-end=\"827\">1. Estructura y dise\u00f1o<\/strong><\/h3>\n<p><img alt=\"\" fetchpriority=\"high\" decoding=\"async\" class=\"alignnone size-medium wp-image-866\" src=\"https:\/\/honelinks.com\/wp-content\/uploads\/2025\/03\/Central-Uni-Tube-Steel-Tape-Light-Armored-Fiber-Optic-Cable-structure--300x300.jpg\" width=\"300\" height=\"300\" srcset=\"https:\/\/honelinks.com\/wp-content\/uploads\/2025\/03\/Central-Uni-Tube-Steel-Tape-Light-Armored-Fiber-Optic-Cable-structure--300x300.jpg 300w, https:\/\/honelinks.com\/wp-content\/uploads\/2025\/03\/Central-Uni-Tube-Steel-Tape-Light-Armored-Fiber-Optic-Cable-structure--150x150.jpg 150w, https:\/\/honelinks.com\/wp-content\/uploads\/2025\/03\/Central-Uni-Tube-Steel-Tape-Light-Armored-Fiber-Optic-Cable-structure--768x770.jpg 768w, https:\/\/honelinks.com\/wp-content\/uploads\/2025\/03\/Central-Uni-Tube-Steel-Tape-Light-Armored-Fiber-Optic-Cable-structure--600x602.jpg 600w, https:\/\/honelinks.com\/wp-content\/uploads\/2025\/03\/Central-Uni-Tube-Steel-Tape-Light-Armored-Fiber-Optic-Cable-structure--100x100.jpg 100w, https:\/\/honelinks.com\/wp-content\/uploads\/2025\/03\/Central-Uni-Tube-Steel-Tape-Light-Armored-Fiber-Optic-Cable-structure-.jpg 945w\" sizes=\"(max-width: 300px) 100vw, 300px\" \/><\/p>\n<ul>\n<li data-start=\"888\" data-end=\"983\"><strong data-start=\"890\" data-end=\"912\">Tubo central suelto<\/strong>: Las fibras \u00f3pticas se alojan en un tubo lleno de gel bloqueador de agua.<\/li>\n<li data-start=\"984\" data-end=\"1092\"><strong data-start=\"986\" data-end=\"1012\">Armadura ligera de cinta de acero<\/strong>: Proporciona una protecci\u00f3n mec\u00e1nica moderada al tiempo que mantiene la ligereza del cable.<\/li>\n<li data-start=\"1093\" data-end=\"1165\"><strong data-start=\"1095\" data-end=\"1119\">Capa de bloqueo de agua<\/strong>: Protege las fibras de la entrada de humedad.<\/li>\n<li data-start=\"1166\" data-end=\"1267\"><strong data-start=\"1168\" data-end=\"1202\">Funda exterior de polietileno (PE)<\/strong>: Garantiza la resistencia a los rayos UV y a los factores medioambientales.<\/li>\n<li data-start=\"1268\" data-end=\"1357\"><strong data-start=\"1270\" data-end=\"1288\">Dise\u00f1o compacto<\/strong>: Ofrece un manejo y una instalaci\u00f3n sencillos al tiempo que mantiene la resistencia.<\/li>\n<\/ul>\n<h3 data-start=\"1359\" data-end=\"1381\"><strong data-start=\"1363\" data-end=\"1379\">2. Aplicaciones<\/strong><\/h3>\n<ul data-start=\"1382\" data-end=\"1697\">\n<li data-start=\"1382\" data-end=\"1462\">Instalaciones subterr\u00e1neas y enterradas directamente en entornos menos agresivos.<\/li>\n<li data-start=\"1463\" data-end=\"1531\">Instalaciones de conductos en redes de telecomunicaciones y banda ancha.<\/li>\n<li data-start=\"1532\" data-end=\"1618\">Infraestructura de fibra \u00f3ptica de larga distancia que requiere una protecci\u00f3n mec\u00e1nica moderada.<\/li>\n<li data-start=\"1619\" data-end=\"1697\">Adecuado para entornos exteriores con presiones externas de bajas a moderadas.<\/li>\n<\/ul>\n<h3 data-start=\"1699\" data-end=\"1719\"><strong data-start=\"1703\" data-end=\"1717\">3. Ventajas<\/strong><\/h3>\n<ul data-start=\"1720\" data-end=\"2208\">\n<li data-start=\"1720\" data-end=\"1809\"><strong data-start=\"1722\" data-end=\"1748\">Ligero y flexible<\/strong>: M\u00e1s f\u00e1cil de instalar que los cables armados tradicionales.<\/li>\n<li data-start=\"1810\" data-end=\"1920\"><strong data-start=\"1812\" data-end=\"1846\">Protecci\u00f3n mec\u00e1nica moderada<\/strong>: La armadura de cinta de acero ofrece una protecci\u00f3n eficaz contra el aplastamiento y el impacto.<\/li>\n<li data-start=\"1921\" data-end=\"2011\"><strong data-start=\"1923\" data-end=\"1942\">Resistente al agua<\/strong>: Evita que la humedad da\u00f1e las fibras para una fiabilidad a largo plazo.<\/li>\n<li data-start=\"2012\" data-end=\"2093\"><strong data-start=\"2014\" data-end=\"2041\">Resistencia a los rayos UV y a la intemperie<\/strong>: Protege contra las condiciones ambientales adversas.<\/li>\n<li data-start=\"2094\" data-end=\"2208\"><strong data-start=\"2096\" data-end=\"2114\">Rentable<\/strong>: Proporciona una fuerte protecci\u00f3n con un peso m\u00e1s ligero y menor coste que los cables blindados m\u00e1s pesados.<\/li>\n<\/ul>\n<h3 data-start=\"2210\" data-end=\"2224\"><strong data-start=\"2214\" data-end=\"2222\">4. Preguntas frecuentes<\/strong><\/h3>\n<ul>\n<li data-start=\"2226\" data-end=\"2383\"><strong data-start=\"2229\" data-end=\"2273\">\u00bfSe puede utilizar este cable enterrado directamente?<\/strong><br data-start=\"2273\" data-end=\"2276\" \/>S\u00ed, es adecuado para el enterrado directo en entornos en los que una protecci\u00f3n mec\u00e1nica moderada es suficiente.<\/li>\n<li data-start=\"2385\" data-end=\"2530\"><strong data-start=\"2388\" data-end=\"2422\">\u00bfEs pesada la armadura de cinta de acero?<\/strong><br data-start=\"2422\" data-end=\"2425\" \/>No, la cinta de acero utilizada en este cable es ligera en comparaci\u00f3n con los cables blindados tradicionales de alta resistencia.<\/li>\n<li data-start=\"2532\" data-end=\"2672\">\u00a0<strong data-start=\"2535\" data-end=\"2585\">\u00bfC\u00f3mo se comporta este cable en condiciones de humedad?<\/strong><br data-start=\"2585\" data-end=\"2588\" \/>Est\u00e1 equipado con funciones de bloqueo de agua para proteger la fibra contra la humedad.<\/li>\n<li data-start=\"2674\" data-end=\"2837\"><strong data-start=\"2677\" data-end=\"2726\">\u00bfQu\u00e9 tipos de fibra est\u00e1n disponibles en este cable?<\/strong><br data-start=\"2726\" data-end=\"2729\" \/>Este cable puede personalizarse con <strong data-start=\"2763\" data-end=\"2809\">fibras monomodo (SM) o multimodo (MM)<\/strong> para diversas aplicaciones.<\/li>\n<li data-start=\"2839\" data-end=\"3015\"><strong data-start=\"2842\" data-end=\"2899\">\u00bfPuede utilizarse este cable en entornos de alta presi\u00f3n?<\/strong><br data-start=\"2899\" data-end=\"2902\" \/>Aunque ofrece una buena protecci\u00f3n mec\u00e1nica, no est\u00e1 dise\u00f1ado para aplicaciones de presi\u00f3n extrema o de trabajo pesado.<\/li>\n<\/ul>","protected":false},"excerpt":{"rendered":"<p><strong> HONE Central Uni-Tube Cable de Fibra \u00d3ptica Blindado con Cinta de Acero Ligero <\/strong>ofrece una s\u00f3lida protecci\u00f3n mec\u00e1nica con una ligera armadura de cinta de acero. Este cable presenta un dise\u00f1o de tubo suelto central, elementos de bloqueo de agua y una cubierta de PE duradera, lo que lo hace perfecto para instalaciones exteriores, subterr\u00e1neas y de enterrado directo en entornos menos exigentes en los que se necesita una protecci\u00f3n ligera.<\/p>","protected":false},"featured_media":867,"comment_status":"closed","ping_status":"closed","template":"","meta":{"_seopress_robots_primary_cat":"none","_seopress_titles_title":"Central Uni-Tube Steel Tape Light Armored Fiber Optic Cable","_seopress_titles_desc":"Central Uni-Tube Steel Tape Light Armored Cable offers durable, compact fiber protection for direct burial and harsh outdoor environments.","_seopress_robots_index":""},"product_brand":[],"product_cat":[41],"product_tag":[42],"class_list":{"0":"post-865","1":"product","2":"type-product","3":"status-publish","4":"has-post-thumbnail","6":"product_cat-outdoor-fiber-optic-cable","7":"product_tag-bulk-fiber-optic-cable","9":"first","10":"instock","11":"downloadable","12":"shipping-taxable","13":"product-type-simple"},"_links":{"self":[{"href":"https:\/\/honelinks.com\/es\/wp-json\/wp\/v2\/product\/865","targetHints":{"allow":["GET"]}}],"collection":[{"href":"https:\/\/honelinks.com\/es\/wp-json\/wp\/v2\/product"}],"about":[{"href":"https:\/\/honelinks.com\/es\/wp-json\/wp\/v2\/types\/product"}],"replies":[{"embeddable":true,"href":"https:\/\/honelinks.com\/es\/wp-json\/wp\/v2\/comments?post=865"}],"wp:featuredmedia":[{"embeddable":true,"href":"https:\/\/honelinks.com\/es\/wp-json\/wp\/v2\/media\/867"}],"wp:attachment":[{"href":"https:\/\/honelinks.com\/es\/wp-json\/wp\/v2\/media?parent=865"}],"wp:term":[{"taxonomy":"product_brand","embeddable":true,"href":"https:\/\/honelinks.com\/es\/wp-json\/wp\/v2\/product_brand?post=865"},{"taxonomy":"product_cat","embeddable":true,"href":"https:\/\/honelinks.com\/es\/wp-json\/wp\/v2\/product_cat?post=865"},{"taxonomy":"product_tag","embeddable":true,"href":"https:\/\/honelinks.com\/es\/wp-json\/wp\/v2\/product_tag?post=865"}],"curies":[{"name":"wp","href":"https:\/\/api.w.org\/{rel}","templated":true}]}}