{"id":869,"date":"2025-03-18T15:49:45","date_gmt":"2025-03-18T07:49:45","guid":{"rendered":"https:\/\/honelinks.com\/?post_type=product&#038;p=869"},"modified":"2025-08-20T21:04:55","modified_gmt":"2025-08-20T13:04:55","slug":"duplex-zip-cord-tight-buffer-interconnect-indoor-fiber-cable","status":"publish","type":"product","link":"https:\/\/honelinks.com\/es\/product\/duplex-zip-cord-tight-buffer-interconnect-indoor-fiber-cable\/","title":{"rendered":"Cable de fibra d\u00faplex para interior Zip-Cord Tight-Buffer Interconnect"},"content":{"rendered":"<p data-start=\"59\" data-end=\"125\">En <strong>Cable d\u00faplex de interconexi\u00f3n de fibra \u00f3ptica para interiores Zip-Cord Tight-Buffer<\/strong> se compone de dos fibras tupidas alojadas en un dise\u00f1o compacto de cord\u00f3n de cremallera. Esta construcci\u00f3n flexible facilita y agiliza la instalaci\u00f3n, mientras que las fibras con b\u00fafer ajustado ofrecen una mayor protecci\u00f3n frente a los factores ambientales. Est\u00e1 dise\u00f1ado espec\u00edficamente para aplicaciones de interior, proporcionando un rendimiento \u00f3ptico fiable y de alta velocidad en sistemas de red, centros de datos y otros entornos de interior.<\/p>\n<h3 data-start=\"801\" data-end=\"829\"><strong data-start=\"805\" data-end=\"827\">1. Estructura y dise\u00f1o<\/strong><\/h3>\n<p><img alt=\"Duplex Zip-Cord Tight-Buffer Interconnect Estructura del cable de fibra para interiores\" fetchpriority=\"high\" decoding=\"async\" class=\"alignnone wp-image-870\" src=\"https:\/\/honelinks.com\/wp-content\/uploads\/2025\/03\/Duplex-Zip-Cord-Tight-Buffer-Interconnect-Indoor-Fiber-Cable-structure-300x300.png\" width=\"389\" height=\"389\" srcset=\"https:\/\/honelinks.com\/wp-content\/uploads\/2025\/03\/Duplex-Zip-Cord-Tight-Buffer-Interconnect-Indoor-Fiber-Cable-structure-300x300.png 300w, https:\/\/honelinks.com\/wp-content\/uploads\/2025\/03\/Duplex-Zip-Cord-Tight-Buffer-Interconnect-Indoor-Fiber-Cable-structure-150x150.png 150w, https:\/\/honelinks.com\/wp-content\/uploads\/2025\/03\/Duplex-Zip-Cord-Tight-Buffer-Interconnect-Indoor-Fiber-Cable-structure-768x768.png 768w, https:\/\/honelinks.com\/wp-content\/uploads\/2025\/03\/Duplex-Zip-Cord-Tight-Buffer-Interconnect-Indoor-Fiber-Cable-structure-600x600.png 600w, https:\/\/honelinks.com\/wp-content\/uploads\/2025\/03\/Duplex-Zip-Cord-Tight-Buffer-Interconnect-Indoor-Fiber-Cable-structure-100x100.png 100w, https:\/\/honelinks.com\/wp-content\/uploads\/2025\/03\/Duplex-Zip-Cord-Tight-Buffer-Interconnect-Indoor-Fiber-Cable-structure.png 800w\" sizes=\"(max-width: 389px) 100vw, 389px\" \/><\/p>\n<ul>\n<li data-start=\"933\" data-end=\"1058\"><strong data-start=\"935\" data-end=\"967\">Construcci\u00f3n de cremallera doble<\/strong>: Dos fibras se alojan en una configuraci\u00f3n paralela para facilitar la separaci\u00f3n y la instalaci\u00f3n.<\/li>\n<li data-start=\"1059\" data-end=\"1200\"><strong data-start=\"1061\" data-end=\"1086\">Fibras tensas<\/strong>: Cada fibra \u00f3ptica est\u00e1 revestida con un tamp\u00f3n herm\u00e9tico para una mayor protecci\u00f3n contra el estr\u00e9s f\u00edsico y la humedad.<\/li>\n<li data-start=\"1201\" data-end=\"1312\"><strong data-start=\"1203\" data-end=\"1234\">Dise\u00f1o flexible y compacto<\/strong>: Ideal para instalaciones en espacios reducidos, como centros de datos y oficinas.<\/li>\n<li data-start=\"1313\" data-end=\"1433\"><strong data-start=\"1315\" data-end=\"1361\">Cubierta exterior LSZH (baja emisi\u00f3n de humos y sin hal\u00f3genos)<\/strong>: Proporciona seguridad minimizando el humo y los gases t\u00f3xicos en caso de incendio.<\/li>\n<\/ul>\n<h3 data-start=\"1435\" data-end=\"1457\"><strong data-start=\"1439\" data-end=\"1455\">2. Aplicaciones<\/strong><\/h3>\n<ul data-start=\"1458\" data-end=\"1767\">\n<li data-start=\"1458\" data-end=\"1532\">Instalaciones de red en interiores, incluidos centros de datos y salas de servidores.<\/li>\n<li data-start=\"1533\" data-end=\"1611\">Interconexiones de corta distancia en redes de telecomunicaciones y banda ancha.<\/li>\n<li data-start=\"1612\" data-end=\"1687\">Construcci\u00f3n de infraestructuras para Internet de alta velocidad y sistemas de redes.<\/li>\n<li data-start=\"1688\" data-end=\"1767\">Cables de conexi\u00f3n de fibra \u00f3ptica para conectar equipos de red dentro de un edificio.<\/li>\n<\/ul>\n<h3 data-start=\"1769\" data-end=\"1789\"><strong data-start=\"1773\" data-end=\"1787\">3. Ventajas<\/strong><\/h3>\n<ul data-start=\"1790\" data-end=\"2346\">\n<li data-start=\"1790\" data-end=\"1888\"><strong data-start=\"1792\" data-end=\"1813\">F\u00e1cil instalaci\u00f3n<\/strong>: La construcci\u00f3n de cord\u00f3n con cremallera permite una separaci\u00f3n r\u00e1pida y sencilla de las fibras.<\/li>\n<li data-start=\"1889\" data-end=\"2019\"><strong data-start=\"1891\" data-end=\"1914\">Protecci\u00f3n reforzada<\/strong>: Las fibras tupidas ofrecen una protecci\u00f3n superior contra los da\u00f1os f\u00edsicos y las condiciones ambientales.<\/li>\n<li data-start=\"2020\" data-end=\"2132\"><strong data-start=\"2022\" data-end=\"2044\">Compacto y flexible<\/strong>: Perfecto para instalaciones en espacios reducidos, reduciendo el desorden y simplificando el enrutamiento.<\/li>\n<li data-start=\"2133\" data-end=\"2234\"><strong data-start=\"2135\" data-end=\"2150\">Seguridad contra incendios<\/strong>: La cubierta LSZH proporciona una mayor seguridad contra incendios, reduciendo los humos y vapores nocivos.<\/li>\n<li data-start=\"2235\" data-end=\"2346\"><strong data-start=\"2237\" data-end=\"2263\">Rendimiento de alta velocidad<\/strong>: Garantiza una transmisi\u00f3n de datos estable y fiable para interconexiones de corta distancia.<\/li>\n<\/ul>\n<h3 data-start=\"2348\" data-end=\"2362\"><strong data-start=\"2352\" data-end=\"2360\">4. Preguntas frecuentes<\/strong><\/h3>\n<ul>\n<li data-start=\"2364\" data-end=\"2479\"><strong data-start=\"2367\" data-end=\"2410\">\u00bfEste cable es apto para su uso en exteriores?<\/strong><br data-start=\"2410\" data-end=\"2413\" \/>No, este cable est\u00e1 dise\u00f1ado espec\u00edficamente para aplicaciones de interior.<\/li>\n<li data-start=\"2481\" data-end=\"2679\"><strong data-start=\"2484\" data-end=\"2538\">\u00bfCu\u00e1l es la distancia m\u00e1xima que puede cubrir este cable?<\/strong><br data-start=\"2538\" data-end=\"2541\" \/>Este cable es ideal para conexiones de corta distancia, normalmente hasta <strong data-start=\"2609\" data-end=\"2623\">100 metros<\/strong> en funci\u00f3n de los requisitos de la red y del tipo de fibra.<\/li>\n<li data-start=\"2681\" data-end=\"2844\"><strong data-start=\"2684\" data-end=\"2744\">\u00bfSe puede utilizar este cable para la transmisi\u00f3n de datos a alta velocidad?<\/strong><br data-start=\"2744\" data-end=\"2747\" \/>S\u00ed, est\u00e1 dise\u00f1ado para ofrecer un rendimiento fiable de alta velocidad en instalaciones de red en interiores.<\/li>\n<li data-start=\"2846\" data-end=\"3029\"><strong data-start=\"2849\" data-end=\"2899\">\u00bfQu\u00e9 tipos de fibra hay disponibles para este cable?<\/strong><br data-start=\"2899\" data-end=\"2902\" \/>Se puede personalizar con <strong data-start=\"2928\" data-end=\"2974\">fibras monomodo (SM) o multimodo (MM)<\/strong> en funci\u00f3n de las necesidades espec\u00edficas de la instalaci\u00f3n.<\/li>\n<li data-start=\"3031\" data-end=\"3184\"><strong data-start=\"3034\" data-end=\"3077\">\u00bfQu\u00e9 ventajas tiene la chaqueta LSZH?<\/strong><br data-start=\"3077\" data-end=\"3080\" \/>La chaqueta LSZH es ign\u00edfuga, lo que reduce el riesgo de humo t\u00f3xico y gases nocivos en caso de incendio.<\/li>\n<\/ul>\n<h3 data-start=\"1359\" data-end=\"1381\"><\/h3>","protected":false},"excerpt":{"rendered":"<p><strong>HONE<\/strong><strong data-start=\"22\" data-end=\"86\"> Cable de fibra d\u00faplex para interior Zip-Cord Tight-Buffer Interconnect<\/strong> es una soluci\u00f3n compacta y flexible dise\u00f1ada para aplicaciones de interior. Presenta una construcci\u00f3n de cord\u00f3n de cremallera para facilitar su manejo e instalaci\u00f3n, con fibras \u00f3pticas de b\u00fafer ajustado que proporcionan una protecci\u00f3n y un rendimiento superiores. Ideal para la transmisi\u00f3n de datos a corta distancia y alta velocidad en edificios y centros de datos.<\/p>","protected":false},"featured_media":871,"comment_status":"open","ping_status":"closed","template":"","meta":{"_seopress_robots_primary_cat":"none","_seopress_titles_title":"duplex fiber optic cable","_seopress_titles_desc":"Duplex fiber optic cable provides reliable high-speed data transmission with two fibers, durable jacket, and easy installation","_seopress_robots_index":""},"product_brand":[],"product_cat":[43],"product_tag":[42],"class_list":{"0":"post-869","1":"product","2":"type-product","3":"status-publish","4":"has-post-thumbnail","6":"product_cat-indoor-fiber-optic-cable","7":"product_tag-bulk-fiber-optic-cable","9":"first","10":"instock","11":"shipping-taxable","12":"product-type-grouped"},"_links":{"self":[{"href":"https:\/\/honelinks.com\/es\/wp-json\/wp\/v2\/product\/869","targetHints":{"allow":["GET"]}}],"collection":[{"href":"https:\/\/honelinks.com\/es\/wp-json\/wp\/v2\/product"}],"about":[{"href":"https:\/\/honelinks.com\/es\/wp-json\/wp\/v2\/types\/product"}],"replies":[{"embeddable":true,"href":"https:\/\/honelinks.com\/es\/wp-json\/wp\/v2\/comments?post=869"}],"wp:featuredmedia":[{"embeddable":true,"href":"https:\/\/honelinks.com\/es\/wp-json\/wp\/v2\/media\/871"}],"wp:attachment":[{"href":"https:\/\/honelinks.com\/es\/wp-json\/wp\/v2\/media?parent=869"}],"wp:term":[{"taxonomy":"product_brand","embeddable":true,"href":"https:\/\/honelinks.com\/es\/wp-json\/wp\/v2\/product_brand?post=869"},{"taxonomy":"product_cat","embeddable":true,"href":"https:\/\/honelinks.com\/es\/wp-json\/wp\/v2\/product_cat?post=869"},{"taxonomy":"product_tag","embeddable":true,"href":"https:\/\/honelinks.com\/es\/wp-json\/wp\/v2\/product_tag?post=869"}],"curies":[{"name":"wp","href":"https:\/\/api.w.org\/{rel}","templated":true}]}}