{"id":872,"date":"2025-03-18T16:03:10","date_gmt":"2025-03-18T08:03:10","guid":{"rendered":"https:\/\/honelinks.com\/?post_type=product&#038;p=872"},"modified":"2025-07-29T11:34:53","modified_gmt":"2025-07-29T03:34:53","slug":"cable-aereo-autoportante-ligero-trenzado-de-8-capas","status":"publish","type":"product","link":"https:\/\/honelinks.com\/es\/product\/figure-8-layer-stranded-light-armored-self-supporting-aerial-cable\/","title":{"rendered":"Figura 8 Cable a\u00e9reo autoportante ligero trenzado de capas"},"content":{"rendered":"<p data-start=\"59\" data-end=\"125\">En <strong>El cable de fibra \u00f3ptica a\u00e9reo presenta una figura en 8<\/strong> construcci\u00f3n que integra un cable mensajero central de acero, lo que lo hace autoportante y elimina la necesidad de cables de soporte adicionales. La armadura ligera proporciona protecci\u00f3n contra da\u00f1os mec\u00e1nicos, mientras que la cubierta exterior del cable est\u00e1 dise\u00f1ada para resistir los factores ambientales. Adecuado para instalaciones a\u00e9reas en condiciones exteriores adversas, garantiza una transmisi\u00f3n \u00f3ptica estable y de alta velocidad a largas distancias.<\/p>\n<h3 data-start=\"801\" data-end=\"829\"><strong data-start=\"805\" data-end=\"827\">1. Estructura y dise\u00f1o<\/strong><\/h3>\n<p><img alt=\"Figura 8 Cable de fibra \u00f3ptica blindado\" fetchpriority=\"high\" decoding=\"async\" class=\"alignnone size-medium wp-image-873\" src=\"https:\/\/honelinks.com\/wp-content\/uploads\/2025\/03\/Figure-8-Layer-Stranded-Light-Armored-Self-Supporting-Aerial-Cable-structure-300x300.png\" width=\"300\" height=\"300\" srcset=\"https:\/\/honelinks.com\/wp-content\/uploads\/2025\/03\/Figure-8-Layer-Stranded-Light-Armored-Self-Supporting-Aerial-Cable-structure-300x300.png 300w, https:\/\/honelinks.com\/wp-content\/uploads\/2025\/03\/Figure-8-Layer-Stranded-Light-Armored-Self-Supporting-Aerial-Cable-structure-150x150.png 150w, https:\/\/honelinks.com\/wp-content\/uploads\/2025\/03\/Figure-8-Layer-Stranded-Light-Armored-Self-Supporting-Aerial-Cable-structure-768x768.png 768w, https:\/\/honelinks.com\/wp-content\/uploads\/2025\/03\/Figure-8-Layer-Stranded-Light-Armored-Self-Supporting-Aerial-Cable-structure-600x600.png 600w, https:\/\/honelinks.com\/wp-content\/uploads\/2025\/03\/Figure-8-Layer-Stranded-Light-Armored-Self-Supporting-Aerial-Cable-structure-100x100.png 100w, https:\/\/honelinks.com\/wp-content\/uploads\/2025\/03\/Figure-8-Layer-Stranded-Light-Armored-Self-Supporting-Aerial-Cable-structure.png 800w\" sizes=\"(max-width: 300px) 100vw, 300px\" \/><\/p>\n<ul>\n<li data-start=\"945\" data-end=\"1126\"><strong data-start=\"947\" data-end=\"972\">Figura 8 Construcci\u00f3n<\/strong>: El cable consta de dos grupos de fibras \u00f3pticas dispuestas en una configuraci\u00f3n en forma de ocho, con un hilo mensajero central de acero para darle resistencia autoportante.<\/li>\n<li data-start=\"1127\" data-end=\"1262\"><strong data-start=\"1129\" data-end=\"1153\">Dise\u00f1o blindado ligero<\/strong>: El cable est\u00e1 reforzado con una ligera capa de armadura para ofrecer resistencia a los da\u00f1os mec\u00e1nicos y a la presi\u00f3n.<\/li>\n<li data-start=\"1263\" data-end=\"1377\"><strong data-start=\"1265\" data-end=\"1287\">Gel bloqueador de agua<\/strong>: Protege las fibras de la humedad y los da\u00f1os ambientales, garantizando su durabilidad a largo plazo.<\/li>\n<li data-start=\"1378\" data-end=\"1492\"><strong data-start=\"1380\" data-end=\"1406\">Funda de PE resistente a los rayos UV<\/strong>: Proporciona protecci\u00f3n adicional contra los rayos UV y los elementos ambientales exteriores.<\/li>\n<li data-start=\"1493\" data-end=\"1625\"><strong data-start=\"1495\" data-end=\"1514\">Autoportante<\/strong>: El cable mensajero de acero incorporado permite instalar el cable sin necesidad de soporte adicional.<\/li>\n<\/ul>\n<h3 data-start=\"1627\" data-end=\"1649\"><strong data-start=\"1631\" data-end=\"1647\">2. Aplicaciones<\/strong><\/h3>\n<ul data-start=\"1650\" data-end=\"2007\">\n<li data-start=\"1650\" data-end=\"1733\">Instalaciones a\u00e9reas de fibra \u00f3ptica para telecomunicaciones y redes de banda ancha.<\/li>\n<li data-start=\"1734\" data-end=\"1809\">Redes troncales de larga distancia que requieren una transmisi\u00f3n de datos a alta velocidad.<\/li>\n<li data-start=\"1810\" data-end=\"1892\">Adecuado para zonas rurales y urbanas donde se necesitan cables autoportantes.<\/li>\n<li data-start=\"1893\" data-end=\"2007\">Ideal para instalaciones en zonas con condiciones ambientales moderadas donde se necesita protecci\u00f3n mec\u00e1nica.<\/li>\n<\/ul>\n<h3 data-start=\"2009\" data-end=\"2029\"><strong data-start=\"2013\" data-end=\"2027\">3. Ventajas<\/strong><\/h3>\n<ul data-start=\"2030\" data-end=\"2628\">\n<li data-start=\"2030\" data-end=\"2150\"><strong data-start=\"2032\" data-end=\"2058\">Dise\u00f1o autoportante<\/strong>: Elimina la necesidad de cables mensajeros adicionales, reduciendo el tiempo y el coste de instalaci\u00f3n.<\/li>\n<li data-start=\"2151\" data-end=\"2260\"><strong data-start=\"2153\" data-end=\"2179\">Ligero y flexible<\/strong>: F\u00e1cil de instalar y manejar, lo que reduce el tiempo total de mano de obra e instalaci\u00f3n.<\/li>\n<li data-start=\"2261\" data-end=\"2393\"><strong data-start=\"2263\" data-end=\"2288\">Protecci\u00f3n mec\u00e1nica<\/strong>: La armadura ligera y el cable mensajero de acero protegen el cable de da\u00f1os f\u00edsicos, garantizando su durabilidad.<\/li>\n<li data-start=\"2394\" data-end=\"2513\"><strong data-start=\"2396\" data-end=\"2417\">Resistente a la intemperie<\/strong>: La funda resistente a los rayos UV ofrece protecci\u00f3n contra los elementos exteriores, garantizando un rendimiento a largo plazo.<\/li>\n<li data-start=\"2514\" data-end=\"2628\"><strong data-start=\"2516\" data-end=\"2542\">Rendimiento de alta velocidad<\/strong>: Garantiza una transmisi\u00f3n fiable de la se\u00f1al a largas distancias con una p\u00e9rdida de se\u00f1al m\u00ednima.<\/li>\n<\/ul>\n<h3 data-start=\"2630\" data-end=\"2644\"><strong data-start=\"2634\" data-end=\"2642\">4. Preguntas frecuentes<\/strong><\/h3>\n<ul>\n<li data-start=\"2646\" data-end=\"2829\"><strong data-start=\"2649\" data-end=\"2706\">\u00bfSe puede utilizar este cable en condiciones clim\u00e1ticas extremas?<\/strong><br data-start=\"2706\" data-end=\"2709\" \/>S\u00ed, la funda resistente a los rayos UV y la protecci\u00f3n mec\u00e1nica garantizan un rendimiento fiable incluso en entornos clim\u00e1ticos adversos.<\/li>\n<li data-start=\"2831\" data-end=\"3036\"><strong data-start=\"2834\" data-end=\"2879\">\u00bfC\u00f3mo funciona el dise\u00f1o autoportante?<\/strong><br data-start=\"2879\" data-end=\"2882\" \/>El cable mensajero central de acero proporciona la resistencia estructural necesaria para sostener el cable, por lo que no se requiere ning\u00fan soporte adicional durante la instalaci\u00f3n.<\/li>\n<li data-start=\"3038\" data-end=\"3211\"><strong data-start=\"3041\" data-end=\"3091\">\u00bfQu\u00e9 tipos de fibra hay disponibles para este cable?<\/strong><br data-start=\"3091\" data-end=\"3094\" \/>El cable puede personalizarse con <strong data-start=\"3127\" data-end=\"3147\">monomodo (SM)<\/strong> o <strong data-start=\"3151\" data-end=\"3177\">fibras multimodo (MM)<\/strong> para satisfacer necesidades espec\u00edficas de la red.<\/li>\n<li data-start=\"3213\" data-end=\"3423\"><strong data-start=\"3216\" data-end=\"3273\">\u00bfEste cable es apto para instalaciones subterr\u00e1neas?<\/strong><br data-start=\"3273\" data-end=\"3276\" \/>No, este cable est\u00e1 dise\u00f1ado \u00fanicamente para uso a\u00e9reo. Para instalaciones subterr\u00e1neas, se necesitar\u00eda otro tipo de cable con protecci\u00f3n adicional.<\/li>\n<li data-start=\"3425\" data-end=\"3613\"><strong data-start=\"3428\" data-end=\"3479\">\u00bfCu\u00e1l es la longitud m\u00e1xima de este cable?<\/strong><br data-start=\"3479\" data-end=\"3482\" \/>La longitud m\u00e1xima del vano suele oscilar entre <strong data-start=\"3531\" data-end=\"3551\">De 50 a 100 metros<\/strong>, dependiendo del n\u00famero de fibras y de las condiciones ambientales.<\/li>\n<\/ul>","protected":false},"excerpt":{"rendered":"<p><strong>HONE<\/strong> <strong data-start=\"22\" data-end=\"92\">Figura 8 Cable a\u00e9reo autoportante ligero trenzado de capas<\/strong> est\u00e1 dise\u00f1ado para instalaciones a\u00e9reas de redes de fibra \u00f3ptica. Con una construcci\u00f3n autoportante con un cable mensajero de acero integrado y una capa blindada ligera, proporciona un rendimiento fiable en entornos a\u00e9reos. Ideal para la transmisi\u00f3n de datos a larga distancia y alta velocidad.<\/p>","protected":false},"featured_media":874,"comment_status":"open","ping_status":"closed","template":"","meta":{"_seopress_robots_primary_cat":"none","_seopress_titles_title":"Figure 8 Armored Fiber Optic Cable","_seopress_titles_desc":"Figure 8 Armored Fiber Optic Cable combines a self-supporting steel messenger with robust armoring for added protection. Ideal for aerial installations in harsh environments, it offers high tensile strength, durability, and reliable optical performance over long distances.","_seopress_robots_index":""},"product_brand":[],"product_cat":[41],"product_tag":[42],"class_list":{"0":"post-872","1":"product","2":"type-product","3":"status-publish","4":"has-post-thumbnail","6":"product_cat-outdoor-fiber-optic-cable","7":"product_tag-bulk-fiber-optic-cable","9":"first","10":"instock","11":"shipping-taxable","12":"product-type-grouped"},"_links":{"self":[{"href":"https:\/\/honelinks.com\/es\/wp-json\/wp\/v2\/product\/872","targetHints":{"allow":["GET"]}}],"collection":[{"href":"https:\/\/honelinks.com\/es\/wp-json\/wp\/v2\/product"}],"about":[{"href":"https:\/\/honelinks.com\/es\/wp-json\/wp\/v2\/types\/product"}],"replies":[{"embeddable":true,"href":"https:\/\/honelinks.com\/es\/wp-json\/wp\/v2\/comments?post=872"}],"wp:featuredmedia":[{"embeddable":true,"href":"https:\/\/honelinks.com\/es\/wp-json\/wp\/v2\/media\/874"}],"wp:attachment":[{"href":"https:\/\/honelinks.com\/es\/wp-json\/wp\/v2\/media?parent=872"}],"wp:term":[{"taxonomy":"product_brand","embeddable":true,"href":"https:\/\/honelinks.com\/es\/wp-json\/wp\/v2\/product_brand?post=872"},{"taxonomy":"product_cat","embeddable":true,"href":"https:\/\/honelinks.com\/es\/wp-json\/wp\/v2\/product_cat?post=872"},{"taxonomy":"product_tag","embeddable":true,"href":"https:\/\/honelinks.com\/es\/wp-json\/wp\/v2\/product_tag?post=872"}],"curies":[{"name":"wp","href":"https:\/\/api.w.org\/{rel}","templated":true}]}}