{"id":875,"date":"2025-03-18T16:08:22","date_gmt":"2025-03-18T08:08:22","guid":{"rendered":"https:\/\/honelinks.com\/?post_type=product&#038;p=875"},"modified":"2025-07-29T11:13:25","modified_gmt":"2025-07-29T03:13:25","slug":"figura-8-cable-aereo-autoportante-no-blindado-uni-tube","status":"publish","type":"product","link":"https:\/\/honelinks.com\/es\/product\/figure-8-uni-tube-non-armored-self-supporting-aerial-cable\/","title":{"rendered":"Figura 8 Cable a\u00e9reo autoportante no blindado Uni-Tube"},"content":{"rendered":"<p data-start=\"59\" data-end=\"125\">Este cable de fibra \u00f3ptica utiliza un <strong>figura-8<\/strong> construcci\u00f3n en la que dos grupos de fibras se disponen sim\u00e9tricamente alrededor de un cable mensajero central de acero. No est\u00e1 blindado, por lo que es ligero y f\u00e1cil de instalar, al tiempo que ofrece durabilidad y un rendimiento \u00f3ptico fiable. Dise\u00f1ado para instalaciones a\u00e9reas, es perfecto para redes de telecomunicaciones y banda ancha en exteriores, donde proporciona una transmisi\u00f3n de datos rentable y eficaz.<\/p>\n<h3 data-start=\"801\" data-end=\"829\"><strong data-start=\"805\" data-end=\"827\">1. Estructura y dise\u00f1o<\/strong><\/h3>\n<p><img alt=\"Figura 8 Cable de fibra \u00f3ptica Uni-Tube\" fetchpriority=\"high\" decoding=\"async\" class=\"alignnone size-medium wp-image-876\" src=\"https:\/\/honelinks.com\/wp-content\/uploads\/2025\/03\/Figure-8-Uni-Tube-Non-Armored-Self-Supporting-Aerial-Cable-structure-300x295.png\" width=\"300\" height=\"295\" srcset=\"https:\/\/honelinks.com\/wp-content\/uploads\/2025\/03\/Figure-8-Uni-Tube-Non-Armored-Self-Supporting-Aerial-Cable-structure-300x295.png 300w, https:\/\/honelinks.com\/wp-content\/uploads\/2025\/03\/Figure-8-Uni-Tube-Non-Armored-Self-Supporting-Aerial-Cable-structure-1024x1006.png 1024w, https:\/\/honelinks.com\/wp-content\/uploads\/2025\/03\/Figure-8-Uni-Tube-Non-Armored-Self-Supporting-Aerial-Cable-structure-768x754.png 768w, https:\/\/honelinks.com\/wp-content\/uploads\/2025\/03\/Figure-8-Uni-Tube-Non-Armored-Self-Supporting-Aerial-Cable-structure-600x589.png 600w, https:\/\/honelinks.com\/wp-content\/uploads\/2025\/03\/Figure-8-Uni-Tube-Non-Armored-Self-Supporting-Aerial-Cable-structure.png 1071w\" sizes=\"(max-width: 300px) 100vw, 300px\" \/><\/p>\n<ul>\n<li data-start=\"883\" data-end=\"1050\"><strong data-start=\"885\" data-end=\"910\">Figura 8 Construcci\u00f3n<\/strong>: Dos grupos de fibra \u00f3ptica est\u00e1n dispuestos en una configuraci\u00f3n de figura 8 alrededor de un hilo mensajero central de acero, lo que hace que el cable sea autoportante.<\/li>\n<li data-start=\"1051\" data-end=\"1187\"><strong data-start=\"1053\" data-end=\"1072\">Dise\u00f1o Uni-Tube<\/strong>: Las fibras \u00f3pticas est\u00e1n alojadas dentro de un tubo protector \u00fanico para una mayor protecci\u00f3n de las fibras y una manipulaci\u00f3n m\u00e1s sencilla.<\/li>\n<li data-start=\"1188\" data-end=\"1320\"><strong data-start=\"1190\" data-end=\"1212\">Gel bloqueador de agua<\/strong>: Protege las fibras de la humedad y garantiza su fiabilidad a largo plazo en diversas condiciones ambientales.<\/li>\n<li data-start=\"1321\" data-end=\"1451\"><strong data-start=\"1323\" data-end=\"1349\">Funda de PE resistente a los rayos UV<\/strong>: Proporciona protecci\u00f3n adicional contra la radiaci\u00f3n UV y la exposici\u00f3n a la intemperie, mejorando la durabilidad en exteriores.<\/li>\n<li data-start=\"1452\" data-end=\"1572\"><strong data-start=\"1454\" data-end=\"1479\">Ligero y compacto<\/strong>: El dise\u00f1o no blindado reduce el peso total, simplificando la instalaci\u00f3n y el manejo.<\/li>\n<\/ul>\n<h3 data-start=\"1574\" data-end=\"1596\"><strong data-start=\"1578\" data-end=\"1594\">2. Aplicaciones<\/strong><\/h3>\n<ul data-start=\"1597\" data-end=\"1908\">\n<li data-start=\"1597\" data-end=\"1668\">Instalaciones a\u00e9reas para redes de telecomunicaciones y banda ancha.<\/li>\n<li data-start=\"1669\" data-end=\"1734\">Adecuado para redes de fibra \u00f3ptica de larga distancia y troncales.<\/li>\n<li data-start=\"1735\" data-end=\"1822\">Ideal para zonas rurales y urbanas que requieren sistemas de cables eficientes y autoportantes.<\/li>\n<li data-start=\"1823\" data-end=\"1908\">Perfecta para conexiones a\u00e9reas de fibra \u00f3ptica con una exposici\u00f3n ambiental m\u00ednima.<\/li>\n<\/ul>\n<h3 data-start=\"1910\" data-end=\"1930\"><strong data-start=\"1914\" data-end=\"1928\">3. Ventajas<\/strong><\/h3>\n<ul data-start=\"1931\" data-end=\"2579\">\n<li data-start=\"1931\" data-end=\"2051\"><strong data-start=\"1933\" data-end=\"1959\">Dise\u00f1o autoportante<\/strong>: Elimina la necesidad de cable mensajero adicional, reduciendo el tiempo y los costes de instalaci\u00f3n.<\/li>\n<li data-start=\"2052\" data-end=\"2173\"><strong data-start=\"2054\" data-end=\"2087\">Ligero y f\u00e1cil de instalar<\/strong>: La estructura no blindada hace que el cable sea m\u00e1s f\u00e1cil de manejar, instalar y mantener.<\/li>\n<li data-start=\"2174\" data-end=\"2312\"><strong data-start=\"2176\" data-end=\"2207\">Rendimiento duradero en exteriores<\/strong>: El revestimiento de PE resistente a los rayos UV garantiza que el cable funcione de forma fiable en condiciones meteorol\u00f3gicas adversas y en entornos exteriores.<\/li>\n<li data-start=\"2313\" data-end=\"2437\"><strong data-start=\"2315\" data-end=\"2334\">Resistente al agua<\/strong>: La protecci\u00f3n contra la humedad garantiza que la fibra mantenga un alto nivel de rendimiento, incluso en condiciones h\u00famedas.<\/li>\n<li data-start=\"2438\" data-end=\"2579\"><strong data-start=\"2440\" data-end=\"2458\">Rentable<\/strong>: El dise\u00f1o no blindado mantiene los costes bajos al tiempo que ofrece un rendimiento fiable para la transmisi\u00f3n de datos a larga distancia.<\/li>\n<\/ul>\n<h3 data-start=\"2581\" data-end=\"2595\"><strong data-start=\"2585\" data-end=\"2593\">4. Preguntas frecuentes<\/strong><\/h3>\n<ul>\n<li data-start=\"2597\" data-end=\"2836\"><strong data-start=\"2600\" data-end=\"2657\">\u00bfPuede utilizarse este cable en zonas con condiciones clim\u00e1ticas extremas?<\/strong><br data-start=\"2657\" data-end=\"2660\" \/>S\u00ed, la funda resistente a los rayos UV y el gel que bloquea el agua ofrecen protecci\u00f3n en diversas condiciones exteriores, aunque las condiciones ambientales extremas pueden requerir protecci\u00f3n adicional.<\/li>\n<li data-start=\"2838\" data-end=\"3088\"><strong data-start=\"2841\" data-end=\"2906\">\u00bfC\u00f3mo ayuda el dise\u00f1o autoportante durante la instalaci\u00f3n?<\/strong><br data-start=\"2906\" data-end=\"2909\" \/>El alambre mensajero central de acero proporciona la resistencia necesaria para soportar el cable, eliminando la necesidad de alambres de soporte adicionales, lo que reduce el tiempo y la complejidad de la instalaci\u00f3n.<\/li>\n<li data-start=\"3090\" data-end=\"3274\"><strong data-start=\"3093\" data-end=\"3142\">\u00bfQu\u00e9 tipos de fibra est\u00e1n disponibles en este cable?<\/strong><br data-start=\"3142\" data-end=\"3145\" \/>El cable puede personalizarse con <strong data-start=\"3178\" data-end=\"3198\">monomodo (SM)<\/strong> o <strong data-start=\"3202\" data-end=\"3221\">multimodo (MM)<\/strong> fibras, en funci\u00f3n de los requisitos de la aplicaci\u00f3n.<\/li>\n<li data-start=\"3276\" data-end=\"3445\"><strong data-start=\"3279\" data-end=\"3326\">\u00bfEste cable es apto para uso subterr\u00e1neo?<\/strong><br data-start=\"3326\" data-end=\"3329\" \/>No, este cable est\u00e1 dise\u00f1ado espec\u00edficamente para instalaciones a\u00e9reas y no es adecuado para aplicaciones subterr\u00e1neas.<\/li>\n<li data-start=\"3447\" data-end=\"3615\"><strong data-start=\"3450\" data-end=\"3501\">\u00bfCu\u00e1l es la longitud m\u00e1xima de este cable?<\/strong><br data-start=\"3501\" data-end=\"3504\" \/>La longitud t\u00edpica de un tramo oscila entre <strong data-start=\"3540\" data-end=\"3560\">De 50 a 100 metros<\/strong>, dependiendo del n\u00famero de fibras y de los factores ambientales.<\/li>\n<\/ul>","protected":false},"excerpt":{"rendered":"<p><strong>HONE<\/strong> <strong data-start=\"22\" data-end=\"84\">Figura 8 Cable a\u00e9reo autoportante no blindado Uni-Tube<\/strong> es una soluci\u00f3n ligera y duradera para instalaciones a\u00e9reas de fibra \u00f3ptica. Presenta un dise\u00f1o autoportante con una construcci\u00f3n en forma de 8 y un cable mensajero central de acero, lo que proporciona un rendimiento fiable para la transmisi\u00f3n de datos a larga distancia y alta velocidad sin necesidad de cables de soporte adicionales.<\/p>","protected":false},"featured_media":877,"comment_status":"open","ping_status":"closed","template":"","meta":{"_seopress_robots_primary_cat":"none","_seopress_titles_title":"Figure 8 Fiber Optic Cable","_seopress_titles_desc":"Figure 8 Fiber Optic Cable is ideal for aerial installations, combining optical fibers with a self-supporting steel messenger. Its durable, weather-resistant design ensures stable performance in long-distance outdoor networks, reducing installation costs and simplifying deployment.","_seopress_robots_index":""},"product_brand":[],"product_cat":[41],"product_tag":[42],"class_list":{"0":"post-875","1":"product","2":"type-product","3":"status-publish","4":"has-post-thumbnail","6":"product_cat-outdoor-fiber-optic-cable","7":"product_tag-bulk-fiber-optic-cable","9":"first","10":"instock","11":"shipping-taxable","12":"product-type-grouped"},"_links":{"self":[{"href":"https:\/\/honelinks.com\/es\/wp-json\/wp\/v2\/product\/875","targetHints":{"allow":["GET"]}}],"collection":[{"href":"https:\/\/honelinks.com\/es\/wp-json\/wp\/v2\/product"}],"about":[{"href":"https:\/\/honelinks.com\/es\/wp-json\/wp\/v2\/types\/product"}],"replies":[{"embeddable":true,"href":"https:\/\/honelinks.com\/es\/wp-json\/wp\/v2\/comments?post=875"}],"wp:featuredmedia":[{"embeddable":true,"href":"https:\/\/honelinks.com\/es\/wp-json\/wp\/v2\/media\/877"}],"wp:attachment":[{"href":"https:\/\/honelinks.com\/es\/wp-json\/wp\/v2\/media?parent=875"}],"wp:term":[{"taxonomy":"product_brand","embeddable":true,"href":"https:\/\/honelinks.com\/es\/wp-json\/wp\/v2\/product_brand?post=875"},{"taxonomy":"product_cat","embeddable":true,"href":"https:\/\/honelinks.com\/es\/wp-json\/wp\/v2\/product_cat?post=875"},{"taxonomy":"product_tag","embeddable":true,"href":"https:\/\/honelinks.com\/es\/wp-json\/wp\/v2\/product_tag?post=875"}],"curies":[{"name":"wp","href":"https:\/\/api.w.org\/{rel}","templated":true}]}}