{"id":878,"date":"2025-03-18T16:12:57","date_gmt":"2025-03-18T08:12:57","guid":{"rendered":"https:\/\/honelinks.com\/?post_type=product&#038;p=878"},"modified":"2025-08-20T20:01:23","modified_gmt":"2025-08-20T12:01:23","slug":"cable-de-fibra-de-ruptura-de-bufer-apretado-para-uso-multiple-en-interiores","status":"publish","type":"product","link":"https:\/\/honelinks.com\/es\/product\/indoor-multiple-purpose-tight-buffer-breakout-fiber-cable\/","title":{"rendered":"Interior M\u00faltiples usos Tight buffer breakout cable de fibra"},"content":{"rendered":"<p data-start=\"59\" data-end=\"125\">Este <strong>cable de fibra \u00f3ptica para interiores<\/strong> est\u00e1 fabricada con fibras \u00f3pticas de b\u00fafer ajustado, agrupadas en un dise\u00f1o de separaci\u00f3n para facilitar la separaci\u00f3n y el acceso individual a las fibras. Su construcci\u00f3n flexible y duradera lo hace adecuado para una amplia gama de aplicaciones de interior, como centros de datos, telecomunicaciones y conexiones de red de alta velocidad. Las fibras con b\u00fafer ajustado proporcionan una mayor protecci\u00f3n frente a da\u00f1os f\u00edsicos, lo que la convierte en una opci\u00f3n excelente para instalaciones de alto rendimiento en interiores.<\/p>\n<h3 data-start=\"801\" data-end=\"829\"><strong data-start=\"805\" data-end=\"827\">1. Estructura y dise\u00f1o<\/strong><\/h3>\n<p><img alt=\"Estructura de cable de fibra de ruptura Tight buffer de uso m\u00faltiple en interiores\" fetchpriority=\"high\" decoding=\"async\" class=\"alignnone wp-image-879\" src=\"https:\/\/honelinks.com\/wp-content\/uploads\/2025\/03\/Indoor-Multiple-purpose-Tight-buffer-breakout-fiber-cable-structure-300x300.png\" width=\"389\" height=\"389\" srcset=\"https:\/\/honelinks.com\/wp-content\/uploads\/2025\/03\/Indoor-Multiple-purpose-Tight-buffer-breakout-fiber-cable-structure-300x300.png 300w, https:\/\/honelinks.com\/wp-content\/uploads\/2025\/03\/Indoor-Multiple-purpose-Tight-buffer-breakout-fiber-cable-structure-150x150.png 150w, https:\/\/honelinks.com\/wp-content\/uploads\/2025\/03\/Indoor-Multiple-purpose-Tight-buffer-breakout-fiber-cable-structure-768x768.png 768w, https:\/\/honelinks.com\/wp-content\/uploads\/2025\/03\/Indoor-Multiple-purpose-Tight-buffer-breakout-fiber-cable-structure-600x600.png 600w, https:\/\/honelinks.com\/wp-content\/uploads\/2025\/03\/Indoor-Multiple-purpose-Tight-buffer-breakout-fiber-cable-structure-100x100.png 100w, https:\/\/honelinks.com\/wp-content\/uploads\/2025\/03\/Indoor-Multiple-purpose-Tight-buffer-breakout-fiber-cable-structure.png 800w\" sizes=\"(max-width: 389px) 100vw, 389px\" \/><\/p>\n<ul>\n<li data-start=\"954\" data-end=\"1066\"><strong data-start=\"956\" data-end=\"975\">Dise\u00f1o de ruptura<\/strong>: Cada fibra \u00f3ptica est\u00e1 protegida individualmente, lo que facilita el acceso y la terminaci\u00f3n.<\/li>\n<li data-start=\"1067\" data-end=\"1185\"><strong data-start=\"1069\" data-end=\"1094\">Fibras tensas<\/strong>: Las fibras est\u00e1n recubiertas de un tamp\u00f3n para protegerlas de la tensi\u00f3n mec\u00e1nica y la humedad.<\/li>\n<li data-start=\"1186\" data-end=\"1289\"><strong data-start=\"1188\" data-end=\"1225\">Construcci\u00f3n flexible y compacta<\/strong>: Dise\u00f1ado para facilitar el manejo y la instalaci\u00f3n en espacios reducidos.<\/li>\n<li data-start=\"1290\" data-end=\"1407\"><strong data-start=\"1292\" data-end=\"1338\">Cubierta exterior LSZH (baja emisi\u00f3n de humos y sin hal\u00f3genos)<\/strong>: Garantiza la seguridad reduciendo el humo y los gases t\u00f3xicos en caso de incendio.<\/li>\n<li data-start=\"1408\" data-end=\"1522\"><strong data-start=\"1410\" data-end=\"1432\">Fibras codificadas por colores<\/strong>: Cada fibra est\u00e1 codificada por colores para facilitar su identificaci\u00f3n durante la instalaci\u00f3n y el mantenimiento.<\/li>\n<\/ul>\n<h3 data-start=\"1435\" data-end=\"1457\"><strong data-start=\"1439\" data-end=\"1455\">2. <\/strong><strong data-start=\"1528\" data-end=\"1544\">Aplicaciones<\/strong><\/h3>\n<ul data-start=\"1547\" data-end=\"1837\">\n<li data-start=\"1547\" data-end=\"1631\">Centros de datos y salas de servidores donde se requieren conexiones de fibra de alta densidad.<\/li>\n<li data-start=\"1632\" data-end=\"1692\">Salas de telecomunicaciones y entornos de red de alto rendimiento.<\/li>\n<li data-start=\"1693\" data-end=\"1774\">Instalaciones interiores en las que se necesita protecci\u00f3n y acceso individual a la fibra.<\/li>\n<li data-start=\"1775\" data-end=\"1837\">Cables de conexi\u00f3n de fibra \u00f3ptica y puentes para equipos de red.<\/li>\n<\/ul>\n<h3 data-start=\"1839\" data-end=\"1859\"><strong data-start=\"1843\" data-end=\"1857\">3.Ventajas<\/strong><\/h3>\n<ul data-start=\"1860\" data-end=\"2442\">\n<li data-start=\"1860\" data-end=\"1978\"><strong data-start=\"1862\" data-end=\"1889\">Acceso individual a la fibra<\/strong>: El dise\u00f1o Breakout permite acceder f\u00e1cilmente a cada fibra y terminarlas de forma independiente.<\/li>\n<li data-start=\"1979\" data-end=\"2082\"><strong data-start=\"1981\" data-end=\"2004\">Protecci\u00f3n reforzada<\/strong>: Las fibras tupidas garantizan la protecci\u00f3n contra los da\u00f1os f\u00edsicos y la humedad.<\/li>\n<li data-start=\"2083\" data-end=\"2192\"><strong data-start=\"2085\" data-end=\"2106\">F\u00e1cil instalaci\u00f3n<\/strong>: Su dise\u00f1o flexible simplifica la manipulaci\u00f3n, el tendido y la instalaci\u00f3n en espacios reducidos.<\/li>\n<li data-start=\"2193\" data-end=\"2317\"><strong data-start=\"2195\" data-end=\"2210\">Seguridad contra incendios<\/strong>: La cubierta LSZH minimiza el humo y los vapores en caso de incendio, garantizando la seguridad en ambientes interiores.<\/li>\n<li data-start=\"2318\" data-end=\"2442\"><strong data-start=\"2320\" data-end=\"2337\">Uso vers\u00e1til<\/strong>: Adecuado para diversas aplicaciones en interiores, como la transmisi\u00f3n de datos a alta velocidad y la conexi\u00f3n en red.<\/li>\n<\/ul>\n<h3 data-start=\"2444\" data-end=\"2458\"><strong data-start=\"2448\" data-end=\"2456\">4.FAQs<\/strong><\/h3>\n<ul>\n<li data-start=\"2460\" data-end=\"2691\"><strong data-start=\"2463\" data-end=\"2517\">\u00bfCu\u00e1l es la distancia m\u00e1xima que puede cubrir este cable?<\/strong><br data-start=\"2517\" data-end=\"2520\" \/>Este cable es ideal para conexiones de corta a media distancia en entornos interiores, normalmente hasta <strong data-start=\"2625\" data-end=\"2639\">100 metros<\/strong> en funci\u00f3n del tipo de fibra y los requisitos de la red.<\/li>\n<li data-start=\"2693\" data-end=\"2894\"><strong data-start=\"2696\" data-end=\"2747\">\u00bfSe puede utilizar este cable en exteriores?<\/strong><br data-start=\"2747\" data-end=\"2750\" \/>No, este cable est\u00e1 dise\u00f1ado s\u00f3lo para uso en interiores. Para instalaciones en exteriores, se requiere un tipo de cable diferente con caracter\u00edsticas de resistencia a la intemperie.<\/li>\n<li data-start=\"2896\" data-end=\"3092\"><strong data-start=\"2899\" data-end=\"2949\">\u00bfQu\u00e9 tipos de fibra hay disponibles para este cable?<\/strong><br data-start=\"2949\" data-end=\"2952\" \/>Este cable puede personalizarse con <strong data-start=\"2986\" data-end=\"3006\">monomodo (SM)<\/strong> o <strong data-start=\"3010\" data-end=\"3029\">multimodo (MM)<\/strong> fibras, en funci\u00f3n de las necesidades espec\u00edficas de la instalaci\u00f3n.<\/li>\n<li data-start=\"3094\" data-end=\"3278\"><strong data-start=\"3097\" data-end=\"3135\">\u00bfEs ign\u00edfuga la chaqueta LSZH?<\/strong><br data-start=\"3135\" data-end=\"3138\" \/>S\u00ed, la cubierta LSZH reduce significativamente las emisiones de humo y gases t\u00f3xicos en caso de incendio, por lo que es ideal para instalaciones interiores.<\/li>\n<li data-start=\"3280\" data-end=\"3479\"><strong data-start=\"3283\" data-end=\"3348\">\u00bfHasta qu\u00e9 punto es flexible este cable para instalaciones en espacios reducidos?<\/strong><br data-start=\"3348\" data-end=\"3351\" \/>Su construcci\u00f3n compacta y flexible facilita el enrutamiento y la instalaci\u00f3n en espacios estrechos como centros de datos y salas de telecomunicaciones.<\/li>\n<\/ul>","protected":false},"excerpt":{"rendered":"<p><strong>HONE<\/strong> <strong data-start=\"22\" data-end=\"83\">Cable de fibra \u00f3ptica con b\u00fafer estrecho de uso m\u00faltiple para interiores<\/strong> es una soluci\u00f3n vers\u00e1til y de alto rendimiento dise\u00f1ada para diversas aplicaciones de interior. Presenta una estructura de separaci\u00f3n con fibras ajustadas, que ofrece una excelente protecci\u00f3n y flexibilidad para facilitar la instalaci\u00f3n. Ideal para su uso en centros de datos, salas de telecomunicaciones y entornos de red de alta densidad.<\/p>","protected":false},"featured_media":880,"comment_status":"open","ping_status":"closed","template":"","meta":{"_seopress_robots_primary_cat":"none","_seopress_titles_title":"breakout fiber cable","_seopress_titles_desc":"Durable breakout fiber optic cable, ideal for direct termination, providing individual buffered fibers, high flexibility, and reliable network performance","_seopress_robots_index":""},"product_brand":[],"product_cat":[43],"product_tag":[42],"class_list":{"0":"post-878","1":"product","2":"type-product","3":"status-publish","4":"has-post-thumbnail","6":"product_cat-indoor-fiber-optic-cable","7":"product_tag-bulk-fiber-optic-cable","9":"first","10":"instock","11":"shipping-taxable","12":"product-type-grouped"},"_links":{"self":[{"href":"https:\/\/honelinks.com\/es\/wp-json\/wp\/v2\/product\/878","targetHints":{"allow":["GET"]}}],"collection":[{"href":"https:\/\/honelinks.com\/es\/wp-json\/wp\/v2\/product"}],"about":[{"href":"https:\/\/honelinks.com\/es\/wp-json\/wp\/v2\/types\/product"}],"replies":[{"embeddable":true,"href":"https:\/\/honelinks.com\/es\/wp-json\/wp\/v2\/comments?post=878"}],"wp:featuredmedia":[{"embeddable":true,"href":"https:\/\/honelinks.com\/es\/wp-json\/wp\/v2\/media\/880"}],"wp:attachment":[{"href":"https:\/\/honelinks.com\/es\/wp-json\/wp\/v2\/media?parent=878"}],"wp:term":[{"taxonomy":"product_brand","embeddable":true,"href":"https:\/\/honelinks.com\/es\/wp-json\/wp\/v2\/product_brand?post=878"},{"taxonomy":"product_cat","embeddable":true,"href":"https:\/\/honelinks.com\/es\/wp-json\/wp\/v2\/product_cat?post=878"},{"taxonomy":"product_tag","embeddable":true,"href":"https:\/\/honelinks.com\/es\/wp-json\/wp\/v2\/product_tag?post=878"}],"curies":[{"name":"wp","href":"https:\/\/api.w.org\/{rel}","templated":true}]}}