{"id":881,"date":"2025-03-18T16:18:31","date_gmt":"2025-03-18T08:18:31","guid":{"rendered":"https:\/\/honelinks.com\/?post_type=product&#038;p=881"},"modified":"2025-08-20T19:48:07","modified_gmt":"2025-08-20T11:48:07","slug":"cable-de-fibra-de-distribucion-de-uso-multiple-en-interiores","status":"publish","type":"product","link":"https:\/\/honelinks.com\/es\/product\/indoor-multiple-purpose-tight-buffer-distribution-fiber-cable\/","title":{"rendered":"Cable de fibra \u00f3ptica de distribuci\u00f3n tupida de uso m\u00faltiple en interiores"},"content":{"rendered":"<p data-start=\"59\" data-end=\"125\">Este <strong>Cable de fibra \u00f3ptica de distribuci\u00f3n tupida de uso m\u00faltiple en interiores<\/strong> cuenta con una construcci\u00f3n de b\u00fafer ajustado, en la que cada fibra \u00f3ptica est\u00e1 protegida individualmente contra da\u00f1os f\u00edsicos. Su dise\u00f1o de distribuci\u00f3n permite enrutar f\u00e1cilmente varias fibras dentro de una misma cubierta, lo que ofrece flexibilidad y facilidad de instalaci\u00f3n en aplicaciones de alta densidad en interiores. Adecuado para salas de telecomunicaciones, centros de datos y otros entornos de red cr\u00edticos, este cable garantiza una transmisi\u00f3n de se\u00f1ales fiable y duradera.<\/p>\n<h3 data-start=\"801\" data-end=\"829\"><strong data-start=\"805\" data-end=\"827\">1. Estructura y dise\u00f1o<\/strong><\/h3>\n<p><img alt=\"distribuci\u00f3n Cable de fibra\" fetchpriority=\"high\" decoding=\"async\" class=\"alignnone wp-image-882\" src=\"https:\/\/honelinks.com\/wp-content\/uploads\/2025\/03\/Indoor-Multiple-Purpose-Tight-Buffer-Distribution-Fiber-cable-structure-300x300.png\" width=\"389\" height=\"389\" srcset=\"https:\/\/honelinks.com\/wp-content\/uploads\/2025\/03\/Indoor-Multiple-Purpose-Tight-Buffer-Distribution-Fiber-cable-structure-300x300.png 300w, https:\/\/honelinks.com\/wp-content\/uploads\/2025\/03\/Indoor-Multiple-Purpose-Tight-Buffer-Distribution-Fiber-cable-structure-150x150.png 150w, https:\/\/honelinks.com\/wp-content\/uploads\/2025\/03\/Indoor-Multiple-Purpose-Tight-Buffer-Distribution-Fiber-cable-structure-768x768.png 768w, https:\/\/honelinks.com\/wp-content\/uploads\/2025\/03\/Indoor-Multiple-Purpose-Tight-Buffer-Distribution-Fiber-cable-structure-600x600.png 600w, https:\/\/honelinks.com\/wp-content\/uploads\/2025\/03\/Indoor-Multiple-Purpose-Tight-Buffer-Distribution-Fiber-cable-structure-100x100.png 100w, https:\/\/honelinks.com\/wp-content\/uploads\/2025\/03\/Indoor-Multiple-Purpose-Tight-Buffer-Distribution-Fiber-cable-structure.png 800w\" sizes=\"(max-width: 389px) 100vw, 389px\" \/><\/p>\n<ul>\n<li data-start=\"978\" data-end=\"1115\"><strong data-start=\"980\" data-end=\"1005\">Fibras tensas<\/strong>: Cada fibra \u00f3ptica se recubre individualmente con un tamp\u00f3n para protegerla contra la tensi\u00f3n mec\u00e1nica y la humedad.<\/li>\n<li data-start=\"1116\" data-end=\"1245\"><strong data-start=\"1118\" data-end=\"1141\">Dise\u00f1o de la distribuci\u00f3n<\/strong>: Varias fibras se alojan juntas en una \u00fanica cubierta exterior para facilitar la organizaci\u00f3n y la instalaci\u00f3n.<\/li>\n<li data-start=\"1246\" data-end=\"1357\"><strong data-start=\"1248\" data-end=\"1285\">Construcci\u00f3n flexible y compacta<\/strong>: Permite una f\u00e1cil manipulaci\u00f3n, instalaci\u00f3n y enrutamiento en espacios reducidos.<\/li>\n<li data-start=\"1358\" data-end=\"1513\"><strong data-start=\"1360\" data-end=\"1406\">Cubierta exterior LSZH (baja emisi\u00f3n de humos y sin hal\u00f3genos)<\/strong>: Minimiza la emisi\u00f3n de humos y gases t\u00f3xicos en caso de incendio, garantizando la seguridad en ambientes interiores.<\/li>\n<li data-start=\"1514\" data-end=\"1628\"><strong data-start=\"1516\" data-end=\"1538\">Fibras codificadas por colores<\/strong>: Cada fibra est\u00e1 codificada por colores para facilitar su identificaci\u00f3n durante la instalaci\u00f3n y el mantenimiento<\/li>\n<\/ul>\n<h3 data-start=\"1630\" data-end=\"1652\"><strong data-start=\"1634\" data-end=\"1650\">2. Aplicaciones<\/strong><\/h3>\n<ul data-start=\"1653\" data-end=\"1974\">\n<li data-start=\"1653\" data-end=\"1738\">Instalaciones de fibra \u00f3ptica de alta densidad en <strong data-start=\"1697\" data-end=\"1713\">centros de datos<\/strong> y <strong data-start=\"1718\" data-end=\"1735\">salas de telecomunicaciones<\/strong>.<\/li>\n<li data-start=\"1739\" data-end=\"1827\"><strong data-start=\"1741\" data-end=\"1763\">Construir columnas vertebrales<\/strong> cuando se requieren m\u00faltiples tramos de fibra dentro de un mismo cable.<\/li>\n<li data-start=\"1828\" data-end=\"1908\"><strong data-start=\"1830\" data-end=\"1856\">Infraestructura de red<\/strong> que requieren soluciones de fibra flexibles y que ahorren espacio.<\/li>\n<li data-start=\"1909\" data-end=\"1974\"><strong data-start=\"1911\" data-end=\"1938\">Cables de fibra \u00f3ptica<\/strong> para conectar equipos de red.<\/li>\n<\/ul>\n<h3 data-start=\"1976\" data-end=\"1996\"><strong data-start=\"1980\" data-end=\"1994\">3. Ventajas<\/strong><\/h3>\n<ul data-start=\"1997\" data-end=\"2644\">\n<li data-start=\"1997\" data-end=\"2133\"><strong data-start=\"1999\" data-end=\"2022\">Dise\u00f1o compacto<\/strong>: La configuraci\u00f3n de distribuci\u00f3n permite enrutar un gran n\u00famero de fibras en un \u00fanico cable compacto.<\/li>\n<li data-start=\"2134\" data-end=\"2253\"><strong data-start=\"2136\" data-end=\"2159\">Protecci\u00f3n reforzada<\/strong>: Las fibras tupidas garantizan una protecci\u00f3n individual, aumentando la durabilidad y la fiabilidad.<\/li>\n<li data-start=\"2254\" data-end=\"2359\"><strong data-start=\"2256\" data-end=\"2277\">F\u00e1cil instalaci\u00f3n<\/strong>: Su construcci\u00f3n flexible facilita la manipulaci\u00f3n y el tendido en espacios reducidos.<\/li>\n<li data-start=\"2360\" data-end=\"2508\"><strong data-start=\"2362\" data-end=\"2377\">Seguridad contra incendios<\/strong>: La cubierta LSZH garantiza unas emisiones m\u00ednimas de humo y gases t\u00f3xicos en caso de incendio, lo que aporta seguridad a los ambientes interiores.<\/li>\n<li data-start=\"2509\" data-end=\"2644\"><strong data-start=\"2511\" data-end=\"2539\">Rendimiento de alta densidad<\/strong>: Ideal para redes de fibra de alto rendimiento y alta densidad en las que el espacio y la integridad de la se\u00f1al son cruciales.<\/li>\n<\/ul>\n<h3 data-start=\"2646\" data-end=\"2660\"><strong data-start=\"2650\" data-end=\"2658\">4. Preguntas frecuentes<\/strong><\/h3>\n<ul>\n<li data-start=\"2662\" data-end=\"2882\"><strong data-start=\"2665\" data-end=\"2716\">\u00bfC\u00f3mo se compara este cable con los cables breakout?<\/strong><br data-start=\"2716\" data-end=\"2719\" \/>El cable de distribuci\u00f3n es m\u00e1s compacto y permite agrupar varias fibras en un solo cable, mientras que los cables de conexi\u00f3n proporcionan acceso individual a las fibras.<\/li>\n<li data-start=\"2884\" data-end=\"3071\"><strong data-start=\"2887\" data-end=\"2938\">\u00bfSe puede utilizar este cable en exteriores?<\/strong><br data-start=\"2938\" data-end=\"2941\" \/>No, este cable est\u00e1 dise\u00f1ado s\u00f3lo para uso en interiores. Para aplicaciones en exteriores, se requiere un cable m\u00e1s robusto y resistente a la intemperie.<\/li>\n<li data-start=\"3073\" data-end=\"3244\"><strong data-start=\"3076\" data-end=\"3126\">\u00bfQu\u00e9 tipos de fibra hay disponibles para este cable?<\/strong><br data-start=\"3126\" data-end=\"3129\" \/>Se puede personalizar con <strong data-start=\"3155\" data-end=\"3175\">monomodo (SM)<\/strong> o <strong data-start=\"3179\" data-end=\"3198\">multimodo (MM)<\/strong> fibras para adaptarse a sus necesidades espec\u00edficas de red.<\/li>\n<li data-start=\"3246\" data-end=\"3472\"><strong data-start=\"3249\" data-end=\"3303\">\u00bfCu\u00e1l es la distancia m\u00e1xima que puede cubrir este cable?<\/strong><br data-start=\"3303\" data-end=\"3306\" \/>Normalmente, este cable es adecuado para conexiones de corta a media distancia en interiores, hasta <strong data-start=\"3415\" data-end=\"3429\">100 metros<\/strong> seg\u00fan el tipo de fibra y la aplicaci\u00f3n.<\/li>\n<li data-start=\"3474\" data-end=\"3646\"><strong data-start=\"3477\" data-end=\"3510\">\u00bfEste cable es ign\u00edfugo?<\/strong><br data-start=\"3510\" data-end=\"3513\" \/>S\u00ed, la cubierta LSZH reduce significativamente las emisiones de humo y t\u00f3xicas en caso de incendio, mejorando la seguridad contra incendios en aplicaciones de interior.<\/li>\n<\/ul>","protected":false},"excerpt":{"rendered":"<p><strong>HONE<\/strong> <strong data-start=\"22\" data-end=\"87\">Cable de fibra \u00f3ptica de distribuci\u00f3n con b\u00fafer estrecho para uso m\u00faltiple en interiores<\/strong> est\u00e1 dise\u00f1ado para aplicaciones interiores de alto rendimiento y ofrece una transmisi\u00f3n de datos fiable en configuraciones compactas y flexibles. Con fibras de b\u00fafer ajustado para una mayor protecci\u00f3n, este cable es ideal para su uso en centros de datos, telecomunicaciones y entornos de red en los que el espacio es limitado y se necesitan instalaciones de alta densidad.<\/p>","protected":false},"featured_media":883,"comment_status":"open","ping_status":"closed","template":"","meta":{"_seopress_robots_primary_cat":"none","_seopress_titles_title":"distribution fiber cable","_seopress_titles_desc":"High-performance distribution fiber cable, designed for indoor\/outdoor networks, offering easy installation, multiple cores, and reliable signal transmission.","_seopress_robots_index":""},"product_brand":[],"product_cat":[43],"product_tag":[42],"class_list":{"0":"post-881","1":"product","2":"type-product","3":"status-publish","4":"has-post-thumbnail","6":"product_cat-indoor-fiber-optic-cable","7":"product_tag-bulk-fiber-optic-cable","9":"first","10":"instock","11":"shipping-taxable","12":"product-type-grouped"},"_links":{"self":[{"href":"https:\/\/honelinks.com\/es\/wp-json\/wp\/v2\/product\/881","targetHints":{"allow":["GET"]}}],"collection":[{"href":"https:\/\/honelinks.com\/es\/wp-json\/wp\/v2\/product"}],"about":[{"href":"https:\/\/honelinks.com\/es\/wp-json\/wp\/v2\/types\/product"}],"replies":[{"embeddable":true,"href":"https:\/\/honelinks.com\/es\/wp-json\/wp\/v2\/comments?post=881"}],"wp:featuredmedia":[{"embeddable":true,"href":"https:\/\/honelinks.com\/es\/wp-json\/wp\/v2\/media\/883"}],"wp:attachment":[{"href":"https:\/\/honelinks.com\/es\/wp-json\/wp\/v2\/media?parent=881"}],"wp:term":[{"taxonomy":"product_brand","embeddable":true,"href":"https:\/\/honelinks.com\/es\/wp-json\/wp\/v2\/product_brand?post=881"},{"taxonomy":"product_cat","embeddable":true,"href":"https:\/\/honelinks.com\/es\/wp-json\/wp\/v2\/product_cat?post=881"},{"taxonomy":"product_tag","embeddable":true,"href":"https:\/\/honelinks.com\/es\/wp-json\/wp\/v2\/product_tag?post=881"}],"curies":[{"name":"wp","href":"https:\/\/api.w.org\/{rel}","templated":true}]}}