{"id":884,"date":"2025-03-18T16:23:26","date_gmt":"2025-03-18T08:23:26","guid":{"rendered":"https:\/\/honelinks.com\/?post_type=product&#038;p=884"},"modified":"2025-08-19T20:50:36","modified_gmt":"2025-08-19T12:50:36","slug":"cable-de-conexion-de-fibra-blindado-con-tubo-de-acero-en-espiral-para-interiores-y-exteriores","status":"publish","type":"product","link":"https:\/\/honelinks.com\/es\/product\/indoor-outdoor-spiral-steel-tube-armored-fiber-patch-cable\/","title":{"rendered":"cable de conexi\u00f3n de fibra blindado con tubo de acero en espiral para interiores y exteriores"},"content":{"rendered":"<p data-start=\"59\" data-end=\"125\">Este<strong> tubo de acero en espiral cable de fibra \u00f3ptica t\u00e1ctico blindado<\/strong> combina la flexibilidad para uso en interiores con la durabilidad necesaria para entornos exteriores. Cuenta con una armadura de tubo de acero en espiral que proporciona una protecci\u00f3n superior contra la tensi\u00f3n mec\u00e1nica, el aplastamiento y la abrasi\u00f3n. Dise\u00f1ado para aplicaciones t\u00e1cticas y de alto rendimiento, este cable es perfecto para sectores como la defensa, la seguridad p\u00fablica y las comunicaciones pesadas. Es ideal para instalaciones que exigen tanto flexibilidad como resistencia en entornos dif\u00edciles.<\/p>\n<h3 data-start=\"801\" data-end=\"829\"><strong data-start=\"805\" data-end=\"827\">1. Estructura y dise\u00f1o<\/strong><\/h3>\n<p><img alt=\"interior exterior tubo de acero en espiral estructura de cable t\u00e1ctico blindado\" fetchpriority=\"high\" decoding=\"async\" class=\"alignnone wp-image-885\" src=\"https:\/\/honelinks.com\/wp-content\/uploads\/2025\/03\/indoor-outdoor-spiral-steel-tube-armored-tactical-cable-structure_-300x300.png\" width=\"389\" height=\"389\" srcset=\"https:\/\/honelinks.com\/wp-content\/uploads\/2025\/03\/indoor-outdoor-spiral-steel-tube-armored-tactical-cable-structure_-300x300.png 300w, https:\/\/honelinks.com\/wp-content\/uploads\/2025\/03\/indoor-outdoor-spiral-steel-tube-armored-tactical-cable-structure_-150x150.png 150w, https:\/\/honelinks.com\/wp-content\/uploads\/2025\/03\/indoor-outdoor-spiral-steel-tube-armored-tactical-cable-structure_-768x768.png 768w, https:\/\/honelinks.com\/wp-content\/uploads\/2025\/03\/indoor-outdoor-spiral-steel-tube-armored-tactical-cable-structure_-600x600.png 600w, https:\/\/honelinks.com\/wp-content\/uploads\/2025\/03\/indoor-outdoor-spiral-steel-tube-armored-tactical-cable-structure_-100x100.png 100w, https:\/\/honelinks.com\/wp-content\/uploads\/2025\/03\/indoor-outdoor-spiral-steel-tube-armored-tactical-cable-structure_.png 800w\" sizes=\"(max-width: 389px) 100vw, 389px\" \/><\/p>\n<ul>\n<li data-start=\"959\" data-end=\"1066\"><strong data-start=\"961\" data-end=\"988\">Blindaje de tubo de acero en espiral<\/strong>: Proporciona una s\u00f3lida protecci\u00f3n mec\u00e1nica contra el aplastamiento, el impacto y la abrasi\u00f3n.<\/li>\n<li data-start=\"1067\" data-end=\"1189\"><strong data-start=\"1069\" data-end=\"1102\">Fibras \u00f3pticas con b\u00fafer estrecho<\/strong>: Cada fibra est\u00e1 recubierta individualmente para protegerla de la humedad y el estr\u00e9s f\u00edsico.<\/li>\n<li data-start=\"1190\" data-end=\"1335\"><strong data-start=\"1192\" data-end=\"1219\">Doble uso interior\/exterior<\/strong>: El cable est\u00e1 dise\u00f1ado para funcionar tanto en interiores como en exteriores, ofreciendo flexibilidad y durabilidad.<\/li>\n<li data-start=\"1336\" data-end=\"1476\"><strong data-start=\"1338\" data-end=\"1361\">Chaqueta resistente a los rayos UV<\/strong>: Protege el cable de los rayos UV y la exposici\u00f3n ambiental, garantizando su fiabilidad a largo plazo en exteriores.<\/li>\n<li data-start=\"1477\" data-end=\"1575\"><strong data-start=\"1479\" data-end=\"1504\">Dise\u00f1o para bloquear el agua<\/strong>: Evita la entrada de agua y protege la fibra de los da\u00f1os causados por la humedad.<\/li>\n<\/ul>\n<h3 data-start=\"1577\" data-end=\"1599\"><strong data-start=\"1581\" data-end=\"1597\">2. Aplicaciones<\/strong><\/h3>\n<ul data-start=\"1600\" data-end=\"2088\">\n<li data-start=\"1600\" data-end=\"1744\"><strong data-start=\"1602\" data-end=\"1642\">Comunicaciones militares y t\u00e1cticas<\/strong>: Dise\u00f1ado para su uso en entornos dif\u00edciles, ideal para defensa, seguridad p\u00fablica y servicios de emergencia.<\/li>\n<li data-start=\"1745\" data-end=\"1854\"><strong data-start=\"1747\" data-end=\"1782\">Aplicaciones industriales en exteriores<\/strong>: Adecuado para instalaciones exteriores en entornos industriales dif\u00edciles.<\/li>\n<li data-start=\"1855\" data-end=\"1976\"><strong data-start=\"1857\" data-end=\"1882\">Redes de alta resistencia<\/strong>: Puede utilizarse en sistemas de red cr\u00edticos que requieran una alta protecci\u00f3n contra da\u00f1os f\u00edsicos.<\/li>\n<li data-start=\"1977\" data-end=\"2088\"><strong data-start=\"1979\" data-end=\"2006\">Instalaciones temporales<\/strong>: Perfecto para aplicaciones que requieren conexiones de fibra port\u00e1tiles o temporales.<\/li>\n<\/ul>\n<h3 data-start=\"2090\" data-end=\"2110\"><strong data-start=\"2094\" data-end=\"2108\">3. Ventajas<\/strong><\/h3>\n<ul data-start=\"2111\" data-end=\"2778\">\n<li data-start=\"2111\" data-end=\"2239\"><strong data-start=\"2113\" data-end=\"2135\">Protecci\u00f3n duradera<\/strong>: El blindaje de tubo de acero en espiral proporciona una protecci\u00f3n superior contra da\u00f1os f\u00edsicos, aplastamientos e impactos.<\/li>\n<li data-start=\"2240\" data-end=\"2397\"><strong data-start=\"2242\" data-end=\"2274\">Uso vers\u00e1til en interiores y exteriores<\/strong>: Suficientemente flexible para aplicaciones de interior pero suficientemente duradera para instalaciones de exterior, lo que la convierte en una soluci\u00f3n todo en uno.<\/li>\n<li data-start=\"2398\" data-end=\"2529\"><strong data-start=\"2400\" data-end=\"2421\">Fuerza mejorada<\/strong>: Proporciona una resistencia superior a las tensiones mec\u00e1nicas, garantizando la fiabilidad a largo plazo en entornos dif\u00edciles.<\/li>\n<li data-start=\"2530\" data-end=\"2622\"><strong data-start=\"2532\" data-end=\"2551\">Resistente al agua<\/strong>: Evita los da\u00f1os causados por el agua, garantizando el rendimiento incluso en condiciones h\u00famedas.<\/li>\n<li data-start=\"2623\" data-end=\"2778\"><strong data-start=\"2625\" data-end=\"2653\">Resistente a los rayos UV y a la intemperie<\/strong>: La cubierta resistente a los rayos UV garantiza la durabilidad del cable incluso cuando est\u00e1 expuesto a la luz solar directa y a condiciones clim\u00e1ticas adversas.<\/li>\n<\/ul>\n<h3 data-start=\"2780\" data-end=\"2794\"><strong data-start=\"2784\" data-end=\"2792\">4. Preguntas frecuentes<\/strong><\/h3>\n<ul>\n<li data-start=\"2796\" data-end=\"3016\"><strong data-start=\"2799\" data-end=\"2863\">\u00bfEste cable es adecuado para condiciones ambientales extremas?<\/strong><br data-start=\"2863\" data-end=\"2866\" \/>S\u00ed, la armadura de tubo de acero en espiral y la cubierta resistente a los rayos UV lo hacen adecuado para su uso en entornos dif\u00edciles, incluidos entornos militares e industriales.<\/li>\n<li data-start=\"3018\" data-end=\"3255\"><strong data-start=\"3021\" data-end=\"3076\">\u00bfPuede utilizarse este cable en aplicaciones subterr\u00e1neas?<\/strong><br data-start=\"3076\" data-end=\"3079\" \/>Aunque este cable est\u00e1 dise\u00f1ado para su uso tanto en interiores como en exteriores, para aplicaciones de enterrado directo puede ser necesario un cable especializado con impermeabilizaci\u00f3n y apantallamiento adicionales.<\/li>\n<li data-start=\"3257\" data-end=\"3424\"><strong data-start=\"3260\" data-end=\"3310\">\u00bfQu\u00e9 tipos de fibra hay disponibles para este cable?<\/strong><br data-start=\"3310\" data-end=\"3313\" \/>Se puede personalizar con <strong data-start=\"3339\" data-end=\"3359\">monomodo (SM)<\/strong> o <strong data-start=\"3363\" data-end=\"3382\">multimodo (MM)<\/strong> fibras en funci\u00f3n de las necesidades de la instalaci\u00f3n.<\/li>\n<li data-start=\"3426\" data-end=\"3681\"><strong data-start=\"3429\" data-end=\"3459\">\u00bfEs flexible el cable?<\/strong><br data-start=\"3459\" data-end=\"3462\" \/>A pesar de la protecci\u00f3n de alta resistencia, la armadura de tubo de acero en espiral proporciona cierta flexibilidad para la instalaci\u00f3n, aunque est\u00e1 dise\u00f1ada para soportar condiciones duras, por lo que es menos flexible que los cables est\u00e1ndar sin armadura.<\/li>\n<li data-start=\"3683\" data-end=\"3940\"><strong data-start=\"3686\" data-end=\"3719\">\u00bfEste cable es ign\u00edfugo?<\/strong><br data-start=\"3719\" data-end=\"3722\" \/>El cable est\u00e1 dise\u00f1ado para cumplir la normativa de seguridad est\u00e1ndar, pero para entornos que requieren una estricta resistencia al fuego, se puede considerar una versi\u00f3n LSZH (baja emisi\u00f3n de humos y sin hal\u00f3genos) para un mejor rendimiento en zonas propensas al fuego.<\/li>\n<\/ul>","protected":false},"excerpt":{"rendered":"<p><strong>HONE<\/strong> <strong data-start=\"22\" data-end=\"81\">Cable t\u00e1ctico blindado con tubo de acero en espiral para interiores y exteriores<\/strong> es una soluci\u00f3n robusta y vers\u00e1til dise\u00f1ada para entornos exigentes que requieren instalaciones de fibra \u00f3ptica tanto en interiores como en exteriores. Con una armadura de tubo de acero en espiral y una durabilidad mejorada, proporciona una protecci\u00f3n fiable contra da\u00f1os f\u00edsicos, lo que la hace ideal para sistemas de comunicaci\u00f3n militares, industriales y otros sistemas de comunicaci\u00f3n cr\u00edticos.<\/p>","protected":false},"featured_media":886,"comment_status":"open","ping_status":"closed","template":"","meta":{"_seopress_robots_primary_cat":"none","_seopress_titles_title":"armored fiber patch cable","_seopress_titles_desc":"Armored fiber patch cable ensures durability, secure connections, high performance, and resistance to crushing, bending, and rodents","_seopress_robots_index":""},"product_brand":[],"product_cat":[43],"product_tag":[42],"class_list":{"0":"post-884","1":"product","2":"type-product","3":"status-publish","4":"has-post-thumbnail","6":"product_cat-indoor-fiber-optic-cable","7":"product_tag-bulk-fiber-optic-cable","9":"first","10":"instock","11":"shipping-taxable","12":"product-type-grouped"},"_links":{"self":[{"href":"https:\/\/honelinks.com\/es\/wp-json\/wp\/v2\/product\/884","targetHints":{"allow":["GET"]}}],"collection":[{"href":"https:\/\/honelinks.com\/es\/wp-json\/wp\/v2\/product"}],"about":[{"href":"https:\/\/honelinks.com\/es\/wp-json\/wp\/v2\/types\/product"}],"replies":[{"embeddable":true,"href":"https:\/\/honelinks.com\/es\/wp-json\/wp\/v2\/comments?post=884"}],"wp:featuredmedia":[{"embeddable":true,"href":"https:\/\/honelinks.com\/es\/wp-json\/wp\/v2\/media\/886"}],"wp:attachment":[{"href":"https:\/\/honelinks.com\/es\/wp-json\/wp\/v2\/media?parent=884"}],"wp:term":[{"taxonomy":"product_brand","embeddable":true,"href":"https:\/\/honelinks.com\/es\/wp-json\/wp\/v2\/product_brand?post=884"},{"taxonomy":"product_cat","embeddable":true,"href":"https:\/\/honelinks.com\/es\/wp-json\/wp\/v2\/product_cat?post=884"},{"taxonomy":"product_tag","embeddable":true,"href":"https:\/\/honelinks.com\/es\/wp-json\/wp\/v2\/product_tag?post=884"}],"curies":[{"name":"wp","href":"https:\/\/api.w.org\/{rel}","templated":true}]}}