{"id":890,"date":"2025-03-18T17:34:48","date_gmt":"2025-03-18T09:34:48","guid":{"rendered":"https:\/\/honelinks.com\/?post_type=product&#038;p=890"},"modified":"2026-04-27T20:04:34","modified_gmt":"2026-04-27T12:04:34","slug":"cable-de-alimentacion-de-fibra-hibrida-blindado-con-cinta-de-acero-de-varios-tubos-sueltos","status":"publish","type":"product","link":"https:\/\/honelinks.com\/es\/product\/multi-loose-tube-steel-tape-armored-hybrid-fiber-power-cable\/","title":{"rendered":"Cable de alimentaci\u00f3n de fibra h\u00edbrida blindado con cinta de acero de varios tubos holgados"},"content":{"rendered":"<p data-start=\"59\" data-end=\"125\">Este <strong>cable h\u00edbrido<\/strong> integra m\u00faltiples cables de fibra \u00f3ptica de tubo suelto y conductores de alimentaci\u00f3n, ofreciendo una soluci\u00f3n fiable para las necesidades de comunicaci\u00f3n y alimentaci\u00f3n en un solo paquete. La armadura de cinta de acero garantiza una s\u00f3lida protecci\u00f3n contra da\u00f1os mec\u00e1nicos, mientras que el dise\u00f1o de tubo suelto permite un elevado n\u00famero de fibras y flexibilidad. Ideal para aplicaciones industriales y de exterior, soporta condiciones extremas y se utiliza para redes de larga distancia y alto rendimiento y para el suministro de energ\u00eda.<\/p>\n<h3 data-start=\"801\" data-end=\"829\"><strong data-start=\"805\" data-end=\"827\">1. Estructura y dise\u00f1o<\/strong><\/h3>\n<p><img alt=\"Cable de alimentaci\u00f3n de fibra h\u00edbrida blindado con cinta de acero de tubo holgado,Cable de alimentaci\u00f3n de fibra h\u00edbrida\" fetchpriority=\"high\" decoding=\"async\" class=\"alignnone size-medium wp-image-891\" src=\"https:\/\/honelinks.com\/wp-content\/uploads\/2025\/03\/Multi-Loose-Tube-Steel-Tape-Armored-Hybrid-Fiber-Power-Cable-structure-300x300.png\" width=\"300\" height=\"300\" srcset=\"https:\/\/honelinks.com\/wp-content\/uploads\/2025\/03\/Multi-Loose-Tube-Steel-Tape-Armored-Hybrid-Fiber-Power-Cable-structure-300x300.png 300w, https:\/\/honelinks.com\/wp-content\/uploads\/2025\/03\/Multi-Loose-Tube-Steel-Tape-Armored-Hybrid-Fiber-Power-Cable-structure-150x150.png 150w, https:\/\/honelinks.com\/wp-content\/uploads\/2025\/03\/Multi-Loose-Tube-Steel-Tape-Armored-Hybrid-Fiber-Power-Cable-structure-768x768.png 768w, https:\/\/honelinks.com\/wp-content\/uploads\/2025\/03\/Multi-Loose-Tube-Steel-Tape-Armored-Hybrid-Fiber-Power-Cable-structure-600x600.png 600w, https:\/\/honelinks.com\/wp-content\/uploads\/2025\/03\/Multi-Loose-Tube-Steel-Tape-Armored-Hybrid-Fiber-Power-Cable-structure-100x100.png 100w, https:\/\/honelinks.com\/wp-content\/uploads\/2025\/03\/Multi-Loose-Tube-Steel-Tape-Armored-Hybrid-Fiber-Power-Cable-structure.png 800w\" sizes=\"(max-width: 300px) 100vw, 300px\" \/><\/p>\n<ul>\n<li data-start=\"935\" data-end=\"1094\"><strong data-start=\"937\" data-end=\"970\">Dise\u00f1o de fibra \u00f3ptica de tubo holgado<\/strong>: Las fibras est\u00e1n alojadas en una estructura tubular suelta que las protege de las tensiones mec\u00e1nicas y las variaciones de temperatura.<\/li>\n<li data-start=\"1095\" data-end=\"1267\"><strong data-start=\"1097\" data-end=\"1120\">Construcci\u00f3n h\u00edbrida<\/strong>: Combina fibras \u00f3pticas y conductores de energ\u00eda en un solo cable, proporcionando una soluci\u00f3n todo en uno para la transmisi\u00f3n de datos y el suministro de energ\u00eda.<\/li>\n<li data-start=\"1268\" data-end=\"1419\"><strong data-start=\"1270\" data-end=\"1290\">Armadura de cinta de acero<\/strong>: Ofrece protecci\u00f3n contra da\u00f1os mec\u00e1nicos externos, aplastamientos e impactos, garantizando la longevidad del cable incluso en entornos dif\u00edciles.<\/li>\n<li data-start=\"1420\" data-end=\"1543\"><strong data-start=\"1422\" data-end=\"1444\">Gel bloqueador de agua<\/strong>: Evita la entrada de agua y los da\u00f1os por humedad, ideal para instalaciones exteriores en condiciones h\u00famedas.<\/li>\n<li data-start=\"1544\" data-end=\"1702\"><strong data-start=\"1546\" data-end=\"1591\">Chaqueta resistente a los rayos UV y a la intemperie<\/strong>: Protege el cable de la exposici\u00f3n a los rayos UV, garantizando su rendimiento y durabilidad en condiciones ambientales adversas.<\/li>\n<li data-start=\"1703\" data-end=\"1817\"><strong data-start=\"1705\" data-end=\"1730\">M\u00faltiples recuentos de fibras<\/strong>: Ofrece flexibilidad en el n\u00famero de fibras para adaptarse a diferentes requisitos de red.<\/li>\n<\/ul>\n<h3 data-start=\"1819\" data-end=\"1841\"><strong data-start=\"1823\" data-end=\"1839\">2. Aplicaciones<\/strong><\/h3>\n<ul data-start=\"1842\" data-end=\"2467\">\n<li data-start=\"1842\" data-end=\"1982\"><strong data-start=\"1844\" data-end=\"1874\">Redes de telecomunicaciones<\/strong>: Para redes de comunicaci\u00f3n de larga distancia que requieren fibra \u00f3ptica y alimentaci\u00f3n el\u00e9ctrica en un solo cable.<\/li>\n<li data-start=\"1983\" data-end=\"2114\"><strong data-start=\"1985\" data-end=\"2013\">Instalaciones industriales<\/strong>: En sistemas de alimentaci\u00f3n y comunicaci\u00f3n en entornos industriales donde el espacio y la protecci\u00f3n son fundamentales.<\/li>\n<li data-start=\"2115\" data-end=\"2306\"><strong data-start=\"2117\" data-end=\"2139\">Redes exteriores<\/strong>: Adecuado para instalaciones exteriores en las que se necesitan datos y alimentaci\u00f3n en el mismo cable, como en torres de comunicaciones inal\u00e1mbricas o estaciones de control remoto.<\/li>\n<li data-start=\"2307\" data-end=\"2467\"><strong data-start=\"2309\" data-end=\"2338\">Aplicaciones de alimentaci\u00f3n remota<\/strong>: Ideal para aplicaciones en las que se necesita tanto fibra \u00f3ptica para la transmisi\u00f3n de datos como conductores de alimentaci\u00f3n para alimentar dispositivos remotos.<\/li>\n<\/ul>\n<h3 data-start=\"2469\" data-end=\"2489\"><strong data-start=\"2473\" data-end=\"2487\">3. Ventajas<\/strong><\/h3>\n<ul data-start=\"2490\" data-end=\"3163\">\n<li data-start=\"2490\" data-end=\"2638\"><strong data-start=\"2492\" data-end=\"2515\">Soluci\u00f3n integral<\/strong>: Combina la transmisi\u00f3n de energ\u00eda y datos en un solo cable, lo que reduce la necesidad de m\u00faltiples cables y simplifica las instalaciones.<\/li>\n<li data-start=\"2639\" data-end=\"2748\"><strong data-start=\"2641\" data-end=\"2655\">Durabilidad<\/strong>: La armadura de cinta de acero proporciona una s\u00f3lida protecci\u00f3n contra da\u00f1os mec\u00e1nicos, aplastamiento e impacto.<\/li>\n<li data-start=\"2749\" data-end=\"2889\"><strong data-start=\"2751\" data-end=\"2783\">Resistencia a la intemperie y al agua<\/strong>: Adecuado para instalaciones exteriores y subterr\u00e1neas con caracter\u00edsticas de bloqueo de agua y resistencia a los rayos UV.<\/li>\n<li data-start=\"2890\" data-end=\"3012\"><strong data-start=\"2892\" data-end=\"2915\">Gran capacidad de fibra<\/strong>: El dise\u00f1o de tubo suelto permite un elevado n\u00famero de fibras, lo que garantiza una transmisi\u00f3n de datos de gran capacidad.<\/li>\n<li data-start=\"3013\" data-end=\"3163\"><strong data-start=\"3015\" data-end=\"3041\">Flexible y vers\u00e1til<\/strong>: La construcci\u00f3n h\u00edbrida es perfecta para aplicaciones que requieren l\u00edneas de alimentaci\u00f3n y comunicaci\u00f3n en un solo cable.<\/li>\n<\/ul>\n<h3 data-start=\"3165\" data-end=\"3179\"><strong data-start=\"3169\" data-end=\"3177\">4. Preguntas frecuentes<\/strong><\/h3>\n<ul>\n<li data-start=\"3181\" data-end=\"3371\"><strong data-start=\"3184\" data-end=\"3241\">\u00bfQu\u00e9 tipo de conductores se utilizan en este cable?<\/strong><br data-start=\"3241\" data-end=\"3244\" \/>Los conductores de alimentaci\u00f3n suelen ser de cobre o aluminio, dise\u00f1ados para transportar la tensi\u00f3n necesaria para aplicaciones de alimentaci\u00f3n remota.<\/li>\n<li data-start=\"3373\" data-end=\"3614\"><strong data-start=\"3376\" data-end=\"3433\">\u00bfEste cable es apto para instalaciones subterr\u00e1neas?<\/strong><br data-start=\"3433\" data-end=\"3436\" \/>S\u00ed, la armadura de cinta de acero y el gel bloqueador de agua hacen que este cable sea adecuado para instalaciones subterr\u00e1neas, protegiendo las fibras y los conductores de la humedad y los da\u00f1os f\u00edsicos.<\/li>\n<li data-start=\"3616\" data-end=\"3821\"><strong data-start=\"3619\" data-end=\"3669\">\u00bfQu\u00e9 tipos de fibra hay disponibles para este cable?<\/strong><br data-start=\"3669\" data-end=\"3672\" \/>El cable puede personalizarse con <strong data-start=\"3705\" data-end=\"3725\">monomodo (SM)<\/strong> o <strong data-start=\"3729\" data-end=\"3748\">multimodo (MM)<\/strong> fibras en funci\u00f3n de los requisitos espec\u00edficos de la instalaci\u00f3n de red.<\/li>\n<li data-start=\"3823\" data-end=\"4046\"><strong data-start=\"3826\" data-end=\"3869\">\u00bfEn qu\u00e9 beneficia la armadura de cinta de acero?<\/strong><br data-start=\"3869\" data-end=\"3872\" \/>La armadura de cinta de acero proporciona una protecci\u00f3n mec\u00e1nica superior contra da\u00f1os f\u00edsicos, aplastamientos e impactos, lo que hace que el cable sea adecuado para entornos industriales y exteriores.<\/li>\n<li data-start=\"4048\" data-end=\"4216\"><strong data-start=\"4051\" data-end=\"4104\">\u00bfSe puede utilizar este cable en exteriores?<\/strong><br data-start=\"4104\" data-end=\"4107\" \/>S\u00ed, la cubierta resistente a los rayos UV y las caracter\u00edsticas de resistencia a la intemperie lo hacen adecuado para instalaciones exteriores expuestas.<\/li>\n<\/ul>","protected":false},"excerpt":{"rendered":"<p><strong>HONE Multi Loose Tube Cable de alimentaci\u00f3n de fibra h\u00edbrida blindado con cinta de acero<\/strong> combina fibras \u00f3pticas y conductores de energ\u00eda en un solo cable, lo que lo convierte en una soluci\u00f3n ideal tanto para la transmisi\u00f3n de datos como para las necesidades de suministro de energ\u00eda en entornos dif\u00edciles. Con armadura de cinta de acero, proporciona durabilidad y protecci\u00f3n frente a la tensi\u00f3n mec\u00e1nica, el agua y otros retos medioambientales.<\/p>","protected":false},"featured_media":892,"comment_status":"open","ping_status":"closed","template":"","meta":{"_seopress_robots_primary_cat":"none","_seopress_titles_title":"Loose Tube Steel Tape Armored Hybrid Fiber Power Cable","_seopress_titles_desc":"Loose tube steel tape armored hybrid fiber power cable integrates optical fibers and copper conductors for secure, durable communications","_seopress_robots_index":""},"product_brand":[],"product_cat":[41],"product_tag":[42],"class_list":{"0":"post-890","1":"product","2":"type-product","3":"status-publish","4":"has-post-thumbnail","6":"product_cat-outdoor-fiber-optic-cable","7":"product_tag-bulk-fiber-optic-cable","9":"first","10":"instock","11":"shipping-taxable","12":"product-type-grouped"},"_links":{"self":[{"href":"https:\/\/honelinks.com\/es\/wp-json\/wp\/v2\/product\/890","targetHints":{"allow":["GET"]}}],"collection":[{"href":"https:\/\/honelinks.com\/es\/wp-json\/wp\/v2\/product"}],"about":[{"href":"https:\/\/honelinks.com\/es\/wp-json\/wp\/v2\/types\/product"}],"replies":[{"embeddable":true,"href":"https:\/\/honelinks.com\/es\/wp-json\/wp\/v2\/comments?post=890"}],"wp:featuredmedia":[{"embeddable":true,"href":"https:\/\/honelinks.com\/es\/wp-json\/wp\/v2\/media\/892"}],"wp:attachment":[{"href":"https:\/\/honelinks.com\/es\/wp-json\/wp\/v2\/media?parent=890"}],"wp:term":[{"taxonomy":"product_brand","embeddable":true,"href":"https:\/\/honelinks.com\/es\/wp-json\/wp\/v2\/product_brand?post=890"},{"taxonomy":"product_cat","embeddable":true,"href":"https:\/\/honelinks.com\/es\/wp-json\/wp\/v2\/product_cat?post=890"},{"taxonomy":"product_tag","embeddable":true,"href":"https:\/\/honelinks.com\/es\/wp-json\/wp\/v2\/product_tag?post=890"}],"curies":[{"name":"wp","href":"https:\/\/api.w.org\/{rel}","templated":true}]}}