{"id":893,"date":"2025-03-18T17:41:03","date_gmt":"2025-03-18T09:41:03","guid":{"rendered":"https:\/\/honelinks.com\/?post_type=product&#038;p=893"},"modified":"2026-04-27T20:04:22","modified_gmt":"2026-04-27T12:04:22","slug":"cable-de-alimentacion-de-fibra-hibrida-blindado-de-luz-compuesta-optica","status":"publish","type":"product","link":"https:\/\/honelinks.com\/es\/product\/optical-composite-light-armored-hybrid-fiber-power-cable\/","title":{"rendered":"Cable de alimentaci\u00f3n de fibra h\u00edbrida blindado con luz compuesta \u00f3ptica"},"content":{"rendered":"<p data-start=\"59\" data-end=\"125\">Este <strong>cable h\u00edbrido<\/strong> integra fibras \u00f3pticas y conductores de energ\u00eda, lo que lo hace adecuado para aplicaciones que requieren tanto una transmisi\u00f3n de datos de alto rendimiento como un suministro fiable de energ\u00eda en un solo cable. Presenta un dise\u00f1o blindado ligero, que ofrece protecci\u00f3n contra da\u00f1os mec\u00e1nicos al tiempo que mantiene la flexibilidad para facilitar la instalaci\u00f3n. El cable es ideal para instalaciones exteriores, industriales y de telecomunicaciones que requieren conectividad el\u00e9ctrica y de fibra \u00f3ptica.<\/p>\n<h3 data-start=\"801\" data-end=\"829\"><strong data-start=\"805\" data-end=\"827\">1. Estructura y dise\u00f1o<\/strong><\/h3>\n<p><img alt=\"Estructura del cable de alimentaci\u00f3n de fibra h\u00edbrida blindada con luz compuesta \u00f3ptica\" fetchpriority=\"high\" decoding=\"async\" class=\"alignnone wp-image-895 size-full\" src=\"https:\/\/honelinks.com\/wp-content\/uploads\/2025\/03\/Optical-Composite-Light-Armored-Hybrid-Fiber-Power-Cable-structure.jpg\" width=\"456\" height=\"180\" srcset=\"https:\/\/honelinks.com\/wp-content\/uploads\/2025\/03\/Optical-Composite-Light-Armored-Hybrid-Fiber-Power-Cable-structure.jpg 456w, https:\/\/honelinks.com\/wp-content\/uploads\/2025\/03\/Optical-Composite-Light-Armored-Hybrid-Fiber-Power-Cable-structure-300x118.jpg 300w\" sizes=\"(max-width: 456px) 100vw, 456px\" \/><\/p>\n<ul>\n<li data-start=\"935\" data-end=\"1094\"><strong data-start=\"937\" data-end=\"970\">Dise\u00f1o de fibra \u00f3ptica de tubo holgado<\/strong>: Las fibras est\u00e1n alojadas en una estructura tubular suelta que las protege de las tensiones mec\u00e1nicas y las variaciones de temperatura.<\/li>\n<li data-start=\"1095\" data-end=\"1267\"><strong data-start=\"1097\" data-end=\"1120\">Construcci\u00f3n h\u00edbrida<\/strong>: Combina fibras \u00f3pticas y conductores de energ\u00eda en un solo cable, proporcionando una soluci\u00f3n todo en uno para la transmisi\u00f3n de datos y el suministro de energ\u00eda.<\/li>\n<li data-start=\"1268\" data-end=\"1419\"><strong data-start=\"1270\" data-end=\"1290\">Armadura de cinta de acero<\/strong>: Ofrece protecci\u00f3n contra da\u00f1os mec\u00e1nicos externos, aplastamientos e impactos, garantizando la longevidad del cable incluso en entornos dif\u00edciles.<\/li>\n<li data-start=\"1420\" data-end=\"1543\"><strong data-start=\"1422\" data-end=\"1444\">Gel bloqueador de agua<\/strong>: Evita la entrada de agua y los da\u00f1os por humedad, ideal para instalaciones exteriores en condiciones h\u00famedas.<\/li>\n<li data-start=\"1544\" data-end=\"1702\"><strong data-start=\"1546\" data-end=\"1591\">Chaqueta resistente a los rayos UV y a la intemperie<\/strong>: Protege el cable de la exposici\u00f3n a los rayos UV, garantizando su rendimiento y durabilidad en condiciones ambientales adversas.<\/li>\n<li data-start=\"1703\" data-end=\"1817\"><strong data-start=\"1705\" data-end=\"1730\">M\u00faltiples recuentos de fibras<\/strong>: Ofrece flexibilidad en el n\u00famero de fibras para adaptarse a diferentes requisitos de red.<\/li>\n<\/ul>\n<h3 data-start=\"1857\" data-end=\"1879\"><strong data-start=\"1861\" data-end=\"1877\">2. Aplicaciones<\/strong><\/h3>\n<ul data-start=\"1880\" data-end=\"2492\">\n<li data-start=\"1880\" data-end=\"2018\"><strong data-start=\"1882\" data-end=\"1904\">Telecomunicaciones<\/strong>: Ideal para sistemas de comunicaci\u00f3n remotos en los que se requieren conexiones de fibra \u00f3ptica y de alimentaci\u00f3n en un solo cable.<\/li>\n<li data-start=\"2019\" data-end=\"2192\"><strong data-start=\"2021\" data-end=\"2061\">Instalaciones industriales y exteriores<\/strong>: Adecuado para entornos como centrales el\u00e9ctricas, f\u00e1bricas o sistemas de monitorizaci\u00f3n remota en los que se necesitan tanto energ\u00eda como datos.<\/li>\n<li data-start=\"2193\" data-end=\"2317\"><strong data-start=\"2195\" data-end=\"2219\">Redes de fibra \u00f3ptica<\/strong>: Para redes de comunicaci\u00f3n de fibra \u00f3ptica de larga distancia en exteriores que requieren tanto alimentaci\u00f3n como datos.<\/li>\n<li data-start=\"2318\" data-end=\"2492\"><strong data-start=\"2320\" data-end=\"2360\">Torres inal\u00e1mbricas y ubicaciones remotas<\/strong>: Se utiliza para torres de comunicaciones inal\u00e1mbricas y otras instalaciones remotas que necesitan tanto energ\u00eda como fibra \u00f3ptica para la transmisi\u00f3n de datos.<\/li>\n<\/ul>\n<h3 data-start=\"2494\" data-end=\"2514\"><strong data-start=\"2498\" data-end=\"2512\">3. Ventajas<\/strong><\/h3>\n<ul data-start=\"2515\" data-end=\"3139\">\n<li data-start=\"2515\" data-end=\"2620\"><strong data-start=\"2517\" data-end=\"2540\">Soluci\u00f3n integral<\/strong>: Combina la transmisi\u00f3n de datos y energ\u00eda en un \u00fanico cable rentable.<\/li>\n<li data-start=\"2621\" data-end=\"2752\"><strong data-start=\"2623\" data-end=\"2646\">Protecci\u00f3n reforzada<\/strong>: La construcci\u00f3n ligera blindada garantiza que el cable pueda soportar entornos duros y tensiones f\u00edsicas.<\/li>\n<li data-start=\"2753\" data-end=\"2880\"><strong data-start=\"2755\" data-end=\"2770\">Flexibilidad<\/strong>: A pesar de la armadura protectora, el cable sigue siendo flexible para facilitar su instalaci\u00f3n en espacios reducidos o complejos.<\/li>\n<li data-start=\"2881\" data-end=\"3018\"><strong data-start=\"2883\" data-end=\"2909\">Resistente al agua y a los rayos UV<\/strong>: Las caracter\u00edsticas de bloqueo del agua y la cubierta resistente a los rayos UV garantizan la durabilidad y la protecci\u00f3n en entornos exteriores.<\/li>\n<li data-start=\"3019\" data-end=\"3139\"><strong data-start=\"3021\" data-end=\"3038\">Alta capacidad<\/strong>: El dise\u00f1o de tubo holgado permite un elevado n\u00famero de fibras, por lo que es ideal para la transmisi\u00f3n de datos a gran escala.<\/li>\n<\/ul>\n<h3 data-start=\"3141\" data-end=\"3155\"><strong data-start=\"3145\" data-end=\"3153\">4. Preguntas frecuentes<\/strong><\/h3>\n<ul>\n<li data-start=\"3157\" data-end=\"3338\"><strong data-start=\"3160\" data-end=\"3217\">\u00bfPuede utilizarse este cable para instalaciones subterr\u00e1neas?<\/strong><br data-start=\"3217\" data-end=\"3220\" \/>S\u00ed, este cable es apto para instalaciones subterr\u00e1neas, ya que ofrece protecci\u00f3n mec\u00e1nica y resistencia al agua.<\/li>\n<li data-start=\"3340\" data-end=\"3526\"><strong data-start=\"3343\" data-end=\"3391\">\u00bfQu\u00e9 tipos de fibras se utilizan en este cable?<\/strong><br data-start=\"3391\" data-end=\"3394\" \/>El cable puede personalizarse con <strong data-start=\"3427\" data-end=\"3447\">monomodo (SM)<\/strong> o <strong data-start=\"3451\" data-end=\"3470\">multimodo (MM)<\/strong> fibras para adaptarse a las necesidades de la instalaci\u00f3n de red.<\/li>\n<li data-start=\"3528\" data-end=\"3711\"><strong data-start=\"3531\" data-end=\"3573\">\u00bfDe qu\u00e9 est\u00e1n hechos los conductores de energ\u00eda?<\/strong><br data-start=\"3573\" data-end=\"3576\" \/>Los conductores de alimentaci\u00f3n suelen ser de cobre o aluminio, capaces de suministrar la energ\u00eda necesaria a dispositivos o sistemas remotos.<\/li>\n<li data-start=\"3713\" data-end=\"3921\"><strong data-start=\"3716\" data-end=\"3779\">\u00bfEste cable es flexible para su instalaci\u00f3n en espacios reducidos?<\/strong><br data-start=\"3779\" data-end=\"3782\" \/>S\u00ed, el dise\u00f1o blindado ligero garantiza que el cable sea lo suficientemente flexible para instalarlo en espacios reducidos sin dejar de ofrecer protecci\u00f3n.<\/li>\n<li data-start=\"3923\" data-end=\"4126\"><strong data-start=\"3926\" data-end=\"3977\">\u00bfEste cable es apto para su uso en exteriores?<\/strong><br data-start=\"3977\" data-end=\"3980\" \/>S\u00ed, la cubierta resistente a los rayos UV hace que este cable sea ideal para entornos exteriores expuestos, garantizando su durabilidad a largo plazo en condiciones clim\u00e1ticas adversas.<\/li>\n<\/ul>","protected":false},"excerpt":{"rendered":"<p><strong>Cable de alimentaci\u00f3n de fibra h\u00edbrida blindado con luz compuesta \u00f3ptica HONE<\/strong> es una soluci\u00f3n vers\u00e1til todo en uno que combina fibras \u00f3pticas y conductores de energ\u00eda en un solo cable. Dise\u00f1ado tanto para la transmisi\u00f3n de datos como para el suministro el\u00e9ctrico, es ideal para aplicaciones industriales y de exterior. Su ligera construcci\u00f3n blindada proporciona una protecci\u00f3n fiable, al tiempo que garantiza flexibilidad y durabilidad.<\/p>","protected":false},"featured_media":894,"comment_status":"open","ping_status":"closed","template":"","meta":{"_seopress_robots_primary_cat":"none","_seopress_titles_title":"Light Armored Hybrid Fiber Power Cable","_seopress_titles_desc":"Light Armored Hybrid Fiber Power Cable integrates optical fiber and copper power conductors, ensuring reliable data and power transmission for FTTH, CCTV, and industrial networks.","_seopress_robots_index":""},"product_brand":[],"product_cat":[41],"product_tag":[42],"class_list":{"0":"post-893","1":"product","2":"type-product","3":"status-publish","4":"has-post-thumbnail","6":"product_cat-outdoor-fiber-optic-cable","7":"product_tag-bulk-fiber-optic-cable","9":"first","10":"instock","11":"shipping-taxable","12":"product-type-grouped"},"_links":{"self":[{"href":"https:\/\/honelinks.com\/es\/wp-json\/wp\/v2\/product\/893","targetHints":{"allow":["GET"]}}],"collection":[{"href":"https:\/\/honelinks.com\/es\/wp-json\/wp\/v2\/product"}],"about":[{"href":"https:\/\/honelinks.com\/es\/wp-json\/wp\/v2\/types\/product"}],"replies":[{"embeddable":true,"href":"https:\/\/honelinks.com\/es\/wp-json\/wp\/v2\/comments?post=893"}],"wp:featuredmedia":[{"embeddable":true,"href":"https:\/\/honelinks.com\/es\/wp-json\/wp\/v2\/media\/894"}],"wp:attachment":[{"href":"https:\/\/honelinks.com\/es\/wp-json\/wp\/v2\/media?parent=893"}],"wp:term":[{"taxonomy":"product_brand","embeddable":true,"href":"https:\/\/honelinks.com\/es\/wp-json\/wp\/v2\/product_brand?post=893"},{"taxonomy":"product_cat","embeddable":true,"href":"https:\/\/honelinks.com\/es\/wp-json\/wp\/v2\/product_cat?post=893"},{"taxonomy":"product_tag","embeddable":true,"href":"https:\/\/honelinks.com\/es\/wp-json\/wp\/v2\/product_tag?post=893"}],"curies":[{"name":"wp","href":"https:\/\/api.w.org\/{rel}","templated":true}]}}