{"id":896,"date":"2025-03-18T17:49:56","date_gmt":"2025-03-18T09:49:56","guid":{"rendered":"https:\/\/honelinks.com\/?post_type=product&#038;p=896"},"modified":"2025-08-19T19:46:55","modified_gmt":"2025-08-19T11:46:55","slug":"cable-ascendente-de-fibra-optica","status":"publish","type":"product","link":"https:\/\/honelinks.com\/es\/product\/fiber-optic-riser-cable\/","title":{"rendered":"cable ascendente de fibra \u00f3ptica"},"content":{"rendered":"<p data-start=\"59\" data-end=\"125\">Este <strong>Cable de distribuci\u00f3n con clasificaci\u00f3n OFNR<\/strong> est\u00e1 dise\u00f1ado para su uso en espacios verticales dentro de edificios, ofreciendo una soluci\u00f3n segura y eficiente para la transmisi\u00f3n de datos a alta velocidad. Sus materiales no conductores reducen el riesgo de riesgos el\u00e9ctricos y garantizan el cumplimiento de la normativa de seguridad contra incendios. El cable es ideal para edificios de oficinas, escuelas y otros entornos interiores que requieren una soluci\u00f3n de red fiable e ign\u00edfuga.<\/p>\n<h3 data-start=\"801\" data-end=\"829\"><strong data-start=\"805\" data-end=\"827\">1. Estructura y dise\u00f1o<\/strong><\/h3>\n<p><img alt=\"cable ascendente de fibra \u00f3ptica,cable de distribuci\u00f3n de fibra \u00f3ptica\" fetchpriority=\"high\" decoding=\"async\" class=\"alignnone wp-image-897\" src=\"https:\/\/honelinks.com\/wp-content\/uploads\/2025\/03\/Optical-Fiber-Nonconductive-Riser-OFNR-Distribution-cable-structure--300x300.png\" width=\"389\" height=\"389\" srcset=\"https:\/\/honelinks.com\/wp-content\/uploads\/2025\/03\/Optical-Fiber-Nonconductive-Riser-OFNR-Distribution-cable-structure--300x300.png 300w, https:\/\/honelinks.com\/wp-content\/uploads\/2025\/03\/Optical-Fiber-Nonconductive-Riser-OFNR-Distribution-cable-structure--150x150.png 150w, https:\/\/honelinks.com\/wp-content\/uploads\/2025\/03\/Optical-Fiber-Nonconductive-Riser-OFNR-Distribution-cable-structure--768x768.png 768w, https:\/\/honelinks.com\/wp-content\/uploads\/2025\/03\/Optical-Fiber-Nonconductive-Riser-OFNR-Distribution-cable-structure--600x600.png 600w, https:\/\/honelinks.com\/wp-content\/uploads\/2025\/03\/Optical-Fiber-Nonconductive-Riser-OFNR-Distribution-cable-structure--100x100.png 100w, https:\/\/honelinks.com\/wp-content\/uploads\/2025\/03\/Optical-Fiber-Nonconductive-Riser-OFNR-Distribution-cable-structure-.png 800w\" sizes=\"(max-width: 389px) 100vw, 389px\" \/><\/p>\n<ul>\n<li><strong data-start=\"913\" data-end=\"943\">Construcci\u00f3n no conductora<\/strong>: Las propiedades no conductoras del cable hacen que sea seguro instalarlo en espacios verticales ascendentes, reduciendo el riesgo de peligros el\u00e9ctricos.<\/li>\n<li><strong data-start=\"1077\" data-end=\"1103\">Chaqueta ign\u00edfuga<\/strong>: Cumple las normas de seguridad OFNR (Optical Fiber Nonconductive Riser), ofreciendo protecci\u00f3n ign\u00edfuga en caso de incendio.<\/li>\n<li><strong data-start=\"1234\" data-end=\"1262\">Ligero y flexible<\/strong>: F\u00e1cil de manejar e instalar en espacios reducidos entre suelos o paredes.<\/li>\n<li><strong data-start=\"1336\" data-end=\"1367\">Dise\u00f1o de fibra con b\u00fafer estrecho<\/strong>: Las fibras \u00f3pticas est\u00e1n recubiertas individualmente con un tamp\u00f3n protector que ofrece una mayor durabilidad y protecci\u00f3n frente a las tensiones f\u00edsicas.<\/li>\n<li><strong data-start=\"1501\" data-end=\"1523\">Opci\u00f3n de chaqueta LSZH<\/strong>: Disponible con una cubierta de baja emisi\u00f3n de humos y sin hal\u00f3genos (LSZH) para mayor seguridad, minimizando las emisiones de humos y t\u00f3xicos durante un incendio.<\/li>\n<li><strong data-start=\"1653\" data-end=\"1675\">Fibras codificadas por colores<\/strong>: Para facilitar la identificaci\u00f3n y la instalaci\u00f3n, cada fibra est\u00e1 codificada por colores.<\/li>\n<\/ul>\n<h3 data-start=\"2358\" data-end=\"2378\"><strong data-start=\"2362\" data-end=\"2376\">Ventajas<\/strong><\/h3>\n<ul data-start=\"2379\" data-end=\"3037\">\n<li data-start=\"2379\" data-end=\"2527\"><strong data-start=\"2381\" data-end=\"2402\">Cumplimiento de las normas de seguridad<\/strong>: Con clasificaci\u00f3n OFNR para el cumplimiento de la normativa de seguridad contra incendios, lo que la convierte en una opci\u00f3n segura para espacios elevados y edificios de gran altura.<\/li>\n<li data-start=\"2528\" data-end=\"2639\"><strong data-start=\"2530\" data-end=\"2549\">Ign\u00edfugo<\/strong>: Reduce el riesgo de incendio y garantiza un uso seguro en aplicaciones cr\u00edticas de interior.<\/li>\n<li data-start=\"2640\" data-end=\"2751\"><strong data-start=\"2642\" data-end=\"2663\">F\u00e1cil instalaci\u00f3n<\/strong>: Su dise\u00f1o ligero y flexible facilita su instalaci\u00f3n en espacios reducidos.<\/li>\n<li data-start=\"2752\" data-end=\"2893\"><strong data-start=\"2754\" data-end=\"2778\">Rendimiento fiable<\/strong>: Proporciona transmisi\u00f3n de datos a alta velocidad, por lo que es ideal para necesidades de banda ancha, telecomunicaciones y redes.<\/li>\n<li data-start=\"2894\" data-end=\"3037\"><strong data-start=\"2896\" data-end=\"2913\">No conductor<\/strong>: Evita el riesgo de interferencias el\u00e9ctricas y mejora la seguridad en entornos con riesgo el\u00e9ctrico.<\/li>\n<\/ul>\n<h3 data-start=\"3039\" data-end=\"3053\"><strong data-start=\"3043\" data-end=\"3051\">Preguntas frecuentes<\/strong><\/h3>\n<ul>\n<li data-start=\"3055\" data-end=\"3284\"><strong data-start=\"3058\" data-end=\"3113\">\u00bfSe puede utilizar este cable en instalaciones horizontales?<\/strong><br data-start=\"3113\" data-end=\"3116\" \/>No, este cable est\u00e1 dise\u00f1ado espec\u00edficamente para instalaciones verticales en espacios verticales. Para instalaciones horizontales, se requiere un cable diferente con las caracter\u00edsticas adecuadas.<\/li>\n<li data-start=\"3286\" data-end=\"3553\"><strong data-start=\"3289\" data-end=\"3345\">\u00bfCu\u00e1l es la diferencia entre los cables OFNR y OFNP?<\/strong><br data-start=\"3345\" data-end=\"3348\" \/>Los cables OFNR est\u00e1n clasificados para su uso en espacios verticales, mientras que los cables OFNP est\u00e1n clasificados para su uso en espacios plenum, que son los espacios de tratamiento de aire de los edificios. Los cables OFNP ofrecen mayor resistencia al fuego que los OFNR.<\/li>\n<li><strong data-start=\"3558\" data-end=\"3601\">\u00bfEste cable es apto para su uso en exteriores?<\/strong><br data-start=\"3601\" data-end=\"3604\" \/>No, este cable est\u00e1 dise\u00f1ado \u00fanicamente para uso en interiores, concretamente para espacios verticales ascendentes. Para aplicaciones en exteriores, se debe considerar un cable con caracter\u00edsticas resistentes a la intemperie.<\/li>\n<li data-start=\"3783\" data-end=\"3953\"><strong data-start=\"3786\" data-end=\"3836\">\u00bfQu\u00e9 tipos de fibra hay disponibles para este cable?<\/strong><br data-start=\"3836\" data-end=\"3839\" \/>El cable puede personalizarse con <strong data-start=\"3872\" data-end=\"3892\">monomodo (SM)<\/strong> o <strong data-start=\"3896\" data-end=\"3915\">multimodo (MM)<\/strong> fibras en funci\u00f3n de sus necesidades de red.<\/li>\n<li data-start=\"3955\" data-end=\"4198\"><strong data-start=\"3958\" data-end=\"4018\">\u00bfSe puede utilizar este cable en entornos con altas temperaturas?<\/strong><br data-start=\"4018\" data-end=\"4021\" \/>Este cable est\u00e1 dise\u00f1ado para cumplir la normativa est\u00e1ndar de seguridad contra incendios para uso en interiores, pero no se recomienda para entornos de altas temperaturas m\u00e1s all\u00e1 de las condiciones t\u00edpicas de los edificios.<\/li>\n<\/ul>","protected":false},"excerpt":{"rendered":"<p><strong>HONE<\/strong> <strong data-start=\"22\" data-end=\"85\">Cable de distribuci\u00f3n no conductor de fibra \u00f3ptica (OFNR)<\/strong> est\u00e1 dise\u00f1ado para aplicaciones verticales en interiores, ofreciendo una transmisi\u00f3n de datos segura, fiable y eficaz. Este cable no es conductor, por lo que resulta ideal para su uso en espacios elevados entre plantas. Sus propiedades ligeras e ign\u00edfugas garantizan que cumple las normas de seguridad a la vez que proporciona conectividad de alta velocidad.<\/p>","protected":false},"featured_media":899,"comment_status":"open","ping_status":"closed","template":"","meta":{"_seopress_robots_primary_cat":"none","_seopress_titles_title":"fiber Optic riser cable","_seopress_titles_desc":"High-performance fiber optic riser cable designed for vertical building installations, ensuring reliable data transmission, low signal loss, and fire-resistant safety.","_seopress_robots_index":""},"product_brand":[],"product_cat":[43],"product_tag":[42],"class_list":{"0":"post-896","1":"product","2":"type-product","3":"status-publish","4":"has-post-thumbnail","6":"product_cat-indoor-fiber-optic-cable","7":"product_tag-bulk-fiber-optic-cable","9":"first","10":"instock","11":"shipping-taxable","12":"product-type-grouped"},"_links":{"self":[{"href":"https:\/\/honelinks.com\/es\/wp-json\/wp\/v2\/product\/896","targetHints":{"allow":["GET"]}}],"collection":[{"href":"https:\/\/honelinks.com\/es\/wp-json\/wp\/v2\/product"}],"about":[{"href":"https:\/\/honelinks.com\/es\/wp-json\/wp\/v2\/types\/product"}],"replies":[{"embeddable":true,"href":"https:\/\/honelinks.com\/es\/wp-json\/wp\/v2\/comments?post=896"}],"wp:featuredmedia":[{"embeddable":true,"href":"https:\/\/honelinks.com\/es\/wp-json\/wp\/v2\/media\/899"}],"wp:attachment":[{"href":"https:\/\/honelinks.com\/es\/wp-json\/wp\/v2\/media?parent=896"}],"wp:term":[{"taxonomy":"product_brand","embeddable":true,"href":"https:\/\/honelinks.com\/es\/wp-json\/wp\/v2\/product_brand?post=896"},{"taxonomy":"product_cat","embeddable":true,"href":"https:\/\/honelinks.com\/es\/wp-json\/wp\/v2\/product_cat?post=896"},{"taxonomy":"product_tag","embeddable":true,"href":"https:\/\/honelinks.com\/es\/wp-json\/wp\/v2\/product_tag?post=896"}],"curies":[{"name":"wp","href":"https:\/\/api.w.org\/{rel}","templated":true}]}}