{"id":903,"date":"2025-03-18T18:00:40","date_gmt":"2025-03-18T10:00:40","guid":{"rendered":"https:\/\/honelinks.com\/?post_type=product&#038;p=903"},"modified":"2026-04-27T20:06:16","modified_gmt":"2026-04-27T12:06:16","slug":"cable-de-fibra-simplex-de-interconexion-tupida-para-interiores","status":"publish","type":"product","link":"https:\/\/honelinks.com\/es\/product\/tight-buffer-interconnect-indoor-simplex-fiber-cable\/","title":{"rendered":"Cable de fibra simplex de interconexi\u00f3n estrecha para interiores"},"content":{"rendered":"<p data-start=\"59\" data-end=\"125\">Este <strong>cable de fibra \u00f3ptica simplex<\/strong> presenta una \u00fanica fibra \u00f3ptica encerrada en una estructura de b\u00fafer apretado para mejorar la durabilidad y facilitar su manejo. Es ligera, flexible y f\u00e1cil de pelar, lo que la hace perfecta para aplicaciones de interconexi\u00f3n en interiores, cables de conexi\u00f3n y conexiones de equipos de fibra. Su cubierta exterior ign\u00edfuga garantiza la seguridad en entornos interiores.<\/p>\n<h3 data-start=\"801\" data-end=\"829\"><strong data-start=\"805\" data-end=\"827\">1. Estructura y dise\u00f1o<\/strong><\/h3>\n<h3 data-start=\"802\" data-end=\"830\"><img alt=\"Estructura del cable de fibra para interiores de interconexi\u00f3n tensa simplex\" fetchpriority=\"high\" decoding=\"async\" class=\"alignnone wp-image-904\" src=\"https:\/\/honelinks.com\/wp-content\/uploads\/2025\/03\/Simplex-Tight-Buffer-Interconnect-Indoor-Fiber-Cable-structure-300x300.png\" width=\"389\" height=\"389\" srcset=\"https:\/\/honelinks.com\/wp-content\/uploads\/2025\/03\/Simplex-Tight-Buffer-Interconnect-Indoor-Fiber-Cable-structure-300x300.png 300w, https:\/\/honelinks.com\/wp-content\/uploads\/2025\/03\/Simplex-Tight-Buffer-Interconnect-Indoor-Fiber-Cable-structure-150x150.png 150w, https:\/\/honelinks.com\/wp-content\/uploads\/2025\/03\/Simplex-Tight-Buffer-Interconnect-Indoor-Fiber-Cable-structure-768x768.png 768w, https:\/\/honelinks.com\/wp-content\/uploads\/2025\/03\/Simplex-Tight-Buffer-Interconnect-Indoor-Fiber-Cable-structure-600x600.png 600w, https:\/\/honelinks.com\/wp-content\/uploads\/2025\/03\/Simplex-Tight-Buffer-Interconnect-Indoor-Fiber-Cable-structure-100x100.png 100w, https:\/\/honelinks.com\/wp-content\/uploads\/2025\/03\/Simplex-Tight-Buffer-Interconnect-Indoor-Fiber-Cable-structure.png 800w\" sizes=\"(max-width: 389px) 100vw, 389px\" \/><\/h3>\n<ul data-start=\"831\" data-end=\"1461\">\n<li data-start=\"831\" data-end=\"929\"><strong data-start=\"833\" data-end=\"851\">Dise\u00f1o Simplex<\/strong>: Contiene una sola fibra para aplicaciones de transmisi\u00f3n de datos punto a punto.<\/li>\n<li data-start=\"930\" data-end=\"1035\"><strong data-start=\"932\" data-end=\"956\">Recubrimiento Tight-Buffer<\/strong>: Proporciona protecci\u00f3n adicional y facilita el pelado y la terminaci\u00f3n de la fibra.<\/li>\n<li data-start=\"1036\" data-end=\"1132\"><strong data-start=\"1038\" data-end=\"1069\">Chaqueta exterior ign\u00edfuga<\/strong>: Cumple las normas de seguridad en interiores para reducir los riesgos de incendio.<\/li>\n<li data-start=\"1133\" data-end=\"1211\"><strong data-start=\"1135\" data-end=\"1163\">Flexible y ligero<\/strong>: Dise\u00f1ado para facilitar su instalaci\u00f3n y manejo.<\/li>\n<li data-start=\"1212\" data-end=\"1360\"><strong data-start=\"1214\" data-end=\"1252\">Disponible en diferentes tipos de fibra<\/strong>: Se puede configurar con <strong data-start=\"1277\" data-end=\"1297\">monomodo (SM)<\/strong> o <strong data-start=\"1301\" data-end=\"1320\">multimodo (MM)<\/strong> fibras en funci\u00f3n de las necesidades de la red.<\/li>\n<li data-start=\"1361\" data-end=\"1461\"><strong data-start=\"1363\" data-end=\"1385\">Chaqueta codificada por colores<\/strong>: Disponible en diferentes colores para facilitar su identificaci\u00f3n en las configuraciones de red.<\/li>\n<\/ul>\n<h3 data-start=\"1463\" data-end=\"1485\"><strong data-start=\"1467\" data-end=\"1483\">Aplicaciones<\/strong><\/h3>\n<ul data-start=\"1486\" data-end=\"1898\">\n<li data-start=\"1486\" data-end=\"1589\"><strong data-start=\"1488\" data-end=\"1516\">Cordones y coletas<\/strong>: Com\u00fanmente utilizado para la fabricaci\u00f3n de latiguillos y latiguillos de fibra \u00f3ptica.<\/li>\n<li data-start=\"1590\" data-end=\"1692\"><strong data-start=\"1592\" data-end=\"1621\">Aplicaciones de interconexi\u00f3n<\/strong>: Ideal para conexiones de corta distancia entre equipos de fibra \u00f3ptica.<\/li>\n<li data-start=\"1693\" data-end=\"1792\"><strong data-start=\"1695\" data-end=\"1728\">Centros de datos y salas de servidores<\/strong>: Se utiliza en redes de alta velocidad y telecomunicaciones.<\/li>\n<li data-start=\"1793\" data-end=\"1898\"><strong data-start=\"1795\" data-end=\"1820\">Redes de fibra para interiores<\/strong>: Adecuado para su uso en el interior de edificios para redes LAN, de telecomunicaciones y de seguridad.<\/li>\n<\/ul>\n<h3 data-start=\"1900\" data-end=\"1920\"><strong data-start=\"1904\" data-end=\"1918\">Ventajas<\/strong><\/h3>\n<ul data-start=\"1921\" data-end=\"2393\">\n<li data-start=\"1921\" data-end=\"2007\"><strong data-start=\"1923\" data-end=\"1950\">Compacto y ligero<\/strong>: F\u00e1cil de manejar e instalar en espacios interiores reducidos.<\/li>\n<li data-start=\"2008\" data-end=\"2109\"><strong data-start=\"2010\" data-end=\"2047\">Duradera construcci\u00f3n de b\u00fafer ajustado<\/strong>: Protege la fibra de posibles da\u00f1os y facilita la terminaci\u00f3n.<\/li>\n<li data-start=\"2110\" data-end=\"2187\"><strong data-start=\"2112\" data-end=\"2139\">Ign\u00edfugo y seguro<\/strong>: Dise\u00f1ado para cumplir los requisitos de seguridad en interiores.<\/li>\n<li data-start=\"2188\" data-end=\"2304\"><strong data-start=\"2190\" data-end=\"2237\">Baja atenuaci\u00f3n y transmisi\u00f3n a alta velocidad<\/strong>: Garantiza un rendimiento estable y fiable para la comunicaci\u00f3n de datos.<\/li>\n<li data-start=\"2305\" data-end=\"2393\"><strong data-start=\"2307\" data-end=\"2338\">F\u00e1cil de pelar y terminar<\/strong>: Facilita la instalaci\u00f3n y el mantenimiento.<\/li>\n<\/ul>\n<h3 data-start=\"2395\" data-end=\"2409\"><strong data-start=\"2399\" data-end=\"2407\">Preguntas frecuentes<\/strong><\/h3>\n<ul>\n<li data-start=\"2411\" data-end=\"2629\"><strong data-start=\"2414\" data-end=\"2481\">\u00bfCu\u00e1l es la diferencia entre los cables de fibra simplex y d\u00faplex?<\/strong><br data-start=\"2481\" data-end=\"2484\" \/>A <strong data-start=\"2486\" data-end=\"2497\">Simplex<\/strong> contiene una sola fibra para la transmisi\u00f3n unidireccional, mientras que un cable de <strong data-start=\"2562\" data-end=\"2572\">D\u00faplex<\/strong> tiene dos fibras para la comunicaci\u00f3n bidireccional.<\/li>\n<li data-start=\"2631\" data-end=\"2828\"><strong data-start=\"2634\" data-end=\"2687\">\u00bfSe puede utilizar este cable en instalaciones exteriores?<\/strong><br data-start=\"2687\" data-end=\"2690\" \/>No, este cable est\u00e1 dise\u00f1ado s\u00f3lo para uso en interiores. Para aplicaciones en exteriores, se recomienda un cable apto para exteriores con protecci\u00f3n contra la intemperie.<\/li>\n<li data-start=\"2830\" data-end=\"3033\"><strong data-start=\"2833\" data-end=\"2883\">\u00bfQu\u00e9 tipos de fibra hay disponibles para este cable?<\/strong><br data-start=\"2883\" data-end=\"2886\" \/>Se puede configurar con <strong data-start=\"2912\" data-end=\"2932\">monomodo (SM)<\/strong> para la transmisi\u00f3n a larga distancia o <strong data-start=\"2967\" data-end=\"2986\">multimodo (MM)<\/strong> para distancias m\u00e1s cortas con mayor ancho de banda.<\/li>\n<li data-start=\"3035\" data-end=\"3223\"><strong data-start=\"3038\" data-end=\"3093\">\u00bfEste cable es compatible con todos los conectores de fibra?<\/strong><br data-start=\"3093\" data-end=\"3096\" \/>S\u00ed, puede terminarse con varios conectores de fibra est\u00e1ndar como <strong data-start=\"3169\" data-end=\"3190\">LC, SC, ST o FC<\/strong>, en funci\u00f3n de la aplicaci\u00f3n.<\/li>\n<li data-start=\"3225\" data-end=\"3427\"><strong data-start=\"3228\" data-end=\"3293\">\u00bfEste cable requiere una manipulaci\u00f3n especial durante la instalaci\u00f3n?<\/strong><br data-start=\"3293\" data-end=\"3296\" \/>No, su estructura ajustada facilita el pelado, la terminaci\u00f3n y la instalaci\u00f3n sin necesidad de tubos protectores adicionales.<\/li>\n<\/ul>","protected":false},"excerpt":{"rendered":"<p><strong data-start=\"22\" data-end=\"78\">Cable de fibra \u00f3ptica para interiores HONE Simplex Tight-Buffer Interconnect<\/strong> es un cable de una sola fibra dise\u00f1ado para aplicaciones interiores de corta distancia que requieren una transmisi\u00f3n de datos fiable y de alta velocidad. Con su construcci\u00f3n de b\u00fafer ajustado, ofrece una excelente protecci\u00f3n mec\u00e1nica, flexibilidad y f\u00e1cil terminaci\u00f3n, lo que lo hace ideal para patch cords, interconexiones de equipos y centros de datos.<\/p>","protected":false},"featured_media":905,"comment_status":"open","ping_status":"closed","template":"","meta":{"_seopress_robots_primary_cat":"none","_seopress_titles_title":"simplex fiber cable","_seopress_titles_desc":"Simplex fiber cable is a single-core optical fiber designed for transmitting data in one direction, offering high-speed, reliable communication","_seopress_robots_index":""},"product_brand":[],"product_cat":[43],"product_tag":[42,45],"class_list":{"0":"post-903","1":"product","2":"type-product","3":"status-publish","4":"has-post-thumbnail","6":"product_cat-indoor-fiber-optic-cable","7":"product_tag-bulk-fiber-optic-cable","8":"product_tag-ftth","10":"first","11":"instock","12":"shipping-taxable","13":"product-type-grouped"},"_links":{"self":[{"href":"https:\/\/honelinks.com\/es\/wp-json\/wp\/v2\/product\/903","targetHints":{"allow":["GET"]}}],"collection":[{"href":"https:\/\/honelinks.com\/es\/wp-json\/wp\/v2\/product"}],"about":[{"href":"https:\/\/honelinks.com\/es\/wp-json\/wp\/v2\/types\/product"}],"replies":[{"embeddable":true,"href":"https:\/\/honelinks.com\/es\/wp-json\/wp\/v2\/comments?post=903"}],"wp:featuredmedia":[{"embeddable":true,"href":"https:\/\/honelinks.com\/es\/wp-json\/wp\/v2\/media\/905"}],"wp:attachment":[{"href":"https:\/\/honelinks.com\/es\/wp-json\/wp\/v2\/media?parent=903"}],"wp:term":[{"taxonomy":"product_brand","embeddable":true,"href":"https:\/\/honelinks.com\/es\/wp-json\/wp\/v2\/product_brand?post=903"},{"taxonomy":"product_cat","embeddable":true,"href":"https:\/\/honelinks.com\/es\/wp-json\/wp\/v2\/product_cat?post=903"},{"taxonomy":"product_tag","embeddable":true,"href":"https:\/\/honelinks.com\/es\/wp-json\/wp\/v2\/product_tag?post=903"}],"curies":[{"name":"wp","href":"https:\/\/api.w.org\/{rel}","templated":true}]}}