{"id":906,"date":"2025-03-18T20:41:55","date_gmt":"2025-03-18T12:41:55","guid":{"rendered":"https:\/\/honelinks.com\/?post_type=product&#038;p=906"},"modified":"2025-08-07T21:10:33","modified_gmt":"2025-08-07T13:10:33","slug":"tubo-suelto-trenzado-cinta-de-aluminio-acero-doble-cubierta-cable-de-fibra-optica-blindado","status":"publish","type":"product","link":"https:\/\/honelinks.com\/es\/product\/stranded-loose-tube-aluminum-steel-tape-double-sheath-armored-fiber-optic-cable\/","title":{"rendered":"Cable de fibra \u00f3ptica trenzado de tubo holgado de aluminio y cinta de acero de doble cubierta blindada"},"content":{"rendered":"<p data-start=\"59\" data-end=\"125\">Este cable de fibra \u00f3ptica para exteriores est\u00e1 fabricado para condiciones duras e incorpora <strong data-start=\"515\" data-end=\"539\">tubos sueltos trenzados<\/strong> para la protecci\u00f3n de las fibras, <strong data-start=\"562\" data-end=\"609\">doble blindaje met\u00e1lico (aluminio + cinta de acero)<\/strong> para una mayor durabilidad, y un <strong data-start=\"641\" data-end=\"658\">doble funda<\/strong> para una mayor protecci\u00f3n mec\u00e1nica y medioambiental. Es ideal para redes de telecomunicaciones, infraestructuras troncales e instalaciones industriales que requieren una gran resistencia contra impactos externos, roedores y humedad.<\/p>\n<h3 data-start=\"878\" data-end=\"906\"><strong data-start=\"882\" data-end=\"904\">1. Estructura y dise\u00f1o<\/strong><\/h3>\n<p><img alt=\"Cable de fibra \u00f3ptica blindado con cinta de acero de aluminio,Cable de fibra \u00f3ptica blindado de doble cubierta\" fetchpriority=\"high\" decoding=\"async\" class=\"alignnone size-medium wp-image-907\" src=\"https:\/\/honelinks.com\/wp-content\/uploads\/2025\/03\/Stranded-Loose-Tube-Aluminum-Steel-Tape-Double-Sheath-Armored-Fiber-Optic-Cable-Structure-300x300.png\" width=\"300\" height=\"300\" srcset=\"https:\/\/honelinks.com\/wp-content\/uploads\/2025\/03\/Stranded-Loose-Tube-Aluminum-Steel-Tape-Double-Sheath-Armored-Fiber-Optic-Cable-Structure-300x300.png 300w, https:\/\/honelinks.com\/wp-content\/uploads\/2025\/03\/Stranded-Loose-Tube-Aluminum-Steel-Tape-Double-Sheath-Armored-Fiber-Optic-Cable-Structure-150x150.png 150w, https:\/\/honelinks.com\/wp-content\/uploads\/2025\/03\/Stranded-Loose-Tube-Aluminum-Steel-Tape-Double-Sheath-Armored-Fiber-Optic-Cable-Structure-768x768.png 768w, https:\/\/honelinks.com\/wp-content\/uploads\/2025\/03\/Stranded-Loose-Tube-Aluminum-Steel-Tape-Double-Sheath-Armored-Fiber-Optic-Cable-Structure-600x600.png 600w, https:\/\/honelinks.com\/wp-content\/uploads\/2025\/03\/Stranded-Loose-Tube-Aluminum-Steel-Tape-Double-Sheath-Armored-Fiber-Optic-Cable-Structure-100x100.png 100w, https:\/\/honelinks.com\/wp-content\/uploads\/2025\/03\/Stranded-Loose-Tube-Aluminum-Steel-Tape-Double-Sheath-Armored-Fiber-Optic-Cable-Structure.png 800w\" sizes=\"(max-width: 300px) 100vw, 300px\" \/><\/p>\n<ul data-start=\"907\" data-end=\"1622\">\n<li data-start=\"907\" data-end=\"1038\"><strong data-start=\"909\" data-end=\"939\">Dise\u00f1o de tubo holgado trenzado<\/strong>: Proporciona flexibilidad a la fibra, protecci\u00f3n contra el estr\u00e9s medioambiental y garantiza una f\u00e1cil manipulaci\u00f3n.<\/li>\n<li data-start=\"1039\" data-end=\"1147\"><strong data-start=\"1041\" data-end=\"1064\">Armadura de cinta de aluminio<\/strong>: Act\u00faa como barrera contra la humedad, impidiendo la entrada de agua y protegiendo las fibras.<\/li>\n<li data-start=\"1148\" data-end=\"1250\"><strong data-start=\"1150\" data-end=\"1170\">Armadura de cinta de acero<\/strong>: Aumenta la resistencia mec\u00e1nica, evitando da\u00f1os por aplastamiento y disuadiendo a los roedores.<\/li>\n<li data-start=\"1251\" data-end=\"1392\"><strong data-start=\"1253\" data-end=\"1273\">Doble funda de PE<\/strong>: Garantiza una protecci\u00f3n adicional frente a las agresiones ambientales y mec\u00e1nicas, por lo que es ideal para condiciones exteriores adversas.<\/li>\n<li data-start=\"1393\" data-end=\"1506\"><strong data-start=\"1395\" data-end=\"1422\">Elementos que bloquean el agua<\/strong>: Los hilos que bloquean el agua y los tubos rellenos de gel protegen contra la infiltraci\u00f3n de humedad.<\/li>\n<li data-start=\"1507\" data-end=\"1622\"><strong data-start=\"1509\" data-end=\"1534\">Alta resistencia a la tracci\u00f3n<\/strong>: Adecuado para instalaciones a\u00e9reas y colocaci\u00f3n de conductos que requieran grandes fuerzas de tracci\u00f3n.<\/li>\n<\/ul>\n<h3 data-start=\"1624\" data-end=\"1646\"><strong data-start=\"1628\" data-end=\"1644\">2. Aplicaciones<\/strong><\/h3>\n<ul data-start=\"1647\" data-end=\"2114\">\n<li data-start=\"1647\" data-end=\"1742\"><strong data-start=\"1649\" data-end=\"1682\">Telecomunicaciones y redes troncales<\/strong>: Adecuado para infraestructuras de comunicaci\u00f3n de larga distancia.<\/li>\n<li data-start=\"1743\" data-end=\"1862\"><strong data-start=\"1745\" data-end=\"1776\">Instalaciones de enterramiento directo<\/strong>: Dise\u00f1ado para instalaciones subterr\u00e1neas en las que se requiere una gran resistencia mec\u00e1nica.<\/li>\n<li data-start=\"1863\" data-end=\"1997\"><strong data-start=\"1865\" data-end=\"1898\">Instalaciones de conductos y antenas<\/strong>: Ideal para el despliegue de fibra en conductos e instalaciones a\u00e9reas con grandes exigencias mec\u00e1nicas.<\/li>\n<li data-start=\"1998\" data-end=\"2114\"><strong data-start=\"2000\" data-end=\"2030\">Entornos exteriores agresivos<\/strong>: Perfecto para aplicaciones industriales, redes el\u00e9ctricas y ampliaciones de redes remotas.<\/li>\n<\/ul>\n<h3 data-start=\"2116\" data-end=\"2136\"><strong data-start=\"2120\" data-end=\"2134\">3. Ventajas<\/strong><\/h3>\n<ul data-start=\"2137\" data-end=\"2684\">\n<li data-start=\"2137\" data-end=\"2255\"><strong data-start=\"2139\" data-end=\"2173\">Protecci\u00f3n mec\u00e1nica superior<\/strong>: El doble blindaje (aluminio + acero) y la doble vaina proporcionan una mayor durabilidad.<\/li>\n<li data-start=\"2256\" data-end=\"2349\"><strong data-start=\"2258\" data-end=\"2291\">Resistencia a la humedad y al agua<\/strong>: Los materiales que bloquean el agua garantizan la fiabilidad a largo plazo.<\/li>\n<li data-start=\"2350\" data-end=\"2459\"><strong data-start=\"2352\" data-end=\"2377\">Alta resistencia a la tracci\u00f3n<\/strong>: Adecuado para instalaciones a\u00e9reas y subterr\u00e1neas con condiciones de alta tensi\u00f3n.<\/li>\n<li data-start=\"2460\" data-end=\"2552\"><strong data-start=\"2462\" data-end=\"2482\">Resistente a roedores<\/strong>: La armadura de cinta de acero evita los da\u00f1os causados por roedores y fuerzas externas.<\/li>\n<li data-start=\"2553\" data-end=\"2684\"><strong data-start=\"2555\" data-end=\"2601\">Rendimiento fiable en entornos dif\u00edciles<\/strong>: Construido para soportar condiciones meteorol\u00f3gicas extremas, cambios de temperatura y tensiones mec\u00e1nicas.<\/li>\n<\/ul>\n<h3 data-start=\"2686\" data-end=\"2700\"><strong data-start=\"2690\" data-end=\"2698\">4. Preguntas frecuentes<\/strong><\/h3>\n<ul>\n<li data-start=\"2702\" data-end=\"2869\"><strong data-start=\"2705\" data-end=\"2750\">\u00bfSe puede utilizar este cable para enterrarlo directamente?<\/strong><br data-start=\"2750\" data-end=\"2753\" \/>S\u00ed, la doble vaina y el dise\u00f1o blindado lo hacen ideal para enterrarlo directamente sin necesidad de protecci\u00f3n adicional.<\/li>\n<li data-start=\"2871\" data-end=\"3072\"><strong data-start=\"2874\" data-end=\"2924\">\u00bfQu\u00e9 tipos de fibra hay disponibles para este cable?<\/strong><br data-start=\"2924\" data-end=\"2927\" \/>Se puede personalizar con <strong data-start=\"2953\" data-end=\"2973\">monomodo (SM)<\/strong> para la transmisi\u00f3n a larga distancia o <strong data-start=\"3008\" data-end=\"3027\">multimodo (MM)<\/strong> para distancias m\u00e1s cortas con gran ancho de banda.<\/li>\n<li data-start=\"3074\" data-end=\"3240\"><strong data-start=\"3077\" data-end=\"3116\">\u00bfEs este cable resistente a los roedores?<\/strong><br data-start=\"3116\" data-end=\"3119\" \/>S\u00ed, el <strong data-start=\"3128\" data-end=\"3148\">armadura de cinta de acero<\/strong> ayuda a prevenir los da\u00f1os de los roedores, por lo que es adecuado para entornos subterr\u00e1neos y exteriores.<\/li>\n<li data-start=\"3242\" data-end=\"3409\"><strong data-start=\"3245\" data-end=\"3296\">\u00bfPuede utilizarse este cable en instalaciones a\u00e9reas?<\/strong><br data-start=\"3296\" data-end=\"3299\" \/>S\u00ed, el cable tiene una gran resistencia a la tracci\u00f3n y puede instalarse en el aire utilizando estructuras de soporte adecuadas.<\/li>\n<li data-start=\"3411\" data-end=\"3586\"><strong data-start=\"3414\" data-end=\"3465\">\u00bfC\u00f3mo mejora el rendimiento la cinta de aluminio?<\/strong><br data-start=\"3465\" data-end=\"3468\" \/>En <strong data-start=\"3472\" data-end=\"3489\">cinta de aluminio<\/strong> act\u00faa como barrera contra la humedad, evitando la entrada de agua y mejorando la durabilidad del cable a largo plazo.<\/li>\n<\/ul>","protected":false},"excerpt":{"rendered":"<p><strong>HONE Cable de fibra \u00f3ptica trenzado con tubo holgado de aluminio y cinta de acero de doble cubierta blindada<\/strong> es un cable muy duradero dise\u00f1ado para largas distancias y entornos exteriores dif\u00edciles. Con tubos sueltos trenzados, armadura de cinta de aluminio y acero y doble cubierta, proporciona una protecci\u00f3n mec\u00e1nica superior, resistencia a la humedad y fiabilidad para instalaciones enterradas directas, en conductos y a\u00e9reas.<\/p>","protected":false},"featured_media":908,"comment_status":"open","ping_status":"closed","template":"","meta":{"_seopress_robots_primary_cat":"none","_seopress_titles_title":"Aluminum Steel Tape Armored Fiber Cable","_seopress_titles_desc":"Aluminum Steel Tape Armored Fiber Cable offers robust protection, excellent durability, and high-performance for demanding outdoor fiber optic networks.","_seopress_robots_index":""},"product_brand":[],"product_cat":[41],"product_tag":[42],"class_list":{"0":"post-906","1":"product","2":"type-product","3":"status-publish","4":"has-post-thumbnail","6":"product_cat-outdoor-fiber-optic-cable","7":"product_tag-bulk-fiber-optic-cable","9":"first","10":"instock","11":"shipping-taxable","12":"product-type-grouped"},"_links":{"self":[{"href":"https:\/\/honelinks.com\/es\/wp-json\/wp\/v2\/product\/906","targetHints":{"allow":["GET"]}}],"collection":[{"href":"https:\/\/honelinks.com\/es\/wp-json\/wp\/v2\/product"}],"about":[{"href":"https:\/\/honelinks.com\/es\/wp-json\/wp\/v2\/types\/product"}],"replies":[{"embeddable":true,"href":"https:\/\/honelinks.com\/es\/wp-json\/wp\/v2\/comments?post=906"}],"wp:featuredmedia":[{"embeddable":true,"href":"https:\/\/honelinks.com\/es\/wp-json\/wp\/v2\/media\/908"}],"wp:attachment":[{"href":"https:\/\/honelinks.com\/es\/wp-json\/wp\/v2\/media?parent=906"}],"wp:term":[{"taxonomy":"product_brand","embeddable":true,"href":"https:\/\/honelinks.com\/es\/wp-json\/wp\/v2\/product_brand?post=906"},{"taxonomy":"product_cat","embeddable":true,"href":"https:\/\/honelinks.com\/es\/wp-json\/wp\/v2\/product_cat?post=906"},{"taxonomy":"product_tag","embeddable":true,"href":"https:\/\/honelinks.com\/es\/wp-json\/wp\/v2\/product_tag?post=906"}],"curies":[{"name":"wp","href":"https:\/\/api.w.org\/{rel}","templated":true}]}}