{"id":910,"date":"2025-03-18T21:18:36","date_gmt":"2025-03-18T13:18:36","guid":{"rendered":"https:\/\/honelinks.com\/?post_type=product&#038;p=910"},"modified":"2026-04-27T20:03:51","modified_gmt":"2026-04-27T12:03:51","slug":"tubo-suelto-trenzado-cable-de-fibra-optica-ignifugo-para-mineria","status":"publish","type":"product","link":"https:\/\/honelinks.com\/es\/product\/stranded-loose-tube-mining-flame-retardant-fiber-optic-cable\/","title":{"rendered":"Cable de fibra \u00f3ptica ign\u00edfugo trenzado de tubo holgado para miner\u00eda"},"content":{"rendered":"<p>Este cable de fibra \u00f3ptica para miner\u00eda est\u00e1 fabricado con <strong data-start=\"501\" data-end=\"525\">tubos sueltos trenzados<\/strong> para flexibilidad y protecci\u00f3n de la fibra, un <strong data-start=\"566\" data-end=\"598\">funda exterior ign\u00edfuga<\/strong> cumplir las normas de seguridad minera, y <strong data-start=\"638\" data-end=\"666\">materiales que bloquean el agua<\/strong> para evitar la infiltraci\u00f3n de humedad. Es ideal para miner\u00eda subterr\u00e1nea, t\u00faneles y otros entornos extremos que requieren tanto una transmisi\u00f3n de datos de alto rendimiento como una mayor resistencia al fuego.<\/p>\n<h3 data-start=\"878\" data-end=\"906\"><strong data-start=\"882\" data-end=\"904\">1. Estructura y dise\u00f1o<\/strong><\/h3>\n<p><img alt=\"Estructura del cable de fibra \u00f3ptica ign\u00edfugo de tubo holgado trenzado para miner\u00eda\" fetchpriority=\"high\" decoding=\"async\" class=\"alignnone size-medium wp-image-911\" src=\"https:\/\/honelinks.com\/wp-content\/uploads\/2025\/03\/Stranded-Loose-Tube-Mining-Flame-Retardant-Fiber-Optic-Cable-structure-300x300.png\" width=\"300\" height=\"300\" srcset=\"https:\/\/honelinks.com\/wp-content\/uploads\/2025\/03\/Stranded-Loose-Tube-Mining-Flame-Retardant-Fiber-Optic-Cable-structure-300x300.png 300w, https:\/\/honelinks.com\/wp-content\/uploads\/2025\/03\/Stranded-Loose-Tube-Mining-Flame-Retardant-Fiber-Optic-Cable-structure-150x150.png 150w, https:\/\/honelinks.com\/wp-content\/uploads\/2025\/03\/Stranded-Loose-Tube-Mining-Flame-Retardant-Fiber-Optic-Cable-structure-768x768.png 768w, https:\/\/honelinks.com\/wp-content\/uploads\/2025\/03\/Stranded-Loose-Tube-Mining-Flame-Retardant-Fiber-Optic-Cable-structure-600x600.png 600w, https:\/\/honelinks.com\/wp-content\/uploads\/2025\/03\/Stranded-Loose-Tube-Mining-Flame-Retardant-Fiber-Optic-Cable-structure-100x100.png 100w, https:\/\/honelinks.com\/wp-content\/uploads\/2025\/03\/Stranded-Loose-Tube-Mining-Flame-Retardant-Fiber-Optic-Cable-structure.png 800w\" sizes=\"(max-width: 300px) 100vw, 300px\" \/><\/p>\n<ul>\n<li><strong data-start=\"891\" data-end=\"927\">Construcci\u00f3n de tubo holgado trenzado<\/strong>: Protege las fibras \u00f3pticas de la tensi\u00f3n mec\u00e1nica y las condiciones ambientales.<\/li>\n<li><strong data-start=\"1010\" data-end=\"1042\">Funda exterior ign\u00edfuga<\/strong>: Garantiza el cumplimiento de las normas de seguridad minera y evita la propagaci\u00f3n de las llamas.<\/li>\n<li><strong data-start=\"1123\" data-end=\"1150\">Elementos que bloquean el agua<\/strong>: Incluye hilos que bloquean el agua y tubos rellenos de gel para resistir la infiltraci\u00f3n de humedad.<\/li>\n<li><strong data-start=\"1240\" data-end=\"1265\">Alta resistencia a la tracci\u00f3n<\/strong>: Reforzado para mayor durabilidad y resistencia a cargas pesadas en entornos mineros.<\/li>\n<li><strong data-start=\"1351\" data-end=\"1380\">Chaqueta resistente a la abrasi\u00f3n<\/strong>: Proporciona protecci\u00f3n adicional contra las duras condiciones del subsuelo, la tensi\u00f3n mec\u00e1nica y los productos qu\u00edmicos.<\/li>\n<li><strong data-start=\"1484\" data-end=\"1518\">Versiones sin metal o blindadas<\/strong>: Disponible en configuraciones no met\u00e1licas o blindadas, en funci\u00f3n de los requisitos de instalaci\u00f3n.<\/li>\n<\/ul>\n<h3 data-start=\"1620\" data-end=\"1642\"><strong data-start=\"1624\" data-end=\"1640\">2. Aplicaciones<\/strong><\/h3>\n<ul data-start=\"1643\" data-end=\"2105\">\n<li data-start=\"1643\" data-end=\"1750\"><strong data-start=\"1645\" data-end=\"1676\">Redes de miner\u00eda subterr\u00e1nea<\/strong>: Dise\u00f1ado para la transmisi\u00f3n segura y estable de datos en operaciones mineras.<\/li>\n<li data-start=\"1751\" data-end=\"1874\"><strong data-start=\"1753\" data-end=\"1796\">T\u00faneles e infraestructuras subterr\u00e1neas<\/strong>: Adecuado para redes de comunicaci\u00f3n en t\u00faneles e instalaciones subterr\u00e1neas.<\/li>\n<li data-start=\"1875\" data-end=\"1994\"><strong data-start=\"1877\" data-end=\"1910\">Entornos industriales hostiles<\/strong>: Ideal para aplicaciones que requieren resistencia al fuego y alta durabilidad mec\u00e1nica.<\/li>\n<li data-start=\"1995\" data-end=\"2105\"><strong data-start=\"1997\" data-end=\"2017\">Yacimientos de petr\u00f3leo y gas<\/strong>: Puede utilizarse en entornos peligrosos donde las propiedades ign\u00edfugas son cr\u00edticas.<\/li>\n<\/ul>\n<h3 data-start=\"2107\" data-end=\"2127\"><strong data-start=\"2111\" data-end=\"2125\">3. Ventajas<\/strong><\/h3>\n<ul data-start=\"2128\" data-end=\"2703\">\n<li data-start=\"2128\" data-end=\"2234\"><strong data-start=\"2130\" data-end=\"2161\">Alto cumplimiento de la normativa de seguridad contra incendios<\/strong>: Cumple las normas de seguridad sobre retardantes de llama y baja emisi\u00f3n de humos de la industria minera.<\/li>\n<li data-start=\"2235\" data-end=\"2342\"><strong data-start=\"2237\" data-end=\"2269\">Fuerte protecci\u00f3n mec\u00e1nica<\/strong>: Construido para soportar una manipulaci\u00f3n brusca y condiciones subterr\u00e1neas extremas.<\/li>\n<li data-start=\"2343\" data-end=\"2456\"><strong data-start=\"2345\" data-end=\"2378\">Resistencia a la humedad y al agua<\/strong>: Los elementos de bloqueo de agua garantizan la fiabilidad a largo plazo en entornos h\u00famedos.<\/li>\n<li data-start=\"2457\" data-end=\"2586\"><strong data-start=\"2459\" data-end=\"2487\">Duradero y de larga duraci\u00f3n<\/strong>: Resistente a los productos qu\u00edmicos, la abrasi\u00f3n y las tensiones f\u00edsicas, por lo que es ideal para aplicaciones mineras.<\/li>\n<li data-start=\"2587\" data-end=\"2703\"><strong data-start=\"2589\" data-end=\"2630\">Transmisi\u00f3n \u00f3ptica de alto rendimiento<\/strong>: Proporciona una comunicaci\u00f3n de datos estable y eficaz a larga distancia.<\/li>\n<\/ul>\n<h3 data-start=\"2705\" data-end=\"2719\"><strong data-start=\"2709\" data-end=\"2717\">4.  Preguntas frecuentes<\/strong><\/h3>\n<ul>\n<li data-start=\"2721\" data-end=\"2899\"><strong data-start=\"2724\" data-end=\"2790\">\u00bfEste cable es adecuado para entornos subterr\u00e1neos peligrosos?<\/strong><br data-start=\"2790\" data-end=\"2793\" \/>S\u00ed, est\u00e1 dise\u00f1ado para aplicaciones de miner\u00eda y excavaci\u00f3n de t\u00faneles en las que la seguridad contra incendios y la durabilidad son fundamentales.<\/li>\n<li data-start=\"2901\" data-end=\"3040\"><strong data-start=\"2904\" data-end=\"2962\">\u00bfCumple este cable las normas sobre retardantes de llama?<\/strong><br data-start=\"2962\" data-end=\"2965\" \/>S\u00ed, cumple los requisitos de ignifugaci\u00f3n y baja emisi\u00f3n de humos de la industria minera.<\/li>\n<li data-start=\"3042\" data-end=\"3213\"><strong data-start=\"3045\" data-end=\"3104\">\u00bfSe puede instalar este cable en condiciones h\u00famedas o mojadas?<\/strong><br data-start=\"3104\" data-end=\"3107\" \/>S\u00ed, su <strong data-start=\"3116\" data-end=\"3171\">gel bloqueador de agua y materiales resistentes a la humedad<\/strong> lo hacen adecuado para entornos h\u00famedos.<\/li>\n<li data-start=\"3215\" data-end=\"3373\"><strong data-start=\"3218\" data-end=\"3268\">\u00bfQu\u00e9 tipos de fibra hay disponibles para este cable?<\/strong><br data-start=\"3268\" data-end=\"3271\" \/>Se puede personalizar con <strong data-start=\"3297\" data-end=\"3317\">monomodo (SM)<\/strong> o <strong data-start=\"3321\" data-end=\"3340\">multimodo (MM)<\/strong> fibras en funci\u00f3n de las necesidades de la red.<\/li>\n<li data-start=\"3375\" data-end=\"3549\"><strong data-start=\"3378\" data-end=\"3420\">\u00bfExiste una versi\u00f3n blindada?<\/strong><br data-start=\"3420\" data-end=\"3423\" \/>S\u00ed, ambos <strong data-start=\"3433\" data-end=\"3453\">blindado met\u00e1lico<\/strong> y <strong data-start=\"3458\" data-end=\"3487\">no met\u00e1lico (diel\u00e9ctrico)<\/strong> para adaptarse a las distintas condiciones de explotaci\u00f3n.<\/li>\n<\/ul>","protected":false},"excerpt":{"rendered":"<p><strong>HONE<\/strong> <strong data-start=\"22\" data-end=\"86\">Cable de fibra \u00f3ptica ign\u00edfugo trenzado de tubo holgado para miner\u00eda<\/strong> est\u00e1 dise\u00f1ado espec\u00edficamente para su uso en entornos mineros en los que la seguridad contra incendios, la resistencia mec\u00e1nica y la resistencia a condiciones adversas son esenciales. Con materiales ign\u00edfugos, elementos de bloqueo de agua y una construcci\u00f3n robusta, este cable garantiza una comunicaci\u00f3n por fibra \u00f3ptica fiable y segura en zonas subterr\u00e1neas y peligrosas.<\/p>","protected":false},"featured_media":912,"comment_status":"open","ping_status":"closed","template":"","meta":{"_seopress_robots_primary_cat":"none","_seopress_titles_title":"Mining Flame Retardant Fiber Optic Cable","_seopress_titles_desc":"Mining Flame Retardant Fiber Optic Cable offers fire resistance, durability, and stable data transmission in underground and hazardous mining environments.","_seopress_robots_index":""},"product_brand":[],"product_cat":[41],"product_tag":[42],"class_list":{"0":"post-910","1":"product","2":"type-product","3":"status-publish","4":"has-post-thumbnail","6":"product_cat-outdoor-fiber-optic-cable","7":"product_tag-bulk-fiber-optic-cable","9":"first","10":"instock","11":"shipping-taxable","12":"product-type-grouped"},"_links":{"self":[{"href":"https:\/\/honelinks.com\/es\/wp-json\/wp\/v2\/product\/910","targetHints":{"allow":["GET"]}}],"collection":[{"href":"https:\/\/honelinks.com\/es\/wp-json\/wp\/v2\/product"}],"about":[{"href":"https:\/\/honelinks.com\/es\/wp-json\/wp\/v2\/types\/product"}],"replies":[{"embeddable":true,"href":"https:\/\/honelinks.com\/es\/wp-json\/wp\/v2\/comments?post=910"}],"wp:featuredmedia":[{"embeddable":true,"href":"https:\/\/honelinks.com\/es\/wp-json\/wp\/v2\/media\/912"}],"wp:attachment":[{"href":"https:\/\/honelinks.com\/es\/wp-json\/wp\/v2\/media?parent=910"}],"wp:term":[{"taxonomy":"product_brand","embeddable":true,"href":"https:\/\/honelinks.com\/es\/wp-json\/wp\/v2\/product_brand?post=910"},{"taxonomy":"product_cat","embeddable":true,"href":"https:\/\/honelinks.com\/es\/wp-json\/wp\/v2\/product_cat?post=910"},{"taxonomy":"product_tag","embeddable":true,"href":"https:\/\/honelinks.com\/es\/wp-json\/wp\/v2\/product_tag?post=910"}],"curies":[{"name":"wp","href":"https:\/\/api.w.org\/{rel}","templated":true}]}}