{"id":916,"date":"2025-03-19T14:52:16","date_gmt":"2025-03-19T06:52:16","guid":{"rendered":"https:\/\/honelinks.com\/?post_type=product&#038;p=916"},"modified":"2025-07-29T16:56:59","modified_gmt":"2025-07-29T08:56:59","slug":"tubo-trenzado-suelto-alambre-de-acero-cinta-de-acero-cable-blindado-de-fibra-optica","status":"publish","type":"product","link":"https:\/\/honelinks.com\/es\/product\/stranded-loose-tube-steel-wire-steel-tape-armored-fiber-optic-cable\/","title":{"rendered":"Tubo flexible trenzado Alambre de acero Cinta de acero Cable blindado de fibra \u00f3ptica"},"content":{"rendered":"<p data-start=\"456\" data-end=\"858\">Este cable de fibra \u00f3ptica blindado est\u00e1 fabricado con <strong data-start=\"507\" data-end=\"531\">tubos sueltos trenzados<\/strong> para la flexibilidad de la fibra, <strong data-start=\"555\" data-end=\"575\">armadura de cinta de acero<\/strong> para protecci\u00f3n mec\u00e1nica, y <strong data-start=\"607\" data-end=\"636\">refuerzos de alambre de acero<\/strong> de alta resistencia a la tracci\u00f3n. Est\u00e1 dise\u00f1ado para su uso en redes de telecomunicaciones al aire libre, infraestructuras troncales y aplicaciones industriales que requieren una resistencia superior a la tensi\u00f3n ambiental, los roedores y los impactos externos.<\/p>\n<h3 data-start=\"860\" data-end=\"888\"><strong data-start=\"864\" data-end=\"886\">1. Estructura y dise\u00f1o<\/strong><\/h3>\n<p><img alt=\"Alambre de acero Cinta de acero Cable blindado de fibra \u00f3ptica\" fetchpriority=\"high\" decoding=\"async\" class=\"alignnone size-medium wp-image-917\" src=\"https:\/\/honelinks.com\/wp-content\/uploads\/2025\/03\/Stranded-Loose-Tube-Steel-Wire-Steel-Tape-Armored-Fiber-Optic-Cable-structure-300x300.png\" width=\"300\" height=\"300\" srcset=\"https:\/\/honelinks.com\/wp-content\/uploads\/2025\/03\/Stranded-Loose-Tube-Steel-Wire-Steel-Tape-Armored-Fiber-Optic-Cable-structure-300x300.png 300w, https:\/\/honelinks.com\/wp-content\/uploads\/2025\/03\/Stranded-Loose-Tube-Steel-Wire-Steel-Tape-Armored-Fiber-Optic-Cable-structure-150x150.png 150w, https:\/\/honelinks.com\/wp-content\/uploads\/2025\/03\/Stranded-Loose-Tube-Steel-Wire-Steel-Tape-Armored-Fiber-Optic-Cable-structure-768x768.png 768w, https:\/\/honelinks.com\/wp-content\/uploads\/2025\/03\/Stranded-Loose-Tube-Steel-Wire-Steel-Tape-Armored-Fiber-Optic-Cable-structure-600x600.png 600w, https:\/\/honelinks.com\/wp-content\/uploads\/2025\/03\/Stranded-Loose-Tube-Steel-Wire-Steel-Tape-Armored-Fiber-Optic-Cable-structure-100x100.png 100w, https:\/\/honelinks.com\/wp-content\/uploads\/2025\/03\/Stranded-Loose-Tube-Steel-Wire-Steel-Tape-Armored-Fiber-Optic-Cable-structure.png 800w\" sizes=\"(max-width: 300px) 100vw, 300px\" \/><\/p>\n<ul data-start=\"889\" data-end=\"1489\">\n<li data-start=\"889\" data-end=\"976\"><strong data-start=\"891\" data-end=\"921\">Dise\u00f1o de tubo holgado trenzado<\/strong>: Protege las fibras de la tensi\u00f3n y permite la flexibilidad.<\/li>\n<li data-start=\"977\" data-end=\"1080\"><strong data-start=\"979\" data-end=\"1010\">Elementos resistentes de alambre de acero<\/strong>: Mejora la resistencia a la tracci\u00f3n en aplicaciones a\u00e9reas y de alta tensi\u00f3n.<\/li>\n<li data-start=\"1081\" data-end=\"1193\"><strong data-start=\"1083\" data-end=\"1120\">Cinta de acero corrugado (CST) Blindaje<\/strong>: Proporciona una excelente protecci\u00f3n mec\u00e1nica contra el aplastamiento y los impactos.<\/li>\n<li data-start=\"1194\" data-end=\"1302\"><strong data-start=\"1196\" data-end=\"1223\">Elementos que bloquean el agua<\/strong>: Incluye hilos que bloquean el agua y tubos rellenos de gel para resistir la humedad.<\/li>\n<li data-start=\"1303\" data-end=\"1396\"><strong data-start=\"1305\" data-end=\"1339\">Cubierta exterior de polietileno (PE)<\/strong>: Resistente a los rayos UV y a la intemperie para una mayor durabilidad en exteriores.<\/li>\n<li data-start=\"1397\" data-end=\"1489\"><strong data-start=\"1399\" data-end=\"1424\">Alta resistencia a la tracci\u00f3n<\/strong>: Adecuado para instalaciones que requieren un elevado soporte mec\u00e1nico.<\/li>\n<\/ul>\n<h3 data-start=\"1491\" data-end=\"1513\"><strong data-start=\"1495\" data-end=\"1511\">2. Aplicaciones<\/strong><\/h3>\n<ul data-start=\"1514\" data-end=\"1936\">\n<li data-start=\"1514\" data-end=\"1619\"><strong data-start=\"1516\" data-end=\"1547\">Instalaciones de enterramiento directo<\/strong>: Dise\u00f1ado para el despliegue subterr\u00e1neo con alta protecci\u00f3n mec\u00e1nica.<\/li>\n<li data-start=\"1620\" data-end=\"1724\"><strong data-start=\"1622\" data-end=\"1646\">Instalaciones a\u00e9reas<\/strong>: Adecuado para instalaciones a\u00e9reas en las que se necesita una gran resistencia a la tracci\u00f3n.<\/li>\n<li data-start=\"1725\" data-end=\"1826\"><strong data-start=\"1727\" data-end=\"1749\">Instalaciones de conductos<\/strong>: Se puede tirar a trav\u00e9s de conductos con protecci\u00f3n contra la presi\u00f3n externa.<\/li>\n<li data-start=\"1827\" data-end=\"1936\"><strong data-start=\"1829\" data-end=\"1862\">Entornos industriales hostiles<\/strong>: Ideal para redes el\u00e9ctricas, redes ferroviarias e infraestructuras de petr\u00f3leo y gas.<\/li>\n<\/ul>\n<h3 data-start=\"1938\" data-end=\"1958\"><strong data-start=\"1942\" data-end=\"1956\">3. Ventajas<\/strong><\/h3>\n<ul data-start=\"1959\" data-end=\"2477\">\n<li data-start=\"1959\" data-end=\"2060\"><strong data-start=\"1961\" data-end=\"1995\">Protecci\u00f3n mec\u00e1nica superior<\/strong>: El doble blindaje (alambre de acero + cinta de acero) garantiza una gran durabilidad.<\/li>\n<li data-start=\"2061\" data-end=\"2160\"><strong data-start=\"2063\" data-end=\"2088\">Alta resistencia a la tracci\u00f3n<\/strong>: Ideal para instalaciones a\u00e9reas de gran envergadura y aplicaciones con cargas elevadas.<\/li>\n<li data-start=\"2161\" data-end=\"2271\"><strong data-start=\"2163\" data-end=\"2194\">Resistencia a roedores y aplastamiento<\/strong>: Los refuerzos de acero proporcionan una excelente protecci\u00f3n en entornos dif\u00edciles.<\/li>\n<li data-start=\"2272\" data-end=\"2364\"><strong data-start=\"2274\" data-end=\"2306\">Resistente al agua y la humedad<\/strong>: Los materiales que bloquean el agua garantizan un rendimiento a largo plazo.<\/li>\n<li data-start=\"2365\" data-end=\"2477\"><strong data-start=\"2367\" data-end=\"2395\">Resistente a los rayos UV y a la intemperie<\/strong>: La cubierta exterior de PE protege de la luz solar, la lluvia y las fluctuaciones de temperatura.<\/li>\n<\/ul>\n<h3 data-start=\"2479\" data-end=\"2493\"><strong data-start=\"2483\" data-end=\"2491\">4. Preguntas frecuentes<\/strong><\/h3>\n<ul>\n<li data-start=\"2495\" data-end=\"2629\"><strong data-start=\"2498\" data-end=\"2543\">\u00bfEste cable es apto para enterrado directo?<\/strong><br data-start=\"2543\" data-end=\"2546\" \/>S\u00ed, tiene un fuerte blindaje de alambre de acero y cinta de acero para instalaciones subterr\u00e1neas.<\/li>\n<li data-start=\"2631\" data-end=\"2781\"><strong data-start=\"2634\" data-end=\"2685\">\u00bfPuede utilizarse este cable en instalaciones a\u00e9reas?<\/strong><br data-start=\"2685\" data-end=\"2688\" \/>S\u00ed, los miembros de resistencia de alambre de acero proporcionan una alta resistencia a la tracci\u00f3n para el despliegue a\u00e9reo.<\/li>\n<li data-start=\"2783\" data-end=\"2977\"><strong data-start=\"2786\" data-end=\"2836\">\u00bfQu\u00e9 tipos de fibra hay disponibles para este cable?<\/strong><br data-start=\"2836\" data-end=\"2839\" \/>Se puede configurar con <strong data-start=\"2865\" data-end=\"2885\">monomodo (SM)<\/strong> para largas distancias o <strong data-start=\"2908\" data-end=\"2927\">multimodo (MM)<\/strong> para aplicaciones de corta distancia con gran ancho de banda.<\/li>\n<li data-start=\"2979\" data-end=\"3120\"><strong data-start=\"2982\" data-end=\"3030\">\u00bfC\u00f3mo protege este cable contra los roedores?<\/strong><br data-start=\"3030\" data-end=\"3033\" \/>En <strong data-start=\"3037\" data-end=\"3072\">blindaje de alambre de acero y cinta de acero<\/strong> crean una barrera resistente contra los da\u00f1os de los roedores.<\/li>\n<li data-start=\"3122\" data-end=\"3330\"><strong data-start=\"3125\" data-end=\"3192\">\u00bfCu\u00e1l es la diferencia entre la armadura de alambre de acero y la armadura de cinta de acero?<\/strong><br data-start=\"3192\" data-end=\"3195\" \/>Acero <strong data-start=\"3201\" data-end=\"3209\">cable<\/strong> proporciona resistencia a la tracci\u00f3n para el soporte a\u00e9reo, mientras que el acero <strong data-start=\"3268\" data-end=\"3276\">cinta<\/strong> ofrece resistencia al aplastamiento para protecci\u00f3n subterr\u00e1nea.<\/li>\n<\/ul>","protected":false},"excerpt":{"rendered":"<p>HONE <strong data-start=\"22\" data-end=\"93\">Tubo flexible trenzado Alambre de acero Cinta de acero Cable blindado de fibra \u00f3ptica<\/strong> es un cable de exterior muy duradero dise\u00f1ado para una protecci\u00f3n mec\u00e1nica extrema en entornos dif\u00edciles. Con <strong data-start=\"204\" data-end=\"241\">armadura de cinta de acero corrugado (CST)<\/strong> para la resistencia al aplastamiento y <strong data-start=\"267\" data-end=\"298\">elementos de resistencia de alambre de acero<\/strong> para una mayor resistencia a la tracci\u00f3n, es ideal para instalaciones enterradas directamente, en conductos y a\u00e9reas en las que se requiere una gran durabilidad.<\/p>","protected":false},"featured_media":918,"comment_status":"open","ping_status":"closed","template":"","meta":{"_seopress_robots_primary_cat":"none","_seopress_titles_title":"Steel Wire Steel Tape Armored Fiber Optic Cable","_seopress_titles_desc":"Steel Wire and Steel Tape Armored Cable provides strong tensile and crush protection for reliable outdoor and direct burial fiber deployments.","_seopress_robots_index":""},"product_brand":[],"product_cat":[41],"product_tag":[42],"class_list":{"0":"post-916","1":"product","2":"type-product","3":"status-publish","4":"has-post-thumbnail","6":"product_cat-outdoor-fiber-optic-cable","7":"product_tag-bulk-fiber-optic-cable","9":"first","10":"instock","11":"shipping-taxable","12":"product-type-grouped"},"_links":{"self":[{"href":"https:\/\/honelinks.com\/es\/wp-json\/wp\/v2\/product\/916","targetHints":{"allow":["GET"]}}],"collection":[{"href":"https:\/\/honelinks.com\/es\/wp-json\/wp\/v2\/product"}],"about":[{"href":"https:\/\/honelinks.com\/es\/wp-json\/wp\/v2\/types\/product"}],"replies":[{"embeddable":true,"href":"https:\/\/honelinks.com\/es\/wp-json\/wp\/v2\/comments?post=916"}],"wp:featuredmedia":[{"embeddable":true,"href":"https:\/\/honelinks.com\/es\/wp-json\/wp\/v2\/media\/918"}],"wp:attachment":[{"href":"https:\/\/honelinks.com\/es\/wp-json\/wp\/v2\/media?parent=916"}],"wp:term":[{"taxonomy":"product_brand","embeddable":true,"href":"https:\/\/honelinks.com\/es\/wp-json\/wp\/v2\/product_brand?post=916"},{"taxonomy":"product_cat","embeddable":true,"href":"https:\/\/honelinks.com\/es\/wp-json\/wp\/v2\/product_cat?post=916"},{"taxonomy":"product_tag","embeddable":true,"href":"https:\/\/honelinks.com\/es\/wp-json\/wp\/v2\/product_tag?post=916"}],"curies":[{"name":"wp","href":"https:\/\/api.w.org\/{rel}","templated":true}]}}