{"id":919,"date":"2025-03-19T14:56:50","date_gmt":"2025-03-19T06:56:50","guid":{"rendered":"https:\/\/honelinks.com\/?post_type=product&#038;p=919"},"modified":"2025-07-29T16:34:05","modified_gmt":"2025-07-29T08:34:05","slug":"cable-de-fibra-optica-trenzado-multi-tubo-suelto-cinta-de-aluminio-luz-blindado","status":"publish","type":"product","link":"https:\/\/honelinks.com\/es\/product\/stranded-multi-loose-tube-aluminum-tape-light-armored-fiber-optic-cable\/","title":{"rendered":"Cable de Fibra \u00d3ptica Blindado Multi Loose Tube Aluminum Tape Light"},"content":{"rendered":"<p data-start=\"461\" data-end=\"808\">Este cable de fibra \u00f3ptica est\u00e1 fabricado con <strong data-start=\"498\" data-end=\"528\">tubos multifibra trenzados<\/strong> para la protecci\u00f3n de las fibras, <strong data-start=\"551\" data-end=\"585\">armadura de cinta de aluminio corrugado<\/strong> para la resistencia a la humedad y la protecci\u00f3n mec\u00e1nica, y un <strong data-start=\"643\" data-end=\"680\">revestimiento exterior de PE resistente a la intemperie<\/strong>. Est\u00e1 optimizado para aplicaciones de uso medio que requieren una transmisi\u00f3n \u00f3ptica fiable con un manejo ligero y flexible.<\/p>\n<h3 data-start=\"810\" data-end=\"838\"><strong data-start=\"814\" data-end=\"836\">Estructura y dise\u00f1o<\/strong><\/h3>\n<p><img alt=\"Cinta de aluminio de luz blindado cable de fibra \u00f3ptica,gyta\" fetchpriority=\"high\" decoding=\"async\" class=\"alignnone size-medium wp-image-920\" src=\"https:\/\/honelinks.com\/wp-content\/uploads\/2025\/03\/Stranded-Multi-Loose-Tube-Aluminum-Tape-Light-Armored-Fiber-Optic-Cable-structure-300x300.png\" width=\"300\" height=\"300\" srcset=\"https:\/\/honelinks.com\/wp-content\/uploads\/2025\/03\/Stranded-Multi-Loose-Tube-Aluminum-Tape-Light-Armored-Fiber-Optic-Cable-structure-300x300.png 300w, https:\/\/honelinks.com\/wp-content\/uploads\/2025\/03\/Stranded-Multi-Loose-Tube-Aluminum-Tape-Light-Armored-Fiber-Optic-Cable-structure-150x150.png 150w, https:\/\/honelinks.com\/wp-content\/uploads\/2025\/03\/Stranded-Multi-Loose-Tube-Aluminum-Tape-Light-Armored-Fiber-Optic-Cable-structure-768x768.png 768w, https:\/\/honelinks.com\/wp-content\/uploads\/2025\/03\/Stranded-Multi-Loose-Tube-Aluminum-Tape-Light-Armored-Fiber-Optic-Cable-structure-600x600.png 600w, https:\/\/honelinks.com\/wp-content\/uploads\/2025\/03\/Stranded-Multi-Loose-Tube-Aluminum-Tape-Light-Armored-Fiber-Optic-Cable-structure-100x100.png 100w, https:\/\/honelinks.com\/wp-content\/uploads\/2025\/03\/Stranded-Multi-Loose-Tube-Aluminum-Tape-Light-Armored-Fiber-Optic-Cable-structure.png 800w\" sizes=\"(max-width: 300px) 100vw, 300px\" \/><\/p>\n<ul data-start=\"839\" data-end=\"1347\">\n<li data-start=\"839\" data-end=\"950\"><strong data-start=\"841\" data-end=\"877\">Dise\u00f1o de tubo multi-suelto trenzado<\/strong>: Protege las fibras de las tensiones mec\u00e1nicas manteniendo su flexibilidad.<\/li>\n<li data-start=\"951\" data-end=\"1062\"><strong data-start=\"953\" data-end=\"987\">Armadura de cinta de aluminio corrugado<\/strong>: Act\u00faa como barrera contra la humedad y proporciona una protecci\u00f3n mec\u00e1nica moderada.<\/li>\n<li data-start=\"1063\" data-end=\"1172\"><strong data-start=\"1065\" data-end=\"1092\">Elementos que bloquean el agua<\/strong>: Incluye hilos que bloquean el agua y tubos rellenos de gel para evitar la entrada de agua.<\/li>\n<li data-start=\"1173\" data-end=\"1259\"><strong data-start=\"1175\" data-end=\"1209\">Cubierta exterior de polietileno (PE)<\/strong>: Resistente a los rayos UV y a la intemperie para uso en exteriores.<\/li>\n<li data-start=\"1260\" data-end=\"1347\"><strong data-start=\"1262\" data-end=\"1290\">Ligero y flexible<\/strong>: M\u00e1s f\u00e1ciles de instalar que los cables blindados m\u00e1s pesados.<\/li>\n<\/ul>\n<h3 data-start=\"1349\" data-end=\"1371\"><strong data-start=\"1353\" data-end=\"1369\">Aplicaciones<\/strong><\/h3>\n<ul data-start=\"1372\" data-end=\"1727\">\n<li data-start=\"1372\" data-end=\"1467\"><strong data-start=\"1374\" data-end=\"1407\">Telecomunicaciones y redes troncales<\/strong>: Se utiliza para la comunicaci\u00f3n \u00f3ptica de alta velocidad a larga distancia.<\/li>\n<li data-start=\"1468\" data-end=\"1544\"><strong data-start=\"1470\" data-end=\"1492\">Instalaciones de conductos<\/strong>: Ideal para despliegues de fibra en conductos subterr\u00e1neos.<\/li>\n<li data-start=\"1545\" data-end=\"1646\"><strong data-start=\"1547\" data-end=\"1577\">Aplicaciones de enterramiento directo<\/strong>: Proporciona una protecci\u00f3n mec\u00e1nica moderada para instalaciones enterradas.<\/li>\n<li data-start=\"1647\" data-end=\"1727\"><strong data-start=\"1649\" data-end=\"1673\">Instalaciones a\u00e9reas<\/strong>: Puede desplegarse por encima de la cabeza con el apoyo adecuado.<\/li>\n<\/ul>\n<h3 data-start=\"1729\" data-end=\"1749\"><strong data-start=\"1733\" data-end=\"1747\">Ventajas<\/strong><\/h3>\n<ul data-start=\"1750\" data-end=\"2215\">\n<li data-start=\"1750\" data-end=\"1842\"><strong data-start=\"1752\" data-end=\"1786\">Protecci\u00f3n mec\u00e1nica moderada<\/strong>: La armadura de cinta de aluminio proporciona una durabilidad ligera.<\/li>\n<li data-start=\"1843\" data-end=\"1936\"><strong data-start=\"1845\" data-end=\"1878\">Resistencia a la humedad y al agua<\/strong>: Los materiales que bloquean el agua garantizan la fiabilidad a largo plazo.<\/li>\n<li data-start=\"1937\" data-end=\"2035\"><strong data-start=\"1939\" data-end=\"1966\">Soluci\u00f3n rentable<\/strong>: Equilibra la protecci\u00f3n y la asequibilidad de las redes de fibra para exteriores.<\/li>\n<li data-start=\"2036\" data-end=\"2125\"><strong data-start=\"2038\" data-end=\"2066\">Resistente a los rayos UV y a la intemperie<\/strong>: La cubierta exterior resiste condiciones ambientales adversas.<\/li>\n<li data-start=\"2126\" data-end=\"2215\"><strong data-start=\"2128\" data-end=\"2156\">Flexible y ligero<\/strong>: M\u00e1s f\u00e1ciles de manejar e instalar que los cables totalmente blindados.<\/li>\n<\/ul>\n<h3 data-start=\"2217\" data-end=\"2231\"><strong data-start=\"2221\" data-end=\"2229\">Preguntas frecuentes<\/strong><\/h3>\n<ul>\n<li data-start=\"2233\" data-end=\"2363\"><strong data-start=\"2236\" data-end=\"2281\">\u00bfEste cable es apto para enterrado directo?<\/strong><br data-start=\"2281\" data-end=\"2284\" \/>S\u00ed, pero se utiliza mejor en entornos con <strong data-start=\"2330\" data-end=\"2342\">moderado<\/strong> estr\u00e9s mec\u00e1nico.<\/li>\n<li data-start=\"2365\" data-end=\"2503\"><strong data-start=\"2368\" data-end=\"2420\">\u00bfSe puede utilizar este cable para instalaciones a\u00e9reas?<\/strong><br data-start=\"2420\" data-end=\"2423\" \/>S\u00ed, pero se requieren estructuras de soporte adecuadas debido a su naturaleza ligera.<\/li>\n<li data-start=\"2505\" data-end=\"2625\"><strong data-start=\"2508\" data-end=\"2543\">\u00bfQu\u00e9 tipos de fibra hay disponibles?<\/strong><br data-start=\"2543\" data-end=\"2546\" \/>Se puede personalizar con <strong data-start=\"2572\" data-end=\"2592\">monomodo (SM)<\/strong> o <strong data-start=\"2596\" data-end=\"2615\">multimodo (MM)<\/strong> fibras.<\/li>\n<li data-start=\"2627\" data-end=\"2769\"><strong data-start=\"2630\" data-end=\"2682\">\u00bfC\u00f3mo mejora la protecci\u00f3n el blindaje de cinta de aluminio?<\/strong><br data-start=\"2682\" data-end=\"2685\" \/>Proporciona una <strong data-start=\"2699\" data-end=\"2719\">barrera de humedad<\/strong> al tiempo que ofrece <strong data-start=\"2735\" data-end=\"2766\">ligera resistencia mec\u00e1nica<\/strong>.<\/li>\n<li data-start=\"2771\" data-end=\"2925\"><strong data-start=\"2774\" data-end=\"2809\">\u00bfEste cable es resistente a los roedores?<\/strong><br data-start=\"2809\" data-end=\"2812\" \/>La cinta de aluminio ofrece cierta protecci\u00f3n, pero para zonas de alto riesgo, <strong data-start=\"2877\" data-end=\"2906\">cables blindados con cinta de acero<\/strong> se recomiendan.<\/li>\n<\/ul>","protected":false},"excerpt":{"rendered":"<p><strong>HONE<\/strong> <strong data-start=\"22\" data-end=\"97\">Cable de Fibra \u00d3ptica Blindado Multi Loose Tube Aluminum Tape Light<\/strong> es un cable de exterior dise\u00f1ado para una protecci\u00f3n de resistencia media en entornos dif\u00edciles. Presenta las siguientes caracter\u00edsticas <strong data-start=\"193\" data-end=\"226\">construcci\u00f3n de tubo holgado m\u00faltiple<\/strong> para la flexibilidad de la fibra, <strong data-start=\"250\" data-end=\"273\">armadura de cinta de aluminio<\/strong> para la resistencia a la humedad, y un <strong data-start=\"305\" data-end=\"327\">dise\u00f1o ligero<\/strong>, por lo que resulta ideal para instalaciones en conducto, enterradas directamente y a\u00e9reas en redes de telecomunicaciones y troncales.<\/p>","protected":false},"featured_media":921,"comment_status":"open","ping_status":"closed","template":"","meta":{"_seopress_robots_primary_cat":"none","_seopress_titles_title":"GYTA Aluminum Armored Fiber Optic Cable","_seopress_titles_desc":"GYTA Aluminum Armored Fiber Optic Cable offers reliable performance with corrugated aluminum tape armor, ideal for duct and direct burial outdoor installations.","_seopress_robots_index":""},"product_brand":[],"product_cat":[41],"product_tag":[42],"class_list":{"0":"post-919","1":"product","2":"type-product","3":"status-publish","4":"has-post-thumbnail","6":"product_cat-outdoor-fiber-optic-cable","7":"product_tag-bulk-fiber-optic-cable","9":"first","10":"instock","11":"shipping-taxable","12":"product-type-grouped"},"_links":{"self":[{"href":"https:\/\/honelinks.com\/es\/wp-json\/wp\/v2\/product\/919","targetHints":{"allow":["GET"]}}],"collection":[{"href":"https:\/\/honelinks.com\/es\/wp-json\/wp\/v2\/product"}],"about":[{"href":"https:\/\/honelinks.com\/es\/wp-json\/wp\/v2\/types\/product"}],"replies":[{"embeddable":true,"href":"https:\/\/honelinks.com\/es\/wp-json\/wp\/v2\/comments?post=919"}],"wp:featuredmedia":[{"embeddable":true,"href":"https:\/\/honelinks.com\/es\/wp-json\/wp\/v2\/media\/921"}],"wp:attachment":[{"href":"https:\/\/honelinks.com\/es\/wp-json\/wp\/v2\/media?parent=919"}],"wp:term":[{"taxonomy":"product_brand","embeddable":true,"href":"https:\/\/honelinks.com\/es\/wp-json\/wp\/v2\/product_brand?post=919"},{"taxonomy":"product_cat","embeddable":true,"href":"https:\/\/honelinks.com\/es\/wp-json\/wp\/v2\/product_cat?post=919"},{"taxonomy":"product_tag","embeddable":true,"href":"https:\/\/honelinks.com\/es\/wp-json\/wp\/v2\/product_tag?post=919"}],"curies":[{"name":"wp","href":"https:\/\/api.w.org\/{rel}","templated":true}]}}