{"id":922,"date":"2025-03-19T14:59:28","date_gmt":"2025-03-19T06:59:28","guid":{"rendered":"https:\/\/honelinks.com\/?post_type=product&#038;p=922"},"modified":"2026-04-27T20:03:21","modified_gmt":"2026-04-27T12:03:21","slug":"cable-de-fibra-optica-swa","status":"publish","type":"product","link":"https:\/\/honelinks.com\/es\/product\/swa-fiber-optic-cable\/","title":{"rendered":"SWA cable de fibra \u00f3ptica con armadura de alambre de acero"},"content":{"rendered":"<p data-start=\"461\" data-end=\"808\">El cable de fibra \u00f3ptica SWA est\u00e1 fabricado con <strong data-start=\"473\" data-end=\"493\">blindaje de alambre de acero<\/strong> proporcionar <strong data-start=\"505\" data-end=\"585\">m\u00e1xima resistencia contra impactos mec\u00e1nicos, roedores y presi\u00f3n externa<\/strong>. Garantiza <strong data-start=\"598\" data-end=\"647\">transmisi\u00f3n \u00f3ptica estable y a larga distancia<\/strong> al tiempo que ofrece <strong data-start=\"663\" data-end=\"698\">impermeabilidad y resistencia a los rayos UV<\/strong>, por lo que es adecuado para <strong data-start=\"723\" data-end=\"777\">instalaciones subterr\u00e1neas, industriales y exteriores<\/strong>.<\/p>\n<h3 data-start=\"782\" data-end=\"810\"><strong data-start=\"786\" data-end=\"808\">1. Estructura y dise\u00f1o<\/strong><\/h3>\n<p><img alt=\"SWA cable de fibra \u00f3ptica con armadura de alambre de acero\" fetchpriority=\"high\" decoding=\"async\" class=\"alignnone size-medium wp-image-924\" src=\"https:\/\/honelinks.com\/wp-content\/uploads\/2025\/03\/SWA-fiber-optic-cable-structure-300x267.png\" width=\"300\" height=\"267\" srcset=\"https:\/\/honelinks.com\/wp-content\/uploads\/2025\/03\/SWA-fiber-optic-cable-structure-300x267.png 300w, https:\/\/honelinks.com\/wp-content\/uploads\/2025\/03\/SWA-fiber-optic-cable-structure-768x684.png 768w, https:\/\/honelinks.com\/wp-content\/uploads\/2025\/03\/SWA-fiber-optic-cable-structure-600x534.png 600w, https:\/\/honelinks.com\/wp-content\/uploads\/2025\/03\/SWA-fiber-optic-cable-structure.png 800w\" sizes=\"(max-width: 300px) 100vw, 300px\" \/><\/p>\n<ul data-start=\"811\" data-end=\"1317\">\n<li data-start=\"811\" data-end=\"918\"><strong data-start=\"813\" data-end=\"849\">Construcci\u00f3n de tubo holgado trenzado<\/strong>: Protege las fibras de las tensiones mec\u00e1nicas y los factores ambientales.<\/li>\n<li data-start=\"919\" data-end=\"1007\"><strong data-start=\"921\" data-end=\"947\">Armadura de alambre de acero (SWA)<\/strong>: Proporciona una gran resistencia mec\u00e1nica y a los roedores.<\/li>\n<li data-start=\"1008\" data-end=\"1116\"><strong data-start=\"1010\" data-end=\"1037\">Elementos que bloquean el agua<\/strong>: Incluye hilos que bloquean el agua y tubos rellenos de gel para resistir la humedad.<\/li>\n<li data-start=\"1117\" data-end=\"1222\"><strong data-start=\"1119\" data-end=\"1166\">Cubierta exterior de polietileno (PE) resistente a los rayos UV<\/strong>: Protege contra la intemperie y la exposici\u00f3n ambiental.<\/li>\n<li data-start=\"1223\" data-end=\"1317\"><strong data-start=\"1225\" data-end=\"1250\">Alta resistencia a la tracci\u00f3n<\/strong>: Adecuado para instalaciones que requieren un soporte mec\u00e1nico robusto.<\/li>\n<\/ul>\n<h3 data-start=\"1319\" data-end=\"1341\"><strong data-start=\"1323\" data-end=\"1339\">2. Aplicaciones<\/strong><\/h3>\n<ul data-start=\"1342\" data-end=\"1730\">\n<li data-start=\"1342\" data-end=\"1448\"><strong data-start=\"1344\" data-end=\"1375\">Instalaciones de enterramiento directo<\/strong>: Dise\u00f1ado para el despliegue subterr\u00e1neo de fibra con protecci\u00f3n de alta resistencia.<\/li>\n<li data-start=\"1449\" data-end=\"1534\"><strong data-start=\"1451\" data-end=\"1474\">Redes industriales<\/strong>: Ideal para f\u00e1bricas, yacimientos de petr\u00f3leo y gas y zonas mineras.<\/li>\n<li data-start=\"1535\" data-end=\"1626\"><strong data-start=\"1537\" data-end=\"1565\">Ferrocarriles y redes el\u00e9ctricas<\/strong>: Se utiliza para la comunicaci\u00f3n \u00f3ptica en entornos de alto riesgo.<\/li>\n<li data-start=\"1627\" data-end=\"1730\"><strong data-start=\"1629\" data-end=\"1659\">Entornos exteriores agresivos<\/strong>: Adecuado para zonas expuestas a tensiones mec\u00e1nicas y amenazas de roedores.<\/li>\n<\/ul>\n<h3 data-start=\"1732\" data-end=\"1752\"><strong data-start=\"1736\" data-end=\"1750\">3. Ventajas<\/strong><\/h3>\n<ul data-start=\"1753\" data-end=\"2231\">\n<li data-start=\"1753\" data-end=\"1842\"><strong data-start=\"1755\" data-end=\"1788\">M\u00e1xima protecci\u00f3n mec\u00e1nica<\/strong>: El SWA proporciona una resistencia superior al aplastamiento y al impacto.<\/li>\n<li data-start=\"1843\" data-end=\"1942\"><strong data-start=\"1845\" data-end=\"1875\">Resistencia a roedores y plagas<\/strong>: El blindaje de acero evita los da\u00f1os de roedores y animales excavadores.<\/li>\n<li data-start=\"1943\" data-end=\"2032\"><strong data-start=\"1945\" data-end=\"1978\">Resistencia a la humedad y al agua<\/strong>: Los elementos que bloquean el agua evitan la degradaci\u00f3n de las fibras.<\/li>\n<li data-start=\"2033\" data-end=\"2131\"><strong data-start=\"2035\" data-end=\"2068\">Resistente a la intemperie y a los rayos UV<\/strong>: Garantiza la durabilidad a largo plazo en condiciones exteriores extremas.<\/li>\n<li data-start=\"2132\" data-end=\"2231\"><strong data-start=\"2134\" data-end=\"2171\">Rendimiento \u00f3ptico a larga distancia<\/strong>: Admite la transmisi\u00f3n de datos a alta velocidad con p\u00e9rdidas m\u00ednimas.<\/li>\n<\/ul>\n<h3 data-start=\"2233\" data-end=\"2247\"><strong data-start=\"2237\" data-end=\"2245\">4. Preguntas frecuentes<\/strong><\/h3>\n<ul>\n<li data-start=\"2249\" data-end=\"2403\"><strong data-start=\"2252\" data-end=\"2308\">\u00bfEl cable de fibra \u00f3ptica SWA es apto para enterrado directo?<\/strong><br data-start=\"2308\" data-end=\"2311\" \/>S\u00ed, su <strong data-start=\"2320\" data-end=\"2340\">blindaje de alambre de acero<\/strong> proporciona una excelente protecci\u00f3n para las instalaciones subterr\u00e1neas.<\/li>\n<li data-start=\"2405\" data-end=\"2557\"><strong data-start=\"2408\" data-end=\"2462\">\u00bfPuede utilizarse este cable en entornos industriales?<\/strong><br data-start=\"2462\" data-end=\"2465\" \/>S\u00ed, est\u00e1 dise\u00f1ado para <strong data-start=\"2488\" data-end=\"2554\">soportar esfuerzos mec\u00e1nicos, cargas pesadas y condiciones duras<\/strong>.<\/li>\n<li data-start=\"2559\" data-end=\"2693\"><strong data-start=\"2562\" data-end=\"2612\">\u00bfQu\u00e9 tipos de fibra hay disponibles para este cable?<\/strong><br data-start=\"2612\" data-end=\"2615\" \/>Se puede personalizar con <strong data-start=\"2641\" data-end=\"2661\">monomodo (SM)<\/strong> o <strong data-start=\"2665\" data-end=\"2684\">multimodo (MM)<\/strong> fibra.<\/li>\n<li data-start=\"2695\" data-end=\"2823\"><strong data-start=\"2698\" data-end=\"2744\">\u00bfEste cable ofrece protecci\u00f3n contra roedores?<\/strong><br data-start=\"2744\" data-end=\"2747\" \/>S\u00ed, el <strong data-start=\"2756\" data-end=\"2776\">blindaje de alambre de acero<\/strong> act\u00faa como barrera contra roedores y plagas.<\/li>\n<li data-start=\"2825\" data-end=\"3054\"><strong data-start=\"2828\" data-end=\"2883\">\u00bfQu\u00e9 diferencia hay con los cables blindados con cinta de acero?<\/strong><br data-start=\"2883\" data-end=\"2886\" \/>Los cables SWA ofrecen <strong data-start=\"2903\" data-end=\"2955\">mayor resistencia mec\u00e1nica y a los roedores<\/strong>, mientras que <strong data-start=\"2963\" data-end=\"2992\">cables blindados con cinta de acero<\/strong> proporcionan una protecci\u00f3n m\u00e1s ligera para entornos menos exigentes.<\/li>\n<\/ul>","protected":false},"excerpt":{"rendered":"<p><strong>HONE<\/strong> <strong data-start=\"22\" data-end=\"68\">Cable de fibra \u00f3ptica SWA (Steel Wire Armored)<\/strong> es un cable de exterior muy duradero dise\u00f1ado para entornos que requieren <strong data-start=\"139\" data-end=\"173\">protecci\u00f3n mec\u00e1nica superior<\/strong> y <strong data-start=\"178\" data-end=\"203\">alta resistencia a la tracci\u00f3n<\/strong>. En <strong data-start=\"215\" data-end=\"241\">blindaje de alambre de acero (SWA)<\/strong>, <strong data-start=\"243\" data-end=\"267\">tubos sueltos trenzados<\/strong>, y <strong data-start=\"273\" data-end=\"300\">elementos que bloquean el agua<\/strong>, Este cable es ideal para enterramiento directo, entornos industriales dif\u00edciles y aplicaciones de telecomunicaciones de alta resistencia.<\/p>","protected":false},"featured_media":923,"comment_status":"open","ping_status":"closed","template":"","meta":{"_seopress_robots_primary_cat":"none","_seopress_titles_title":"SWA steel wire armor fiber optic cable","_seopress_titles_desc":"SWA (Steel Wire Armored) fiber optic cable provides robust mechanical protection and high tensile strength, ideal for direct burial and harsh outdoor environments.","_seopress_robots_index":""},"product_brand":[],"product_cat":[41],"product_tag":[42],"class_list":{"0":"post-922","1":"product","2":"type-product","3":"status-publish","4":"has-post-thumbnail","6":"product_cat-outdoor-fiber-optic-cable","7":"product_tag-bulk-fiber-optic-cable","9":"first","10":"instock","11":"shipping-taxable","12":"product-type-grouped"},"_links":{"self":[{"href":"https:\/\/honelinks.com\/es\/wp-json\/wp\/v2\/product\/922","targetHints":{"allow":["GET"]}}],"collection":[{"href":"https:\/\/honelinks.com\/es\/wp-json\/wp\/v2\/product"}],"about":[{"href":"https:\/\/honelinks.com\/es\/wp-json\/wp\/v2\/types\/product"}],"replies":[{"embeddable":true,"href":"https:\/\/honelinks.com\/es\/wp-json\/wp\/v2\/comments?post=922"}],"wp:featuredmedia":[{"embeddable":true,"href":"https:\/\/honelinks.com\/es\/wp-json\/wp\/v2\/media\/923"}],"wp:attachment":[{"href":"https:\/\/honelinks.com\/es\/wp-json\/wp\/v2\/media?parent=922"}],"wp:term":[{"taxonomy":"product_brand","embeddable":true,"href":"https:\/\/honelinks.com\/es\/wp-json\/wp\/v2\/product_brand?post=922"},{"taxonomy":"product_cat","embeddable":true,"href":"https:\/\/honelinks.com\/es\/wp-json\/wp\/v2\/product_cat?post=922"},{"taxonomy":"product_tag","embeddable":true,"href":"https:\/\/honelinks.com\/es\/wp-json\/wp\/v2\/product_tag?post=922"}],"curies":[{"name":"wp","href":"https:\/\/api.w.org\/{rel}","templated":true}]}}