{"id":932,"date":"2025-03-20T12:17:50","date_gmt":"2025-03-20T04:17:50","guid":{"rendered":"https:\/\/honelinks.com\/?post_type=product&#038;p=932"},"modified":"2025-09-04T22:53:00","modified_gmt":"2025-09-04T14:53:00","slug":"om1-om2-cable-de-conexion","status":"publish","type":"product","link":"https:\/\/honelinks.com\/es\/product\/om1-om2-patch-cord\/","title":{"rendered":"Cable de conexi\u00f3n OM1 OM2"},"content":{"rendered":"<p data-start=\"437\" data-end=\"726\">OM1 y OM2 <strong data-start=\"449\" data-end=\"480\">cables de fibra multimodo<\/strong> proporcionan una transmisi\u00f3n de datos rentable y de alta velocidad para aplicaciones de corto alcance. OM1 (naranja, 62,5\/125\u00b5m) es adecuado para redes multimodo est\u00e1ndar, mientras que OM2 (naranja, 50\/125\u00b5m) ofrece mayor ancho de banda y rendimiento para Gigabit Ethernet.<\/p>\n<h3 data-start=\"728\" data-end=\"756\"><strong data-start=\"732\" data-end=\"754\">Estructura y dise\u00f1o<\/strong><\/h3>\n<p><img alt=\"Estructura del cable de fibra para interiores de interconexi\u00f3n tensa simplex\" fetchpriority=\"high\" decoding=\"async\" class=\"alignnone size-medium wp-image-904\" src=\"https:\/\/honelinks.com\/wp-content\/uploads\/2025\/03\/Simplex-Tight-Buffer-Interconnect-Indoor-Fiber-Cable-structure-300x300.png\" width=\"300\" height=\"300\" srcset=\"https:\/\/honelinks.com\/wp-content\/uploads\/2025\/03\/Simplex-Tight-Buffer-Interconnect-Indoor-Fiber-Cable-structure-300x300.png 300w, https:\/\/honelinks.com\/wp-content\/uploads\/2025\/03\/Simplex-Tight-Buffer-Interconnect-Indoor-Fiber-Cable-structure-150x150.png 150w, https:\/\/honelinks.com\/wp-content\/uploads\/2025\/03\/Simplex-Tight-Buffer-Interconnect-Indoor-Fiber-Cable-structure-768x768.png 768w, https:\/\/honelinks.com\/wp-content\/uploads\/2025\/03\/Simplex-Tight-Buffer-Interconnect-Indoor-Fiber-Cable-structure-600x600.png 600w, https:\/\/honelinks.com\/wp-content\/uploads\/2025\/03\/Simplex-Tight-Buffer-Interconnect-Indoor-Fiber-Cable-structure-100x100.png 100w, https:\/\/honelinks.com\/wp-content\/uploads\/2025\/03\/Simplex-Tight-Buffer-Interconnect-Indoor-Fiber-Cable-structure.png 800w\" sizes=\"(max-width: 300px) 100vw, 300px\" \/><\/p>\n<ul data-start=\"757\" data-end=\"1189\">\n<li data-start=\"757\" data-end=\"851\"><strong data-start=\"759\" data-end=\"783\">N\u00facleo de fibra multimodo<\/strong>: OM1 (62,5\/125\u00b5m) y OM2 (50\/125\u00b5m) para transmisi\u00f3n de alta velocidad.<\/li>\n<li data-start=\"852\" data-end=\"939\"><strong data-start=\"854\" data-end=\"881\">Varios tipos de conectores<\/strong>: Disponible en LC, SC, ST, FC con pulido UPC o APC.<\/li>\n<li data-start=\"940\" data-end=\"1024\"><strong data-start=\"942\" data-end=\"972\">Casquillos cer\u00e1micos de precisi\u00f3n<\/strong>: Garantiza una baja p\u00e9rdida de inserci\u00f3n y una alta p\u00e9rdida de retorno.<\/li>\n<li data-start=\"1025\" data-end=\"1102\"><strong data-start=\"1027\" data-end=\"1062\">Configuraci\u00f3n d\u00faplex o s\u00edmplex<\/strong>: Admite diferentes necesidades de red.<\/li>\n<li data-start=\"1103\" data-end=\"1189\"><strong data-start=\"1105\" data-end=\"1127\">Cubierta de PVC o LSZH<\/strong>: Proporciona seguridad y durabilidad para diferentes entornos.<\/li>\n<\/ul>\n<h3 data-start=\"1191\" data-end=\"1213\"><strong data-start=\"1195\" data-end=\"1211\">Aplicaciones<\/strong><\/h3>\n<ul data-start=\"1214\" data-end=\"1522\">\n<li data-start=\"1214\" data-end=\"1301\"><strong data-start=\"1216\" data-end=\"1240\">LAN y centros de datos<\/strong>: Ideal para conexiones de red de alta velocidad a corta distancia.<\/li>\n<li data-start=\"1302\" data-end=\"1362\"><strong data-start=\"1304\" data-end=\"1324\">Gigabit Ethernet<\/strong>: Admite transmisiones de hasta 1 Gbps.<\/li>\n<li data-start=\"1363\" data-end=\"1443\"><strong data-start=\"1365\" data-end=\"1391\">Redes FTTH y FTTB<\/strong>: Se utiliza en aplicaciones de fibra hasta el hogar\/la construcci\u00f3n.<\/li>\n<li data-start=\"1444\" data-end=\"1522\"><strong data-start=\"1446\" data-end=\"1473\">Pruebas de fibra multimodo<\/strong>: Adecuado para equipos de pruebas de laboratorio y de campo.<\/li>\n<\/ul>\n<h3 data-start=\"1524\" data-end=\"1544\"><strong data-start=\"1528\" data-end=\"1542\">Ventajas<\/strong><\/h3>\n<ul data-start=\"1545\" data-end=\"1990\">\n<li data-start=\"1545\" data-end=\"1633\"><strong data-start=\"1547\" data-end=\"1565\">Rentable<\/strong>: M\u00e1s asequible que la fibra monomodo para enlaces de corta distancia.<\/li>\n<li data-start=\"1634\" data-end=\"1718\"><strong data-start=\"1636\" data-end=\"1662\">Rendimiento de alta velocidad<\/strong>: OM2 admite Gigabit Ethernet con un mayor ancho de banda.<\/li>\n<li data-start=\"1719\" data-end=\"1819\"><strong data-start=\"1721\" data-end=\"1754\">Transmisi\u00f3n \u00f3ptica fiable<\/strong>: Conectores y casquillos de alta calidad para una p\u00e9rdida de se\u00f1al m\u00ednima.<\/li>\n<li data-start=\"1820\" data-end=\"1904\"><strong data-start=\"1822\" data-end=\"1852\">M\u00faltiples opciones de conexi\u00f3n<\/strong>: Compatible con una amplia gama de dispositivos de red.<\/li>\n<li data-start=\"1905\" data-end=\"1990\"><strong data-start=\"1907\" data-end=\"1933\">Opciones ign\u00edfugas<\/strong>: Cubierta LSZH disponible para instalaciones interiores m\u00e1s seguras.<\/li>\n<\/ul>\n<h3 data-start=\"1992\" data-end=\"2006\"><strong data-start=\"1996\" data-end=\"2004\">Preguntas frecuentes<\/strong><\/h3>\n<ul>\n<li data-start=\"2008\" data-end=\"2220\"><strong data-start=\"2011\" data-end=\"2064\">\u00bfCu\u00e1l es la diferencia entre fibra OM1 y OM2?<\/strong><br data-start=\"2064\" data-end=\"2067\" \/>OM1 tiene un <strong data-start=\"2077\" data-end=\"2092\">N\u00facleo de 62,5 \u00b5m<\/strong> y admite hasta <strong data-start=\"2112\" data-end=\"2131\">1 Gbps a 275 m<\/strong>, mientras que OM2 tiene un <strong data-start=\"2149\" data-end=\"2162\">N\u00facleo de 50\u00b5m<\/strong> y apoya <strong data-start=\"2176\" data-end=\"2195\">1 Gbps a 550 m<\/strong> con mejor ancho de banda.<\/li>\n<li data-start=\"2222\" data-end=\"2357\"><strong data-start=\"2225\" data-end=\"2267\">\u00bfPuedo utilizar cables OM1 y OM2 juntos?<\/strong><br data-start=\"2267\" data-end=\"2270\" \/>No se recomienda ya que tienen diferentes tama\u00f1os de n\u00facleo, lo que puede causar p\u00e9rdida de se\u00f1al.<\/li>\n<li data-start=\"2359\" data-end=\"2502\"><strong data-start=\"2362\" data-end=\"2401\">\u00bfQu\u00e9 tipos de conectores hay disponibles?<\/strong><br data-start=\"2401\" data-end=\"2404\" \/>Los cables de conexi\u00f3n OM1\/OM2 incluyen <strong data-start=\"2434\" data-end=\"2456\">LC, SC, ST y FC<\/strong> con opciones de pulido UPC o APC.<\/li>\n<li data-start=\"2504\" data-end=\"2636\"><strong data-start=\"2507\" data-end=\"2544\">\u00bfEs OM2 adecuado para Ethernet 10G?<\/strong><br data-start=\"2544\" data-end=\"2547\" \/>OM2 admite <strong data-start=\"2560\" data-end=\"2580\">10 Gbps hasta 82 m<\/strong>, pero para distancias m\u00e1s largas se recomienda OM3 u OM4.<\/li>\n<li data-start=\"2638\" data-end=\"2760\"><strong data-start=\"2641\" data-end=\"2679\">\u00bfQu\u00e9 tipo de chaqueta debo elegir?<\/strong><br data-start=\"2679\" data-end=\"2682\" \/>Elija <strong data-start=\"2689\" data-end=\"2696\">PVC<\/strong> para uso est\u00e1ndar y <strong data-start=\"2718\" data-end=\"2726\">LSZH<\/strong> para instalaciones interiores m\u00e1s seguras.<\/li>\n<\/ul>","protected":false},"excerpt":{"rendered":"<p>HONE\u00a0<strong data-start=\"22\" data-end=\"56\">Cable de conexi\u00f3n de fibra \u00f3ptica OM1\/OM2<\/strong> es un cable de fibra multimodo dise\u00f1ado para la transmisi\u00f3n \u00f3ptica de datos a corta distancia y alta velocidad. Disponible en <strong data-start=\"164\" data-end=\"214\">Tama\u00f1os de n\u00facleo de 62,5\/125\u00b5m (OM1) y 50\/125\u00b5m (OM2)<\/strong>, soporta Gigabit Ethernet, LAN y aplicaciones de centros de datos. Con <strong data-start=\"291\" data-end=\"335\">varios tipos de conectores (LC, SC, ST, FC)<\/strong> y materiales de alta calidad, garantiza un rendimiento fiable de la red.<\/p>","protected":false},"featured_media":933,"comment_status":"open","ping_status":"closed","template":"","meta":{"_seopress_robots_primary_cat":"none","_seopress_titles_title":"OM1 OM2 Fiber Optic Patch Cord","_seopress_titles_desc":"OM1 OM2 fiber optic patch cord, multimode 62.5\/125 & 50\/125 \u03bcm, reliable high-speed LAN, data center networking.","_seopress_robots_index":""},"product_brand":[],"product_cat":[27],"product_tag":[45],"class_list":{"0":"post-932","1":"product","2":"type-product","3":"status-publish","4":"has-post-thumbnail","6":"product_cat-ftth","7":"product_tag-ftth","9":"first","10":"instock","11":"shipping-taxable","12":"product-type-simple"},"_links":{"self":[{"href":"https:\/\/honelinks.com\/es\/wp-json\/wp\/v2\/product\/932","targetHints":{"allow":["GET"]}}],"collection":[{"href":"https:\/\/honelinks.com\/es\/wp-json\/wp\/v2\/product"}],"about":[{"href":"https:\/\/honelinks.com\/es\/wp-json\/wp\/v2\/types\/product"}],"replies":[{"embeddable":true,"href":"https:\/\/honelinks.com\/es\/wp-json\/wp\/v2\/comments?post=932"}],"wp:featuredmedia":[{"embeddable":true,"href":"https:\/\/honelinks.com\/es\/wp-json\/wp\/v2\/media\/933"}],"wp:attachment":[{"href":"https:\/\/honelinks.com\/es\/wp-json\/wp\/v2\/media?parent=932"}],"wp:term":[{"taxonomy":"product_brand","embeddable":true,"href":"https:\/\/honelinks.com\/es\/wp-json\/wp\/v2\/product_brand?post=932"},{"taxonomy":"product_cat","embeddable":true,"href":"https:\/\/honelinks.com\/es\/wp-json\/wp\/v2\/product_cat?post=932"},{"taxonomy":"product_tag","embeddable":true,"href":"https:\/\/honelinks.com\/es\/wp-json\/wp\/v2\/product_tag?post=932"}],"curies":[{"name":"wp","href":"https:\/\/api.w.org\/{rel}","templated":true}]}}