{"id":937,"date":"2025-03-20T13:12:50","date_gmt":"2025-03-20T05:12:50","guid":{"rendered":"https:\/\/honelinks.com\/?post_type=product&#038;p=937"},"modified":"2025-09-04T20:31:03","modified_gmt":"2025-09-04T12:31:03","slug":"cable-de-conexion-om3","status":"publish","type":"product","link":"https:\/\/honelinks.com\/es\/product\/om3-patch-cord\/","title":{"rendered":"Cable de conexi\u00f3n OM3"},"content":{"rendered":"<p data-start=\"442\" data-end=\"760\">Este <strong data-start=\"447\" data-end=\"482\">Cable de conexi\u00f3n d\u00faplex multimodo OM3<\/strong> proporciona <strong data-start=\"492\" data-end=\"541\">transmisi\u00f3n \u00f3ptica de gran ancho de banda y bajas p\u00e9rdidas<\/strong> para redes de corto alcance y alta velocidad. Cuenta con un <strong data-start=\"597\" data-end=\"620\">chaqueta color aguamarina<\/strong> para facilitar la identificaci\u00f3n y los soportes <strong data-start=\"658\" data-end=\"682\">hasta 10 Gbps a 300 m<\/strong> y <strong data-start=\"687\" data-end=\"705\">40 Gbps a 100 m<\/strong>, por lo que resulta ideal para las infraestructuras de red modernas.<\/p>\n<h3 data-start=\"762\" data-end=\"790\"><strong data-start=\"766\" data-end=\"788\">Estructura y dise\u00f1o<\/strong><\/h3>\n<ul data-start=\"791\" data-end=\"1201\">\n<li data-start=\"791\" data-end=\"874\"><strong data-start=\"793\" data-end=\"825\">Fibra multimodo 50\/125\u00b5m OM3<\/strong>: Optimizado para la transmisi\u00f3n l\u00e1ser de 850 nm.<\/li>\n<li data-start=\"875\" data-end=\"949\"><strong data-start=\"877\" data-end=\"904\">Varios tipos de conectores<\/strong>: LC, SC, FC, ST con pulido UPC o APC.<\/li>\n<li data-start=\"950\" data-end=\"1037\"><strong data-start=\"952\" data-end=\"985\">Casquillos cer\u00e1micos de alta calidad<\/strong>: Garantiza una baja p\u00e9rdida de inserci\u00f3n y una alta p\u00e9rdida de retorno.<\/li>\n<li data-start=\"1038\" data-end=\"1121\"><strong data-start=\"1040\" data-end=\"1064\">Configuraci\u00f3n d\u00faplex<\/strong>: Permite la transmisi\u00f3n bidireccional simult\u00e1nea de datos.<\/li>\n<li data-start=\"1122\" data-end=\"1201\"><strong data-start=\"1124\" data-end=\"1153\">Cubierta Aqua (PVC o LSZH)<\/strong>: Identifica la fibra OM3 y garantiza su durabilidad.<\/li>\n<\/ul>\n<h3 data-start=\"1203\" data-end=\"1225\"><strong data-start=\"1207\" data-end=\"1223\">Aplicaciones<\/strong><\/h3>\n<ul data-start=\"1226\" data-end=\"1548\">\n<li data-start=\"1226\" data-end=\"1306\"><strong data-start=\"1228\" data-end=\"1262\">Centros de datos y computaci\u00f3n en nube<\/strong>: Admite interconexiones de fibra de alta velocidad.<\/li>\n<li data-start=\"1307\" data-end=\"1383\"><strong data-start=\"1309\" data-end=\"1332\">Redes de empresa<\/strong>: Ideal para <strong data-start=\"1344\" data-end=\"1368\">Ethernet 10G y 40G<\/strong> conexiones.<\/li>\n<li data-start=\"1384\" data-end=\"1461\"><strong data-start=\"1386\" data-end=\"1415\">Despliegues FTTH y FTTB<\/strong>: Fiable para el acceso de banda ancha por fibra \u00f3ptica.<\/li>\n<li data-start=\"1462\" data-end=\"1548\"><strong data-start=\"1464\" data-end=\"1490\">Equipos de pruebas \u00f3pticas<\/strong>: Se utiliza en laboratorios y pruebas sobre el terreno para redes multimodo.<\/li>\n<\/ul>\n<h3 data-start=\"1550\" data-end=\"1570\"><strong data-start=\"1554\" data-end=\"1568\">Ventajas<\/strong><\/h3>\n<ul data-start=\"1571\" data-end=\"1979\">\n<li data-start=\"1571\" data-end=\"1658\"><strong data-start=\"1573\" data-end=\"1600\">Transmisi\u00f3n de alta velocidad<\/strong>: Admite <strong data-start=\"1611\" data-end=\"1642\">Ethernet 10G, 40G y 100G<\/strong> aplicaciones.<\/li>\n<li data-start=\"1659\" data-end=\"1737\"><strong data-start=\"1661\" data-end=\"1692\">Baja p\u00e9rdida de inserci\u00f3n y retorno<\/strong>: Garantiza un rendimiento \u00f3ptico de alta calidad.<\/li>\n<li data-start=\"1738\" data-end=\"1818\"><strong data-start=\"1740\" data-end=\"1770\">M\u00faltiples opciones de conexi\u00f3n<\/strong>: Compatible con varios dispositivos de fibra \u00f3ptica.<\/li>\n<li data-start=\"1819\" data-end=\"1900\"><strong data-start=\"1821\" data-end=\"1843\">Flexible y duradero<\/strong>: Disponible en diferentes longitudes para facilitar la instalaci\u00f3n.<\/li>\n<li data-start=\"1901\" data-end=\"1979\"><strong data-start=\"1903\" data-end=\"1924\">Opciones seguras contra incendios<\/strong>: Revestimiento LSZH disponible para el cumplimiento de las normas de seguridad en interiores.<\/li>\n<\/ul>\n<h3 data-start=\"1981\" data-end=\"1995\"><strong data-start=\"1985\" data-end=\"1993\">Preguntas frecuentes<\/strong><\/h3>\n<ul>\n<li data-start=\"1997\" data-end=\"2141\"><strong data-start=\"2000\" data-end=\"2047\">\u00bfCu\u00e1l es la distancia m\u00e1xima de la fibra OM3?<\/strong><br data-start=\"2047\" data-end=\"2050\" \/>Soportes OM3 <strong data-start=\"2063\" data-end=\"2084\">10 Gbps hasta 300 m<\/strong> y <strong data-start=\"2089\" data-end=\"2110\">40 Gbps hasta 100 m<\/strong> con los transceptores adecuados.<\/li>\n<li data-start=\"2143\" data-end=\"2280\"><strong data-start=\"2146\" data-end=\"2190\">\u00bfSe puede utilizar fibra OM3 para Ethernet 100G?<\/strong><br data-start=\"2190\" data-end=\"2193\" \/>S\u00ed, la fibra OM3 admite <strong data-start=\"2217\" data-end=\"2255\">Ethernet 100G en distancias cortas<\/strong> utilizando \u00f3pticas paralelas.<\/li>\n<li data-start=\"2282\" data-end=\"2403\"><strong data-start=\"2285\" data-end=\"2328\">\u00bfCu\u00e1les son los tipos de conectores disponibles?<\/strong><br data-start=\"2328\" data-end=\"2331\" \/>Los conectores LC, SC, FC y ST est\u00e1n disponibles con pulido UPC o APC.<\/li>\n<li data-start=\"2405\" data-end=\"2541\"><strong data-start=\"2408\" data-end=\"2448\">\u00bfEs OM3 compatible con OM2?<\/strong><br data-start=\"2448\" data-end=\"2451\" \/>S\u00ed, OM3 puede conectarse a equipos OM2, pero el rendimiento estar\u00e1 limitado a los est\u00e1ndares OM2.<\/li>\n<li data-start=\"2543\" data-end=\"2670\"><strong data-start=\"2546\" data-end=\"2584\">\u00bfQu\u00e9 tipo de chaqueta debo elegir?<\/strong><br data-start=\"2584\" data-end=\"2587\" \/><strong data-start=\"2587\" data-end=\"2668\">PVC para uso est\u00e1ndar, LSZH para cumplimiento de seguridad contra incendios en ambientes interiores.<\/strong><\/li>\n<\/ul>","protected":false},"excerpt":{"rendered":"<p>HONE <strong data-start=\"22\" data-end=\"57\">Cable de conexi\u00f3n d\u00faplex multimodo OM3<\/strong> es un cable de fibra \u00f3ptica de alto rendimiento dise\u00f1ado para <strong data-start=\"111\" data-end=\"155\">Aplicaciones Ethernet 10G, 40G y 100G<\/strong> en distancias cortas. Con <strong data-start=\"188\" data-end=\"220\">Fibra multimodo OM3 de 50\/125\u00b5m<\/strong>, <strong data-start=\"222\" data-end=\"244\">baja p\u00e9rdida de inserci\u00f3n<\/strong>, y <strong data-start=\"250\" data-end=\"294\">varios tipos de conectores (LC, SC, FC, ST)<\/strong>, garantiza una transmisi\u00f3n de datos fiable y de alta velocidad en centros de datos, redes empresariales y aplicaciones de telecomunicaciones.<\/p>","protected":false},"featured_media":938,"comment_status":"open","ping_status":"closed","template":"","meta":{"_seopress_robots_primary_cat":"none","_seopress_titles_title":"OM3 patch cord","_seopress_titles_desc":"OM3 fiber patch cord delivers high-speed 10G transmission, ideal for data centers, LAN, and high-performance networks.","_seopress_robots_index":""},"product_brand":[],"product_cat":[27],"product_tag":[45],"class_list":{"0":"post-937","1":"product","2":"type-product","3":"status-publish","4":"has-post-thumbnail","6":"product_cat-ftth","7":"product_tag-ftth","9":"first","10":"instock","11":"shipping-taxable","12":"product-type-simple"},"_links":{"self":[{"href":"https:\/\/honelinks.com\/es\/wp-json\/wp\/v2\/product\/937","targetHints":{"allow":["GET"]}}],"collection":[{"href":"https:\/\/honelinks.com\/es\/wp-json\/wp\/v2\/product"}],"about":[{"href":"https:\/\/honelinks.com\/es\/wp-json\/wp\/v2\/types\/product"}],"replies":[{"embeddable":true,"href":"https:\/\/honelinks.com\/es\/wp-json\/wp\/v2\/comments?post=937"}],"wp:featuredmedia":[{"embeddable":true,"href":"https:\/\/honelinks.com\/es\/wp-json\/wp\/v2\/media\/938"}],"wp:attachment":[{"href":"https:\/\/honelinks.com\/es\/wp-json\/wp\/v2\/media?parent=937"}],"wp:term":[{"taxonomy":"product_brand","embeddable":true,"href":"https:\/\/honelinks.com\/es\/wp-json\/wp\/v2\/product_brand?post=937"},{"taxonomy":"product_cat","embeddable":true,"href":"https:\/\/honelinks.com\/es\/wp-json\/wp\/v2\/product_cat?post=937"},{"taxonomy":"product_tag","embeddable":true,"href":"https:\/\/honelinks.com\/es\/wp-json\/wp\/v2\/product_tag?post=937"}],"curies":[{"name":"wp","href":"https:\/\/api.w.org\/{rel}","templated":true}]}}